{"id":134927,"date":"2021-01-02T00:00:00","date_gmt":"2021-01-02T00:00:00","guid":{"rendered":"https:\/\/www.iplay.com\/games\/camelot-wrath-of-the-green-knight-collectors-edition\/"},"modified":"2021-01-02T00:00:00","modified_gmt":"2021-01-02T00:00:00","slug":"camelot-wrath-of-the-green-knight-collectors-edition","status":"publish","type":"product","link":"https:\/\/www.iplay.com\/es\/games\/camelot-wrath-of-the-green-knight-collectors-edition\/","title":{"rendered":"Camelot: Wrath of the Green Knight: Collector&#8217;s Edition"},"content":{"rendered":"<p>Sobre Camelot y el misterioso reino del Rey Arturo, se ciernen nubes ominosas. Como aprendiz de Merl\u00edn, tienes la tarea de demostrar que el Rey Arturo no tuvo la culpa y, posiblemente, identificar al verdadero autor de este atroz secuestro. La Dama del Lago desaparece, y su marido, el Caballero Verde, acusa al Rey Arturo de ser el culpable, poniendo en peligro la paz de Camelot para todos. Ahora es el momento de que demuestres tu m\u00e9rito como mago de la corte. \u00bfPuedes detener el conflicto y rastrear al traidor que plane\u00f3 derrocar al rey?    <\/p>\n<p>&nbsp;<\/p>\n<p>&nbsp;<\/p>\n<p><strong>Funciones:<\/strong><\/p>\n<p>&nbsp;<\/p>\n<p>&#8211; \u00a1Hay monstruos en el Reino de Camelot! \u00a1Tendr\u00e1s que usar tu astucia y hechicer\u00eda para salvar el d\u00eda una vez m\u00e1s en esta secuela! <\/p>\n<p>&#8211; Narrativa fresca y escenas HOPA<\/p>\n<p>&#8211; Nuevos rompecabezas y minijuegos<\/p>\n<p>&#8211; Encuentra coleccionables y metamorfosis<\/p>\n<p>&#8211; Im\u00e1genes, archivos de audio y m\u00e1s<\/p>\n","protected":false},"excerpt":{"rendered":"<p>En Camelot: Wrath of the Green Knight &#8211; Collector&#8217;s Edition, te espera misterio e intriga.<\/p>\n","protected":false},"author":196,"featured_media":81200,"comment_status":"open","ping_status":"closed","template":"","meta":{"_acf_changed":false,"inline_featured_image":false},"product_brand":[],"product_cat":[166],"product_tag":[288],"class_list":{"0":"post-134927","1":"product","2":"type-product","3":"status-publish","4":"has-post-thumbnail","6":"product_cat-hidden-object-es","7":"product_tag-play-on-pc-es","9":"first","10":"instock","11":"shipping-taxable","12":"purchasable","13":"product-type-simple"},"acf":[],"yoast_head":"<!-- This site is optimized with the Yoast SEO Premium plugin v25.2 (Yoast SEO v25.2) - https:\/\/yoast.com\/wordpress\/plugins\/seo\/ -->\n<title>Camelot: La Ira del Caballero Verde: Edici\u00f3n Coleccionista - Misterio en Camelot: La Ira del Caballero Verde - CE<\/title>\n<meta name=\"description\" content=\"En Camelot: Wrath of the Green Knight - Collector&#039;s Edition, te espera misterio e intriga.\" \/>\n<meta name=\"robots\" content=\"index, follow, max-snippet:-1, max-image-preview:large, max-video-preview:-1\" \/>\n<link rel=\"canonical\" href=\"https:\/\/www.iplay.com\/es\/games\/camelot-wrath-of-the-green-knight-collectors-edition\/\" \/>\n<meta property=\"og:locale\" content=\"es_ES\" \/>\n<meta property=\"og:type\" content=\"article\" \/>\n<meta property=\"og:title\" content=\"Camelot: Wrath of the Green Knight: Collector&#039;s Edition\" \/>\n<meta property=\"og:description\" content=\"En Camelot: Wrath of the Green Knight - Collector&#039;s Edition, te espera misterio e intriga.\" \/>\n<meta property=\"og:url\" content=\"https:\/\/www.iplay.com\/es\/games\/camelot-wrath-of-the-green-knight-collectors-edition\/\" \/>\n<meta property=\"og:site_name\" content=\"IPlay\" \/>\n<meta property=\"og:image\" content=\"https:\/\/www.iplay.com\/wp-content\/uploads\/2023\/12\/large_square_tile_image-2580.jpg\" \/>\n\t<meta property=\"og:image:width\" content=\"310\" \/>\n\t<meta property=\"og:image:height\" content=\"310\" \/>\n\t<meta property=\"og:image:type\" content=\"image\/jpeg\" \/>\n<meta name=\"twitter:card\" content=\"summary_large_image\" \/>\n<meta name=\"twitter:label1\" content=\"Est. reading time\" \/>\n\t<meta name=\"twitter:data1\" content=\"1 minuto\" \/>\n<script type=\"application\/ld+json\" class=\"yoast-schema-graph\">{\"@context\":\"https:\/\/schema.org\",\"@graph\":[{\"@type\":\"WebPage\",\"@id\":\"https:\/\/www.iplay.com\/es\/games\/camelot-wrath-of-the-green-knight-collectors-edition\/\",\"url\":\"https:\/\/www.iplay.com\/es\/games\/camelot-wrath-of-the-green-knight-collectors-edition\/\",\"name\":\"Camelot: La Ira del Caballero Verde: Edici\u00f3n Coleccionista - Misterio en Camelot: La Ira del Caballero Verde - CE\",\"isPartOf\":{\"@id\":\"https:\/\/www.iplay.com\/en\/#website\"},\"primaryImageOfPage\":{\"@id\":\"https:\/\/www.iplay.com\/es\/games\/camelot-wrath-of-the-green-knight-collectors-edition\/#primaryimage\"},\"image\":{\"@id\":\"https:\/\/www.iplay.com\/es\/games\/camelot-wrath-of-the-green-knight-collectors-edition\/#primaryimage\"},\"thumbnailUrl\":\"https:\/\/www.iplay.com\/wp-content\/uploads\/2023\/12\/large_square_tile_image-2580.jpg\",\"datePublished\":\"2021-01-02T00:00:00+00:00\",\"description\":\"En Camelot: Wrath of the Green Knight - Collector's Edition, te espera misterio e intriga.\",\"breadcrumb\":{\"@id\":\"https:\/\/www.iplay.com\/es\/games\/camelot-wrath-of-the-green-knight-collectors-edition\/#breadcrumb\"},\"inLanguage\":\"es\",\"potentialAction\":[{\"@type\":\"ReadAction\",\"target\":[\"https:\/\/www.iplay.com\/es\/games\/camelot-wrath-of-the-green-knight-collectors-edition\/\"]}]},{\"@type\":\"ImageObject\",\"inLanguage\":\"es\",\"@id\":\"https:\/\/www.iplay.com\/es\/games\/camelot-wrath-of-the-green-knight-collectors-edition\/#primaryimage\",\"url\":\"https:\/\/www.iplay.com\/wp-content\/uploads\/2023\/12\/large_square_tile_image-2580.jpg\",\"contentUrl\":\"https:\/\/www.iplay.com\/wp-content\/uploads\/2023\/12\/large_square_tile_image-2580.jpg\",\"width\":310,\"height\":310},{\"@type\":\"BreadcrumbList\",\"@id\":\"https:\/\/www.iplay.com\/es\/games\/camelot-wrath-of-the-green-knight-collectors-edition\/#breadcrumb\",\"itemListElement\":[{\"@type\":\"ListItem\",\"position\":1,\"name\":\"Home\",\"item\":\"https:\/\/www.iplay.com\/es\/home-page-2\/\"},{\"@type\":\"ListItem\",\"position\":2,\"name\":\"Shop\",\"item\":\"https:\/\/www.iplay.com\/en\/shop\/\"},{\"@type\":\"ListItem\",\"position\":3,\"name\":\"Camelot: Wrath of the Green Knight: Collector&#8217;s Edition\"}]},{\"@type\":\"WebSite\",\"@id\":\"https:\/\/www.iplay.com\/en\/#website\",\"url\":\"https:\/\/www.iplay.com\/en\/\",\"name\":\"IPlay\",\"description\":\"The Best Casual Games!\",\"publisher\":{\"@id\":\"https:\/\/www.iplay.com\/en\/#organization\"},\"potentialAction\":[{\"@type\":\"SearchAction\",\"target\":{\"@type\":\"EntryPoint\",\"urlTemplate\":\"https:\/\/www.iplay.com\/en\/?s={search_term_string}\"},\"query-input\":{\"@type\":\"PropertyValueSpecification\",\"valueRequired\":true,\"valueName\":\"search_term_string\"}}],\"inLanguage\":\"es\"},{\"@type\":\"Organization\",\"@id\":\"https:\/\/www.iplay.com\/en\/#organization\",\"name\":\"IPlay\",\"url\":\"https:\/\/www.iplay.com\/en\/\",\"logo\":{\"@type\":\"ImageObject\",\"inLanguage\":\"es\",\"@id\":\"https:\/\/www.iplay.com\/en\/#\/schema\/logo\/image\/\",\"url\":\"https:\/\/www.iplay.com\/wp-content\/uploads\/2023\/11\/Group-6100.svg\",\"contentUrl\":\"https:\/\/www.iplay.com\/wp-content\/uploads\/2023\/11\/Group-6100.svg\",\"width\":98,\"height\":25,\"caption\":\"IPlay\"},\"image\":{\"@id\":\"https:\/\/www.iplay.com\/en\/#\/schema\/logo\/image\/\"}}]}<\/script>\n<!-- \/ Yoast SEO Premium plugin. -->","yoast_head_json":{"title":"Camelot: La Ira del Caballero Verde: Edici\u00f3n Coleccionista - Misterio en Camelot: La Ira del Caballero Verde - CE","description":"En Camelot: Wrath of the Green Knight - Collector's Edition, te espera misterio e intriga.","robots":{"index":"index","follow":"follow","max-snippet":"max-snippet:-1","max-image-preview":"max-image-preview:large","max-video-preview":"max-video-preview:-1"},"canonical":"https:\/\/www.iplay.com\/es\/games\/camelot-wrath-of-the-green-knight-collectors-edition\/","og_locale":"es_ES","og_type":"article","og_title":"Camelot: Wrath of the Green Knight: Collector's Edition","og_description":"En Camelot: Wrath of the Green Knight - Collector's Edition, te espera misterio e intriga.","og_url":"https:\/\/www.iplay.com\/es\/games\/camelot-wrath-of-the-green-knight-collectors-edition\/","og_site_name":"IPlay","og_image":[{"width":310,"height":310,"url":"https:\/\/www.iplay.com\/wp-content\/uploads\/2023\/12\/large_square_tile_image-2580.jpg","type":"image\/jpeg"}],"twitter_card":"summary_large_image","twitter_misc":{"Est. reading time":"1 minuto"},"schema":{"@context":"https:\/\/schema.org","@graph":[{"@type":"WebPage","@id":"https:\/\/www.iplay.com\/es\/games\/camelot-wrath-of-the-green-knight-collectors-edition\/","url":"https:\/\/www.iplay.com\/es\/games\/camelot-wrath-of-the-green-knight-collectors-edition\/","name":"Camelot: La Ira del Caballero Verde: Edici\u00f3n Coleccionista - Misterio en Camelot: La Ira del Caballero Verde - CE","isPartOf":{"@id":"https:\/\/www.iplay.com\/en\/#website"},"primaryImageOfPage":{"@id":"https:\/\/www.iplay.com\/es\/games\/camelot-wrath-of-the-green-knight-collectors-edition\/#primaryimage"},"image":{"@id":"https:\/\/www.iplay.com\/es\/games\/camelot-wrath-of-the-green-knight-collectors-edition\/#primaryimage"},"thumbnailUrl":"https:\/\/www.iplay.com\/wp-content\/uploads\/2023\/12\/large_square_tile_image-2580.jpg","datePublished":"2021-01-02T00:00:00+00:00","description":"En Camelot: Wrath of the Green Knight - Collector's Edition, te espera misterio e intriga.","breadcrumb":{"@id":"https:\/\/www.iplay.com\/es\/games\/camelot-wrath-of-the-green-knight-collectors-edition\/#breadcrumb"},"inLanguage":"es","potentialAction":[{"@type":"ReadAction","target":["https:\/\/www.iplay.com\/es\/games\/camelot-wrath-of-the-green-knight-collectors-edition\/"]}]},{"@type":"ImageObject","inLanguage":"es","@id":"https:\/\/www.iplay.com\/es\/games\/camelot-wrath-of-the-green-knight-collectors-edition\/#primaryimage","url":"https:\/\/www.iplay.com\/wp-content\/uploads\/2023\/12\/large_square_tile_image-2580.jpg","contentUrl":"https:\/\/www.iplay.com\/wp-content\/uploads\/2023\/12\/large_square_tile_image-2580.jpg","width":310,"height":310},{"@type":"BreadcrumbList","@id":"https:\/\/www.iplay.com\/es\/games\/camelot-wrath-of-the-green-knight-collectors-edition\/#breadcrumb","itemListElement":[{"@type":"ListItem","position":1,"name":"Home","item":"https:\/\/www.iplay.com\/es\/home-page-2\/"},{"@type":"ListItem","position":2,"name":"Shop","item":"https:\/\/www.iplay.com\/en\/shop\/"},{"@type":"ListItem","position":3,"name":"Camelot: Wrath of the Green Knight: Collector&#8217;s Edition"}]},{"@type":"WebSite","@id":"https:\/\/www.iplay.com\/en\/#website","url":"https:\/\/www.iplay.com\/en\/","name":"IPlay","description":"The Best Casual Games!","publisher":{"@id":"https:\/\/www.iplay.com\/en\/#organization"},"potentialAction":[{"@type":"SearchAction","target":{"@type":"EntryPoint","urlTemplate":"https:\/\/www.iplay.com\/en\/?s={search_term_string}"},"query-input":{"@type":"PropertyValueSpecification","valueRequired":true,"valueName":"search_term_string"}}],"inLanguage":"es"},{"@type":"Organization","@id":"https:\/\/www.iplay.com\/en\/#organization","name":"IPlay","url":"https:\/\/www.iplay.com\/en\/","logo":{"@type":"ImageObject","inLanguage":"es","@id":"https:\/\/www.iplay.com\/en\/#\/schema\/logo\/image\/","url":"https:\/\/www.iplay.com\/wp-content\/uploads\/2023\/11\/Group-6100.svg","contentUrl":"https:\/\/www.iplay.com\/wp-content\/uploads\/2023\/11\/Group-6100.svg","width":98,"height":25,"caption":"IPlay"},"image":{"@id":"https:\/\/www.iplay.com\/en\/#\/schema\/logo\/image\/"}}]}},"_links":{"self":[{"href":"https:\/\/www.iplay.com\/es\/wp-json\/wp\/v2\/product\/134927","targetHints":{"allow":["GET"]}}],"collection":[{"href":"https:\/\/www.iplay.com\/es\/wp-json\/wp\/v2\/product"}],"about":[{"href":"https:\/\/www.iplay.com\/es\/wp-json\/wp\/v2\/types\/product"}],"author":[{"embeddable":true,"href":"https:\/\/www.iplay.com\/es\/wp-json\/wp\/v2\/users\/196"}],"replies":[{"embeddable":true,"href":"https:\/\/www.iplay.com\/es\/wp-json\/wp\/v2\/comments?post=134927"}],"wp:featuredmedia":[{"embeddable":true,"href":"https:\/\/www.iplay.com\/es\/wp-json\/wp\/v2\/media\/81200"}],"wp:attachment":[{"href":"https:\/\/www.iplay.com\/es\/wp-json\/wp\/v2\/media?parent=134927"}],"wp:term":[{"taxonomy":"product_brand","embeddable":true,"href":"https:\/\/www.iplay.com\/es\/wp-json\/wp\/v2\/product_brand?post=134927"},{"taxonomy":"product_cat","embeddable":true,"href":"https:\/\/www.iplay.com\/es\/wp-json\/wp\/v2\/product_cat?post=134927"},{"taxonomy":"product_tag","embeddable":true,"href":"https:\/\/www.iplay.com\/es\/wp-json\/wp\/v2\/product_tag?post=134927"}],"curies":[{"name":"wp","href":"https:\/\/api.w.org\/{rel}","templated":true}]}}