{"id":134880,"date":"2021-07-10T00:00:00","date_gmt":"2021-07-10T00:00:00","guid":{"rendered":"https:\/\/www.iplay.com\/games\/secret-city-mysterious-collection-collectors-edition\/"},"modified":"2021-07-10T00:00:00","modified_gmt":"2021-07-10T00:00:00","slug":"secret-city-mysterious-collection-collectors-edition","status":"publish","type":"product","link":"https:\/\/www.iplay.com\/es\/games\/secret-city-mysterious-collection-collectors-edition\/","title":{"rendered":"Secret City: Mysterious Collection Collector&#8217;s Edition"},"content":{"rendered":"<p>\u00a1Ya est\u00e1 disponible el \u00faltimo y emocionante caso de la serie <em>Secret City<\/em> ! \u00a1Tu amigo ha desaparecido! Cuando Sakir desaparece mientras mira en una colecci\u00f3n misteriosa que se entreg\u00f3 al Museo de Artefactos en la Ciudad Secreta, est\u00e1s ansioso por comenzar la investigaci\u00f3n. Cuando lo encuentras bajo la influencia de un dispositivo letal, \u00a1tu investigaci\u00f3n descubre r\u00e1pidamente m\u00e1s de lo que esperabas! Con las vidas de tus amigos en peligro y las fuerzas misteriosas que te persiguen, \u00bfpodr\u00e1s detener la destrucci\u00f3n de la Ciudad Secreta antes de que sea demasiado tarde? Lo descubrir\u00e1s en este cautivador viaje de rompecabezas de objetos ocultos     <\/p>\n<p>&nbsp;<\/p>\n<p>&nbsp;<\/p>\n<p><strong>Funciones:<\/strong><\/p>\n<p>&nbsp;<\/p>\n<p>&#8211; \u00a1Los tesoros m\u00e1gicos han ca\u00eddo en las manos equivocadas y la Ciudad Secreta debe ser salvada!<br \/>\n&#8211; \u00a1Juega y vuelve a jugar minijuegos, rompecabezas y HOPs adicionales!<br \/>\n&#8211; Logre objetivos y re\u00fana recuerdos, im\u00e1genes y dinero<br \/>\n: \u00a1equipe su jet privado!<br \/>\n&#8211; \u00a1Descarga arte conceptual, fondos de pantalla y m\u00fasica original gratis!<br \/>\n&#8211; \u00a1La pr\u00e1ctica Gu\u00eda de Estrategia es tu mejor recurso para guiarte por toda la Ciudad Secreta!<\/p>\n","protected":false},"excerpt":{"rendered":"<p>\u00bfTendr\u00e1s tiempo suficiente para preservar la Ciudad Secreta? Desc\u00fabrelo en Mysterious Collection: Secret City CE <\/p>\n","protected":false},"author":17,"featured_media":79611,"comment_status":"open","ping_status":"closed","template":"","meta":{"_acf_changed":false,"inline_featured_image":false},"product_brand":[],"product_cat":[166],"product_tag":[288],"class_list":{"0":"post-134880","1":"product","2":"type-product","3":"status-publish","4":"has-post-thumbnail","6":"product_cat-hidden-object-es","7":"product_tag-play-on-pc-es","9":"first","10":"instock","11":"shipping-taxable","12":"purchasable","13":"product-type-simple"},"acf":[],"yoast_head":"<!-- This site is optimized with the Yoast SEO Premium plugin v25.2 (Yoast SEO v25.2) - https:\/\/yoast.com\/wordpress\/plugins\/seo\/ -->\n<title>Secret City: Mysterious Collection Edici\u00f3n Coleccionista - Secret City: Mysterious Collection CE - Salva la ciudad a tiempo<\/title>\n<meta name=\"description\" content=\"\u00bfTendr\u00e1s tiempo suficiente para preservar la Ciudad Secreta? Desc\u00fabrelo en Mysterious Collection: Secret City CE\" \/>\n<meta name=\"robots\" content=\"index, follow, max-snippet:-1, max-image-preview:large, max-video-preview:-1\" \/>\n<link rel=\"canonical\" href=\"https:\/\/www.iplay.com\/es\/games\/secret-city-mysterious-collection-collectors-edition\/\" \/>\n<meta property=\"og:locale\" content=\"es_ES\" \/>\n<meta property=\"og:type\" content=\"article\" \/>\n<meta property=\"og:title\" content=\"Secret City: Mysterious Collection Collector&#039;s Edition\" \/>\n<meta property=\"og:description\" content=\"\u00bfTendr\u00e1s tiempo suficiente para preservar la Ciudad Secreta? Desc\u00fabrelo en Mysterious Collection: Secret City CE\" \/>\n<meta property=\"og:url\" content=\"https:\/\/www.iplay.com\/es\/games\/secret-city-mysterious-collection-collectors-edition\/\" \/>\n<meta property=\"og:site_name\" content=\"IPlay\" \/>\n<meta property=\"og:image\" content=\"https:\/\/www.iplay.com\/wp-content\/uploads\/2023\/12\/large_square_tile_image-2477.jpg\" \/>\n\t<meta property=\"og:image:width\" content=\"310\" \/>\n\t<meta property=\"og:image:height\" content=\"310\" \/>\n\t<meta property=\"og:image:type\" content=\"image\/jpeg\" \/>\n<meta name=\"twitter:card\" content=\"summary_large_image\" \/>\n<meta name=\"twitter:label1\" content=\"Est. reading time\" \/>\n\t<meta name=\"twitter:data1\" content=\"1 minuto\" \/>\n<script type=\"application\/ld+json\" class=\"yoast-schema-graph\">{\"@context\":\"https:\/\/schema.org\",\"@graph\":[{\"@type\":\"WebPage\",\"@id\":\"https:\/\/www.iplay.com\/es\/games\/secret-city-mysterious-collection-collectors-edition\/\",\"url\":\"https:\/\/www.iplay.com\/es\/games\/secret-city-mysterious-collection-collectors-edition\/\",\"name\":\"Secret City: Mysterious Collection Edici\u00f3n Coleccionista - Secret City: Mysterious Collection CE - Salva la ciudad a tiempo\",\"isPartOf\":{\"@id\":\"https:\/\/www.iplay.com\/en\/#website\"},\"primaryImageOfPage\":{\"@id\":\"https:\/\/www.iplay.com\/es\/games\/secret-city-mysterious-collection-collectors-edition\/#primaryimage\"},\"image\":{\"@id\":\"https:\/\/www.iplay.com\/es\/games\/secret-city-mysterious-collection-collectors-edition\/#primaryimage\"},\"thumbnailUrl\":\"https:\/\/www.iplay.com\/wp-content\/uploads\/2023\/12\/large_square_tile_image-2477.jpg\",\"datePublished\":\"2021-07-10T00:00:00+00:00\",\"description\":\"\u00bfTendr\u00e1s tiempo suficiente para preservar la Ciudad Secreta? Desc\u00fabrelo en Mysterious Collection: Secret City CE\",\"breadcrumb\":{\"@id\":\"https:\/\/www.iplay.com\/es\/games\/secret-city-mysterious-collection-collectors-edition\/#breadcrumb\"},\"inLanguage\":\"es\",\"potentialAction\":[{\"@type\":\"ReadAction\",\"target\":[\"https:\/\/www.iplay.com\/es\/games\/secret-city-mysterious-collection-collectors-edition\/\"]}]},{\"@type\":\"ImageObject\",\"inLanguage\":\"es\",\"@id\":\"https:\/\/www.iplay.com\/es\/games\/secret-city-mysterious-collection-collectors-edition\/#primaryimage\",\"url\":\"https:\/\/www.iplay.com\/wp-content\/uploads\/2023\/12\/large_square_tile_image-2477.jpg\",\"contentUrl\":\"https:\/\/www.iplay.com\/wp-content\/uploads\/2023\/12\/large_square_tile_image-2477.jpg\",\"width\":310,\"height\":310},{\"@type\":\"BreadcrumbList\",\"@id\":\"https:\/\/www.iplay.com\/es\/games\/secret-city-mysterious-collection-collectors-edition\/#breadcrumb\",\"itemListElement\":[{\"@type\":\"ListItem\",\"position\":1,\"name\":\"Home\",\"item\":\"https:\/\/www.iplay.com\/es\/home-page-2\/\"},{\"@type\":\"ListItem\",\"position\":2,\"name\":\"Shop\",\"item\":\"https:\/\/www.iplay.com\/en\/shop\/\"},{\"@type\":\"ListItem\",\"position\":3,\"name\":\"Secret City: Mysterious Collection Collector&#8217;s Edition\"}]},{\"@type\":\"WebSite\",\"@id\":\"https:\/\/www.iplay.com\/en\/#website\",\"url\":\"https:\/\/www.iplay.com\/en\/\",\"name\":\"IPlay\",\"description\":\"The Best Casual Games!\",\"publisher\":{\"@id\":\"https:\/\/www.iplay.com\/en\/#organization\"},\"potentialAction\":[{\"@type\":\"SearchAction\",\"target\":{\"@type\":\"EntryPoint\",\"urlTemplate\":\"https:\/\/www.iplay.com\/en\/?s={search_term_string}\"},\"query-input\":{\"@type\":\"PropertyValueSpecification\",\"valueRequired\":true,\"valueName\":\"search_term_string\"}}],\"inLanguage\":\"es\"},{\"@type\":\"Organization\",\"@id\":\"https:\/\/www.iplay.com\/en\/#organization\",\"name\":\"IPlay\",\"url\":\"https:\/\/www.iplay.com\/en\/\",\"logo\":{\"@type\":\"ImageObject\",\"inLanguage\":\"es\",\"@id\":\"https:\/\/www.iplay.com\/en\/#\/schema\/logo\/image\/\",\"url\":\"https:\/\/www.iplay.com\/wp-content\/uploads\/2023\/11\/Group-6100.svg\",\"contentUrl\":\"https:\/\/www.iplay.com\/wp-content\/uploads\/2023\/11\/Group-6100.svg\",\"width\":98,\"height\":25,\"caption\":\"IPlay\"},\"image\":{\"@id\":\"https:\/\/www.iplay.com\/en\/#\/schema\/logo\/image\/\"}}]}<\/script>\n<!-- \/ Yoast SEO Premium plugin. -->","yoast_head_json":{"title":"Secret City: Mysterious Collection Edici\u00f3n Coleccionista - Secret City: Mysterious Collection CE - Salva la ciudad a tiempo","description":"\u00bfTendr\u00e1s tiempo suficiente para preservar la Ciudad Secreta? Desc\u00fabrelo en Mysterious Collection: Secret City CE","robots":{"index":"index","follow":"follow","max-snippet":"max-snippet:-1","max-image-preview":"max-image-preview:large","max-video-preview":"max-video-preview:-1"},"canonical":"https:\/\/www.iplay.com\/es\/games\/secret-city-mysterious-collection-collectors-edition\/","og_locale":"es_ES","og_type":"article","og_title":"Secret City: Mysterious Collection Collector's Edition","og_description":"\u00bfTendr\u00e1s tiempo suficiente para preservar la Ciudad Secreta? Desc\u00fabrelo en Mysterious Collection: Secret City CE","og_url":"https:\/\/www.iplay.com\/es\/games\/secret-city-mysterious-collection-collectors-edition\/","og_site_name":"IPlay","og_image":[{"width":310,"height":310,"url":"https:\/\/www.iplay.com\/wp-content\/uploads\/2023\/12\/large_square_tile_image-2477.jpg","type":"image\/jpeg"}],"twitter_card":"summary_large_image","twitter_misc":{"Est. reading time":"1 minuto"},"schema":{"@context":"https:\/\/schema.org","@graph":[{"@type":"WebPage","@id":"https:\/\/www.iplay.com\/es\/games\/secret-city-mysterious-collection-collectors-edition\/","url":"https:\/\/www.iplay.com\/es\/games\/secret-city-mysterious-collection-collectors-edition\/","name":"Secret City: Mysterious Collection Edici\u00f3n Coleccionista - Secret City: Mysterious Collection CE - Salva la ciudad a tiempo","isPartOf":{"@id":"https:\/\/www.iplay.com\/en\/#website"},"primaryImageOfPage":{"@id":"https:\/\/www.iplay.com\/es\/games\/secret-city-mysterious-collection-collectors-edition\/#primaryimage"},"image":{"@id":"https:\/\/www.iplay.com\/es\/games\/secret-city-mysterious-collection-collectors-edition\/#primaryimage"},"thumbnailUrl":"https:\/\/www.iplay.com\/wp-content\/uploads\/2023\/12\/large_square_tile_image-2477.jpg","datePublished":"2021-07-10T00:00:00+00:00","description":"\u00bfTendr\u00e1s tiempo suficiente para preservar la Ciudad Secreta? Desc\u00fabrelo en Mysterious Collection: Secret City CE","breadcrumb":{"@id":"https:\/\/www.iplay.com\/es\/games\/secret-city-mysterious-collection-collectors-edition\/#breadcrumb"},"inLanguage":"es","potentialAction":[{"@type":"ReadAction","target":["https:\/\/www.iplay.com\/es\/games\/secret-city-mysterious-collection-collectors-edition\/"]}]},{"@type":"ImageObject","inLanguage":"es","@id":"https:\/\/www.iplay.com\/es\/games\/secret-city-mysterious-collection-collectors-edition\/#primaryimage","url":"https:\/\/www.iplay.com\/wp-content\/uploads\/2023\/12\/large_square_tile_image-2477.jpg","contentUrl":"https:\/\/www.iplay.com\/wp-content\/uploads\/2023\/12\/large_square_tile_image-2477.jpg","width":310,"height":310},{"@type":"BreadcrumbList","@id":"https:\/\/www.iplay.com\/es\/games\/secret-city-mysterious-collection-collectors-edition\/#breadcrumb","itemListElement":[{"@type":"ListItem","position":1,"name":"Home","item":"https:\/\/www.iplay.com\/es\/home-page-2\/"},{"@type":"ListItem","position":2,"name":"Shop","item":"https:\/\/www.iplay.com\/en\/shop\/"},{"@type":"ListItem","position":3,"name":"Secret City: Mysterious Collection Collector&#8217;s Edition"}]},{"@type":"WebSite","@id":"https:\/\/www.iplay.com\/en\/#website","url":"https:\/\/www.iplay.com\/en\/","name":"IPlay","description":"The Best Casual Games!","publisher":{"@id":"https:\/\/www.iplay.com\/en\/#organization"},"potentialAction":[{"@type":"SearchAction","target":{"@type":"EntryPoint","urlTemplate":"https:\/\/www.iplay.com\/en\/?s={search_term_string}"},"query-input":{"@type":"PropertyValueSpecification","valueRequired":true,"valueName":"search_term_string"}}],"inLanguage":"es"},{"@type":"Organization","@id":"https:\/\/www.iplay.com\/en\/#organization","name":"IPlay","url":"https:\/\/www.iplay.com\/en\/","logo":{"@type":"ImageObject","inLanguage":"es","@id":"https:\/\/www.iplay.com\/en\/#\/schema\/logo\/image\/","url":"https:\/\/www.iplay.com\/wp-content\/uploads\/2023\/11\/Group-6100.svg","contentUrl":"https:\/\/www.iplay.com\/wp-content\/uploads\/2023\/11\/Group-6100.svg","width":98,"height":25,"caption":"IPlay"},"image":{"@id":"https:\/\/www.iplay.com\/en\/#\/schema\/logo\/image\/"}}]}},"_links":{"self":[{"href":"https:\/\/www.iplay.com\/es\/wp-json\/wp\/v2\/product\/134880","targetHints":{"allow":["GET"]}}],"collection":[{"href":"https:\/\/www.iplay.com\/es\/wp-json\/wp\/v2\/product"}],"about":[{"href":"https:\/\/www.iplay.com\/es\/wp-json\/wp\/v2\/types\/product"}],"author":[{"embeddable":true,"href":"https:\/\/www.iplay.com\/es\/wp-json\/wp\/v2\/users\/17"}],"replies":[{"embeddable":true,"href":"https:\/\/www.iplay.com\/es\/wp-json\/wp\/v2\/comments?post=134880"}],"wp:featuredmedia":[{"embeddable":true,"href":"https:\/\/www.iplay.com\/es\/wp-json\/wp\/v2\/media\/79611"}],"wp:attachment":[{"href":"https:\/\/www.iplay.com\/es\/wp-json\/wp\/v2\/media?parent=134880"}],"wp:term":[{"taxonomy":"product_brand","embeddable":true,"href":"https:\/\/www.iplay.com\/es\/wp-json\/wp\/v2\/product_brand?post=134880"},{"taxonomy":"product_cat","embeddable":true,"href":"https:\/\/www.iplay.com\/es\/wp-json\/wp\/v2\/product_cat?post=134880"},{"taxonomy":"product_tag","embeddable":true,"href":"https:\/\/www.iplay.com\/es\/wp-json\/wp\/v2\/product_tag?post=134880"}],"curies":[{"name":"wp","href":"https:\/\/api.w.org\/{rel}","templated":true}]}}