{"id":134849,"date":"2021-03-28T00:00:00","date_gmt":"2021-03-28T00:00:00","guid":{"rendered":"https:\/\/www.iplay.com\/games\/dark-tales-edgar-allan-poes-the-devil-in-the-belfry-collectors-edition\/"},"modified":"2021-03-28T00:00:00","modified_gmt":"2021-03-28T00:00:00","slug":"dark-tales-edgar-allan-poes-the-devil-in-the-belfry-collectors-edition","status":"publish","type":"product","link":"https:\/\/www.iplay.com\/es\/games\/dark-tales-edgar-allan-poes-the-devil-in-the-belfry-collectors-edition\/","title":{"rendered":"Dark Tales: Edgar Allan Poe&#8217;s The Devil in the Belfry Collector&#8217;s Edition"},"content":{"rendered":"<p>\u00a1Saborea el \u00faltimo y emocionante enigma de la colecci\u00f3n <em>Dark Tales<\/em> ! Un viejo amigo se hace cargo del caso cuando se produce una serie de muertes extra\u00f1as en la ciudad de Morden. Sin embargo, \u00a1\u00e9l mismo no tarda mucho en desaparecer! Tan pronto como t\u00fa y Dupin llegan, la ciudad es un completo caos. Despu\u00e9s de que suene la decimotercera campanada del campanario todas las noches, alguien fallece. Adem\u00e1s, \u00a1no se ve a nadie tocando la campana! \u00bfHay un espectro de la oscuridad empe\u00f1ado en destruir la realidad, o hay ilusiones en juego? \u00a1En este cautivador viaje de rompecabezas de objetos ocultos, desc\u00fabrelo!       <\/p>\n<p>&nbsp;<\/p>\n<p>&nbsp;<\/p>\n<p><strong>Funciones:<\/strong><\/p>\n<p>&nbsp;<\/p>\n<p>&#8211; Ayuda a los astutos hijos de Louise Wheeler a rescatar a su madre de la c\u00e1rcel y a mantener su Illusion Theater<br \/>\n, a salvo del ladr\u00f3n Benjamin Barlow.<br \/>\n&#8211; \u00a1Acomp\u00e1\u00f1alos en su b\u00fasqueda de un viejo tesoro escondido y la voluntad de su padre!<br \/>\n&#8211; \u00a1Vuelve a jugar tus HOP y minijuegos favoritos para aumentar tus premios por logros!<br \/>\n&#8211; Encuentra cartas m\u00e1gicas y piezas de rompecabezas a lo largo del juego, \u00a1y accede a un rompecabezas e historias adicionales!<br \/>\n&#8211; Usa protectores de pantalla, fondos de pantalla, arte conceptual y m\u00fasica para conservar tus giros favoritos de Cuento en el campanario.<\/p>\n<p>&#8211; \u00a1Usa la gu\u00eda de estrategia para mantener el rumbo de tu aventura!<\/p>\n","protected":false},"excerpt":{"rendered":"<p>En Dark Tales: El diablo en el campanario de Edgar Allan Poe, hay m\u00e1s que humo y espejos.<\/p>\n","protected":false},"author":17,"featured_media":94503,"comment_status":"open","ping_status":"closed","template":"","meta":{"_acf_changed":false,"inline_featured_image":false},"product_brand":[],"product_cat":[166],"product_tag":[288],"class_list":{"0":"post-134849","1":"product","2":"type-product","3":"status-publish","4":"has-post-thumbnail","6":"product_cat-hidden-object-es","7":"product_tag-play-on-pc-es","9":"first","10":"instock","11":"shipping-taxable","12":"purchasable","13":"product-type-simple"},"acf":[],"yoast_head":"<!-- This site is optimized with the Yoast SEO Premium plugin v25.2 (Yoast SEO v25.2) - https:\/\/yoast.com\/wordpress\/plugins\/seo\/ -->\n<title>Dark Tales: Edgar Allan Poe&#039;s The Devil in the Belfry Collector&#039;s Edition - Experimenta algo m\u00e1s que humo y espejos en Dark Tales<\/title>\n<meta name=\"description\" content=\"En Dark Tales: El diablo en el campanario de Edgar Allan Poe, hay m\u00e1s que humo y espejos.\" \/>\n<meta name=\"robots\" content=\"index, follow, max-snippet:-1, max-image-preview:large, max-video-preview:-1\" \/>\n<link rel=\"canonical\" href=\"https:\/\/www.iplay.com\/es\/games\/dark-tales-edgar-allan-poes-the-devil-in-the-belfry-collectors-edition\/\" \/>\n<meta property=\"og:locale\" content=\"es_ES\" \/>\n<meta property=\"og:type\" content=\"article\" \/>\n<meta property=\"og:title\" content=\"Dark Tales: Edgar Allan Poe&#039;s The Devil in the Belfry Collector&#039;s Edition\" \/>\n<meta property=\"og:description\" content=\"En Dark Tales: El diablo en el campanario de Edgar Allan Poe, hay m\u00e1s que humo y espejos.\" \/>\n<meta property=\"og:url\" content=\"https:\/\/www.iplay.com\/es\/games\/dark-tales-edgar-allan-poes-the-devil-in-the-belfry-collectors-edition\/\" \/>\n<meta property=\"og:site_name\" content=\"IPlay\" \/>\n<meta property=\"og:image\" content=\"https:\/\/www.iplay.com\/wp-content\/uploads\/2023\/12\/large_square_tile_image-3424.jpg\" \/>\n\t<meta property=\"og:image:width\" content=\"310\" \/>\n\t<meta property=\"og:image:height\" content=\"310\" \/>\n\t<meta property=\"og:image:type\" content=\"image\/jpeg\" \/>\n<meta name=\"twitter:card\" content=\"summary_large_image\" \/>\n<meta name=\"twitter:label1\" content=\"Est. reading time\" \/>\n\t<meta name=\"twitter:data1\" content=\"1 minuto\" \/>\n<script type=\"application\/ld+json\" class=\"yoast-schema-graph\">{\"@context\":\"https:\/\/schema.org\",\"@graph\":[{\"@type\":\"WebPage\",\"@id\":\"https:\/\/www.iplay.com\/es\/games\/dark-tales-edgar-allan-poes-the-devil-in-the-belfry-collectors-edition\/\",\"url\":\"https:\/\/www.iplay.com\/es\/games\/dark-tales-edgar-allan-poes-the-devil-in-the-belfry-collectors-edition\/\",\"name\":\"Dark Tales: Edgar Allan Poe's The Devil in the Belfry Collector's Edition - Experimenta algo m\u00e1s que humo y espejos en Dark Tales\",\"isPartOf\":{\"@id\":\"https:\/\/www.iplay.com\/en\/#website\"},\"primaryImageOfPage\":{\"@id\":\"https:\/\/www.iplay.com\/es\/games\/dark-tales-edgar-allan-poes-the-devil-in-the-belfry-collectors-edition\/#primaryimage\"},\"image\":{\"@id\":\"https:\/\/www.iplay.com\/es\/games\/dark-tales-edgar-allan-poes-the-devil-in-the-belfry-collectors-edition\/#primaryimage\"},\"thumbnailUrl\":\"https:\/\/www.iplay.com\/wp-content\/uploads\/2023\/12\/large_square_tile_image-3424.jpg\",\"datePublished\":\"2021-03-28T00:00:00+00:00\",\"description\":\"En Dark Tales: El diablo en el campanario de Edgar Allan Poe, hay m\u00e1s que humo y espejos.\",\"breadcrumb\":{\"@id\":\"https:\/\/www.iplay.com\/es\/games\/dark-tales-edgar-allan-poes-the-devil-in-the-belfry-collectors-edition\/#breadcrumb\"},\"inLanguage\":\"es\",\"potentialAction\":[{\"@type\":\"ReadAction\",\"target\":[\"https:\/\/www.iplay.com\/es\/games\/dark-tales-edgar-allan-poes-the-devil-in-the-belfry-collectors-edition\/\"]}]},{\"@type\":\"ImageObject\",\"inLanguage\":\"es\",\"@id\":\"https:\/\/www.iplay.com\/es\/games\/dark-tales-edgar-allan-poes-the-devil-in-the-belfry-collectors-edition\/#primaryimage\",\"url\":\"https:\/\/www.iplay.com\/wp-content\/uploads\/2023\/12\/large_square_tile_image-3424.jpg\",\"contentUrl\":\"https:\/\/www.iplay.com\/wp-content\/uploads\/2023\/12\/large_square_tile_image-3424.jpg\",\"width\":310,\"height\":310},{\"@type\":\"BreadcrumbList\",\"@id\":\"https:\/\/www.iplay.com\/es\/games\/dark-tales-edgar-allan-poes-the-devil-in-the-belfry-collectors-edition\/#breadcrumb\",\"itemListElement\":[{\"@type\":\"ListItem\",\"position\":1,\"name\":\"Home\",\"item\":\"https:\/\/www.iplay.com\/es\/home-page-2\/\"},{\"@type\":\"ListItem\",\"position\":2,\"name\":\"Shop\",\"item\":\"https:\/\/www.iplay.com\/en\/shop\/\"},{\"@type\":\"ListItem\",\"position\":3,\"name\":\"Dark Tales: Edgar Allan Poe&#8217;s The Devil in the Belfry Collector&#8217;s Edition\"}]},{\"@type\":\"WebSite\",\"@id\":\"https:\/\/www.iplay.com\/en\/#website\",\"url\":\"https:\/\/www.iplay.com\/en\/\",\"name\":\"IPlay\",\"description\":\"The Best Casual Games!\",\"publisher\":{\"@id\":\"https:\/\/www.iplay.com\/en\/#organization\"},\"potentialAction\":[{\"@type\":\"SearchAction\",\"target\":{\"@type\":\"EntryPoint\",\"urlTemplate\":\"https:\/\/www.iplay.com\/en\/?s={search_term_string}\"},\"query-input\":{\"@type\":\"PropertyValueSpecification\",\"valueRequired\":true,\"valueName\":\"search_term_string\"}}],\"inLanguage\":\"es\"},{\"@type\":\"Organization\",\"@id\":\"https:\/\/www.iplay.com\/en\/#organization\",\"name\":\"IPlay\",\"url\":\"https:\/\/www.iplay.com\/en\/\",\"logo\":{\"@type\":\"ImageObject\",\"inLanguage\":\"es\",\"@id\":\"https:\/\/www.iplay.com\/en\/#\/schema\/logo\/image\/\",\"url\":\"https:\/\/www.iplay.com\/wp-content\/uploads\/2023\/11\/Group-6100.svg\",\"contentUrl\":\"https:\/\/www.iplay.com\/wp-content\/uploads\/2023\/11\/Group-6100.svg\",\"width\":98,\"height\":25,\"caption\":\"IPlay\"},\"image\":{\"@id\":\"https:\/\/www.iplay.com\/en\/#\/schema\/logo\/image\/\"}}]}<\/script>\n<!-- \/ Yoast SEO Premium plugin. -->","yoast_head_json":{"title":"Dark Tales: Edgar Allan Poe's The Devil in the Belfry Collector's Edition - Experimenta algo m\u00e1s que humo y espejos en Dark Tales","description":"En Dark Tales: El diablo en el campanario de Edgar Allan Poe, hay m\u00e1s que humo y espejos.","robots":{"index":"index","follow":"follow","max-snippet":"max-snippet:-1","max-image-preview":"max-image-preview:large","max-video-preview":"max-video-preview:-1"},"canonical":"https:\/\/www.iplay.com\/es\/games\/dark-tales-edgar-allan-poes-the-devil-in-the-belfry-collectors-edition\/","og_locale":"es_ES","og_type":"article","og_title":"Dark Tales: Edgar Allan Poe's The Devil in the Belfry Collector's Edition","og_description":"En Dark Tales: El diablo en el campanario de Edgar Allan Poe, hay m\u00e1s que humo y espejos.","og_url":"https:\/\/www.iplay.com\/es\/games\/dark-tales-edgar-allan-poes-the-devil-in-the-belfry-collectors-edition\/","og_site_name":"IPlay","og_image":[{"width":310,"height":310,"url":"https:\/\/www.iplay.com\/wp-content\/uploads\/2023\/12\/large_square_tile_image-3424.jpg","type":"image\/jpeg"}],"twitter_card":"summary_large_image","twitter_misc":{"Est. reading time":"1 minuto"},"schema":{"@context":"https:\/\/schema.org","@graph":[{"@type":"WebPage","@id":"https:\/\/www.iplay.com\/es\/games\/dark-tales-edgar-allan-poes-the-devil-in-the-belfry-collectors-edition\/","url":"https:\/\/www.iplay.com\/es\/games\/dark-tales-edgar-allan-poes-the-devil-in-the-belfry-collectors-edition\/","name":"Dark Tales: Edgar Allan Poe's The Devil in the Belfry Collector's Edition - Experimenta algo m\u00e1s que humo y espejos en Dark Tales","isPartOf":{"@id":"https:\/\/www.iplay.com\/en\/#website"},"primaryImageOfPage":{"@id":"https:\/\/www.iplay.com\/es\/games\/dark-tales-edgar-allan-poes-the-devil-in-the-belfry-collectors-edition\/#primaryimage"},"image":{"@id":"https:\/\/www.iplay.com\/es\/games\/dark-tales-edgar-allan-poes-the-devil-in-the-belfry-collectors-edition\/#primaryimage"},"thumbnailUrl":"https:\/\/www.iplay.com\/wp-content\/uploads\/2023\/12\/large_square_tile_image-3424.jpg","datePublished":"2021-03-28T00:00:00+00:00","description":"En Dark Tales: El diablo en el campanario de Edgar Allan Poe, hay m\u00e1s que humo y espejos.","breadcrumb":{"@id":"https:\/\/www.iplay.com\/es\/games\/dark-tales-edgar-allan-poes-the-devil-in-the-belfry-collectors-edition\/#breadcrumb"},"inLanguage":"es","potentialAction":[{"@type":"ReadAction","target":["https:\/\/www.iplay.com\/es\/games\/dark-tales-edgar-allan-poes-the-devil-in-the-belfry-collectors-edition\/"]}]},{"@type":"ImageObject","inLanguage":"es","@id":"https:\/\/www.iplay.com\/es\/games\/dark-tales-edgar-allan-poes-the-devil-in-the-belfry-collectors-edition\/#primaryimage","url":"https:\/\/www.iplay.com\/wp-content\/uploads\/2023\/12\/large_square_tile_image-3424.jpg","contentUrl":"https:\/\/www.iplay.com\/wp-content\/uploads\/2023\/12\/large_square_tile_image-3424.jpg","width":310,"height":310},{"@type":"BreadcrumbList","@id":"https:\/\/www.iplay.com\/es\/games\/dark-tales-edgar-allan-poes-the-devil-in-the-belfry-collectors-edition\/#breadcrumb","itemListElement":[{"@type":"ListItem","position":1,"name":"Home","item":"https:\/\/www.iplay.com\/es\/home-page-2\/"},{"@type":"ListItem","position":2,"name":"Shop","item":"https:\/\/www.iplay.com\/en\/shop\/"},{"@type":"ListItem","position":3,"name":"Dark Tales: Edgar Allan Poe&#8217;s The Devil in the Belfry Collector&#8217;s Edition"}]},{"@type":"WebSite","@id":"https:\/\/www.iplay.com\/en\/#website","url":"https:\/\/www.iplay.com\/en\/","name":"IPlay","description":"The Best Casual Games!","publisher":{"@id":"https:\/\/www.iplay.com\/en\/#organization"},"potentialAction":[{"@type":"SearchAction","target":{"@type":"EntryPoint","urlTemplate":"https:\/\/www.iplay.com\/en\/?s={search_term_string}"},"query-input":{"@type":"PropertyValueSpecification","valueRequired":true,"valueName":"search_term_string"}}],"inLanguage":"es"},{"@type":"Organization","@id":"https:\/\/www.iplay.com\/en\/#organization","name":"IPlay","url":"https:\/\/www.iplay.com\/en\/","logo":{"@type":"ImageObject","inLanguage":"es","@id":"https:\/\/www.iplay.com\/en\/#\/schema\/logo\/image\/","url":"https:\/\/www.iplay.com\/wp-content\/uploads\/2023\/11\/Group-6100.svg","contentUrl":"https:\/\/www.iplay.com\/wp-content\/uploads\/2023\/11\/Group-6100.svg","width":98,"height":25,"caption":"IPlay"},"image":{"@id":"https:\/\/www.iplay.com\/en\/#\/schema\/logo\/image\/"}}]}},"_links":{"self":[{"href":"https:\/\/www.iplay.com\/es\/wp-json\/wp\/v2\/product\/134849","targetHints":{"allow":["GET"]}}],"collection":[{"href":"https:\/\/www.iplay.com\/es\/wp-json\/wp\/v2\/product"}],"about":[{"href":"https:\/\/www.iplay.com\/es\/wp-json\/wp\/v2\/types\/product"}],"author":[{"embeddable":true,"href":"https:\/\/www.iplay.com\/es\/wp-json\/wp\/v2\/users\/17"}],"replies":[{"embeddable":true,"href":"https:\/\/www.iplay.com\/es\/wp-json\/wp\/v2\/comments?post=134849"}],"wp:featuredmedia":[{"embeddable":true,"href":"https:\/\/www.iplay.com\/es\/wp-json\/wp\/v2\/media\/94503"}],"wp:attachment":[{"href":"https:\/\/www.iplay.com\/es\/wp-json\/wp\/v2\/media?parent=134849"}],"wp:term":[{"taxonomy":"product_brand","embeddable":true,"href":"https:\/\/www.iplay.com\/es\/wp-json\/wp\/v2\/product_brand?post=134849"},{"taxonomy":"product_cat","embeddable":true,"href":"https:\/\/www.iplay.com\/es\/wp-json\/wp\/v2\/product_cat?post=134849"},{"taxonomy":"product_tag","embeddable":true,"href":"https:\/\/www.iplay.com\/es\/wp-json\/wp\/v2\/product_tag?post=134849"}],"curies":[{"name":"wp","href":"https:\/\/api.w.org\/{rel}","templated":true}]}}