{"id":134821,"date":"2021-03-13T00:00:00","date_gmt":"2021-03-13T00:00:00","guid":{"rendered":"https:\/\/www.iplay.com\/games\/dark-romance-vampire-origins-collectors-edition\/"},"modified":"2021-03-13T00:00:00","modified_gmt":"2021-03-13T00:00:00","slug":"dark-romance-vampire-origins-collectors-edition","status":"publish","type":"product","link":"https:\/\/www.iplay.com\/es\/games\/dark-romance-vampire-origins-collectors-edition\/","title":{"rendered":"Dark Romance: Vampire Origins Collector&#8217;s Edition"},"content":{"rendered":"<p>Una vez m\u00e1s, \u00a1bienvenidos a la espeluznante entrega m\u00e1s reciente de la serie <em>Dark Romance<\/em> ! Cuando te encuentras directamente en el camino de un vampiro, \u00a1una visita rutinaria al m\u00e9dico da un giro inesperado! Aunque haya ahuyentado a este terrible enemigo antes de que t\u00fa nacieras, tu padre est\u00e1 de vuelta y listo para exigir retribuci\u00f3n. Sin embargo, no solo busca sangre. Est\u00e1 buscando al medio vampiro que cre\u00f3 antes de escapar, \u00a1y t\u00fa eres el que acabas de descubrir! \u00bfPuedes burlar a este monstruo sin convertirte en uno t\u00fa mismo, con tu casa y la seguridad de tu ser querido en peligro? \u00a1En este emocionante viaje de rompecabezas de objetos ocultos, desc\u00fabrelo! \u00a1Tu madre es la v\u00edctima del vampiro, y debes seguir al malvado para salvarla con la ayuda de Dorin! \u00a1Completa tus colecciones de sal\u00f3n y joyer\u00eda, obt\u00e9n logros y juega y vuelve a jugar HOPs, pel\u00edculas y minijuegos! \u00a1Descarga fondos de pantalla gratuitos, bandas sonoras y arte conceptual \u00fanico! \u00a1Evita aventurarte por la peligrosa Transilvania sin la indispensable Gu\u00eda de Estrategia!<\/p>\n","protected":false},"excerpt":{"rendered":"<p>En la Edici\u00f3n Coleccionista de Dark Romance: Vampire Origins, cuando los muertos resucitan para vengarse<\/p>\n","protected":false},"author":17,"featured_media":108245,"comment_status":"open","ping_status":"closed","template":"","meta":{"_acf_changed":false,"inline_featured_image":false},"product_brand":[],"product_cat":[166],"product_tag":[288],"class_list":{"0":"post-134821","1":"product","2":"type-product","3":"status-publish","4":"has-post-thumbnail","6":"product_cat-hidden-object-es","7":"product_tag-play-on-pc-es","9":"first","10":"instock","11":"shipping-taxable","12":"purchasable","13":"product-type-simple"},"acf":[],"yoast_head":"<!-- This site is optimized with the Yoast SEO Premium plugin v25.2 (Yoast SEO v25.2) - https:\/\/yoast.com\/wordpress\/plugins\/seo\/ -->\n<title>Dark Romance: Vampire Origins Collector&#039;s Edition - Dark Romance: Vampire Origins CE trata sobre la venganza de los muertos<\/title>\n<meta name=\"description\" content=\"En la Edici\u00f3n Coleccionista de Dark Romance: Vampire Origins, cuando los muertos resucitan para vengarse\" \/>\n<meta name=\"robots\" content=\"index, follow, max-snippet:-1, max-image-preview:large, max-video-preview:-1\" \/>\n<link rel=\"canonical\" href=\"https:\/\/www.iplay.com\/es\/games\/dark-romance-vampire-origins-collectors-edition\/\" \/>\n<meta property=\"og:locale\" content=\"es_ES\" \/>\n<meta property=\"og:type\" content=\"article\" \/>\n<meta property=\"og:title\" content=\"Dark Romance: Vampire Origins Collector&#039;s Edition\" \/>\n<meta property=\"og:description\" content=\"En la Edici\u00f3n Coleccionista de Dark Romance: Vampire Origins, cuando los muertos resucitan para vengarse\" \/>\n<meta property=\"og:url\" content=\"https:\/\/www.iplay.com\/es\/games\/dark-romance-vampire-origins-collectors-edition\/\" \/>\n<meta property=\"og:site_name\" content=\"IPlay\" \/>\n<meta property=\"og:image\" content=\"https:\/\/www.iplay.com\/wp-content\/uploads\/2023\/12\/large_square_tile_image-4286.jpg\" \/>\n\t<meta property=\"og:image:width\" content=\"310\" \/>\n\t<meta property=\"og:image:height\" content=\"310\" \/>\n\t<meta property=\"og:image:type\" content=\"image\/jpeg\" \/>\n<meta name=\"twitter:card\" content=\"summary_large_image\" \/>\n<meta name=\"twitter:label1\" content=\"Est. reading time\" \/>\n\t<meta name=\"twitter:data1\" content=\"1 minuto\" \/>\n<script type=\"application\/ld+json\" class=\"yoast-schema-graph\">{\"@context\":\"https:\/\/schema.org\",\"@graph\":[{\"@type\":\"WebPage\",\"@id\":\"https:\/\/www.iplay.com\/es\/games\/dark-romance-vampire-origins-collectors-edition\/\",\"url\":\"https:\/\/www.iplay.com\/es\/games\/dark-romance-vampire-origins-collectors-edition\/\",\"name\":\"Dark Romance: Vampire Origins Collector's Edition - Dark Romance: Vampire Origins CE trata sobre la venganza de los muertos\",\"isPartOf\":{\"@id\":\"https:\/\/www.iplay.com\/en\/#website\"},\"primaryImageOfPage\":{\"@id\":\"https:\/\/www.iplay.com\/es\/games\/dark-romance-vampire-origins-collectors-edition\/#primaryimage\"},\"image\":{\"@id\":\"https:\/\/www.iplay.com\/es\/games\/dark-romance-vampire-origins-collectors-edition\/#primaryimage\"},\"thumbnailUrl\":\"https:\/\/www.iplay.com\/wp-content\/uploads\/2023\/12\/large_square_tile_image-4286.jpg\",\"datePublished\":\"2021-03-13T00:00:00+00:00\",\"description\":\"En la Edici\u00f3n Coleccionista de Dark Romance: Vampire Origins, cuando los muertos resucitan para vengarse\",\"breadcrumb\":{\"@id\":\"https:\/\/www.iplay.com\/es\/games\/dark-romance-vampire-origins-collectors-edition\/#breadcrumb\"},\"inLanguage\":\"es\",\"potentialAction\":[{\"@type\":\"ReadAction\",\"target\":[\"https:\/\/www.iplay.com\/es\/games\/dark-romance-vampire-origins-collectors-edition\/\"]}]},{\"@type\":\"ImageObject\",\"inLanguage\":\"es\",\"@id\":\"https:\/\/www.iplay.com\/es\/games\/dark-romance-vampire-origins-collectors-edition\/#primaryimage\",\"url\":\"https:\/\/www.iplay.com\/wp-content\/uploads\/2023\/12\/large_square_tile_image-4286.jpg\",\"contentUrl\":\"https:\/\/www.iplay.com\/wp-content\/uploads\/2023\/12\/large_square_tile_image-4286.jpg\",\"width\":310,\"height\":310},{\"@type\":\"BreadcrumbList\",\"@id\":\"https:\/\/www.iplay.com\/es\/games\/dark-romance-vampire-origins-collectors-edition\/#breadcrumb\",\"itemListElement\":[{\"@type\":\"ListItem\",\"position\":1,\"name\":\"Home\",\"item\":\"https:\/\/www.iplay.com\/es\/home-page-2\/\"},{\"@type\":\"ListItem\",\"position\":2,\"name\":\"Shop\",\"item\":\"https:\/\/www.iplay.com\/en\/shop\/\"},{\"@type\":\"ListItem\",\"position\":3,\"name\":\"Dark Romance: Vampire Origins Collector&#8217;s Edition\"}]},{\"@type\":\"WebSite\",\"@id\":\"https:\/\/www.iplay.com\/en\/#website\",\"url\":\"https:\/\/www.iplay.com\/en\/\",\"name\":\"IPlay\",\"description\":\"The Best Casual Games!\",\"publisher\":{\"@id\":\"https:\/\/www.iplay.com\/en\/#organization\"},\"potentialAction\":[{\"@type\":\"SearchAction\",\"target\":{\"@type\":\"EntryPoint\",\"urlTemplate\":\"https:\/\/www.iplay.com\/en\/?s={search_term_string}\"},\"query-input\":{\"@type\":\"PropertyValueSpecification\",\"valueRequired\":true,\"valueName\":\"search_term_string\"}}],\"inLanguage\":\"es\"},{\"@type\":\"Organization\",\"@id\":\"https:\/\/www.iplay.com\/en\/#organization\",\"name\":\"IPlay\",\"url\":\"https:\/\/www.iplay.com\/en\/\",\"logo\":{\"@type\":\"ImageObject\",\"inLanguage\":\"es\",\"@id\":\"https:\/\/www.iplay.com\/en\/#\/schema\/logo\/image\/\",\"url\":\"https:\/\/www.iplay.com\/wp-content\/uploads\/2023\/11\/Group-6100.svg\",\"contentUrl\":\"https:\/\/www.iplay.com\/wp-content\/uploads\/2023\/11\/Group-6100.svg\",\"width\":98,\"height\":25,\"caption\":\"IPlay\"},\"image\":{\"@id\":\"https:\/\/www.iplay.com\/en\/#\/schema\/logo\/image\/\"}}]}<\/script>\n<!-- \/ Yoast SEO Premium plugin. -->","yoast_head_json":{"title":"Dark Romance: Vampire Origins Collector's Edition - Dark Romance: Vampire Origins CE trata sobre la venganza de los muertos","description":"En la Edici\u00f3n Coleccionista de Dark Romance: Vampire Origins, cuando los muertos resucitan para vengarse","robots":{"index":"index","follow":"follow","max-snippet":"max-snippet:-1","max-image-preview":"max-image-preview:large","max-video-preview":"max-video-preview:-1"},"canonical":"https:\/\/www.iplay.com\/es\/games\/dark-romance-vampire-origins-collectors-edition\/","og_locale":"es_ES","og_type":"article","og_title":"Dark Romance: Vampire Origins Collector's Edition","og_description":"En la Edici\u00f3n Coleccionista de Dark Romance: Vampire Origins, cuando los muertos resucitan para vengarse","og_url":"https:\/\/www.iplay.com\/es\/games\/dark-romance-vampire-origins-collectors-edition\/","og_site_name":"IPlay","og_image":[{"width":310,"height":310,"url":"https:\/\/www.iplay.com\/wp-content\/uploads\/2023\/12\/large_square_tile_image-4286.jpg","type":"image\/jpeg"}],"twitter_card":"summary_large_image","twitter_misc":{"Est. reading time":"1 minuto"},"schema":{"@context":"https:\/\/schema.org","@graph":[{"@type":"WebPage","@id":"https:\/\/www.iplay.com\/es\/games\/dark-romance-vampire-origins-collectors-edition\/","url":"https:\/\/www.iplay.com\/es\/games\/dark-romance-vampire-origins-collectors-edition\/","name":"Dark Romance: Vampire Origins Collector's Edition - Dark Romance: Vampire Origins CE trata sobre la venganza de los muertos","isPartOf":{"@id":"https:\/\/www.iplay.com\/en\/#website"},"primaryImageOfPage":{"@id":"https:\/\/www.iplay.com\/es\/games\/dark-romance-vampire-origins-collectors-edition\/#primaryimage"},"image":{"@id":"https:\/\/www.iplay.com\/es\/games\/dark-romance-vampire-origins-collectors-edition\/#primaryimage"},"thumbnailUrl":"https:\/\/www.iplay.com\/wp-content\/uploads\/2023\/12\/large_square_tile_image-4286.jpg","datePublished":"2021-03-13T00:00:00+00:00","description":"En la Edici\u00f3n Coleccionista de Dark Romance: Vampire Origins, cuando los muertos resucitan para vengarse","breadcrumb":{"@id":"https:\/\/www.iplay.com\/es\/games\/dark-romance-vampire-origins-collectors-edition\/#breadcrumb"},"inLanguage":"es","potentialAction":[{"@type":"ReadAction","target":["https:\/\/www.iplay.com\/es\/games\/dark-romance-vampire-origins-collectors-edition\/"]}]},{"@type":"ImageObject","inLanguage":"es","@id":"https:\/\/www.iplay.com\/es\/games\/dark-romance-vampire-origins-collectors-edition\/#primaryimage","url":"https:\/\/www.iplay.com\/wp-content\/uploads\/2023\/12\/large_square_tile_image-4286.jpg","contentUrl":"https:\/\/www.iplay.com\/wp-content\/uploads\/2023\/12\/large_square_tile_image-4286.jpg","width":310,"height":310},{"@type":"BreadcrumbList","@id":"https:\/\/www.iplay.com\/es\/games\/dark-romance-vampire-origins-collectors-edition\/#breadcrumb","itemListElement":[{"@type":"ListItem","position":1,"name":"Home","item":"https:\/\/www.iplay.com\/es\/home-page-2\/"},{"@type":"ListItem","position":2,"name":"Shop","item":"https:\/\/www.iplay.com\/en\/shop\/"},{"@type":"ListItem","position":3,"name":"Dark Romance: Vampire Origins Collector&#8217;s Edition"}]},{"@type":"WebSite","@id":"https:\/\/www.iplay.com\/en\/#website","url":"https:\/\/www.iplay.com\/en\/","name":"IPlay","description":"The Best Casual Games!","publisher":{"@id":"https:\/\/www.iplay.com\/en\/#organization"},"potentialAction":[{"@type":"SearchAction","target":{"@type":"EntryPoint","urlTemplate":"https:\/\/www.iplay.com\/en\/?s={search_term_string}"},"query-input":{"@type":"PropertyValueSpecification","valueRequired":true,"valueName":"search_term_string"}}],"inLanguage":"es"},{"@type":"Organization","@id":"https:\/\/www.iplay.com\/en\/#organization","name":"IPlay","url":"https:\/\/www.iplay.com\/en\/","logo":{"@type":"ImageObject","inLanguage":"es","@id":"https:\/\/www.iplay.com\/en\/#\/schema\/logo\/image\/","url":"https:\/\/www.iplay.com\/wp-content\/uploads\/2023\/11\/Group-6100.svg","contentUrl":"https:\/\/www.iplay.com\/wp-content\/uploads\/2023\/11\/Group-6100.svg","width":98,"height":25,"caption":"IPlay"},"image":{"@id":"https:\/\/www.iplay.com\/en\/#\/schema\/logo\/image\/"}}]}},"_links":{"self":[{"href":"https:\/\/www.iplay.com\/es\/wp-json\/wp\/v2\/product\/134821","targetHints":{"allow":["GET"]}}],"collection":[{"href":"https:\/\/www.iplay.com\/es\/wp-json\/wp\/v2\/product"}],"about":[{"href":"https:\/\/www.iplay.com\/es\/wp-json\/wp\/v2\/types\/product"}],"author":[{"embeddable":true,"href":"https:\/\/www.iplay.com\/es\/wp-json\/wp\/v2\/users\/17"}],"replies":[{"embeddable":true,"href":"https:\/\/www.iplay.com\/es\/wp-json\/wp\/v2\/comments?post=134821"}],"wp:featuredmedia":[{"embeddable":true,"href":"https:\/\/www.iplay.com\/es\/wp-json\/wp\/v2\/media\/108245"}],"wp:attachment":[{"href":"https:\/\/www.iplay.com\/es\/wp-json\/wp\/v2\/media?parent=134821"}],"wp:term":[{"taxonomy":"product_brand","embeddable":true,"href":"https:\/\/www.iplay.com\/es\/wp-json\/wp\/v2\/product_brand?post=134821"},{"taxonomy":"product_cat","embeddable":true,"href":"https:\/\/www.iplay.com\/es\/wp-json\/wp\/v2\/product_cat?post=134821"},{"taxonomy":"product_tag","embeddable":true,"href":"https:\/\/www.iplay.com\/es\/wp-json\/wp\/v2\/product_tag?post=134821"}],"curies":[{"name":"wp","href":"https:\/\/api.w.org\/{rel}","templated":true}]}}