{"id":134773,"date":"2021-01-15T00:00:00","date_gmt":"2021-01-15T00:00:00","guid":{"rendered":"https:\/\/www.iplay.com\/games\/pride-and-prejudice-blood-ties-collectors-edition\/"},"modified":"2021-01-15T00:00:00","modified_gmt":"2021-01-15T00:00:00","slug":"pride-and-prejudice-blood-ties-collectors-edition","status":"publish","type":"product","link":"https:\/\/www.iplay.com\/es\/games\/pride-and-prejudice-blood-ties-collectors-edition\/","title":{"rendered":"Pride and Prejudice: Blood Ties &#8211; Collector&#8217;s Edition"},"content":{"rendered":"<p>Te invitamos cordialmente a Orgullo y Prejuicio: Lazos de Sangre, una adaptaci\u00f3n alternativa de la querida novela de Jane Austen. Rumores extra\u00f1os y siniestros sobre la mansi\u00f3n de Lady Catherin, Rosings Park, han estado circulando \u00faltimamente. \u00a1Solo puedes imaginar lo conmocionado que est\u00e1s al enterarte en una carta de tu querido Sr. Darcy de que tu hermana menor, Lydia, ha desaparecido y fue vista por \u00faltima vez en Rosings! Adem\u00e1s, \u00a1tu pareja te rechaza y no te dejar\u00e1 visitar Rosings! \u00bfPuedes luchar por tu afecto y al mismo tiempo localizar a tu hermana? En esta espeluznante versi\u00f3n de la historia de amor tradicional, t\u00fa eres el que tiene la \u00faltima palabra en esta aventura de objetos ocultos.     <\/p>\n<p>&nbsp;<\/p>\n<p>&nbsp;<\/p>\n<p><strong>Funciones:<\/strong><\/p>\n<p>&nbsp;<\/p>\n<p>&#8211; Regresa a Rosings Park en esta historia donde debes usar la astucia para derrotar a tu oponente con el fin de salvar a tu amada<br \/>\n&#8211; Nuevas escenas<br \/>\n&#8211; Nuevos minijuegos y rompecabezas<br \/>\n&#8211; Coleccionables y morfos para encontrar<\/p>\n","protected":false},"excerpt":{"rendered":"<p>\u00bfQu\u00e9 est\u00e1 pasando en Rosings Park? Lee Orgullo y Prejuicio: Lazos de Sangre &#8211; Edici\u00f3n de Coleccionista para descubrirlo. <\/p>\n","protected":false},"author":196,"featured_media":81104,"comment_status":"open","ping_status":"closed","template":"","meta":{"_acf_changed":false,"inline_featured_image":false},"product_brand":[],"product_cat":[166],"product_tag":[288],"class_list":{"0":"post-134773","1":"product","2":"type-product","3":"status-publish","4":"has-post-thumbnail","6":"product_cat-hidden-object-es","7":"product_tag-play-on-pc-es","9":"first","10":"instock","11":"shipping-taxable","12":"purchasable","13":"product-type-simple"},"acf":[],"yoast_head":"<!-- This site is optimized with the Yoast SEO Premium plugin v25.2 (Yoast SEO v25.2) - https:\/\/yoast.com\/wordpress\/plugins\/seo\/ -->\n<title>Orgullo y prejuicio: Lazos de sangre - Edici\u00f3n de coleccionista - Descubre un misterio en Rosings Park en una historia intrigante<\/title>\n<meta name=\"description\" content=\"\u00bfQu\u00e9 est\u00e1 pasando en Rosings Park? Lee Orgullo y Prejuicio: Lazos de Sangre - Edici\u00f3n de Coleccionista para descubrirlo.\" \/>\n<meta name=\"robots\" content=\"index, follow, max-snippet:-1, max-image-preview:large, max-video-preview:-1\" \/>\n<link rel=\"canonical\" href=\"https:\/\/www.iplay.com\/es\/games\/pride-and-prejudice-blood-ties-collectors-edition\/\" \/>\n<meta property=\"og:locale\" content=\"es_ES\" \/>\n<meta property=\"og:type\" content=\"article\" \/>\n<meta property=\"og:title\" content=\"Pride and Prejudice: Blood Ties - Collector&#039;s Edition\" \/>\n<meta property=\"og:description\" content=\"\u00bfQu\u00e9 est\u00e1 pasando en Rosings Park? Lee Orgullo y Prejuicio: Lazos de Sangre - Edici\u00f3n de Coleccionista para descubrirlo.\" \/>\n<meta property=\"og:url\" content=\"https:\/\/www.iplay.com\/es\/games\/pride-and-prejudice-blood-ties-collectors-edition\/\" \/>\n<meta property=\"og:site_name\" content=\"IPlay\" \/>\n<meta property=\"og:image\" content=\"https:\/\/www.iplay.com\/wp-content\/uploads\/2023\/12\/large_square_tile_image-2574.jpg\" \/>\n\t<meta property=\"og:image:width\" content=\"310\" \/>\n\t<meta property=\"og:image:height\" content=\"310\" \/>\n\t<meta property=\"og:image:type\" content=\"image\/jpeg\" \/>\n<meta name=\"twitter:card\" content=\"summary_large_image\" \/>\n<meta name=\"twitter:label1\" content=\"Est. reading time\" \/>\n\t<meta name=\"twitter:data1\" content=\"1 minuto\" \/>\n<script type=\"application\/ld+json\" class=\"yoast-schema-graph\">{\"@context\":\"https:\/\/schema.org\",\"@graph\":[{\"@type\":\"WebPage\",\"@id\":\"https:\/\/www.iplay.com\/es\/games\/pride-and-prejudice-blood-ties-collectors-edition\/\",\"url\":\"https:\/\/www.iplay.com\/es\/games\/pride-and-prejudice-blood-ties-collectors-edition\/\",\"name\":\"Orgullo y prejuicio: Lazos de sangre - Edici\u00f3n de coleccionista - Descubre un misterio en Rosings Park en una historia intrigante\",\"isPartOf\":{\"@id\":\"https:\/\/www.iplay.com\/en\/#website\"},\"primaryImageOfPage\":{\"@id\":\"https:\/\/www.iplay.com\/es\/games\/pride-and-prejudice-blood-ties-collectors-edition\/#primaryimage\"},\"image\":{\"@id\":\"https:\/\/www.iplay.com\/es\/games\/pride-and-prejudice-blood-ties-collectors-edition\/#primaryimage\"},\"thumbnailUrl\":\"https:\/\/www.iplay.com\/wp-content\/uploads\/2023\/12\/large_square_tile_image-2574.jpg\",\"datePublished\":\"2021-01-15T00:00:00+00:00\",\"description\":\"\u00bfQu\u00e9 est\u00e1 pasando en Rosings Park? Lee Orgullo y Prejuicio: Lazos de Sangre - Edici\u00f3n de Coleccionista para descubrirlo.\",\"breadcrumb\":{\"@id\":\"https:\/\/www.iplay.com\/es\/games\/pride-and-prejudice-blood-ties-collectors-edition\/#breadcrumb\"},\"inLanguage\":\"es\",\"potentialAction\":[{\"@type\":\"ReadAction\",\"target\":[\"https:\/\/www.iplay.com\/es\/games\/pride-and-prejudice-blood-ties-collectors-edition\/\"]}]},{\"@type\":\"ImageObject\",\"inLanguage\":\"es\",\"@id\":\"https:\/\/www.iplay.com\/es\/games\/pride-and-prejudice-blood-ties-collectors-edition\/#primaryimage\",\"url\":\"https:\/\/www.iplay.com\/wp-content\/uploads\/2023\/12\/large_square_tile_image-2574.jpg\",\"contentUrl\":\"https:\/\/www.iplay.com\/wp-content\/uploads\/2023\/12\/large_square_tile_image-2574.jpg\",\"width\":310,\"height\":310},{\"@type\":\"BreadcrumbList\",\"@id\":\"https:\/\/www.iplay.com\/es\/games\/pride-and-prejudice-blood-ties-collectors-edition\/#breadcrumb\",\"itemListElement\":[{\"@type\":\"ListItem\",\"position\":1,\"name\":\"Home\",\"item\":\"https:\/\/www.iplay.com\/es\/home-page-2\/\"},{\"@type\":\"ListItem\",\"position\":2,\"name\":\"Shop\",\"item\":\"https:\/\/www.iplay.com\/en\/shop\/\"},{\"@type\":\"ListItem\",\"position\":3,\"name\":\"Pride and Prejudice: Blood Ties &#8211; Collector&#8217;s Edition\"}]},{\"@type\":\"WebSite\",\"@id\":\"https:\/\/www.iplay.com\/en\/#website\",\"url\":\"https:\/\/www.iplay.com\/en\/\",\"name\":\"IPlay\",\"description\":\"The Best Casual Games!\",\"publisher\":{\"@id\":\"https:\/\/www.iplay.com\/en\/#organization\"},\"potentialAction\":[{\"@type\":\"SearchAction\",\"target\":{\"@type\":\"EntryPoint\",\"urlTemplate\":\"https:\/\/www.iplay.com\/en\/?s={search_term_string}\"},\"query-input\":{\"@type\":\"PropertyValueSpecification\",\"valueRequired\":true,\"valueName\":\"search_term_string\"}}],\"inLanguage\":\"es\"},{\"@type\":\"Organization\",\"@id\":\"https:\/\/www.iplay.com\/en\/#organization\",\"name\":\"IPlay\",\"url\":\"https:\/\/www.iplay.com\/en\/\",\"logo\":{\"@type\":\"ImageObject\",\"inLanguage\":\"es\",\"@id\":\"https:\/\/www.iplay.com\/en\/#\/schema\/logo\/image\/\",\"url\":\"https:\/\/www.iplay.com\/wp-content\/uploads\/2023\/11\/Group-6100.svg\",\"contentUrl\":\"https:\/\/www.iplay.com\/wp-content\/uploads\/2023\/11\/Group-6100.svg\",\"width\":98,\"height\":25,\"caption\":\"IPlay\"},\"image\":{\"@id\":\"https:\/\/www.iplay.com\/en\/#\/schema\/logo\/image\/\"}}]}<\/script>\n<!-- \/ Yoast SEO Premium plugin. -->","yoast_head_json":{"title":"Orgullo y prejuicio: Lazos de sangre - Edici\u00f3n de coleccionista - Descubre un misterio en Rosings Park en una historia intrigante","description":"\u00bfQu\u00e9 est\u00e1 pasando en Rosings Park? Lee Orgullo y Prejuicio: Lazos de Sangre - Edici\u00f3n de Coleccionista para descubrirlo.","robots":{"index":"index","follow":"follow","max-snippet":"max-snippet:-1","max-image-preview":"max-image-preview:large","max-video-preview":"max-video-preview:-1"},"canonical":"https:\/\/www.iplay.com\/es\/games\/pride-and-prejudice-blood-ties-collectors-edition\/","og_locale":"es_ES","og_type":"article","og_title":"Pride and Prejudice: Blood Ties - Collector's Edition","og_description":"\u00bfQu\u00e9 est\u00e1 pasando en Rosings Park? Lee Orgullo y Prejuicio: Lazos de Sangre - Edici\u00f3n de Coleccionista para descubrirlo.","og_url":"https:\/\/www.iplay.com\/es\/games\/pride-and-prejudice-blood-ties-collectors-edition\/","og_site_name":"IPlay","og_image":[{"width":310,"height":310,"url":"https:\/\/www.iplay.com\/wp-content\/uploads\/2023\/12\/large_square_tile_image-2574.jpg","type":"image\/jpeg"}],"twitter_card":"summary_large_image","twitter_misc":{"Est. reading time":"1 minuto"},"schema":{"@context":"https:\/\/schema.org","@graph":[{"@type":"WebPage","@id":"https:\/\/www.iplay.com\/es\/games\/pride-and-prejudice-blood-ties-collectors-edition\/","url":"https:\/\/www.iplay.com\/es\/games\/pride-and-prejudice-blood-ties-collectors-edition\/","name":"Orgullo y prejuicio: Lazos de sangre - Edici\u00f3n de coleccionista - Descubre un misterio en Rosings Park en una historia intrigante","isPartOf":{"@id":"https:\/\/www.iplay.com\/en\/#website"},"primaryImageOfPage":{"@id":"https:\/\/www.iplay.com\/es\/games\/pride-and-prejudice-blood-ties-collectors-edition\/#primaryimage"},"image":{"@id":"https:\/\/www.iplay.com\/es\/games\/pride-and-prejudice-blood-ties-collectors-edition\/#primaryimage"},"thumbnailUrl":"https:\/\/www.iplay.com\/wp-content\/uploads\/2023\/12\/large_square_tile_image-2574.jpg","datePublished":"2021-01-15T00:00:00+00:00","description":"\u00bfQu\u00e9 est\u00e1 pasando en Rosings Park? Lee Orgullo y Prejuicio: Lazos de Sangre - Edici\u00f3n de Coleccionista para descubrirlo.","breadcrumb":{"@id":"https:\/\/www.iplay.com\/es\/games\/pride-and-prejudice-blood-ties-collectors-edition\/#breadcrumb"},"inLanguage":"es","potentialAction":[{"@type":"ReadAction","target":["https:\/\/www.iplay.com\/es\/games\/pride-and-prejudice-blood-ties-collectors-edition\/"]}]},{"@type":"ImageObject","inLanguage":"es","@id":"https:\/\/www.iplay.com\/es\/games\/pride-and-prejudice-blood-ties-collectors-edition\/#primaryimage","url":"https:\/\/www.iplay.com\/wp-content\/uploads\/2023\/12\/large_square_tile_image-2574.jpg","contentUrl":"https:\/\/www.iplay.com\/wp-content\/uploads\/2023\/12\/large_square_tile_image-2574.jpg","width":310,"height":310},{"@type":"BreadcrumbList","@id":"https:\/\/www.iplay.com\/es\/games\/pride-and-prejudice-blood-ties-collectors-edition\/#breadcrumb","itemListElement":[{"@type":"ListItem","position":1,"name":"Home","item":"https:\/\/www.iplay.com\/es\/home-page-2\/"},{"@type":"ListItem","position":2,"name":"Shop","item":"https:\/\/www.iplay.com\/en\/shop\/"},{"@type":"ListItem","position":3,"name":"Pride and Prejudice: Blood Ties &#8211; Collector&#8217;s Edition"}]},{"@type":"WebSite","@id":"https:\/\/www.iplay.com\/en\/#website","url":"https:\/\/www.iplay.com\/en\/","name":"IPlay","description":"The Best Casual Games!","publisher":{"@id":"https:\/\/www.iplay.com\/en\/#organization"},"potentialAction":[{"@type":"SearchAction","target":{"@type":"EntryPoint","urlTemplate":"https:\/\/www.iplay.com\/en\/?s={search_term_string}"},"query-input":{"@type":"PropertyValueSpecification","valueRequired":true,"valueName":"search_term_string"}}],"inLanguage":"es"},{"@type":"Organization","@id":"https:\/\/www.iplay.com\/en\/#organization","name":"IPlay","url":"https:\/\/www.iplay.com\/en\/","logo":{"@type":"ImageObject","inLanguage":"es","@id":"https:\/\/www.iplay.com\/en\/#\/schema\/logo\/image\/","url":"https:\/\/www.iplay.com\/wp-content\/uploads\/2023\/11\/Group-6100.svg","contentUrl":"https:\/\/www.iplay.com\/wp-content\/uploads\/2023\/11\/Group-6100.svg","width":98,"height":25,"caption":"IPlay"},"image":{"@id":"https:\/\/www.iplay.com\/en\/#\/schema\/logo\/image\/"}}]}},"_links":{"self":[{"href":"https:\/\/www.iplay.com\/es\/wp-json\/wp\/v2\/product\/134773","targetHints":{"allow":["GET"]}}],"collection":[{"href":"https:\/\/www.iplay.com\/es\/wp-json\/wp\/v2\/product"}],"about":[{"href":"https:\/\/www.iplay.com\/es\/wp-json\/wp\/v2\/types\/product"}],"author":[{"embeddable":true,"href":"https:\/\/www.iplay.com\/es\/wp-json\/wp\/v2\/users\/196"}],"replies":[{"embeddable":true,"href":"https:\/\/www.iplay.com\/es\/wp-json\/wp\/v2\/comments?post=134773"}],"wp:featuredmedia":[{"embeddable":true,"href":"https:\/\/www.iplay.com\/es\/wp-json\/wp\/v2\/media\/81104"}],"wp:attachment":[{"href":"https:\/\/www.iplay.com\/es\/wp-json\/wp\/v2\/media?parent=134773"}],"wp:term":[{"taxonomy":"product_brand","embeddable":true,"href":"https:\/\/www.iplay.com\/es\/wp-json\/wp\/v2\/product_brand?post=134773"},{"taxonomy":"product_cat","embeddable":true,"href":"https:\/\/www.iplay.com\/es\/wp-json\/wp\/v2\/product_cat?post=134773"},{"taxonomy":"product_tag","embeddable":true,"href":"https:\/\/www.iplay.com\/es\/wp-json\/wp\/v2\/product_tag?post=134773"}],"curies":[{"name":"wp","href":"https:\/\/api.w.org\/{rel}","templated":true}]}}