{"id":134689,"date":"2021-11-14T00:00:00","date_gmt":"2021-11-14T00:00:00","guid":{"rendered":"https:\/\/www.iplay.com\/games\/whispered-secrets-ripple-of-the-heart-ce\/"},"modified":"2021-11-14T00:00:00","modified_gmt":"2021-11-14T00:00:00","slug":"whispered-secrets-ripple-of-the-heart-ce","status":"publish","type":"product","link":"https:\/\/www.iplay.com\/es\/games\/whispered-secrets-ripple-of-the-heart-ce\/","title":{"rendered":"Whispered Secrets: Ripple of the Heart CE"},"content":{"rendered":"<p>\u00a1El nuevo e intrigante volumen de la serie Whispered Secrets ya est\u00e1 disponible! \u00a1Te diriges a Flusstal para la boda del hijo de un viejo amigo! Sin embargo, en lugar de celebraciones para la feliz pareja, \u00a1llegas para encontrar una ciudad rodeada de magia negra! Algo extra\u00f1o acecha en el bosque, y las desapariciones inexplicables tienen aterrorizados a los lugare\u00f1os. Los rumores y un zorro parecido a un humano que es mucho m\u00e1s de lo que parece son sus \u00fanicas pistas. \u00bfPuedes encontrar el horrible pasado de la ciudad a tiempo para evitar que da\u00f1e el presente? \u00a1En esta fant\u00e1stica aventura de rompecabezas de objetos ocultos, lo descubrir\u00e1s!      <\/p>\n<p>&nbsp;<\/p>\n<p>&nbsp;<\/p>\n<p><strong>Funciones:<\/strong><\/p>\n<p>&nbsp;<\/p>\n<p>&#8211; \u00a1Descubre los secretos de la historia de \u00darsula!<br \/>\n&#8211; \u00a1A ver si puedes sellar el grimorio de una vez por todas!<br \/>\n&#8211; \u00a1Encuentra todas las piezas del rompecabezas y \u00fasalas para terminar el rompecabezas!<br \/>\n&#8211; \u00a1Disfruta de m\u00fasica, fondos de pantalla, pel\u00edculas y m\u00e1s exclusivos!<br \/>\n&#8211; \u00a1Gu\u00eda de estrategia completa incluida! \u00a1Nunca te pierdas!<\/p>\n","protected":false},"excerpt":{"rendered":"<p>Descubre la verdad en Whispered Secrets: Ripple of the Heart CE, un libro sobre el amor y la magia.<\/p>\n","protected":false},"author":17,"featured_media":90535,"comment_status":"open","ping_status":"closed","template":"","meta":{"_acf_changed":false,"inline_featured_image":false},"product_brand":[],"product_cat":[166],"product_tag":[288],"class_list":{"0":"post-134689","1":"product","2":"type-product","3":"status-publish","4":"has-post-thumbnail","6":"product_cat-hidden-object-es","7":"product_tag-play-on-pc-es","9":"first","10":"instock","11":"shipping-taxable","12":"purchasable","13":"product-type-simple"},"acf":[],"yoast_head":"<!-- This site is optimized with the Yoast SEO Premium plugin v25.2 (Yoast SEO v25.2) - https:\/\/yoast.com\/wordpress\/plugins\/seo\/ -->\n<title>Secretos Susurrados: Ondulaci\u00f3n del Coraz\u00f3n CE - Verdad-Amor-Magia<\/title>\n<meta name=\"description\" content=\"Descubre la verdad en Whispered Secrets: Ripple of the Heart CE, un libro sobre el amor y la magia.\" \/>\n<meta name=\"robots\" content=\"index, follow, max-snippet:-1, max-image-preview:large, max-video-preview:-1\" \/>\n<link rel=\"canonical\" href=\"https:\/\/www.iplay.com\/es\/games\/whispered-secrets-ripple-of-the-heart-ce\/\" \/>\n<meta property=\"og:locale\" content=\"es_ES\" \/>\n<meta property=\"og:type\" content=\"article\" \/>\n<meta property=\"og:title\" content=\"Whispered Secrets: Ripple of the Heart CE\" \/>\n<meta property=\"og:description\" content=\"Descubre la verdad en Whispered Secrets: Ripple of the Heart CE, un libro sobre el amor y la magia.\" \/>\n<meta property=\"og:url\" content=\"https:\/\/www.iplay.com\/es\/games\/whispered-secrets-ripple-of-the-heart-ce\/\" \/>\n<meta property=\"og:site_name\" content=\"IPlay\" \/>\n<meta property=\"og:image\" content=\"https:\/\/www.iplay.com\/wp-content\/uploads\/2023\/12\/large_square_tile_image-3172.jpg\" \/>\n\t<meta property=\"og:image:width\" content=\"310\" \/>\n\t<meta property=\"og:image:height\" content=\"310\" \/>\n\t<meta property=\"og:image:type\" content=\"image\/jpeg\" \/>\n<meta name=\"twitter:card\" content=\"summary_large_image\" \/>\n<meta name=\"twitter:label1\" content=\"Est. reading time\" \/>\n\t<meta name=\"twitter:data1\" content=\"1 minuto\" \/>\n<script type=\"application\/ld+json\" class=\"yoast-schema-graph\">{\"@context\":\"https:\/\/schema.org\",\"@graph\":[{\"@type\":\"WebPage\",\"@id\":\"https:\/\/www.iplay.com\/es\/games\/whispered-secrets-ripple-of-the-heart-ce\/\",\"url\":\"https:\/\/www.iplay.com\/es\/games\/whispered-secrets-ripple-of-the-heart-ce\/\",\"name\":\"Secretos Susurrados: Ondulaci\u00f3n del Coraz\u00f3n CE - Verdad-Amor-Magia\",\"isPartOf\":{\"@id\":\"https:\/\/www.iplay.com\/en\/#website\"},\"primaryImageOfPage\":{\"@id\":\"https:\/\/www.iplay.com\/es\/games\/whispered-secrets-ripple-of-the-heart-ce\/#primaryimage\"},\"image\":{\"@id\":\"https:\/\/www.iplay.com\/es\/games\/whispered-secrets-ripple-of-the-heart-ce\/#primaryimage\"},\"thumbnailUrl\":\"https:\/\/www.iplay.com\/wp-content\/uploads\/2023\/12\/large_square_tile_image-3172.jpg\",\"datePublished\":\"2021-11-14T00:00:00+00:00\",\"description\":\"Descubre la verdad en Whispered Secrets: Ripple of the Heart CE, un libro sobre el amor y la magia.\",\"breadcrumb\":{\"@id\":\"https:\/\/www.iplay.com\/es\/games\/whispered-secrets-ripple-of-the-heart-ce\/#breadcrumb\"},\"inLanguage\":\"es\",\"potentialAction\":[{\"@type\":\"ReadAction\",\"target\":[\"https:\/\/www.iplay.com\/es\/games\/whispered-secrets-ripple-of-the-heart-ce\/\"]}]},{\"@type\":\"ImageObject\",\"inLanguage\":\"es\",\"@id\":\"https:\/\/www.iplay.com\/es\/games\/whispered-secrets-ripple-of-the-heart-ce\/#primaryimage\",\"url\":\"https:\/\/www.iplay.com\/wp-content\/uploads\/2023\/12\/large_square_tile_image-3172.jpg\",\"contentUrl\":\"https:\/\/www.iplay.com\/wp-content\/uploads\/2023\/12\/large_square_tile_image-3172.jpg\",\"width\":310,\"height\":310},{\"@type\":\"BreadcrumbList\",\"@id\":\"https:\/\/www.iplay.com\/es\/games\/whispered-secrets-ripple-of-the-heart-ce\/#breadcrumb\",\"itemListElement\":[{\"@type\":\"ListItem\",\"position\":1,\"name\":\"Home\",\"item\":\"https:\/\/www.iplay.com\/es\/home-page-2\/\"},{\"@type\":\"ListItem\",\"position\":2,\"name\":\"Shop\",\"item\":\"https:\/\/www.iplay.com\/en\/shop\/\"},{\"@type\":\"ListItem\",\"position\":3,\"name\":\"Whispered Secrets: Ripple of the Heart CE\"}]},{\"@type\":\"WebSite\",\"@id\":\"https:\/\/www.iplay.com\/en\/#website\",\"url\":\"https:\/\/www.iplay.com\/en\/\",\"name\":\"IPlay\",\"description\":\"The Best Casual Games!\",\"publisher\":{\"@id\":\"https:\/\/www.iplay.com\/en\/#organization\"},\"potentialAction\":[{\"@type\":\"SearchAction\",\"target\":{\"@type\":\"EntryPoint\",\"urlTemplate\":\"https:\/\/www.iplay.com\/en\/?s={search_term_string}\"},\"query-input\":{\"@type\":\"PropertyValueSpecification\",\"valueRequired\":true,\"valueName\":\"search_term_string\"}}],\"inLanguage\":\"es\"},{\"@type\":\"Organization\",\"@id\":\"https:\/\/www.iplay.com\/en\/#organization\",\"name\":\"IPlay\",\"url\":\"https:\/\/www.iplay.com\/en\/\",\"logo\":{\"@type\":\"ImageObject\",\"inLanguage\":\"es\",\"@id\":\"https:\/\/www.iplay.com\/en\/#\/schema\/logo\/image\/\",\"url\":\"https:\/\/www.iplay.com\/wp-content\/uploads\/2023\/11\/Group-6100.svg\",\"contentUrl\":\"https:\/\/www.iplay.com\/wp-content\/uploads\/2023\/11\/Group-6100.svg\",\"width\":98,\"height\":25,\"caption\":\"IPlay\"},\"image\":{\"@id\":\"https:\/\/www.iplay.com\/en\/#\/schema\/logo\/image\/\"}}]}<\/script>\n<!-- \/ Yoast SEO Premium plugin. -->","yoast_head_json":{"title":"Secretos Susurrados: Ondulaci\u00f3n del Coraz\u00f3n CE - Verdad-Amor-Magia","description":"Descubre la verdad en Whispered Secrets: Ripple of the Heart CE, un libro sobre el amor y la magia.","robots":{"index":"index","follow":"follow","max-snippet":"max-snippet:-1","max-image-preview":"max-image-preview:large","max-video-preview":"max-video-preview:-1"},"canonical":"https:\/\/www.iplay.com\/es\/games\/whispered-secrets-ripple-of-the-heart-ce\/","og_locale":"es_ES","og_type":"article","og_title":"Whispered Secrets: Ripple of the Heart CE","og_description":"Descubre la verdad en Whispered Secrets: Ripple of the Heart CE, un libro sobre el amor y la magia.","og_url":"https:\/\/www.iplay.com\/es\/games\/whispered-secrets-ripple-of-the-heart-ce\/","og_site_name":"IPlay","og_image":[{"width":310,"height":310,"url":"https:\/\/www.iplay.com\/wp-content\/uploads\/2023\/12\/large_square_tile_image-3172.jpg","type":"image\/jpeg"}],"twitter_card":"summary_large_image","twitter_misc":{"Est. reading time":"1 minuto"},"schema":{"@context":"https:\/\/schema.org","@graph":[{"@type":"WebPage","@id":"https:\/\/www.iplay.com\/es\/games\/whispered-secrets-ripple-of-the-heart-ce\/","url":"https:\/\/www.iplay.com\/es\/games\/whispered-secrets-ripple-of-the-heart-ce\/","name":"Secretos Susurrados: Ondulaci\u00f3n del Coraz\u00f3n CE - Verdad-Amor-Magia","isPartOf":{"@id":"https:\/\/www.iplay.com\/en\/#website"},"primaryImageOfPage":{"@id":"https:\/\/www.iplay.com\/es\/games\/whispered-secrets-ripple-of-the-heart-ce\/#primaryimage"},"image":{"@id":"https:\/\/www.iplay.com\/es\/games\/whispered-secrets-ripple-of-the-heart-ce\/#primaryimage"},"thumbnailUrl":"https:\/\/www.iplay.com\/wp-content\/uploads\/2023\/12\/large_square_tile_image-3172.jpg","datePublished":"2021-11-14T00:00:00+00:00","description":"Descubre la verdad en Whispered Secrets: Ripple of the Heart CE, un libro sobre el amor y la magia.","breadcrumb":{"@id":"https:\/\/www.iplay.com\/es\/games\/whispered-secrets-ripple-of-the-heart-ce\/#breadcrumb"},"inLanguage":"es","potentialAction":[{"@type":"ReadAction","target":["https:\/\/www.iplay.com\/es\/games\/whispered-secrets-ripple-of-the-heart-ce\/"]}]},{"@type":"ImageObject","inLanguage":"es","@id":"https:\/\/www.iplay.com\/es\/games\/whispered-secrets-ripple-of-the-heart-ce\/#primaryimage","url":"https:\/\/www.iplay.com\/wp-content\/uploads\/2023\/12\/large_square_tile_image-3172.jpg","contentUrl":"https:\/\/www.iplay.com\/wp-content\/uploads\/2023\/12\/large_square_tile_image-3172.jpg","width":310,"height":310},{"@type":"BreadcrumbList","@id":"https:\/\/www.iplay.com\/es\/games\/whispered-secrets-ripple-of-the-heart-ce\/#breadcrumb","itemListElement":[{"@type":"ListItem","position":1,"name":"Home","item":"https:\/\/www.iplay.com\/es\/home-page-2\/"},{"@type":"ListItem","position":2,"name":"Shop","item":"https:\/\/www.iplay.com\/en\/shop\/"},{"@type":"ListItem","position":3,"name":"Whispered Secrets: Ripple of the Heart CE"}]},{"@type":"WebSite","@id":"https:\/\/www.iplay.com\/en\/#website","url":"https:\/\/www.iplay.com\/en\/","name":"IPlay","description":"The Best Casual Games!","publisher":{"@id":"https:\/\/www.iplay.com\/en\/#organization"},"potentialAction":[{"@type":"SearchAction","target":{"@type":"EntryPoint","urlTemplate":"https:\/\/www.iplay.com\/en\/?s={search_term_string}"},"query-input":{"@type":"PropertyValueSpecification","valueRequired":true,"valueName":"search_term_string"}}],"inLanguage":"es"},{"@type":"Organization","@id":"https:\/\/www.iplay.com\/en\/#organization","name":"IPlay","url":"https:\/\/www.iplay.com\/en\/","logo":{"@type":"ImageObject","inLanguage":"es","@id":"https:\/\/www.iplay.com\/en\/#\/schema\/logo\/image\/","url":"https:\/\/www.iplay.com\/wp-content\/uploads\/2023\/11\/Group-6100.svg","contentUrl":"https:\/\/www.iplay.com\/wp-content\/uploads\/2023\/11\/Group-6100.svg","width":98,"height":25,"caption":"IPlay"},"image":{"@id":"https:\/\/www.iplay.com\/en\/#\/schema\/logo\/image\/"}}]}},"_links":{"self":[{"href":"https:\/\/www.iplay.com\/es\/wp-json\/wp\/v2\/product\/134689","targetHints":{"allow":["GET"]}}],"collection":[{"href":"https:\/\/www.iplay.com\/es\/wp-json\/wp\/v2\/product"}],"about":[{"href":"https:\/\/www.iplay.com\/es\/wp-json\/wp\/v2\/types\/product"}],"author":[{"embeddable":true,"href":"https:\/\/www.iplay.com\/es\/wp-json\/wp\/v2\/users\/17"}],"replies":[{"embeddable":true,"href":"https:\/\/www.iplay.com\/es\/wp-json\/wp\/v2\/comments?post=134689"}],"wp:featuredmedia":[{"embeddable":true,"href":"https:\/\/www.iplay.com\/es\/wp-json\/wp\/v2\/media\/90535"}],"wp:attachment":[{"href":"https:\/\/www.iplay.com\/es\/wp-json\/wp\/v2\/media?parent=134689"}],"wp:term":[{"taxonomy":"product_brand","embeddable":true,"href":"https:\/\/www.iplay.com\/es\/wp-json\/wp\/v2\/product_brand?post=134689"},{"taxonomy":"product_cat","embeddable":true,"href":"https:\/\/www.iplay.com\/es\/wp-json\/wp\/v2\/product_cat?post=134689"},{"taxonomy":"product_tag","embeddable":true,"href":"https:\/\/www.iplay.com\/es\/wp-json\/wp\/v2\/product_tag?post=134689"}],"curies":[{"name":"wp","href":"https:\/\/api.w.org\/{rel}","templated":true}]}}