{"id":134661,"date":"2021-11-29T00:00:00","date_gmt":"2021-11-29T00:00:00","guid":{"rendered":"https:\/\/www.iplay.com\/games\/spirit-legends-the-aeon-heart\/"},"modified":"2021-11-29T00:00:00","modified_gmt":"2021-11-29T00:00:00","slug":"spirit-legends-the-aeon-heart","status":"publish","type":"product","link":"https:\/\/www.iplay.com\/es\/games\/spirit-legends-the-aeon-heart\/","title":{"rendered":"Spirit Legends: The Aeon Heart"},"content":{"rendered":"<p>\u00a1El volumen de otro mundo m\u00e1s reciente de Spirit Legends ya est\u00e1 disponible! \u00a1Todo lo relacionado con su trasplante de coraz\u00f3n mec\u00e1nico sali\u00f3 a la perfecci\u00f3n! Ahora es el momento de un chequeo con tu t\u00edo cient\u00edfico. Pero cuando llegas all\u00ed, descubres que una Orden sombr\u00eda y m\u00e1gica ha tomado a tu t\u00edo como reh\u00e9n. \u00a1Algunas personas usar\u00e1n monstruos mitol\u00f3gicos aterradores para expulsar a cualquiera que se atreva a cruzarse en su camino porque no conf\u00edan en la combinaci\u00f3n de magia y ciencia! \u00bfSer\u00e1s capaz de salvar a tu t\u00edo y a los esp\u00edritus a tiempo utilizando un poderoso bestiario para domar a los monstruos salvajes? \u00a1Lo descubrir\u00e1s en esta cautivadora aventura de rompecabezas de objetos ocultos!      <\/p>\n<p>&nbsp;<\/p>\n<p>&nbsp;<\/p>\n<p><strong>Funciones:<\/strong><\/p>\n<p>&nbsp;<\/p>\n<p>&#8211; Sum\u00e9rgete en una historia<br \/>\n fant\u00e1stica- Rastrea a un asesino y libera a los Guardianes de la Armon\u00eda<br \/>\n&#8211; Secuencias excepcionalmente intrincadas que involucran objetos<br \/>\n ocultos- Usa tu bestiario para vencer a los monstruos<\/p>\n","protected":false},"excerpt":{"rendered":"<p>\u00bfSer\u00e1s capaz de someter a las criaturas ind\u00f3mitas y salvar a los esp\u00edritus y a tu t\u00edo a tiempo?<\/p>\n","protected":false},"author":17,"featured_media":89447,"comment_status":"open","ping_status":"closed","template":"","meta":{"_acf_changed":false,"inline_featured_image":false},"product_brand":[],"product_cat":[166],"product_tag":[288],"class_list":{"0":"post-134661","1":"product","2":"type-product","3":"status-publish","4":"has-post-thumbnail","6":"product_cat-hidden-object-es","7":"product_tag-play-on-pc-es","9":"first","10":"instock","11":"shipping-taxable","12":"purchasable","13":"product-type-simple"},"acf":[],"yoast_head":"<!-- This site is optimized with the Yoast SEO Premium plugin v25.2 (Yoast SEO v25.2) - https:\/\/yoast.com\/wordpress\/plugins\/seo\/ -->\n<title>Spirit Legends: The Aeon Heart - Salva a tu t\u00edo, los Esp\u00edritus - domestica monstruos salvajes a tiempo<\/title>\n<meta name=\"description\" content=\"\u00bfSer\u00e1s capaz de someter a las criaturas ind\u00f3mitas y salvar a los esp\u00edritus y a tu t\u00edo a tiempo?\" \/>\n<meta name=\"robots\" content=\"index, follow, max-snippet:-1, max-image-preview:large, max-video-preview:-1\" \/>\n<link rel=\"canonical\" href=\"https:\/\/www.iplay.com\/es\/games\/spirit-legends-the-aeon-heart\/\" \/>\n<meta property=\"og:locale\" content=\"es_ES\" \/>\n<meta property=\"og:type\" content=\"article\" \/>\n<meta property=\"og:title\" content=\"Spirit Legends: The Aeon Heart\" \/>\n<meta property=\"og:description\" content=\"\u00bfSer\u00e1s capaz de someter a las criaturas ind\u00f3mitas y salvar a los esp\u00edritus y a tu t\u00edo a tiempo?\" \/>\n<meta property=\"og:url\" content=\"https:\/\/www.iplay.com\/es\/games\/spirit-legends-the-aeon-heart\/\" \/>\n<meta property=\"og:site_name\" content=\"IPlay\" \/>\n<meta property=\"og:image\" content=\"https:\/\/www.iplay.com\/wp-content\/uploads\/2023\/12\/large_square_tile_image-3102.jpg\" \/>\n\t<meta property=\"og:image:width\" content=\"310\" \/>\n\t<meta property=\"og:image:height\" content=\"310\" \/>\n\t<meta property=\"og:image:type\" content=\"image\/jpeg\" \/>\n<meta name=\"twitter:card\" content=\"summary_large_image\" \/>\n<meta name=\"twitter:label1\" content=\"Est. reading time\" \/>\n\t<meta name=\"twitter:data1\" content=\"1 minuto\" \/>\n<script type=\"application\/ld+json\" class=\"yoast-schema-graph\">{\"@context\":\"https:\/\/schema.org\",\"@graph\":[{\"@type\":\"WebPage\",\"@id\":\"https:\/\/www.iplay.com\/es\/games\/spirit-legends-the-aeon-heart\/\",\"url\":\"https:\/\/www.iplay.com\/es\/games\/spirit-legends-the-aeon-heart\/\",\"name\":\"Spirit Legends: The Aeon Heart - Salva a tu t\u00edo, los Esp\u00edritus - domestica monstruos salvajes a tiempo\",\"isPartOf\":{\"@id\":\"https:\/\/www.iplay.com\/en\/#website\"},\"primaryImageOfPage\":{\"@id\":\"https:\/\/www.iplay.com\/es\/games\/spirit-legends-the-aeon-heart\/#primaryimage\"},\"image\":{\"@id\":\"https:\/\/www.iplay.com\/es\/games\/spirit-legends-the-aeon-heart\/#primaryimage\"},\"thumbnailUrl\":\"https:\/\/www.iplay.com\/wp-content\/uploads\/2023\/12\/large_square_tile_image-3102.jpg\",\"datePublished\":\"2021-11-29T00:00:00+00:00\",\"description\":\"\u00bfSer\u00e1s capaz de someter a las criaturas ind\u00f3mitas y salvar a los esp\u00edritus y a tu t\u00edo a tiempo?\",\"breadcrumb\":{\"@id\":\"https:\/\/www.iplay.com\/es\/games\/spirit-legends-the-aeon-heart\/#breadcrumb\"},\"inLanguage\":\"es\",\"potentialAction\":[{\"@type\":\"ReadAction\",\"target\":[\"https:\/\/www.iplay.com\/es\/games\/spirit-legends-the-aeon-heart\/\"]}]},{\"@type\":\"ImageObject\",\"inLanguage\":\"es\",\"@id\":\"https:\/\/www.iplay.com\/es\/games\/spirit-legends-the-aeon-heart\/#primaryimage\",\"url\":\"https:\/\/www.iplay.com\/wp-content\/uploads\/2023\/12\/large_square_tile_image-3102.jpg\",\"contentUrl\":\"https:\/\/www.iplay.com\/wp-content\/uploads\/2023\/12\/large_square_tile_image-3102.jpg\",\"width\":310,\"height\":310},{\"@type\":\"BreadcrumbList\",\"@id\":\"https:\/\/www.iplay.com\/es\/games\/spirit-legends-the-aeon-heart\/#breadcrumb\",\"itemListElement\":[{\"@type\":\"ListItem\",\"position\":1,\"name\":\"Home\",\"item\":\"https:\/\/www.iplay.com\/es\/home-page-2\/\"},{\"@type\":\"ListItem\",\"position\":2,\"name\":\"Shop\",\"item\":\"https:\/\/www.iplay.com\/en\/shop\/\"},{\"@type\":\"ListItem\",\"position\":3,\"name\":\"Spirit Legends: The Aeon Heart\"}]},{\"@type\":\"WebSite\",\"@id\":\"https:\/\/www.iplay.com\/en\/#website\",\"url\":\"https:\/\/www.iplay.com\/en\/\",\"name\":\"IPlay\",\"description\":\"The Best Casual Games!\",\"publisher\":{\"@id\":\"https:\/\/www.iplay.com\/en\/#organization\"},\"potentialAction\":[{\"@type\":\"SearchAction\",\"target\":{\"@type\":\"EntryPoint\",\"urlTemplate\":\"https:\/\/www.iplay.com\/en\/?s={search_term_string}\"},\"query-input\":{\"@type\":\"PropertyValueSpecification\",\"valueRequired\":true,\"valueName\":\"search_term_string\"}}],\"inLanguage\":\"es\"},{\"@type\":\"Organization\",\"@id\":\"https:\/\/www.iplay.com\/en\/#organization\",\"name\":\"IPlay\",\"url\":\"https:\/\/www.iplay.com\/en\/\",\"logo\":{\"@type\":\"ImageObject\",\"inLanguage\":\"es\",\"@id\":\"https:\/\/www.iplay.com\/en\/#\/schema\/logo\/image\/\",\"url\":\"https:\/\/www.iplay.com\/wp-content\/uploads\/2023\/11\/Group-6100.svg\",\"contentUrl\":\"https:\/\/www.iplay.com\/wp-content\/uploads\/2023\/11\/Group-6100.svg\",\"width\":98,\"height\":25,\"caption\":\"IPlay\"},\"image\":{\"@id\":\"https:\/\/www.iplay.com\/en\/#\/schema\/logo\/image\/\"}}]}<\/script>\n<!-- \/ Yoast SEO Premium plugin. -->","yoast_head_json":{"title":"Spirit Legends: The Aeon Heart - Salva a tu t\u00edo, los Esp\u00edritus - domestica monstruos salvajes a tiempo","description":"\u00bfSer\u00e1s capaz de someter a las criaturas ind\u00f3mitas y salvar a los esp\u00edritus y a tu t\u00edo a tiempo?","robots":{"index":"index","follow":"follow","max-snippet":"max-snippet:-1","max-image-preview":"max-image-preview:large","max-video-preview":"max-video-preview:-1"},"canonical":"https:\/\/www.iplay.com\/es\/games\/spirit-legends-the-aeon-heart\/","og_locale":"es_ES","og_type":"article","og_title":"Spirit Legends: The Aeon Heart","og_description":"\u00bfSer\u00e1s capaz de someter a las criaturas ind\u00f3mitas y salvar a los esp\u00edritus y a tu t\u00edo a tiempo?","og_url":"https:\/\/www.iplay.com\/es\/games\/spirit-legends-the-aeon-heart\/","og_site_name":"IPlay","og_image":[{"width":310,"height":310,"url":"https:\/\/www.iplay.com\/wp-content\/uploads\/2023\/12\/large_square_tile_image-3102.jpg","type":"image\/jpeg"}],"twitter_card":"summary_large_image","twitter_misc":{"Est. reading time":"1 minuto"},"schema":{"@context":"https:\/\/schema.org","@graph":[{"@type":"WebPage","@id":"https:\/\/www.iplay.com\/es\/games\/spirit-legends-the-aeon-heart\/","url":"https:\/\/www.iplay.com\/es\/games\/spirit-legends-the-aeon-heart\/","name":"Spirit Legends: The Aeon Heart - Salva a tu t\u00edo, los Esp\u00edritus - domestica monstruos salvajes a tiempo","isPartOf":{"@id":"https:\/\/www.iplay.com\/en\/#website"},"primaryImageOfPage":{"@id":"https:\/\/www.iplay.com\/es\/games\/spirit-legends-the-aeon-heart\/#primaryimage"},"image":{"@id":"https:\/\/www.iplay.com\/es\/games\/spirit-legends-the-aeon-heart\/#primaryimage"},"thumbnailUrl":"https:\/\/www.iplay.com\/wp-content\/uploads\/2023\/12\/large_square_tile_image-3102.jpg","datePublished":"2021-11-29T00:00:00+00:00","description":"\u00bfSer\u00e1s capaz de someter a las criaturas ind\u00f3mitas y salvar a los esp\u00edritus y a tu t\u00edo a tiempo?","breadcrumb":{"@id":"https:\/\/www.iplay.com\/es\/games\/spirit-legends-the-aeon-heart\/#breadcrumb"},"inLanguage":"es","potentialAction":[{"@type":"ReadAction","target":["https:\/\/www.iplay.com\/es\/games\/spirit-legends-the-aeon-heart\/"]}]},{"@type":"ImageObject","inLanguage":"es","@id":"https:\/\/www.iplay.com\/es\/games\/spirit-legends-the-aeon-heart\/#primaryimage","url":"https:\/\/www.iplay.com\/wp-content\/uploads\/2023\/12\/large_square_tile_image-3102.jpg","contentUrl":"https:\/\/www.iplay.com\/wp-content\/uploads\/2023\/12\/large_square_tile_image-3102.jpg","width":310,"height":310},{"@type":"BreadcrumbList","@id":"https:\/\/www.iplay.com\/es\/games\/spirit-legends-the-aeon-heart\/#breadcrumb","itemListElement":[{"@type":"ListItem","position":1,"name":"Home","item":"https:\/\/www.iplay.com\/es\/home-page-2\/"},{"@type":"ListItem","position":2,"name":"Shop","item":"https:\/\/www.iplay.com\/en\/shop\/"},{"@type":"ListItem","position":3,"name":"Spirit Legends: The Aeon Heart"}]},{"@type":"WebSite","@id":"https:\/\/www.iplay.com\/en\/#website","url":"https:\/\/www.iplay.com\/en\/","name":"IPlay","description":"The Best Casual Games!","publisher":{"@id":"https:\/\/www.iplay.com\/en\/#organization"},"potentialAction":[{"@type":"SearchAction","target":{"@type":"EntryPoint","urlTemplate":"https:\/\/www.iplay.com\/en\/?s={search_term_string}"},"query-input":{"@type":"PropertyValueSpecification","valueRequired":true,"valueName":"search_term_string"}}],"inLanguage":"es"},{"@type":"Organization","@id":"https:\/\/www.iplay.com\/en\/#organization","name":"IPlay","url":"https:\/\/www.iplay.com\/en\/","logo":{"@type":"ImageObject","inLanguage":"es","@id":"https:\/\/www.iplay.com\/en\/#\/schema\/logo\/image\/","url":"https:\/\/www.iplay.com\/wp-content\/uploads\/2023\/11\/Group-6100.svg","contentUrl":"https:\/\/www.iplay.com\/wp-content\/uploads\/2023\/11\/Group-6100.svg","width":98,"height":25,"caption":"IPlay"},"image":{"@id":"https:\/\/www.iplay.com\/en\/#\/schema\/logo\/image\/"}}]}},"_links":{"self":[{"href":"https:\/\/www.iplay.com\/es\/wp-json\/wp\/v2\/product\/134661","targetHints":{"allow":["GET"]}}],"collection":[{"href":"https:\/\/www.iplay.com\/es\/wp-json\/wp\/v2\/product"}],"about":[{"href":"https:\/\/www.iplay.com\/es\/wp-json\/wp\/v2\/types\/product"}],"author":[{"embeddable":true,"href":"https:\/\/www.iplay.com\/es\/wp-json\/wp\/v2\/users\/17"}],"replies":[{"embeddable":true,"href":"https:\/\/www.iplay.com\/es\/wp-json\/wp\/v2\/comments?post=134661"}],"wp:featuredmedia":[{"embeddable":true,"href":"https:\/\/www.iplay.com\/es\/wp-json\/wp\/v2\/media\/89447"}],"wp:attachment":[{"href":"https:\/\/www.iplay.com\/es\/wp-json\/wp\/v2\/media?parent=134661"}],"wp:term":[{"taxonomy":"product_brand","embeddable":true,"href":"https:\/\/www.iplay.com\/es\/wp-json\/wp\/v2\/product_brand?post=134661"},{"taxonomy":"product_cat","embeddable":true,"href":"https:\/\/www.iplay.com\/es\/wp-json\/wp\/v2\/product_cat?post=134661"},{"taxonomy":"product_tag","embeddable":true,"href":"https:\/\/www.iplay.com\/es\/wp-json\/wp\/v2\/product_tag?post=134661"}],"curies":[{"name":"wp","href":"https:\/\/api.w.org\/{rel}","templated":true}]}}