{"id":134658,"date":"2021-12-11T00:00:00","date_gmt":"2021-12-11T00:00:00","guid":{"rendered":"https:\/\/www.iplay.com\/games\/haunted-hotel-a-past-redeemed-ce\/"},"modified":"2021-12-11T00:00:00","modified_gmt":"2021-12-11T00:00:00","slug":"haunted-hotel-a-past-redeemed-ce","status":"publish","type":"product","link":"https:\/\/www.iplay.com\/es\/games\/haunted-hotel-a-past-redeemed-ce\/","title":{"rendered":"Haunted Hotel: A Past Redeemed CE"},"content":{"rendered":"<p>\u00a1El 20\u00ba y \u00faltimo episodio de la aterradora serie Haunted Hotel! \u00a1Ya casi es hora de casarse! Despu\u00e9s de casi escapar en su \u00faltimo caso con su amada, hoy finalmente es el d\u00eda de su boda. \u00a1Tu entusiasmo y determinaci\u00f3n se ponen a prueba r\u00e1pidamente cuando tu primo desaparece y los fantasmas comienzan a apoderarse de tu ubicaci\u00f3n! Antes de que sea demasiado tarde, \u00bfser\u00e1s capaz de derrotar a un viejo enemigo y cambiar el curso de la historia? \u00a1Lo descubrir\u00e1s en esta emocionante aventura de rompecabezas de objetos ocultos!     <\/p>\n<p>&nbsp;<\/p>\n<p>&nbsp;<\/p>\n<p><strong>Funciones:<\/strong><\/p>\n<p>&nbsp;<\/p>\n<p>&#8211; \u00a1En el juego de bonificaci\u00f3n, embrujado adquiere un significado completamente nuevo cuando sucede algo inesperado!<\/p>\n<p>&#8211; \u00a1Vuelve a jugar tus minijuegos y SALTOS favoritos para desbloquear logros!<\/p>\n<p>&#8211; \u00a1Descubre un mont\u00f3n de elementos de imagen secretos, fotos que cambian y la habitaci\u00f3n secreta!<\/p>\n<p>&#8211; \u00a1Banda sonora y fondos \u00fanicos!<\/p>\n<p>&#8211; \u00a1Evita perderte usando la gu\u00eda de estrategia!<\/p>\n","protected":false},"excerpt":{"rendered":"<p>\u00bfPuedes descifrar el c\u00f3digo y salvar tu matrimonio? IN Haunted Hotel: Un pasado redimido CE <\/p>\n","protected":false},"author":17,"featured_media":108645,"comment_status":"open","ping_status":"closed","template":"","meta":{"_acf_changed":false,"inline_featured_image":false},"product_brand":[],"product_cat":[166],"product_tag":[288],"class_list":{"0":"post-134658","1":"product","2":"type-product","3":"status-publish","4":"has-post-thumbnail","6":"product_cat-hidden-object-es","7":"product_tag-play-on-pc-es","9":"first","10":"instock","11":"shipping-taxable","12":"purchasable","13":"product-type-simple"},"acf":[],"yoast_head":"<!-- This site is optimized with the Yoast SEO Premium plugin v25.2 (Yoast SEO v25.2) - https:\/\/yoast.com\/wordpress\/plugins\/seo\/ -->\n<title>Haunted Hotel: A Past Reredeem CE - Resuelve un misterio a tiempo para salvar tus nupcias<\/title>\n<meta name=\"description\" content=\"\u00bfPuedes descifrar el c\u00f3digo y salvar tu matrimonio? IN Haunted Hotel: Un pasado redimido CE\" \/>\n<meta name=\"robots\" content=\"index, follow, max-snippet:-1, max-image-preview:large, max-video-preview:-1\" \/>\n<link rel=\"canonical\" href=\"https:\/\/www.iplay.com\/es\/games\/haunted-hotel-a-past-redeemed-ce\/\" \/>\n<meta property=\"og:locale\" content=\"es_ES\" \/>\n<meta property=\"og:type\" content=\"article\" \/>\n<meta property=\"og:title\" content=\"Haunted Hotel: A Past Redeemed CE\" \/>\n<meta property=\"og:description\" content=\"\u00bfPuedes descifrar el c\u00f3digo y salvar tu matrimonio? IN Haunted Hotel: Un pasado redimido CE\" \/>\n<meta property=\"og:url\" content=\"https:\/\/www.iplay.com\/es\/games\/haunted-hotel-a-past-redeemed-ce\/\" \/>\n<meta property=\"og:site_name\" content=\"IPlay\" \/>\n<meta property=\"og:image\" content=\"https:\/\/www.iplay.com\/wp-content\/uploads\/2023\/12\/large_square_tile_image-4311.jpg\" \/>\n\t<meta property=\"og:image:width\" content=\"310\" \/>\n\t<meta property=\"og:image:height\" content=\"310\" \/>\n\t<meta property=\"og:image:type\" content=\"image\/jpeg\" \/>\n<meta name=\"twitter:card\" content=\"summary_large_image\" \/>\n<meta name=\"twitter:label1\" content=\"Est. reading time\" \/>\n\t<meta name=\"twitter:data1\" content=\"1 minuto\" \/>\n<script type=\"application\/ld+json\" class=\"yoast-schema-graph\">{\"@context\":\"https:\/\/schema.org\",\"@graph\":[{\"@type\":\"WebPage\",\"@id\":\"https:\/\/www.iplay.com\/es\/games\/haunted-hotel-a-past-redeemed-ce\/\",\"url\":\"https:\/\/www.iplay.com\/es\/games\/haunted-hotel-a-past-redeemed-ce\/\",\"name\":\"Haunted Hotel: A Past Reredeem CE - Resuelve un misterio a tiempo para salvar tus nupcias\",\"isPartOf\":{\"@id\":\"https:\/\/www.iplay.com\/en\/#website\"},\"primaryImageOfPage\":{\"@id\":\"https:\/\/www.iplay.com\/es\/games\/haunted-hotel-a-past-redeemed-ce\/#primaryimage\"},\"image\":{\"@id\":\"https:\/\/www.iplay.com\/es\/games\/haunted-hotel-a-past-redeemed-ce\/#primaryimage\"},\"thumbnailUrl\":\"https:\/\/www.iplay.com\/wp-content\/uploads\/2023\/12\/large_square_tile_image-4311.jpg\",\"datePublished\":\"2021-12-11T00:00:00+00:00\",\"description\":\"\u00bfPuedes descifrar el c\u00f3digo y salvar tu matrimonio? IN Haunted Hotel: Un pasado redimido CE\",\"breadcrumb\":{\"@id\":\"https:\/\/www.iplay.com\/es\/games\/haunted-hotel-a-past-redeemed-ce\/#breadcrumb\"},\"inLanguage\":\"es\",\"potentialAction\":[{\"@type\":\"ReadAction\",\"target\":[\"https:\/\/www.iplay.com\/es\/games\/haunted-hotel-a-past-redeemed-ce\/\"]}]},{\"@type\":\"ImageObject\",\"inLanguage\":\"es\",\"@id\":\"https:\/\/www.iplay.com\/es\/games\/haunted-hotel-a-past-redeemed-ce\/#primaryimage\",\"url\":\"https:\/\/www.iplay.com\/wp-content\/uploads\/2023\/12\/large_square_tile_image-4311.jpg\",\"contentUrl\":\"https:\/\/www.iplay.com\/wp-content\/uploads\/2023\/12\/large_square_tile_image-4311.jpg\",\"width\":310,\"height\":310},{\"@type\":\"BreadcrumbList\",\"@id\":\"https:\/\/www.iplay.com\/es\/games\/haunted-hotel-a-past-redeemed-ce\/#breadcrumb\",\"itemListElement\":[{\"@type\":\"ListItem\",\"position\":1,\"name\":\"Home\",\"item\":\"https:\/\/www.iplay.com\/es\/home-page-2\/\"},{\"@type\":\"ListItem\",\"position\":2,\"name\":\"Shop\",\"item\":\"https:\/\/www.iplay.com\/en\/shop\/\"},{\"@type\":\"ListItem\",\"position\":3,\"name\":\"Haunted Hotel: A Past Redeemed CE\"}]},{\"@type\":\"WebSite\",\"@id\":\"https:\/\/www.iplay.com\/en\/#website\",\"url\":\"https:\/\/www.iplay.com\/en\/\",\"name\":\"IPlay\",\"description\":\"The Best Casual Games!\",\"publisher\":{\"@id\":\"https:\/\/www.iplay.com\/en\/#organization\"},\"potentialAction\":[{\"@type\":\"SearchAction\",\"target\":{\"@type\":\"EntryPoint\",\"urlTemplate\":\"https:\/\/www.iplay.com\/en\/?s={search_term_string}\"},\"query-input\":{\"@type\":\"PropertyValueSpecification\",\"valueRequired\":true,\"valueName\":\"search_term_string\"}}],\"inLanguage\":\"es\"},{\"@type\":\"Organization\",\"@id\":\"https:\/\/www.iplay.com\/en\/#organization\",\"name\":\"IPlay\",\"url\":\"https:\/\/www.iplay.com\/en\/\",\"logo\":{\"@type\":\"ImageObject\",\"inLanguage\":\"es\",\"@id\":\"https:\/\/www.iplay.com\/en\/#\/schema\/logo\/image\/\",\"url\":\"https:\/\/www.iplay.com\/wp-content\/uploads\/2023\/11\/Group-6100.svg\",\"contentUrl\":\"https:\/\/www.iplay.com\/wp-content\/uploads\/2023\/11\/Group-6100.svg\",\"width\":98,\"height\":25,\"caption\":\"IPlay\"},\"image\":{\"@id\":\"https:\/\/www.iplay.com\/en\/#\/schema\/logo\/image\/\"}}]}<\/script>\n<!-- \/ Yoast SEO Premium plugin. -->","yoast_head_json":{"title":"Haunted Hotel: A Past Reredeem CE - Resuelve un misterio a tiempo para salvar tus nupcias","description":"\u00bfPuedes descifrar el c\u00f3digo y salvar tu matrimonio? IN Haunted Hotel: Un pasado redimido CE","robots":{"index":"index","follow":"follow","max-snippet":"max-snippet:-1","max-image-preview":"max-image-preview:large","max-video-preview":"max-video-preview:-1"},"canonical":"https:\/\/www.iplay.com\/es\/games\/haunted-hotel-a-past-redeemed-ce\/","og_locale":"es_ES","og_type":"article","og_title":"Haunted Hotel: A Past Redeemed CE","og_description":"\u00bfPuedes descifrar el c\u00f3digo y salvar tu matrimonio? IN Haunted Hotel: Un pasado redimido CE","og_url":"https:\/\/www.iplay.com\/es\/games\/haunted-hotel-a-past-redeemed-ce\/","og_site_name":"IPlay","og_image":[{"width":310,"height":310,"url":"https:\/\/www.iplay.com\/wp-content\/uploads\/2023\/12\/large_square_tile_image-4311.jpg","type":"image\/jpeg"}],"twitter_card":"summary_large_image","twitter_misc":{"Est. reading time":"1 minuto"},"schema":{"@context":"https:\/\/schema.org","@graph":[{"@type":"WebPage","@id":"https:\/\/www.iplay.com\/es\/games\/haunted-hotel-a-past-redeemed-ce\/","url":"https:\/\/www.iplay.com\/es\/games\/haunted-hotel-a-past-redeemed-ce\/","name":"Haunted Hotel: A Past Reredeem CE - Resuelve un misterio a tiempo para salvar tus nupcias","isPartOf":{"@id":"https:\/\/www.iplay.com\/en\/#website"},"primaryImageOfPage":{"@id":"https:\/\/www.iplay.com\/es\/games\/haunted-hotel-a-past-redeemed-ce\/#primaryimage"},"image":{"@id":"https:\/\/www.iplay.com\/es\/games\/haunted-hotel-a-past-redeemed-ce\/#primaryimage"},"thumbnailUrl":"https:\/\/www.iplay.com\/wp-content\/uploads\/2023\/12\/large_square_tile_image-4311.jpg","datePublished":"2021-12-11T00:00:00+00:00","description":"\u00bfPuedes descifrar el c\u00f3digo y salvar tu matrimonio? IN Haunted Hotel: Un pasado redimido CE","breadcrumb":{"@id":"https:\/\/www.iplay.com\/es\/games\/haunted-hotel-a-past-redeemed-ce\/#breadcrumb"},"inLanguage":"es","potentialAction":[{"@type":"ReadAction","target":["https:\/\/www.iplay.com\/es\/games\/haunted-hotel-a-past-redeemed-ce\/"]}]},{"@type":"ImageObject","inLanguage":"es","@id":"https:\/\/www.iplay.com\/es\/games\/haunted-hotel-a-past-redeemed-ce\/#primaryimage","url":"https:\/\/www.iplay.com\/wp-content\/uploads\/2023\/12\/large_square_tile_image-4311.jpg","contentUrl":"https:\/\/www.iplay.com\/wp-content\/uploads\/2023\/12\/large_square_tile_image-4311.jpg","width":310,"height":310},{"@type":"BreadcrumbList","@id":"https:\/\/www.iplay.com\/es\/games\/haunted-hotel-a-past-redeemed-ce\/#breadcrumb","itemListElement":[{"@type":"ListItem","position":1,"name":"Home","item":"https:\/\/www.iplay.com\/es\/home-page-2\/"},{"@type":"ListItem","position":2,"name":"Shop","item":"https:\/\/www.iplay.com\/en\/shop\/"},{"@type":"ListItem","position":3,"name":"Haunted Hotel: A Past Redeemed CE"}]},{"@type":"WebSite","@id":"https:\/\/www.iplay.com\/en\/#website","url":"https:\/\/www.iplay.com\/en\/","name":"IPlay","description":"The Best Casual Games!","publisher":{"@id":"https:\/\/www.iplay.com\/en\/#organization"},"potentialAction":[{"@type":"SearchAction","target":{"@type":"EntryPoint","urlTemplate":"https:\/\/www.iplay.com\/en\/?s={search_term_string}"},"query-input":{"@type":"PropertyValueSpecification","valueRequired":true,"valueName":"search_term_string"}}],"inLanguage":"es"},{"@type":"Organization","@id":"https:\/\/www.iplay.com\/en\/#organization","name":"IPlay","url":"https:\/\/www.iplay.com\/en\/","logo":{"@type":"ImageObject","inLanguage":"es","@id":"https:\/\/www.iplay.com\/en\/#\/schema\/logo\/image\/","url":"https:\/\/www.iplay.com\/wp-content\/uploads\/2023\/11\/Group-6100.svg","contentUrl":"https:\/\/www.iplay.com\/wp-content\/uploads\/2023\/11\/Group-6100.svg","width":98,"height":25,"caption":"IPlay"},"image":{"@id":"https:\/\/www.iplay.com\/en\/#\/schema\/logo\/image\/"}}]}},"_links":{"self":[{"href":"https:\/\/www.iplay.com\/es\/wp-json\/wp\/v2\/product\/134658","targetHints":{"allow":["GET"]}}],"collection":[{"href":"https:\/\/www.iplay.com\/es\/wp-json\/wp\/v2\/product"}],"about":[{"href":"https:\/\/www.iplay.com\/es\/wp-json\/wp\/v2\/types\/product"}],"author":[{"embeddable":true,"href":"https:\/\/www.iplay.com\/es\/wp-json\/wp\/v2\/users\/17"}],"replies":[{"embeddable":true,"href":"https:\/\/www.iplay.com\/es\/wp-json\/wp\/v2\/comments?post=134658"}],"wp:featuredmedia":[{"embeddable":true,"href":"https:\/\/www.iplay.com\/es\/wp-json\/wp\/v2\/media\/108645"}],"wp:attachment":[{"href":"https:\/\/www.iplay.com\/es\/wp-json\/wp\/v2\/media?parent=134658"}],"wp:term":[{"taxonomy":"product_brand","embeddable":true,"href":"https:\/\/www.iplay.com\/es\/wp-json\/wp\/v2\/product_brand?post=134658"},{"taxonomy":"product_cat","embeddable":true,"href":"https:\/\/www.iplay.com\/es\/wp-json\/wp\/v2\/product_cat?post=134658"},{"taxonomy":"product_tag","embeddable":true,"href":"https:\/\/www.iplay.com\/es\/wp-json\/wp\/v2\/product_tag?post=134658"}],"curies":[{"name":"wp","href":"https:\/\/api.w.org\/{rel}","templated":true}]}}