{"id":134634,"date":"2021-12-25T00:00:00","date_gmt":"2021-12-25T00:00:00","guid":{"rendered":"https:\/\/www.iplay.com\/games\/bridge-to-another-world-secrets-of-the-nutcracker-ce\/"},"modified":"2021-12-25T00:00:00","modified_gmt":"2021-12-25T00:00:00","slug":"bridge-to-another-world-secrets-of-the-nutcracker-ce","status":"publish","type":"product","link":"https:\/\/www.iplay.com\/es\/games\/bridge-to-another-world-secrets-of-the-nutcracker-ce\/","title":{"rendered":"Bridge to Another World: Secrets of the Nutcracker CE"},"content":{"rendered":"<p>\u00a1Saborea una nueva y emocionante entrega de la serie Bridge to Another World! Por primera vez desde que era una ni\u00f1a, Marie regresa al taller de juguetes de Drosselmeyer, solo para descubrir que Fritz, su amigo de la infancia, ha desaparecido. Eventualmente, las pistas la llevan a Spielland, la casa de juegos imaginaria de su infancia. Pero, \u00bfera Spielland solo un lugar ficticio, o era algo m\u00e1s? \u00bfPuedes ayudar a Marie a navegar por un mundo m\u00edstico de ratones enojados y juguetes vivientes para salvar a su mejor amigo Fritz, su padrino Drosselmeyer y descubrir el secreto del Cascanueces? \u00a1Abre esta nueva e intrigante aventura de rompecabezas de objetos ocultos para descubrirlo!     <\/p>\n<p>&nbsp;<\/p>\n<p>&nbsp;<\/p>\n<p><strong>Funciones:<\/strong><\/p>\n<p>&#8211; \u00a1Salva al Crackatook deteniendo a Geppetto y Pinocho!<br \/>\n&#8211; \u00a1Juega minijuegos, pel\u00edculas y HOPs una y otra vez para completar tus colecciones y ganar logros! \u00a1Descarga bandas sonoras, fondos de pantalla y obras de arte originales!<br \/>\n&#8211; \u00a1Obt\u00e9n m\u00e1s juego para obtener misiones cada vez m\u00e1s dif\u00edciles!<br \/>\n-\u00a1Evite navegar por Spielland sin consultar la indispensable Gu\u00eda de Estrategia!<\/p>\n","protected":false},"excerpt":{"rendered":"<p>El mundo de los juguetes necesita urgentemente ayuda, \u00a1y solo t\u00fa puedes proporcion\u00e1rsela!<\/p>\n","protected":false},"author":17,"featured_media":104693,"comment_status":"open","ping_status":"closed","template":"","meta":{"_acf_changed":false,"inline_featured_image":false},"product_brand":[],"product_cat":[166],"product_tag":[288],"class_list":{"0":"post-134634","1":"product","2":"type-product","3":"status-publish","4":"has-post-thumbnail","6":"product_cat-hidden-object-es","7":"product_tag-play-on-pc-es","9":"first","10":"instock","11":"shipping-taxable","12":"purchasable","13":"product-type-simple"},"acf":[],"yoast_head":"<!-- This site is optimized with the Yoast SEO Premium plugin v25.2 (Yoast SEO v25.2) - https:\/\/yoast.com\/wordpress\/plugins\/seo\/ -->\n<title>Bridge to Another World: Secrets of the Nutcracker CE - Algo anda mal en el mundo de los juguetes, solo t\u00fa puedes ayudar<\/title>\n<meta name=\"description\" content=\"El mundo de los juguetes necesita urgentemente ayuda, \u00a1y solo t\u00fa puedes proporcion\u00e1rsela!\" \/>\n<meta name=\"robots\" content=\"index, follow, max-snippet:-1, max-image-preview:large, max-video-preview:-1\" \/>\n<link rel=\"canonical\" href=\"https:\/\/www.iplay.com\/es\/games\/bridge-to-another-world-secrets-of-the-nutcracker-ce\/\" \/>\n<meta property=\"og:locale\" content=\"es_ES\" \/>\n<meta property=\"og:type\" content=\"article\" \/>\n<meta property=\"og:title\" content=\"Bridge to Another World: Secrets of the Nutcracker CE\" \/>\n<meta property=\"og:description\" content=\"El mundo de los juguetes necesita urgentemente ayuda, \u00a1y solo t\u00fa puedes proporcion\u00e1rsela!\" \/>\n<meta property=\"og:url\" content=\"https:\/\/www.iplay.com\/es\/games\/bridge-to-another-world-secrets-of-the-nutcracker-ce\/\" \/>\n<meta property=\"og:site_name\" content=\"IPlay\" \/>\n<meta property=\"og:image\" content=\"https:\/\/www.iplay.com\/wp-content\/uploads\/2023\/12\/large_square_tile_image-4059.jpg\" \/>\n\t<meta property=\"og:image:width\" content=\"310\" \/>\n\t<meta property=\"og:image:height\" content=\"310\" \/>\n\t<meta property=\"og:image:type\" content=\"image\/jpeg\" \/>\n<meta name=\"twitter:card\" content=\"summary_large_image\" \/>\n<meta name=\"twitter:label1\" content=\"Est. reading time\" \/>\n\t<meta name=\"twitter:data1\" content=\"1 minuto\" \/>\n<script type=\"application\/ld+json\" class=\"yoast-schema-graph\">{\"@context\":\"https:\/\/schema.org\",\"@graph\":[{\"@type\":\"WebPage\",\"@id\":\"https:\/\/www.iplay.com\/es\/games\/bridge-to-another-world-secrets-of-the-nutcracker-ce\/\",\"url\":\"https:\/\/www.iplay.com\/es\/games\/bridge-to-another-world-secrets-of-the-nutcracker-ce\/\",\"name\":\"Bridge to Another World: Secrets of the Nutcracker CE - Algo anda mal en el mundo de los juguetes, solo t\u00fa puedes ayudar\",\"isPartOf\":{\"@id\":\"https:\/\/www.iplay.com\/en\/#website\"},\"primaryImageOfPage\":{\"@id\":\"https:\/\/www.iplay.com\/es\/games\/bridge-to-another-world-secrets-of-the-nutcracker-ce\/#primaryimage\"},\"image\":{\"@id\":\"https:\/\/www.iplay.com\/es\/games\/bridge-to-another-world-secrets-of-the-nutcracker-ce\/#primaryimage\"},\"thumbnailUrl\":\"https:\/\/www.iplay.com\/wp-content\/uploads\/2023\/12\/large_square_tile_image-4059.jpg\",\"datePublished\":\"2021-12-25T00:00:00+00:00\",\"description\":\"El mundo de los juguetes necesita urgentemente ayuda, \u00a1y solo t\u00fa puedes proporcion\u00e1rsela!\",\"breadcrumb\":{\"@id\":\"https:\/\/www.iplay.com\/es\/games\/bridge-to-another-world-secrets-of-the-nutcracker-ce\/#breadcrumb\"},\"inLanguage\":\"es\",\"potentialAction\":[{\"@type\":\"ReadAction\",\"target\":[\"https:\/\/www.iplay.com\/es\/games\/bridge-to-another-world-secrets-of-the-nutcracker-ce\/\"]}]},{\"@type\":\"ImageObject\",\"inLanguage\":\"es\",\"@id\":\"https:\/\/www.iplay.com\/es\/games\/bridge-to-another-world-secrets-of-the-nutcracker-ce\/#primaryimage\",\"url\":\"https:\/\/www.iplay.com\/wp-content\/uploads\/2023\/12\/large_square_tile_image-4059.jpg\",\"contentUrl\":\"https:\/\/www.iplay.com\/wp-content\/uploads\/2023\/12\/large_square_tile_image-4059.jpg\",\"width\":310,\"height\":310},{\"@type\":\"BreadcrumbList\",\"@id\":\"https:\/\/www.iplay.com\/es\/games\/bridge-to-another-world-secrets-of-the-nutcracker-ce\/#breadcrumb\",\"itemListElement\":[{\"@type\":\"ListItem\",\"position\":1,\"name\":\"Home\",\"item\":\"https:\/\/www.iplay.com\/es\/home-page-2\/\"},{\"@type\":\"ListItem\",\"position\":2,\"name\":\"Shop\",\"item\":\"https:\/\/www.iplay.com\/en\/shop\/\"},{\"@type\":\"ListItem\",\"position\":3,\"name\":\"Bridge to Another World: Secrets of the Nutcracker CE\"}]},{\"@type\":\"WebSite\",\"@id\":\"https:\/\/www.iplay.com\/en\/#website\",\"url\":\"https:\/\/www.iplay.com\/en\/\",\"name\":\"IPlay\",\"description\":\"The Best Casual Games!\",\"publisher\":{\"@id\":\"https:\/\/www.iplay.com\/en\/#organization\"},\"potentialAction\":[{\"@type\":\"SearchAction\",\"target\":{\"@type\":\"EntryPoint\",\"urlTemplate\":\"https:\/\/www.iplay.com\/en\/?s={search_term_string}\"},\"query-input\":{\"@type\":\"PropertyValueSpecification\",\"valueRequired\":true,\"valueName\":\"search_term_string\"}}],\"inLanguage\":\"es\"},{\"@type\":\"Organization\",\"@id\":\"https:\/\/www.iplay.com\/en\/#organization\",\"name\":\"IPlay\",\"url\":\"https:\/\/www.iplay.com\/en\/\",\"logo\":{\"@type\":\"ImageObject\",\"inLanguage\":\"es\",\"@id\":\"https:\/\/www.iplay.com\/en\/#\/schema\/logo\/image\/\",\"url\":\"https:\/\/www.iplay.com\/wp-content\/uploads\/2023\/11\/Group-6100.svg\",\"contentUrl\":\"https:\/\/www.iplay.com\/wp-content\/uploads\/2023\/11\/Group-6100.svg\",\"width\":98,\"height\":25,\"caption\":\"IPlay\"},\"image\":{\"@id\":\"https:\/\/www.iplay.com\/en\/#\/schema\/logo\/image\/\"}}]}<\/script>\n<!-- \/ Yoast SEO Premium plugin. -->","yoast_head_json":{"title":"Bridge to Another World: Secrets of the Nutcracker CE - Algo anda mal en el mundo de los juguetes, solo t\u00fa puedes ayudar","description":"El mundo de los juguetes necesita urgentemente ayuda, \u00a1y solo t\u00fa puedes proporcion\u00e1rsela!","robots":{"index":"index","follow":"follow","max-snippet":"max-snippet:-1","max-image-preview":"max-image-preview:large","max-video-preview":"max-video-preview:-1"},"canonical":"https:\/\/www.iplay.com\/es\/games\/bridge-to-another-world-secrets-of-the-nutcracker-ce\/","og_locale":"es_ES","og_type":"article","og_title":"Bridge to Another World: Secrets of the Nutcracker CE","og_description":"El mundo de los juguetes necesita urgentemente ayuda, \u00a1y solo t\u00fa puedes proporcion\u00e1rsela!","og_url":"https:\/\/www.iplay.com\/es\/games\/bridge-to-another-world-secrets-of-the-nutcracker-ce\/","og_site_name":"IPlay","og_image":[{"width":310,"height":310,"url":"https:\/\/www.iplay.com\/wp-content\/uploads\/2023\/12\/large_square_tile_image-4059.jpg","type":"image\/jpeg"}],"twitter_card":"summary_large_image","twitter_misc":{"Est. reading time":"1 minuto"},"schema":{"@context":"https:\/\/schema.org","@graph":[{"@type":"WebPage","@id":"https:\/\/www.iplay.com\/es\/games\/bridge-to-another-world-secrets-of-the-nutcracker-ce\/","url":"https:\/\/www.iplay.com\/es\/games\/bridge-to-another-world-secrets-of-the-nutcracker-ce\/","name":"Bridge to Another World: Secrets of the Nutcracker CE - Algo anda mal en el mundo de los juguetes, solo t\u00fa puedes ayudar","isPartOf":{"@id":"https:\/\/www.iplay.com\/en\/#website"},"primaryImageOfPage":{"@id":"https:\/\/www.iplay.com\/es\/games\/bridge-to-another-world-secrets-of-the-nutcracker-ce\/#primaryimage"},"image":{"@id":"https:\/\/www.iplay.com\/es\/games\/bridge-to-another-world-secrets-of-the-nutcracker-ce\/#primaryimage"},"thumbnailUrl":"https:\/\/www.iplay.com\/wp-content\/uploads\/2023\/12\/large_square_tile_image-4059.jpg","datePublished":"2021-12-25T00:00:00+00:00","description":"El mundo de los juguetes necesita urgentemente ayuda, \u00a1y solo t\u00fa puedes proporcion\u00e1rsela!","breadcrumb":{"@id":"https:\/\/www.iplay.com\/es\/games\/bridge-to-another-world-secrets-of-the-nutcracker-ce\/#breadcrumb"},"inLanguage":"es","potentialAction":[{"@type":"ReadAction","target":["https:\/\/www.iplay.com\/es\/games\/bridge-to-another-world-secrets-of-the-nutcracker-ce\/"]}]},{"@type":"ImageObject","inLanguage":"es","@id":"https:\/\/www.iplay.com\/es\/games\/bridge-to-another-world-secrets-of-the-nutcracker-ce\/#primaryimage","url":"https:\/\/www.iplay.com\/wp-content\/uploads\/2023\/12\/large_square_tile_image-4059.jpg","contentUrl":"https:\/\/www.iplay.com\/wp-content\/uploads\/2023\/12\/large_square_tile_image-4059.jpg","width":310,"height":310},{"@type":"BreadcrumbList","@id":"https:\/\/www.iplay.com\/es\/games\/bridge-to-another-world-secrets-of-the-nutcracker-ce\/#breadcrumb","itemListElement":[{"@type":"ListItem","position":1,"name":"Home","item":"https:\/\/www.iplay.com\/es\/home-page-2\/"},{"@type":"ListItem","position":2,"name":"Shop","item":"https:\/\/www.iplay.com\/en\/shop\/"},{"@type":"ListItem","position":3,"name":"Bridge to Another World: Secrets of the Nutcracker CE"}]},{"@type":"WebSite","@id":"https:\/\/www.iplay.com\/en\/#website","url":"https:\/\/www.iplay.com\/en\/","name":"IPlay","description":"The Best Casual Games!","publisher":{"@id":"https:\/\/www.iplay.com\/en\/#organization"},"potentialAction":[{"@type":"SearchAction","target":{"@type":"EntryPoint","urlTemplate":"https:\/\/www.iplay.com\/en\/?s={search_term_string}"},"query-input":{"@type":"PropertyValueSpecification","valueRequired":true,"valueName":"search_term_string"}}],"inLanguage":"es"},{"@type":"Organization","@id":"https:\/\/www.iplay.com\/en\/#organization","name":"IPlay","url":"https:\/\/www.iplay.com\/en\/","logo":{"@type":"ImageObject","inLanguage":"es","@id":"https:\/\/www.iplay.com\/en\/#\/schema\/logo\/image\/","url":"https:\/\/www.iplay.com\/wp-content\/uploads\/2023\/11\/Group-6100.svg","contentUrl":"https:\/\/www.iplay.com\/wp-content\/uploads\/2023\/11\/Group-6100.svg","width":98,"height":25,"caption":"IPlay"},"image":{"@id":"https:\/\/www.iplay.com\/en\/#\/schema\/logo\/image\/"}}]}},"_links":{"self":[{"href":"https:\/\/www.iplay.com\/es\/wp-json\/wp\/v2\/product\/134634","targetHints":{"allow":["GET"]}}],"collection":[{"href":"https:\/\/www.iplay.com\/es\/wp-json\/wp\/v2\/product"}],"about":[{"href":"https:\/\/www.iplay.com\/es\/wp-json\/wp\/v2\/types\/product"}],"author":[{"embeddable":true,"href":"https:\/\/www.iplay.com\/es\/wp-json\/wp\/v2\/users\/17"}],"replies":[{"embeddable":true,"href":"https:\/\/www.iplay.com\/es\/wp-json\/wp\/v2\/comments?post=134634"}],"wp:featuredmedia":[{"embeddable":true,"href":"https:\/\/www.iplay.com\/es\/wp-json\/wp\/v2\/media\/104693"}],"wp:attachment":[{"href":"https:\/\/www.iplay.com\/es\/wp-json\/wp\/v2\/media?parent=134634"}],"wp:term":[{"taxonomy":"product_brand","embeddable":true,"href":"https:\/\/www.iplay.com\/es\/wp-json\/wp\/v2\/product_brand?post=134634"},{"taxonomy":"product_cat","embeddable":true,"href":"https:\/\/www.iplay.com\/es\/wp-json\/wp\/v2\/product_cat?post=134634"},{"taxonomy":"product_tag","embeddable":true,"href":"https:\/\/www.iplay.com\/es\/wp-json\/wp\/v2\/product_tag?post=134634"}],"curies":[{"name":"wp","href":"https:\/\/api.w.org\/{rel}","templated":true}]}}