{"id":134605,"date":"2022-02-04T00:00:00","date_gmt":"2022-02-04T00:00:00","guid":{"rendered":"https:\/\/www.iplay.com\/games\/chimeras-what-wishes-may-come-collectors-edition\/"},"modified":"2022-02-04T00:00:00","modified_gmt":"2022-02-04T00:00:00","slug":"chimeras-what-wishes-may-come-collectors-edition","status":"publish","type":"product","link":"https:\/\/www.iplay.com\/es\/games\/chimeras-what-wishes-may-come-collectors-edition\/","title":{"rendered":"Chimeras: What Wishes May Come Collector&#8217;s Edition"},"content":{"rendered":"<p>Esta nueva historia de sufrimiento y enga\u00f1o se llama Chimeras: What Wishes May Come &#8211; Collector&#8217;s Edition. Derek Pierce cree que \u00e9l caus\u00f3 el accidente que dej\u00f3 inconsciente a su esposa. Aunque su sistema de apoyo ha sido \u00fatil, dar\u00eda cualquier cosa por ver a Christina sonriendo y despierta una vez m\u00e1s. Derek, sin embargo, va a recibir una lecci\u00f3n muy importante sobre la importancia de ver lo que deseas. Cuando una extra\u00f1a figura parecida a un genio se acerca a Derek fuera de la cl\u00ednica una noche con una rara oferta, ve la oportunidad de hacer las cosas bien, pero no piensa en lo que tendr\u00e1 que renunciar para hacer realidad su deseo. Ahora, antes de que la cosa llegue a cobrarse, Derek est\u00e1 en una carrera contra el tiempo para descubrir de d\u00f3nde vino y cu\u00e1les son sus verdaderos objetivos.     <\/p>\n<p>&nbsp;<\/p>\n<p>&nbsp;<\/p>\n<p><strong>Funciones:<\/strong><\/p>\n<p>&nbsp;<\/p>\n<p>&#8211; \u00a1En el cap\u00edtulo de bonificaci\u00f3n, invierte una costumbre anticuada para salvar a Robert!<\/p>\n<p>&#8211; \u00a1Re\u00fane todas las cartas y piezas del rompecabezas, luego participa en la sabidur\u00eda hist\u00f3rica!<\/p>\n<p>&#8211; \u00a1Usa la gu\u00eda de estrategia oficial para burlar al genio malvado!<\/p>\n<p>&#8211; \u00a1Descarga fondos encantadores y una melod\u00eda pegadiza!<\/p>\n","protected":false},"excerpt":{"rendered":"<p>\u00a1Un esposo angustiado hace todo lo que est\u00e1 a su alcance para mantener a su esposa!<\/p>\n","protected":false},"author":17,"featured_media":90519,"comment_status":"open","ping_status":"closed","template":"","meta":{"_acf_changed":false,"inline_featured_image":false},"product_brand":[],"product_cat":[166],"product_tag":[288],"class_list":{"0":"post-134605","1":"product","2":"type-product","3":"status-publish","4":"has-post-thumbnail","6":"product_cat-hidden-object-es","7":"product_tag-play-on-pc-es","9":"first","10":"instock","11":"shipping-taxable","12":"purchasable","13":"product-type-simple"},"acf":[],"yoast_head":"<!-- This site is optimized with the Yoast SEO Premium plugin v25.2 (Yoast SEO v25.2) - https:\/\/yoast.com\/wordpress\/plugins\/seo\/ -->\n<title>Chimeras: What Wishes May Come Edici\u00f3n Coleccionista - Un marido hace un \u00faltimo esfuerzo para salvar a su esposa<\/title>\n<meta name=\"description\" content=\"\u00a1Un esposo angustiado hace todo lo que est\u00e1 a su alcance para mantener a su esposa!\" \/>\n<meta name=\"robots\" content=\"index, follow, max-snippet:-1, max-image-preview:large, max-video-preview:-1\" \/>\n<link rel=\"canonical\" href=\"https:\/\/www.iplay.com\/es\/games\/chimeras-what-wishes-may-come-collectors-edition\/\" \/>\n<meta property=\"og:locale\" content=\"es_ES\" \/>\n<meta property=\"og:type\" content=\"article\" \/>\n<meta property=\"og:title\" content=\"Chimeras: What Wishes May Come Collector&#039;s Edition\" \/>\n<meta property=\"og:description\" content=\"\u00a1Un esposo angustiado hace todo lo que est\u00e1 a su alcance para mantener a su esposa!\" \/>\n<meta property=\"og:url\" content=\"https:\/\/www.iplay.com\/es\/games\/chimeras-what-wishes-may-come-collectors-edition\/\" \/>\n<meta property=\"og:site_name\" content=\"IPlay\" \/>\n<meta property=\"og:image\" content=\"https:\/\/www.iplay.com\/wp-content\/uploads\/2023\/12\/large_square_tile_image-3171.jpg\" \/>\n\t<meta property=\"og:image:width\" content=\"310\" \/>\n\t<meta property=\"og:image:height\" content=\"310\" \/>\n\t<meta property=\"og:image:type\" content=\"image\/jpeg\" \/>\n<meta name=\"twitter:card\" content=\"summary_large_image\" \/>\n<meta name=\"twitter:label1\" content=\"Est. reading time\" \/>\n\t<meta name=\"twitter:data1\" content=\"1 minuto\" \/>\n<script type=\"application\/ld+json\" class=\"yoast-schema-graph\">{\"@context\":\"https:\/\/schema.org\",\"@graph\":[{\"@type\":\"WebPage\",\"@id\":\"https:\/\/www.iplay.com\/es\/games\/chimeras-what-wishes-may-come-collectors-edition\/\",\"url\":\"https:\/\/www.iplay.com\/es\/games\/chimeras-what-wishes-may-come-collectors-edition\/\",\"name\":\"Chimeras: What Wishes May Come Edici\u00f3n Coleccionista - Un marido hace un \u00faltimo esfuerzo para salvar a su esposa\",\"isPartOf\":{\"@id\":\"https:\/\/www.iplay.com\/en\/#website\"},\"primaryImageOfPage\":{\"@id\":\"https:\/\/www.iplay.com\/es\/games\/chimeras-what-wishes-may-come-collectors-edition\/#primaryimage\"},\"image\":{\"@id\":\"https:\/\/www.iplay.com\/es\/games\/chimeras-what-wishes-may-come-collectors-edition\/#primaryimage\"},\"thumbnailUrl\":\"https:\/\/www.iplay.com\/wp-content\/uploads\/2023\/12\/large_square_tile_image-3171.jpg\",\"datePublished\":\"2022-02-04T00:00:00+00:00\",\"description\":\"\u00a1Un esposo angustiado hace todo lo que est\u00e1 a su alcance para mantener a su esposa!\",\"breadcrumb\":{\"@id\":\"https:\/\/www.iplay.com\/es\/games\/chimeras-what-wishes-may-come-collectors-edition\/#breadcrumb\"},\"inLanguage\":\"es\",\"potentialAction\":[{\"@type\":\"ReadAction\",\"target\":[\"https:\/\/www.iplay.com\/es\/games\/chimeras-what-wishes-may-come-collectors-edition\/\"]}]},{\"@type\":\"ImageObject\",\"inLanguage\":\"es\",\"@id\":\"https:\/\/www.iplay.com\/es\/games\/chimeras-what-wishes-may-come-collectors-edition\/#primaryimage\",\"url\":\"https:\/\/www.iplay.com\/wp-content\/uploads\/2023\/12\/large_square_tile_image-3171.jpg\",\"contentUrl\":\"https:\/\/www.iplay.com\/wp-content\/uploads\/2023\/12\/large_square_tile_image-3171.jpg\",\"width\":310,\"height\":310},{\"@type\":\"BreadcrumbList\",\"@id\":\"https:\/\/www.iplay.com\/es\/games\/chimeras-what-wishes-may-come-collectors-edition\/#breadcrumb\",\"itemListElement\":[{\"@type\":\"ListItem\",\"position\":1,\"name\":\"Home\",\"item\":\"https:\/\/www.iplay.com\/es\/home-page-2\/\"},{\"@type\":\"ListItem\",\"position\":2,\"name\":\"Shop\",\"item\":\"https:\/\/www.iplay.com\/en\/shop\/\"},{\"@type\":\"ListItem\",\"position\":3,\"name\":\"Chimeras: What Wishes May Come Collector&#8217;s Edition\"}]},{\"@type\":\"WebSite\",\"@id\":\"https:\/\/www.iplay.com\/en\/#website\",\"url\":\"https:\/\/www.iplay.com\/en\/\",\"name\":\"IPlay\",\"description\":\"The Best Casual Games!\",\"publisher\":{\"@id\":\"https:\/\/www.iplay.com\/en\/#organization\"},\"potentialAction\":[{\"@type\":\"SearchAction\",\"target\":{\"@type\":\"EntryPoint\",\"urlTemplate\":\"https:\/\/www.iplay.com\/en\/?s={search_term_string}\"},\"query-input\":{\"@type\":\"PropertyValueSpecification\",\"valueRequired\":true,\"valueName\":\"search_term_string\"}}],\"inLanguage\":\"es\"},{\"@type\":\"Organization\",\"@id\":\"https:\/\/www.iplay.com\/en\/#organization\",\"name\":\"IPlay\",\"url\":\"https:\/\/www.iplay.com\/en\/\",\"logo\":{\"@type\":\"ImageObject\",\"inLanguage\":\"es\",\"@id\":\"https:\/\/www.iplay.com\/en\/#\/schema\/logo\/image\/\",\"url\":\"https:\/\/www.iplay.com\/wp-content\/uploads\/2023\/11\/Group-6100.svg\",\"contentUrl\":\"https:\/\/www.iplay.com\/wp-content\/uploads\/2023\/11\/Group-6100.svg\",\"width\":98,\"height\":25,\"caption\":\"IPlay\"},\"image\":{\"@id\":\"https:\/\/www.iplay.com\/en\/#\/schema\/logo\/image\/\"}}]}<\/script>\n<!-- \/ Yoast SEO Premium plugin. -->","yoast_head_json":{"title":"Chimeras: What Wishes May Come Edici\u00f3n Coleccionista - Un marido hace un \u00faltimo esfuerzo para salvar a su esposa","description":"\u00a1Un esposo angustiado hace todo lo que est\u00e1 a su alcance para mantener a su esposa!","robots":{"index":"index","follow":"follow","max-snippet":"max-snippet:-1","max-image-preview":"max-image-preview:large","max-video-preview":"max-video-preview:-1"},"canonical":"https:\/\/www.iplay.com\/es\/games\/chimeras-what-wishes-may-come-collectors-edition\/","og_locale":"es_ES","og_type":"article","og_title":"Chimeras: What Wishes May Come Collector's Edition","og_description":"\u00a1Un esposo angustiado hace todo lo que est\u00e1 a su alcance para mantener a su esposa!","og_url":"https:\/\/www.iplay.com\/es\/games\/chimeras-what-wishes-may-come-collectors-edition\/","og_site_name":"IPlay","og_image":[{"width":310,"height":310,"url":"https:\/\/www.iplay.com\/wp-content\/uploads\/2023\/12\/large_square_tile_image-3171.jpg","type":"image\/jpeg"}],"twitter_card":"summary_large_image","twitter_misc":{"Est. reading time":"1 minuto"},"schema":{"@context":"https:\/\/schema.org","@graph":[{"@type":"WebPage","@id":"https:\/\/www.iplay.com\/es\/games\/chimeras-what-wishes-may-come-collectors-edition\/","url":"https:\/\/www.iplay.com\/es\/games\/chimeras-what-wishes-may-come-collectors-edition\/","name":"Chimeras: What Wishes May Come Edici\u00f3n Coleccionista - Un marido hace un \u00faltimo esfuerzo para salvar a su esposa","isPartOf":{"@id":"https:\/\/www.iplay.com\/en\/#website"},"primaryImageOfPage":{"@id":"https:\/\/www.iplay.com\/es\/games\/chimeras-what-wishes-may-come-collectors-edition\/#primaryimage"},"image":{"@id":"https:\/\/www.iplay.com\/es\/games\/chimeras-what-wishes-may-come-collectors-edition\/#primaryimage"},"thumbnailUrl":"https:\/\/www.iplay.com\/wp-content\/uploads\/2023\/12\/large_square_tile_image-3171.jpg","datePublished":"2022-02-04T00:00:00+00:00","description":"\u00a1Un esposo angustiado hace todo lo que est\u00e1 a su alcance para mantener a su esposa!","breadcrumb":{"@id":"https:\/\/www.iplay.com\/es\/games\/chimeras-what-wishes-may-come-collectors-edition\/#breadcrumb"},"inLanguage":"es","potentialAction":[{"@type":"ReadAction","target":["https:\/\/www.iplay.com\/es\/games\/chimeras-what-wishes-may-come-collectors-edition\/"]}]},{"@type":"ImageObject","inLanguage":"es","@id":"https:\/\/www.iplay.com\/es\/games\/chimeras-what-wishes-may-come-collectors-edition\/#primaryimage","url":"https:\/\/www.iplay.com\/wp-content\/uploads\/2023\/12\/large_square_tile_image-3171.jpg","contentUrl":"https:\/\/www.iplay.com\/wp-content\/uploads\/2023\/12\/large_square_tile_image-3171.jpg","width":310,"height":310},{"@type":"BreadcrumbList","@id":"https:\/\/www.iplay.com\/es\/games\/chimeras-what-wishes-may-come-collectors-edition\/#breadcrumb","itemListElement":[{"@type":"ListItem","position":1,"name":"Home","item":"https:\/\/www.iplay.com\/es\/home-page-2\/"},{"@type":"ListItem","position":2,"name":"Shop","item":"https:\/\/www.iplay.com\/en\/shop\/"},{"@type":"ListItem","position":3,"name":"Chimeras: What Wishes May Come Collector&#8217;s Edition"}]},{"@type":"WebSite","@id":"https:\/\/www.iplay.com\/en\/#website","url":"https:\/\/www.iplay.com\/en\/","name":"IPlay","description":"The Best Casual Games!","publisher":{"@id":"https:\/\/www.iplay.com\/en\/#organization"},"potentialAction":[{"@type":"SearchAction","target":{"@type":"EntryPoint","urlTemplate":"https:\/\/www.iplay.com\/en\/?s={search_term_string}"},"query-input":{"@type":"PropertyValueSpecification","valueRequired":true,"valueName":"search_term_string"}}],"inLanguage":"es"},{"@type":"Organization","@id":"https:\/\/www.iplay.com\/en\/#organization","name":"IPlay","url":"https:\/\/www.iplay.com\/en\/","logo":{"@type":"ImageObject","inLanguage":"es","@id":"https:\/\/www.iplay.com\/en\/#\/schema\/logo\/image\/","url":"https:\/\/www.iplay.com\/wp-content\/uploads\/2023\/11\/Group-6100.svg","contentUrl":"https:\/\/www.iplay.com\/wp-content\/uploads\/2023\/11\/Group-6100.svg","width":98,"height":25,"caption":"IPlay"},"image":{"@id":"https:\/\/www.iplay.com\/en\/#\/schema\/logo\/image\/"}}]}},"_links":{"self":[{"href":"https:\/\/www.iplay.com\/es\/wp-json\/wp\/v2\/product\/134605","targetHints":{"allow":["GET"]}}],"collection":[{"href":"https:\/\/www.iplay.com\/es\/wp-json\/wp\/v2\/product"}],"about":[{"href":"https:\/\/www.iplay.com\/es\/wp-json\/wp\/v2\/types\/product"}],"author":[{"embeddable":true,"href":"https:\/\/www.iplay.com\/es\/wp-json\/wp\/v2\/users\/17"}],"replies":[{"embeddable":true,"href":"https:\/\/www.iplay.com\/es\/wp-json\/wp\/v2\/comments?post=134605"}],"wp:featuredmedia":[{"embeddable":true,"href":"https:\/\/www.iplay.com\/es\/wp-json\/wp\/v2\/media\/90519"}],"wp:attachment":[{"href":"https:\/\/www.iplay.com\/es\/wp-json\/wp\/v2\/media?parent=134605"}],"wp:term":[{"taxonomy":"product_brand","embeddable":true,"href":"https:\/\/www.iplay.com\/es\/wp-json\/wp\/v2\/product_brand?post=134605"},{"taxonomy":"product_cat","embeddable":true,"href":"https:\/\/www.iplay.com\/es\/wp-json\/wp\/v2\/product_cat?post=134605"},{"taxonomy":"product_tag","embeddable":true,"href":"https:\/\/www.iplay.com\/es\/wp-json\/wp\/v2\/product_tag?post=134605"}],"curies":[{"name":"wp","href":"https:\/\/api.w.org\/{rel}","templated":true}]}}