{"id":134593,"date":"2022-02-19T00:00:00","date_gmt":"2022-02-19T00:00:00","guid":{"rendered":"https:\/\/www.iplay.com\/games\/reflections-of-life-meridiem-collectors-edition\/"},"modified":"2022-02-19T00:00:00","modified_gmt":"2022-02-19T00:00:00","slug":"reflections-of-life-meridiem-collectors-edition","status":"publish","type":"product","link":"https:\/\/www.iplay.com\/es\/games\/reflections-of-life-meridiem-collectors-edition\/","title":{"rendered":"Reflections of Life: Meridiem Collector&#8217;s Edition"},"content":{"rendered":"<p>Reflections of Life: Meridiem te lleva en un viaje a trav\u00e9s de un reino de rituales consagrados por el tiempo e intrigas mortales. La llegada de la Diosa de las Estrellas es una conmemoraci\u00f3n del centenario del esp\u00edritu de compartir y el delicado equilibrio que mantiene vivos los reinos de Meridiem. Pero algo ha salido mal esta vez. Grace, una valiente guardiana de la Orden, y su fiel b\u00faho deben recuperar el brillo sagrado de cada mundo para restaurar el coraz\u00f3n de la Diosa de las Estrellas antes de que sea demasiado tarde. Un desequilibrio c\u00f3smico ha desencadenado una cadena de acontecimientos que amenaza con acabar con toda la vida en cada uno de los mundos de Meridiem, y depende de Grace, una valiente Guardiana de la Orden, y de su fiel b\u00faho, recuperar el brillo sagrado de cada mundo antes de que sea demasiado tarde. \u00a1En este incre\u00edble nuevo juego de aventuras de rompecabezas de objetos ocultos, prep\u00e1rate para una aventura de saltos por el mundo mientras gu\u00edas a Grace a trav\u00e9s de pruebas y acertijos para salvar a Meridiem!     <\/p>\n<p>&nbsp;<\/p>\n<p>&nbsp;<\/p>\n<p><strong>Funciones:<\/strong><\/p>\n<p>&nbsp;<\/p>\n<p>&#8211; \u00a1Crea un futuro mejor para los ni\u00f1os de Meridiem en el juego de bonificaci\u00f3n!<br \/>\n&#8211; Obt\u00e9n logros y visual\u00edzalos en tu galer\u00eda.<br \/>\n&#8211; \u00a1Montones de objetos coleccionables para encontrar, incluidas alas de mariposa y estrellas \u00fanicas!<br \/>\n&#8211; \u00a1Inclina la balanza c\u00f3smica a tu favor con una gu\u00eda de estrategia!<br \/>\n&#8211; \u00a1La m\u00fasica y el fondo de pantalla descargables llevan los mundos de Meridiem directamente a tu escritorio!<\/p>\n","protected":false},"excerpt":{"rendered":"<p>\u00a1Los reinos de Meridiem necesitan que recuperes el equilibrio en Reflections of Life: Meridiem Collector&#8217;s Edition!<\/p>\n","protected":false},"author":17,"featured_media":96869,"comment_status":"open","ping_status":"closed","template":"","meta":{"_acf_changed":false,"inline_featured_image":false},"product_brand":[],"product_cat":[166],"product_tag":[288],"class_list":{"0":"post-134593","1":"product","2":"type-product","3":"status-publish","4":"has-post-thumbnail","6":"product_cat-hidden-object-es","7":"product_tag-play-on-pc-es","9":"first","10":"instock","11":"shipping-taxable","12":"purchasable","13":"product-type-simple"},"acf":[],"yoast_head":"<!-- This site is optimized with the Yoast SEO Premium plugin v25.2 (Yoast SEO v25.2) - https:\/\/yoast.com\/wordpress\/plugins\/seo\/ -->\n<title>Reflections of Life: Meridiem Collector&#039;s Edition - Restaura el equilibrio y salva los mundos de Meridiem<\/title>\n<meta name=\"description\" content=\"\u00a1Los reinos de Meridiem necesitan que recuperes el equilibrio en Reflections of Life: Meridiem Collector&#039;s Edition!\" \/>\n<meta name=\"robots\" content=\"index, follow, max-snippet:-1, max-image-preview:large, max-video-preview:-1\" \/>\n<link rel=\"canonical\" href=\"https:\/\/www.iplay.com\/es\/games\/reflections-of-life-meridiem-collectors-edition\/\" \/>\n<meta property=\"og:locale\" content=\"es_ES\" \/>\n<meta property=\"og:type\" content=\"article\" \/>\n<meta property=\"og:title\" content=\"Reflections of Life: Meridiem Collector&#039;s Edition\" \/>\n<meta property=\"og:description\" content=\"\u00a1Los reinos de Meridiem necesitan que recuperes el equilibrio en Reflections of Life: Meridiem Collector&#039;s Edition!\" \/>\n<meta property=\"og:url\" content=\"https:\/\/www.iplay.com\/es\/games\/reflections-of-life-meridiem-collectors-edition\/\" \/>\n<meta property=\"og:site_name\" content=\"IPlay\" \/>\n<meta property=\"og:image\" content=\"https:\/\/www.iplay.com\/wp-content\/uploads\/2023\/12\/large_square_tile_image-3561.jpg\" \/>\n\t<meta property=\"og:image:width\" content=\"310\" \/>\n\t<meta property=\"og:image:height\" content=\"310\" \/>\n\t<meta property=\"og:image:type\" content=\"image\/jpeg\" \/>\n<meta name=\"twitter:card\" content=\"summary_large_image\" \/>\n<meta name=\"twitter:label1\" content=\"Est. reading time\" \/>\n\t<meta name=\"twitter:data1\" content=\"1 minuto\" \/>\n<script type=\"application\/ld+json\" class=\"yoast-schema-graph\">{\"@context\":\"https:\/\/schema.org\",\"@graph\":[{\"@type\":\"WebPage\",\"@id\":\"https:\/\/www.iplay.com\/es\/games\/reflections-of-life-meridiem-collectors-edition\/\",\"url\":\"https:\/\/www.iplay.com\/es\/games\/reflections-of-life-meridiem-collectors-edition\/\",\"name\":\"Reflections of Life: Meridiem Collector's Edition - Restaura el equilibrio y salva los mundos de Meridiem\",\"isPartOf\":{\"@id\":\"https:\/\/www.iplay.com\/en\/#website\"},\"primaryImageOfPage\":{\"@id\":\"https:\/\/www.iplay.com\/es\/games\/reflections-of-life-meridiem-collectors-edition\/#primaryimage\"},\"image\":{\"@id\":\"https:\/\/www.iplay.com\/es\/games\/reflections-of-life-meridiem-collectors-edition\/#primaryimage\"},\"thumbnailUrl\":\"https:\/\/www.iplay.com\/wp-content\/uploads\/2023\/12\/large_square_tile_image-3561.jpg\",\"datePublished\":\"2022-02-19T00:00:00+00:00\",\"description\":\"\u00a1Los reinos de Meridiem necesitan que recuperes el equilibrio en Reflections of Life: Meridiem Collector's Edition!\",\"breadcrumb\":{\"@id\":\"https:\/\/www.iplay.com\/es\/games\/reflections-of-life-meridiem-collectors-edition\/#breadcrumb\"},\"inLanguage\":\"es\",\"potentialAction\":[{\"@type\":\"ReadAction\",\"target\":[\"https:\/\/www.iplay.com\/es\/games\/reflections-of-life-meridiem-collectors-edition\/\"]}]},{\"@type\":\"ImageObject\",\"inLanguage\":\"es\",\"@id\":\"https:\/\/www.iplay.com\/es\/games\/reflections-of-life-meridiem-collectors-edition\/#primaryimage\",\"url\":\"https:\/\/www.iplay.com\/wp-content\/uploads\/2023\/12\/large_square_tile_image-3561.jpg\",\"contentUrl\":\"https:\/\/www.iplay.com\/wp-content\/uploads\/2023\/12\/large_square_tile_image-3561.jpg\",\"width\":310,\"height\":310},{\"@type\":\"BreadcrumbList\",\"@id\":\"https:\/\/www.iplay.com\/es\/games\/reflections-of-life-meridiem-collectors-edition\/#breadcrumb\",\"itemListElement\":[{\"@type\":\"ListItem\",\"position\":1,\"name\":\"Home\",\"item\":\"https:\/\/www.iplay.com\/es\/home-page-2\/\"},{\"@type\":\"ListItem\",\"position\":2,\"name\":\"Shop\",\"item\":\"https:\/\/www.iplay.com\/en\/shop\/\"},{\"@type\":\"ListItem\",\"position\":3,\"name\":\"Reflections of Life: Meridiem Collector&#8217;s Edition\"}]},{\"@type\":\"WebSite\",\"@id\":\"https:\/\/www.iplay.com\/en\/#website\",\"url\":\"https:\/\/www.iplay.com\/en\/\",\"name\":\"IPlay\",\"description\":\"The Best Casual Games!\",\"publisher\":{\"@id\":\"https:\/\/www.iplay.com\/en\/#organization\"},\"potentialAction\":[{\"@type\":\"SearchAction\",\"target\":{\"@type\":\"EntryPoint\",\"urlTemplate\":\"https:\/\/www.iplay.com\/en\/?s={search_term_string}\"},\"query-input\":{\"@type\":\"PropertyValueSpecification\",\"valueRequired\":true,\"valueName\":\"search_term_string\"}}],\"inLanguage\":\"es\"},{\"@type\":\"Organization\",\"@id\":\"https:\/\/www.iplay.com\/en\/#organization\",\"name\":\"IPlay\",\"url\":\"https:\/\/www.iplay.com\/en\/\",\"logo\":{\"@type\":\"ImageObject\",\"inLanguage\":\"es\",\"@id\":\"https:\/\/www.iplay.com\/en\/#\/schema\/logo\/image\/\",\"url\":\"https:\/\/www.iplay.com\/wp-content\/uploads\/2023\/11\/Group-6100.svg\",\"contentUrl\":\"https:\/\/www.iplay.com\/wp-content\/uploads\/2023\/11\/Group-6100.svg\",\"width\":98,\"height\":25,\"caption\":\"IPlay\"},\"image\":{\"@id\":\"https:\/\/www.iplay.com\/en\/#\/schema\/logo\/image\/\"}}]}<\/script>\n<!-- \/ Yoast SEO Premium plugin. -->","yoast_head_json":{"title":"Reflections of Life: Meridiem Collector's Edition - Restaura el equilibrio y salva los mundos de Meridiem","description":"\u00a1Los reinos de Meridiem necesitan que recuperes el equilibrio en Reflections of Life: Meridiem Collector's Edition!","robots":{"index":"index","follow":"follow","max-snippet":"max-snippet:-1","max-image-preview":"max-image-preview:large","max-video-preview":"max-video-preview:-1"},"canonical":"https:\/\/www.iplay.com\/es\/games\/reflections-of-life-meridiem-collectors-edition\/","og_locale":"es_ES","og_type":"article","og_title":"Reflections of Life: Meridiem Collector's Edition","og_description":"\u00a1Los reinos de Meridiem necesitan que recuperes el equilibrio en Reflections of Life: Meridiem Collector's Edition!","og_url":"https:\/\/www.iplay.com\/es\/games\/reflections-of-life-meridiem-collectors-edition\/","og_site_name":"IPlay","og_image":[{"width":310,"height":310,"url":"https:\/\/www.iplay.com\/wp-content\/uploads\/2023\/12\/large_square_tile_image-3561.jpg","type":"image\/jpeg"}],"twitter_card":"summary_large_image","twitter_misc":{"Est. reading time":"1 minuto"},"schema":{"@context":"https:\/\/schema.org","@graph":[{"@type":"WebPage","@id":"https:\/\/www.iplay.com\/es\/games\/reflections-of-life-meridiem-collectors-edition\/","url":"https:\/\/www.iplay.com\/es\/games\/reflections-of-life-meridiem-collectors-edition\/","name":"Reflections of Life: Meridiem Collector's Edition - Restaura el equilibrio y salva los mundos de Meridiem","isPartOf":{"@id":"https:\/\/www.iplay.com\/en\/#website"},"primaryImageOfPage":{"@id":"https:\/\/www.iplay.com\/es\/games\/reflections-of-life-meridiem-collectors-edition\/#primaryimage"},"image":{"@id":"https:\/\/www.iplay.com\/es\/games\/reflections-of-life-meridiem-collectors-edition\/#primaryimage"},"thumbnailUrl":"https:\/\/www.iplay.com\/wp-content\/uploads\/2023\/12\/large_square_tile_image-3561.jpg","datePublished":"2022-02-19T00:00:00+00:00","description":"\u00a1Los reinos de Meridiem necesitan que recuperes el equilibrio en Reflections of Life: Meridiem Collector's Edition!","breadcrumb":{"@id":"https:\/\/www.iplay.com\/es\/games\/reflections-of-life-meridiem-collectors-edition\/#breadcrumb"},"inLanguage":"es","potentialAction":[{"@type":"ReadAction","target":["https:\/\/www.iplay.com\/es\/games\/reflections-of-life-meridiem-collectors-edition\/"]}]},{"@type":"ImageObject","inLanguage":"es","@id":"https:\/\/www.iplay.com\/es\/games\/reflections-of-life-meridiem-collectors-edition\/#primaryimage","url":"https:\/\/www.iplay.com\/wp-content\/uploads\/2023\/12\/large_square_tile_image-3561.jpg","contentUrl":"https:\/\/www.iplay.com\/wp-content\/uploads\/2023\/12\/large_square_tile_image-3561.jpg","width":310,"height":310},{"@type":"BreadcrumbList","@id":"https:\/\/www.iplay.com\/es\/games\/reflections-of-life-meridiem-collectors-edition\/#breadcrumb","itemListElement":[{"@type":"ListItem","position":1,"name":"Home","item":"https:\/\/www.iplay.com\/es\/home-page-2\/"},{"@type":"ListItem","position":2,"name":"Shop","item":"https:\/\/www.iplay.com\/en\/shop\/"},{"@type":"ListItem","position":3,"name":"Reflections of Life: Meridiem Collector&#8217;s Edition"}]},{"@type":"WebSite","@id":"https:\/\/www.iplay.com\/en\/#website","url":"https:\/\/www.iplay.com\/en\/","name":"IPlay","description":"The Best Casual Games!","publisher":{"@id":"https:\/\/www.iplay.com\/en\/#organization"},"potentialAction":[{"@type":"SearchAction","target":{"@type":"EntryPoint","urlTemplate":"https:\/\/www.iplay.com\/en\/?s={search_term_string}"},"query-input":{"@type":"PropertyValueSpecification","valueRequired":true,"valueName":"search_term_string"}}],"inLanguage":"es"},{"@type":"Organization","@id":"https:\/\/www.iplay.com\/en\/#organization","name":"IPlay","url":"https:\/\/www.iplay.com\/en\/","logo":{"@type":"ImageObject","inLanguage":"es","@id":"https:\/\/www.iplay.com\/en\/#\/schema\/logo\/image\/","url":"https:\/\/www.iplay.com\/wp-content\/uploads\/2023\/11\/Group-6100.svg","contentUrl":"https:\/\/www.iplay.com\/wp-content\/uploads\/2023\/11\/Group-6100.svg","width":98,"height":25,"caption":"IPlay"},"image":{"@id":"https:\/\/www.iplay.com\/en\/#\/schema\/logo\/image\/"}}]}},"_links":{"self":[{"href":"https:\/\/www.iplay.com\/es\/wp-json\/wp\/v2\/product\/134593","targetHints":{"allow":["GET"]}}],"collection":[{"href":"https:\/\/www.iplay.com\/es\/wp-json\/wp\/v2\/product"}],"about":[{"href":"https:\/\/www.iplay.com\/es\/wp-json\/wp\/v2\/types\/product"}],"author":[{"embeddable":true,"href":"https:\/\/www.iplay.com\/es\/wp-json\/wp\/v2\/users\/17"}],"replies":[{"embeddable":true,"href":"https:\/\/www.iplay.com\/es\/wp-json\/wp\/v2\/comments?post=134593"}],"wp:featuredmedia":[{"embeddable":true,"href":"https:\/\/www.iplay.com\/es\/wp-json\/wp\/v2\/media\/96869"}],"wp:attachment":[{"href":"https:\/\/www.iplay.com\/es\/wp-json\/wp\/v2\/media?parent=134593"}],"wp:term":[{"taxonomy":"product_brand","embeddable":true,"href":"https:\/\/www.iplay.com\/es\/wp-json\/wp\/v2\/product_brand?post=134593"},{"taxonomy":"product_cat","embeddable":true,"href":"https:\/\/www.iplay.com\/es\/wp-json\/wp\/v2\/product_cat?post=134593"},{"taxonomy":"product_tag","embeddable":true,"href":"https:\/\/www.iplay.com\/es\/wp-json\/wp\/v2\/product_tag?post=134593"}],"curies":[{"name":"wp","href":"https:\/\/api.w.org\/{rel}","templated":true}]}}