{"id":134317,"date":"2018-11-12T00:00:00","date_gmt":"2018-11-12T00:00:00","guid":{"rendered":"https:\/\/www.iplay.com\/games\/pixel-art-2\/"},"modified":"2025-04-30T08:59:19","modified_gmt":"2025-04-30T08:59:19","slug":"pixel-art-2","status":"publish","type":"product","link":"https:\/\/www.iplay.com\/es\/games\/pixel-art-2\/","title":{"rendered":"Pixel Art 2"},"content":{"rendered":"<p>\u00a1Emb\u00e1rcate en una aventura de pintura sin estr\u00e9s en <strong>Pixel Art 2<\/strong> , donde dar rienda suelta a tu creatividad nunca ha sido tan sencillo! La identificaci\u00f3n del color ya no es una preocupaci\u00f3n, \u00a1simplemente rel\u00e1jate y divi\u00e9rtete! Sum\u00e9rgete en una selecci\u00f3n diversa de fotos muy entretenidas, luego deja que los n\u00fameros te gu\u00eden para darles vida vibrante.  <\/p>\n<p>&nbsp;<\/p>\n<p>&nbsp;<\/p>\n<p><strong>Funciones:<\/strong><\/p>\n<p>&nbsp;<\/p>\n<p>&#8211; Horas extendidas de pura diversi\u00f3n y relajaci\u00f3n<\/p>\n<p>&#8211; Emplee la herramienta de \u00e1rea de relleno para completar la imagen sin problemas<\/p>\n<p>&#8211; Explora una colecci\u00f3n de m\u00e1s de 100 im\u00e1genes incre\u00edblemente hermosas<\/p>\n","protected":false},"excerpt":{"rendered":"<p>Explora la facilidad de pintar con Pixel Art 2 &#8211; Sin preocupaciones de color, solo pura felicidad &#8211; Elige entre un conjunto diverso de im\u00e1genes divertidas e infunde vida a ellas<\/p>\n","protected":false},"author":21,"featured_media":95095,"comment_status":"open","ping_status":"closed","template":"","meta":{"_acf_changed":false,"inline_featured_image":false},"product_brand":[],"product_cat":[184],"product_tag":[281,288],"class_list":{"0":"post-134317","1":"product","2":"type-product","3":"status-publish","4":"has-post-thumbnail","6":"product_cat-paint-by-numbers-series-es","7":"product_tag-pixel-art-series-es","8":"product_tag-play-on-pc-es","10":"first","11":"instock","12":"shipping-taxable","13":"purchasable","14":"product-type-simple"},"acf":[],"yoast_head":"<!-- This site is optimized with the Yoast SEO Premium plugin v25.2 (Yoast SEO v25.2) - https:\/\/yoast.com\/wordpress\/plugins\/seo\/ -->\n<title>Pixel Art 2 - \u00a1Pintar f\u00e1cil! Rel\u00e1jate sin el estr\u00e9s de elegir colores<\/title>\n<meta name=\"description\" content=\"Explora la facilidad de pintar con Pixel Art 2 - Sin preocupaciones de color, solo pura felicidad - Elige entre un conjunto diverso de im\u00e1genes divertidas e infunde vida a ellas\" \/>\n<meta name=\"robots\" content=\"index, follow, max-snippet:-1, max-image-preview:large, max-video-preview:-1\" \/>\n<link rel=\"canonical\" href=\"https:\/\/www.iplay.com\/es\/games\/pixel-art-2\/\" \/>\n<meta property=\"og:locale\" content=\"es_ES\" \/>\n<meta property=\"og:type\" content=\"article\" \/>\n<meta property=\"og:title\" content=\"Pixel Art 2\" \/>\n<meta property=\"og:description\" content=\"Explora la facilidad de pintar con Pixel Art 2 - Sin preocupaciones de color, solo pura felicidad - Elige entre un conjunto diverso de im\u00e1genes divertidas e infunde vida a ellas\" \/>\n<meta property=\"og:url\" content=\"https:\/\/www.iplay.com\/es\/games\/pixel-art-2\/\" \/>\n<meta property=\"og:site_name\" content=\"IPlay\" \/>\n<meta property=\"article:modified_time\" content=\"2025-04-30T08:59:19+00:00\" \/>\n<meta property=\"og:image\" content=\"https:\/\/www.iplay.com\/wp-content\/uploads\/2023\/12\/large_square_tile_image-3461.jpg\" \/>\n\t<meta property=\"og:image:width\" content=\"310\" \/>\n\t<meta property=\"og:image:height\" content=\"310\" \/>\n\t<meta property=\"og:image:type\" content=\"image\/jpeg\" \/>\n<meta name=\"twitter:card\" content=\"summary_large_image\" \/>\n<meta name=\"twitter:label1\" content=\"Est. reading time\" \/>\n\t<meta name=\"twitter:data1\" content=\"1 minuto\" \/>\n<script type=\"application\/ld+json\" class=\"yoast-schema-graph\">{\"@context\":\"https:\/\/schema.org\",\"@graph\":[{\"@type\":\"WebPage\",\"@id\":\"https:\/\/www.iplay.com\/es\/games\/pixel-art-2\/\",\"url\":\"https:\/\/www.iplay.com\/es\/games\/pixel-art-2\/\",\"name\":\"Pixel Art 2 - \u00a1Pintar f\u00e1cil! Rel\u00e1jate sin el estr\u00e9s de elegir colores\",\"isPartOf\":{\"@id\":\"https:\/\/www.iplay.com\/en\/#website\"},\"primaryImageOfPage\":{\"@id\":\"https:\/\/www.iplay.com\/es\/games\/pixel-art-2\/#primaryimage\"},\"image\":{\"@id\":\"https:\/\/www.iplay.com\/es\/games\/pixel-art-2\/#primaryimage\"},\"thumbnailUrl\":\"https:\/\/www.iplay.com\/wp-content\/uploads\/2023\/12\/large_square_tile_image-3461.jpg\",\"datePublished\":\"2018-11-12T00:00:00+00:00\",\"dateModified\":\"2025-04-30T08:59:19+00:00\",\"description\":\"Explora la facilidad de pintar con Pixel Art 2 - Sin preocupaciones de color, solo pura felicidad - Elige entre un conjunto diverso de im\u00e1genes divertidas e infunde vida a ellas\",\"breadcrumb\":{\"@id\":\"https:\/\/www.iplay.com\/es\/games\/pixel-art-2\/#breadcrumb\"},\"inLanguage\":\"es\",\"potentialAction\":[{\"@type\":\"ReadAction\",\"target\":[\"https:\/\/www.iplay.com\/es\/games\/pixel-art-2\/\"]}]},{\"@type\":\"ImageObject\",\"inLanguage\":\"es\",\"@id\":\"https:\/\/www.iplay.com\/es\/games\/pixel-art-2\/#primaryimage\",\"url\":\"https:\/\/www.iplay.com\/wp-content\/uploads\/2023\/12\/large_square_tile_image-3461.jpg\",\"contentUrl\":\"https:\/\/www.iplay.com\/wp-content\/uploads\/2023\/12\/large_square_tile_image-3461.jpg\",\"width\":310,\"height\":310},{\"@type\":\"BreadcrumbList\",\"@id\":\"https:\/\/www.iplay.com\/es\/games\/pixel-art-2\/#breadcrumb\",\"itemListElement\":[{\"@type\":\"ListItem\",\"position\":1,\"name\":\"Home\",\"item\":\"https:\/\/www.iplay.com\/es\/home-page-2\/\"},{\"@type\":\"ListItem\",\"position\":2,\"name\":\"Shop\",\"item\":\"https:\/\/www.iplay.com\/en\/shop\/\"},{\"@type\":\"ListItem\",\"position\":3,\"name\":\"Pixel Art 2\"}]},{\"@type\":\"WebSite\",\"@id\":\"https:\/\/www.iplay.com\/en\/#website\",\"url\":\"https:\/\/www.iplay.com\/en\/\",\"name\":\"IPlay\",\"description\":\"The Best Casual Games!\",\"publisher\":{\"@id\":\"https:\/\/www.iplay.com\/en\/#organization\"},\"potentialAction\":[{\"@type\":\"SearchAction\",\"target\":{\"@type\":\"EntryPoint\",\"urlTemplate\":\"https:\/\/www.iplay.com\/en\/?s={search_term_string}\"},\"query-input\":{\"@type\":\"PropertyValueSpecification\",\"valueRequired\":true,\"valueName\":\"search_term_string\"}}],\"inLanguage\":\"es\"},{\"@type\":\"Organization\",\"@id\":\"https:\/\/www.iplay.com\/en\/#organization\",\"name\":\"IPlay\",\"url\":\"https:\/\/www.iplay.com\/en\/\",\"logo\":{\"@type\":\"ImageObject\",\"inLanguage\":\"es\",\"@id\":\"https:\/\/www.iplay.com\/en\/#\/schema\/logo\/image\/\",\"url\":\"https:\/\/www.iplay.com\/wp-content\/uploads\/2023\/11\/Group-6100.svg\",\"contentUrl\":\"https:\/\/www.iplay.com\/wp-content\/uploads\/2023\/11\/Group-6100.svg\",\"width\":98,\"height\":25,\"caption\":\"IPlay\"},\"image\":{\"@id\":\"https:\/\/www.iplay.com\/en\/#\/schema\/logo\/image\/\"}}]}<\/script>\n<!-- \/ Yoast SEO Premium plugin. -->","yoast_head_json":{"title":"Pixel Art 2 - \u00a1Pintar f\u00e1cil! Rel\u00e1jate sin el estr\u00e9s de elegir colores","description":"Explora la facilidad de pintar con Pixel Art 2 - Sin preocupaciones de color, solo pura felicidad - Elige entre un conjunto diverso de im\u00e1genes divertidas e infunde vida a ellas","robots":{"index":"index","follow":"follow","max-snippet":"max-snippet:-1","max-image-preview":"max-image-preview:large","max-video-preview":"max-video-preview:-1"},"canonical":"https:\/\/www.iplay.com\/es\/games\/pixel-art-2\/","og_locale":"es_ES","og_type":"article","og_title":"Pixel Art 2","og_description":"Explora la facilidad de pintar con Pixel Art 2 - Sin preocupaciones de color, solo pura felicidad - Elige entre un conjunto diverso de im\u00e1genes divertidas e infunde vida a ellas","og_url":"https:\/\/www.iplay.com\/es\/games\/pixel-art-2\/","og_site_name":"IPlay","article_modified_time":"2025-04-30T08:59:19+00:00","og_image":[{"width":310,"height":310,"url":"https:\/\/www.iplay.com\/wp-content\/uploads\/2023\/12\/large_square_tile_image-3461.jpg","type":"image\/jpeg"}],"twitter_card":"summary_large_image","twitter_misc":{"Est. reading time":"1 minuto"},"schema":{"@context":"https:\/\/schema.org","@graph":[{"@type":"WebPage","@id":"https:\/\/www.iplay.com\/es\/games\/pixel-art-2\/","url":"https:\/\/www.iplay.com\/es\/games\/pixel-art-2\/","name":"Pixel Art 2 - \u00a1Pintar f\u00e1cil! Rel\u00e1jate sin el estr\u00e9s de elegir colores","isPartOf":{"@id":"https:\/\/www.iplay.com\/en\/#website"},"primaryImageOfPage":{"@id":"https:\/\/www.iplay.com\/es\/games\/pixel-art-2\/#primaryimage"},"image":{"@id":"https:\/\/www.iplay.com\/es\/games\/pixel-art-2\/#primaryimage"},"thumbnailUrl":"https:\/\/www.iplay.com\/wp-content\/uploads\/2023\/12\/large_square_tile_image-3461.jpg","datePublished":"2018-11-12T00:00:00+00:00","dateModified":"2025-04-30T08:59:19+00:00","description":"Explora la facilidad de pintar con Pixel Art 2 - Sin preocupaciones de color, solo pura felicidad - Elige entre un conjunto diverso de im\u00e1genes divertidas e infunde vida a ellas","breadcrumb":{"@id":"https:\/\/www.iplay.com\/es\/games\/pixel-art-2\/#breadcrumb"},"inLanguage":"es","potentialAction":[{"@type":"ReadAction","target":["https:\/\/www.iplay.com\/es\/games\/pixel-art-2\/"]}]},{"@type":"ImageObject","inLanguage":"es","@id":"https:\/\/www.iplay.com\/es\/games\/pixel-art-2\/#primaryimage","url":"https:\/\/www.iplay.com\/wp-content\/uploads\/2023\/12\/large_square_tile_image-3461.jpg","contentUrl":"https:\/\/www.iplay.com\/wp-content\/uploads\/2023\/12\/large_square_tile_image-3461.jpg","width":310,"height":310},{"@type":"BreadcrumbList","@id":"https:\/\/www.iplay.com\/es\/games\/pixel-art-2\/#breadcrumb","itemListElement":[{"@type":"ListItem","position":1,"name":"Home","item":"https:\/\/www.iplay.com\/es\/home-page-2\/"},{"@type":"ListItem","position":2,"name":"Shop","item":"https:\/\/www.iplay.com\/en\/shop\/"},{"@type":"ListItem","position":3,"name":"Pixel Art 2"}]},{"@type":"WebSite","@id":"https:\/\/www.iplay.com\/en\/#website","url":"https:\/\/www.iplay.com\/en\/","name":"IPlay","description":"The Best Casual Games!","publisher":{"@id":"https:\/\/www.iplay.com\/en\/#organization"},"potentialAction":[{"@type":"SearchAction","target":{"@type":"EntryPoint","urlTemplate":"https:\/\/www.iplay.com\/en\/?s={search_term_string}"},"query-input":{"@type":"PropertyValueSpecification","valueRequired":true,"valueName":"search_term_string"}}],"inLanguage":"es"},{"@type":"Organization","@id":"https:\/\/www.iplay.com\/en\/#organization","name":"IPlay","url":"https:\/\/www.iplay.com\/en\/","logo":{"@type":"ImageObject","inLanguage":"es","@id":"https:\/\/www.iplay.com\/en\/#\/schema\/logo\/image\/","url":"https:\/\/www.iplay.com\/wp-content\/uploads\/2023\/11\/Group-6100.svg","contentUrl":"https:\/\/www.iplay.com\/wp-content\/uploads\/2023\/11\/Group-6100.svg","width":98,"height":25,"caption":"IPlay"},"image":{"@id":"https:\/\/www.iplay.com\/en\/#\/schema\/logo\/image\/"}}]}},"_links":{"self":[{"href":"https:\/\/www.iplay.com\/es\/wp-json\/wp\/v2\/product\/134317","targetHints":{"allow":["GET"]}}],"collection":[{"href":"https:\/\/www.iplay.com\/es\/wp-json\/wp\/v2\/product"}],"about":[{"href":"https:\/\/www.iplay.com\/es\/wp-json\/wp\/v2\/types\/product"}],"author":[{"embeddable":true,"href":"https:\/\/www.iplay.com\/es\/wp-json\/wp\/v2\/users\/21"}],"replies":[{"embeddable":true,"href":"https:\/\/www.iplay.com\/es\/wp-json\/wp\/v2\/comments?post=134317"}],"wp:featuredmedia":[{"embeddable":true,"href":"https:\/\/www.iplay.com\/es\/wp-json\/wp\/v2\/media\/95095"}],"wp:attachment":[{"href":"https:\/\/www.iplay.com\/es\/wp-json\/wp\/v2\/media?parent=134317"}],"wp:term":[{"taxonomy":"product_brand","embeddable":true,"href":"https:\/\/www.iplay.com\/es\/wp-json\/wp\/v2\/product_brand?post=134317"},{"taxonomy":"product_cat","embeddable":true,"href":"https:\/\/www.iplay.com\/es\/wp-json\/wp\/v2\/product_cat?post=134317"},{"taxonomy":"product_tag","embeddable":true,"href":"https:\/\/www.iplay.com\/es\/wp-json\/wp\/v2\/product_tag?post=134317"}],"curies":[{"name":"wp","href":"https:\/\/api.w.org\/{rel}","templated":true}]}}