{"id":133925,"date":"2022-07-19T00:00:00","date_gmt":"2022-07-19T00:00:00","guid":{"rendered":"https:\/\/www.iplay.com\/games\/dr-cares-family-practice\/"},"modified":"2022-07-19T00:00:00","modified_gmt":"2022-07-19T00:00:00","slug":"dr-cares-family-practice","status":"publish","type":"product","link":"https:\/\/www.iplay.com\/es\/games\/dr-cares-family-practice\/","title":{"rendered":"Dr. Cares &#8211; Family Practice"},"content":{"rendered":"<p>Esta vez, estar\u00e1s ayudando a algo m\u00e1s que gatitos y cachorros; adem\u00e1s de los otros animales salvajes en el \u00e1rea de Snuggford, tambi\u00e9n ayudar\u00e1s a ponis e incluso delfines. Con la ayuda de Lisa y Crystal, Amy y Jack se est\u00e1n adaptando a la vida en Snuggford y administrando la pr\u00e1ctica veterinaria juntos. Pero cuando la madre de Amy, Alice, que ha estado alejada de ella, reaparece de la nada, \u00a1todo se pone patas arriba! Depende totalmente de ti c\u00f3mo concluya esta narraci\u00f3n. \u00a1No solo puedes reparar animales en este juego narrativo, sino que tambi\u00e9n puedes elegir lo que ocurre! Hay que tomar numerosas decisiones, y cada una de ellas afectar\u00e1 a la trama y a su resoluci\u00f3n. No puedes seleccionar a tu familia, pero puedes elegir a tus amigos, como dice la expresi\u00f3n. Las familias son la base de Dr. Cares &#8211; Medicina Familiar. Parece que todo el mundo est\u00e1 lidiando con problemas familiares, y usted es el \u00fanico que puede ayudarlos a resolverlos. Han pasado a\u00f1os desde la \u00faltima vez que Amy vio a su madre. Amy empieza a sospechar cuando Alice aparece de la nada. Pero Alice le ha hecho a Amy una propuesta irresistible. Se ha descubierto un delf\u00edn pre\u00f1ado de una especie rara. Alice dice que necesita la ayuda de Amy. \u00bfSe ha convertido Alicia en la persona que dice ser? \u00bfEs Amy capaz de dejar a un lado su resentimiento hacia su madre el tiempo suficiente para ayudar con el parto? La madre de Lisa la abandon\u00f3 cuando era una reci\u00e9n nacida y fue criada en un orfanato. Lisa tiene la oportunidad de aprender qui\u00e9n es su madre mientras ayuda a Amy a tratar de salvar a un poni que est\u00e1 herido; \u00bfLo aprovechar\u00e1? Jack se comporta de manera err\u00e1tica. \u00bfLe contar\u00e1 a Amy su secreto? \u00a1Tu elecci\u00f3n est\u00e1 hecha! \u00bfTe gustar\u00eda un final diferente para la historia? \u00a1Vuelve a jugar y selecciona diferentes opciones!                      <\/p>\n<p>&nbsp;<\/p>\n<p>&nbsp;<\/p>\n<p><strong>Funciones:<\/strong><\/p>\n<ul>\n<li>-\u00a1T\u00da decides c\u00f3mo avanza la historia, con puntos de decisi\u00f3n significativos que afectan c\u00f3mo termina la historia!<\/li>\n<li>\u00a1Salva caballos y delfines, y ayuda cuando nazcan lindos cachorros de delf\u00edn!<\/li>\n<li>Desarrolla habilidades veterinarias expertas mientras conquistas emocionantes minijuegos.<\/li>\n<li>Maneja las emergencias de los animales pasando por 30 niveles de desaf\u00edo adem\u00e1s de 60 niveles salvajes.<\/li>\n<li>\u00a1Convi\u00e9rtete en bi\u00f3logo marino en seis lugares incre\u00edbles!<\/li>\n<li>\u00a1Cura a los adorables caballos en el orfanato!<\/li>\n<li>Adopta y cuida a los animales, y observa cu\u00e1nto llegan a adorarte.<\/li>\n<li>Consigue m\u00e1s diamantes para comprar art\u00edculos adicionales para tus mascotas.<\/li>\n<li>Descubra el estado actual de las cosas en Snuggford y ayude a preservar el medio ambiente.<\/li>\n<\/ul>\n","protected":false},"excerpt":{"rendered":"<p>En el juego de gesti\u00f3n del tiempo Dr. Cares &#8211; Family Practice, demuestra tu destreza como m\u00e9dico de animales.<\/p>\n","protected":false},"author":4,"featured_media":76491,"comment_status":"open","ping_status":"closed","template":"","meta":{"_acf_changed":false,"inline_featured_image":false},"product_brand":[],"product_cat":[212],"product_tag":[288],"class_list":{"0":"post-133925","1":"product","2":"type-product","3":"status-publish","4":"has-post-thumbnail","6":"product_cat-time-management-es","7":"product_tag-play-on-pc-es","9":"first","10":"instock","11":"shipping-taxable","12":"purchasable","13":"product-type-simple"},"acf":[],"yoast_head":"<!-- This site is optimized with the Yoast SEO Premium plugin v25.2 (Yoast SEO v25.2) - https:\/\/yoast.com\/wordpress\/plugins\/seo\/ -->\n<title>Dr. Cares - Medicina Familiar - Muestra habilidades como m\u00e9dico de animales en Dr. Cares<\/title>\n<meta name=\"description\" content=\"En el juego de gesti\u00f3n del tiempo Dr. Cares - Family Practice, demuestra tu destreza como m\u00e9dico de animales.\" \/>\n<meta name=\"robots\" content=\"index, follow, max-snippet:-1, max-image-preview:large, max-video-preview:-1\" \/>\n<link rel=\"canonical\" href=\"https:\/\/www.iplay.com\/es\/games\/dr-cares-family-practice\/\" \/>\n<meta property=\"og:locale\" content=\"es_ES\" \/>\n<meta property=\"og:type\" content=\"article\" \/>\n<meta property=\"og:title\" content=\"Dr. Cares - Family Practice\" \/>\n<meta property=\"og:description\" content=\"En el juego de gesti\u00f3n del tiempo Dr. Cares - Family Practice, demuestra tu destreza como m\u00e9dico de animales.\" \/>\n<meta property=\"og:url\" content=\"https:\/\/www.iplay.com\/es\/games\/dr-cares-family-practice\/\" \/>\n<meta property=\"og:site_name\" content=\"IPlay\" \/>\n<meta property=\"og:image\" content=\"https:\/\/www.iplay.com\/wp-content\/uploads\/2023\/12\/large_square_tile_image-2278.jpg\" \/>\n\t<meta property=\"og:image:width\" content=\"310\" \/>\n\t<meta property=\"og:image:height\" content=\"310\" \/>\n\t<meta property=\"og:image:type\" content=\"image\/jpeg\" \/>\n<meta name=\"twitter:card\" content=\"summary_large_image\" \/>\n<meta name=\"twitter:label1\" content=\"Est. reading time\" \/>\n\t<meta name=\"twitter:data1\" content=\"2 minutos\" \/>\n<script type=\"application\/ld+json\" class=\"yoast-schema-graph\">{\"@context\":\"https:\/\/schema.org\",\"@graph\":[{\"@type\":\"WebPage\",\"@id\":\"https:\/\/www.iplay.com\/es\/games\/dr-cares-family-practice\/\",\"url\":\"https:\/\/www.iplay.com\/es\/games\/dr-cares-family-practice\/\",\"name\":\"Dr. Cares - Medicina Familiar - Muestra habilidades como m\u00e9dico de animales en Dr. Cares\",\"isPartOf\":{\"@id\":\"https:\/\/www.iplay.com\/en\/#website\"},\"primaryImageOfPage\":{\"@id\":\"https:\/\/www.iplay.com\/es\/games\/dr-cares-family-practice\/#primaryimage\"},\"image\":{\"@id\":\"https:\/\/www.iplay.com\/es\/games\/dr-cares-family-practice\/#primaryimage\"},\"thumbnailUrl\":\"https:\/\/www.iplay.com\/wp-content\/uploads\/2023\/12\/large_square_tile_image-2278.jpg\",\"datePublished\":\"2022-07-19T00:00:00+00:00\",\"description\":\"En el juego de gesti\u00f3n del tiempo Dr. Cares - Family Practice, demuestra tu destreza como m\u00e9dico de animales.\",\"breadcrumb\":{\"@id\":\"https:\/\/www.iplay.com\/es\/games\/dr-cares-family-practice\/#breadcrumb\"},\"inLanguage\":\"es\",\"potentialAction\":[{\"@type\":\"ReadAction\",\"target\":[\"https:\/\/www.iplay.com\/es\/games\/dr-cares-family-practice\/\"]}]},{\"@type\":\"ImageObject\",\"inLanguage\":\"es\",\"@id\":\"https:\/\/www.iplay.com\/es\/games\/dr-cares-family-practice\/#primaryimage\",\"url\":\"https:\/\/www.iplay.com\/wp-content\/uploads\/2023\/12\/large_square_tile_image-2278.jpg\",\"contentUrl\":\"https:\/\/www.iplay.com\/wp-content\/uploads\/2023\/12\/large_square_tile_image-2278.jpg\",\"width\":310,\"height\":310},{\"@type\":\"BreadcrumbList\",\"@id\":\"https:\/\/www.iplay.com\/es\/games\/dr-cares-family-practice\/#breadcrumb\",\"itemListElement\":[{\"@type\":\"ListItem\",\"position\":1,\"name\":\"Home\",\"item\":\"https:\/\/www.iplay.com\/es\/home-page-2\/\"},{\"@type\":\"ListItem\",\"position\":2,\"name\":\"Shop\",\"item\":\"https:\/\/www.iplay.com\/en\/shop\/\"},{\"@type\":\"ListItem\",\"position\":3,\"name\":\"Dr. Cares &#8211; Family Practice\"}]},{\"@type\":\"WebSite\",\"@id\":\"https:\/\/www.iplay.com\/en\/#website\",\"url\":\"https:\/\/www.iplay.com\/en\/\",\"name\":\"IPlay\",\"description\":\"The Best Casual Games!\",\"publisher\":{\"@id\":\"https:\/\/www.iplay.com\/en\/#organization\"},\"potentialAction\":[{\"@type\":\"SearchAction\",\"target\":{\"@type\":\"EntryPoint\",\"urlTemplate\":\"https:\/\/www.iplay.com\/en\/?s={search_term_string}\"},\"query-input\":{\"@type\":\"PropertyValueSpecification\",\"valueRequired\":true,\"valueName\":\"search_term_string\"}}],\"inLanguage\":\"es\"},{\"@type\":\"Organization\",\"@id\":\"https:\/\/www.iplay.com\/en\/#organization\",\"name\":\"IPlay\",\"url\":\"https:\/\/www.iplay.com\/en\/\",\"logo\":{\"@type\":\"ImageObject\",\"inLanguage\":\"es\",\"@id\":\"https:\/\/www.iplay.com\/en\/#\/schema\/logo\/image\/\",\"url\":\"https:\/\/www.iplay.com\/wp-content\/uploads\/2023\/11\/Group-6100.svg\",\"contentUrl\":\"https:\/\/www.iplay.com\/wp-content\/uploads\/2023\/11\/Group-6100.svg\",\"width\":98,\"height\":25,\"caption\":\"IPlay\"},\"image\":{\"@id\":\"https:\/\/www.iplay.com\/en\/#\/schema\/logo\/image\/\"}}]}<\/script>\n<!-- \/ Yoast SEO Premium plugin. -->","yoast_head_json":{"title":"Dr. Cares - Medicina Familiar - Muestra habilidades como m\u00e9dico de animales en Dr. Cares","description":"En el juego de gesti\u00f3n del tiempo Dr. Cares - Family Practice, demuestra tu destreza como m\u00e9dico de animales.","robots":{"index":"index","follow":"follow","max-snippet":"max-snippet:-1","max-image-preview":"max-image-preview:large","max-video-preview":"max-video-preview:-1"},"canonical":"https:\/\/www.iplay.com\/es\/games\/dr-cares-family-practice\/","og_locale":"es_ES","og_type":"article","og_title":"Dr. Cares - Family Practice","og_description":"En el juego de gesti\u00f3n del tiempo Dr. Cares - Family Practice, demuestra tu destreza como m\u00e9dico de animales.","og_url":"https:\/\/www.iplay.com\/es\/games\/dr-cares-family-practice\/","og_site_name":"IPlay","og_image":[{"width":310,"height":310,"url":"https:\/\/www.iplay.com\/wp-content\/uploads\/2023\/12\/large_square_tile_image-2278.jpg","type":"image\/jpeg"}],"twitter_card":"summary_large_image","twitter_misc":{"Est. reading time":"2 minutos"},"schema":{"@context":"https:\/\/schema.org","@graph":[{"@type":"WebPage","@id":"https:\/\/www.iplay.com\/es\/games\/dr-cares-family-practice\/","url":"https:\/\/www.iplay.com\/es\/games\/dr-cares-family-practice\/","name":"Dr. Cares - Medicina Familiar - Muestra habilidades como m\u00e9dico de animales en Dr. Cares","isPartOf":{"@id":"https:\/\/www.iplay.com\/en\/#website"},"primaryImageOfPage":{"@id":"https:\/\/www.iplay.com\/es\/games\/dr-cares-family-practice\/#primaryimage"},"image":{"@id":"https:\/\/www.iplay.com\/es\/games\/dr-cares-family-practice\/#primaryimage"},"thumbnailUrl":"https:\/\/www.iplay.com\/wp-content\/uploads\/2023\/12\/large_square_tile_image-2278.jpg","datePublished":"2022-07-19T00:00:00+00:00","description":"En el juego de gesti\u00f3n del tiempo Dr. Cares - Family Practice, demuestra tu destreza como m\u00e9dico de animales.","breadcrumb":{"@id":"https:\/\/www.iplay.com\/es\/games\/dr-cares-family-practice\/#breadcrumb"},"inLanguage":"es","potentialAction":[{"@type":"ReadAction","target":["https:\/\/www.iplay.com\/es\/games\/dr-cares-family-practice\/"]}]},{"@type":"ImageObject","inLanguage":"es","@id":"https:\/\/www.iplay.com\/es\/games\/dr-cares-family-practice\/#primaryimage","url":"https:\/\/www.iplay.com\/wp-content\/uploads\/2023\/12\/large_square_tile_image-2278.jpg","contentUrl":"https:\/\/www.iplay.com\/wp-content\/uploads\/2023\/12\/large_square_tile_image-2278.jpg","width":310,"height":310},{"@type":"BreadcrumbList","@id":"https:\/\/www.iplay.com\/es\/games\/dr-cares-family-practice\/#breadcrumb","itemListElement":[{"@type":"ListItem","position":1,"name":"Home","item":"https:\/\/www.iplay.com\/es\/home-page-2\/"},{"@type":"ListItem","position":2,"name":"Shop","item":"https:\/\/www.iplay.com\/en\/shop\/"},{"@type":"ListItem","position":3,"name":"Dr. Cares &#8211; Family Practice"}]},{"@type":"WebSite","@id":"https:\/\/www.iplay.com\/en\/#website","url":"https:\/\/www.iplay.com\/en\/","name":"IPlay","description":"The Best Casual Games!","publisher":{"@id":"https:\/\/www.iplay.com\/en\/#organization"},"potentialAction":[{"@type":"SearchAction","target":{"@type":"EntryPoint","urlTemplate":"https:\/\/www.iplay.com\/en\/?s={search_term_string}"},"query-input":{"@type":"PropertyValueSpecification","valueRequired":true,"valueName":"search_term_string"}}],"inLanguage":"es"},{"@type":"Organization","@id":"https:\/\/www.iplay.com\/en\/#organization","name":"IPlay","url":"https:\/\/www.iplay.com\/en\/","logo":{"@type":"ImageObject","inLanguage":"es","@id":"https:\/\/www.iplay.com\/en\/#\/schema\/logo\/image\/","url":"https:\/\/www.iplay.com\/wp-content\/uploads\/2023\/11\/Group-6100.svg","contentUrl":"https:\/\/www.iplay.com\/wp-content\/uploads\/2023\/11\/Group-6100.svg","width":98,"height":25,"caption":"IPlay"},"image":{"@id":"https:\/\/www.iplay.com\/en\/#\/schema\/logo\/image\/"}}]}},"_links":{"self":[{"href":"https:\/\/www.iplay.com\/es\/wp-json\/wp\/v2\/product\/133925","targetHints":{"allow":["GET"]}}],"collection":[{"href":"https:\/\/www.iplay.com\/es\/wp-json\/wp\/v2\/product"}],"about":[{"href":"https:\/\/www.iplay.com\/es\/wp-json\/wp\/v2\/types\/product"}],"author":[{"embeddable":true,"href":"https:\/\/www.iplay.com\/es\/wp-json\/wp\/v2\/users\/4"}],"replies":[{"embeddable":true,"href":"https:\/\/www.iplay.com\/es\/wp-json\/wp\/v2\/comments?post=133925"}],"wp:featuredmedia":[{"embeddable":true,"href":"https:\/\/www.iplay.com\/es\/wp-json\/wp\/v2\/media\/76491"}],"wp:attachment":[{"href":"https:\/\/www.iplay.com\/es\/wp-json\/wp\/v2\/media?parent=133925"}],"wp:term":[{"taxonomy":"product_brand","embeddable":true,"href":"https:\/\/www.iplay.com\/es\/wp-json\/wp\/v2\/product_brand?post=133925"},{"taxonomy":"product_cat","embeddable":true,"href":"https:\/\/www.iplay.com\/es\/wp-json\/wp\/v2\/product_cat?post=133925"},{"taxonomy":"product_tag","embeddable":true,"href":"https:\/\/www.iplay.com\/es\/wp-json\/wp\/v2\/product_tag?post=133925"}],"curies":[{"name":"wp","href":"https:\/\/api.w.org\/{rel}","templated":true}]}}