{"id":133899,"date":"2022-07-21T00:00:00","date_gmt":"2022-07-21T00:00:00","guid":{"rendered":"https:\/\/www.iplay.com\/games\/jewel-quest-the-sleepless-star-premium-edition\/"},"modified":"2022-07-21T00:00:00","modified_gmt":"2022-07-21T00:00:00","slug":"jewel-quest-the-sleepless-star-premium-edition","status":"publish","type":"product","link":"https:\/\/www.iplay.com\/es\/games\/jewel-quest-the-sleepless-star-premium-edition\/","title":{"rendered":"Jewel Quest: The Sleepless Star Premium Edition"},"content":{"rendered":"<p><strong>Este juego de Edici\u00f3n Premium incluye:<br \/>\n<\/strong>\u2022 3 tableros de joyas adicionales en cada cap\u00edtulo<br \/>\n\u2022 Acceso a un<sup>7\u00ba<\/sup> cap\u00edtulo, que consta de 40 tableros<br \/>\n de joyas premium\u2022 Coleccionables<br \/>\n adicionales\u2022 Misiones de bonificaci\u00f3n<\/p>\n<p>&nbsp;<\/p>\n<p>Sigue las tribulaciones del intr\u00e9pido explorador, Percy Pack, en Jewel Quest: The Sleepless Star. Mientras busca una piedra preciosa conocida como la Estrella Insomne, Pack se entera de que un coleccionista de joyas deshonesto se ha llevado la gema de un pueblo nativo americano. \u00a1Resuelve m\u00e1s de 200 rompecabezas de tablero de joyas, incluidos rompecabezas de obst\u00e1culos nunca antes vistos! \u00a1Viaja a lugares ex\u00f3ticos en dos continentes con Percy y una hermosa algonquina llamada Pluma Amarilla, y enfr\u00e9ntate al peligro a cada paso en tu b\u00fasqueda para recuperar la joya! Navega por una narrativa magn\u00edficamente renderizada y completamente doblada que incluye un mont\u00f3n de potenciadores recopilados y opciones de b\u00fasqueda que te llevar\u00e1n a trav\u00e9s de todos tus juegos favoritos de Jewel Quest del pasado.<\/p>\n","protected":false},"excerpt":{"rendered":"<p>\u00a1Una magn\u00edfica historia de romance, emoci\u00f3n y gemas robadas!<\/p>\n","protected":false},"author":4,"featured_media":55704,"comment_status":"open","ping_status":"closed","template":"","meta":{"_acf_changed":false,"inline_featured_image":false},"product_brand":[],"product_cat":[192],"product_tag":[],"class_list":{"0":"post-133899","1":"product","2":"type-product","3":"status-publish","4":"has-post-thumbnail","6":"product_cat-puzzle-es","8":"first","9":"instock","10":"shipping-taxable","11":"purchasable","12":"product-type-simple"},"acf":[],"yoast_head":"<!-- This site is optimized with the Yoast SEO Premium plugin v25.2 (Yoast SEO v25.2) - https:\/\/yoast.com\/wordpress\/plugins\/seo\/ -->\n<title>Jewel Quest: The Sleepless Star Premium Edition - Una historia \u00e9pica de amor, aventura y joyas robadas<\/title>\n<meta name=\"description\" content=\"\u00a1Una magn\u00edfica historia de romance, emoci\u00f3n y gemas robadas!\" \/>\n<meta name=\"robots\" content=\"index, follow, max-snippet:-1, max-image-preview:large, max-video-preview:-1\" \/>\n<link rel=\"canonical\" href=\"https:\/\/www.iplay.com\/es\/games\/jewel-quest-the-sleepless-star-premium-edition\/\" \/>\n<meta property=\"og:locale\" content=\"es_ES\" \/>\n<meta property=\"og:type\" content=\"article\" \/>\n<meta property=\"og:title\" content=\"Jewel Quest: The Sleepless Star Premium Edition\" \/>\n<meta property=\"og:description\" content=\"\u00a1Una magn\u00edfica historia de romance, emoci\u00f3n y gemas robadas!\" \/>\n<meta property=\"og:url\" content=\"https:\/\/www.iplay.com\/es\/games\/jewel-quest-the-sleepless-star-premium-edition\/\" \/>\n<meta property=\"og:site_name\" content=\"IPlay\" \/>\n<meta property=\"og:image\" content=\"https:\/\/www.iplay.com\/wp-content\/uploads\/2023\/12\/large_square_tile_image-952.jpg\" \/>\n\t<meta property=\"og:image:width\" content=\"310\" \/>\n\t<meta property=\"og:image:height\" content=\"310\" \/>\n\t<meta property=\"og:image:type\" content=\"image\/jpeg\" \/>\n<meta name=\"twitter:card\" content=\"summary_large_image\" \/>\n<meta name=\"twitter:label1\" content=\"Est. reading time\" \/>\n\t<meta name=\"twitter:data1\" content=\"1 minuto\" \/>\n<script type=\"application\/ld+json\" class=\"yoast-schema-graph\">{\"@context\":\"https:\/\/schema.org\",\"@graph\":[{\"@type\":\"WebPage\",\"@id\":\"https:\/\/www.iplay.com\/es\/games\/jewel-quest-the-sleepless-star-premium-edition\/\",\"url\":\"https:\/\/www.iplay.com\/es\/games\/jewel-quest-the-sleepless-star-premium-edition\/\",\"name\":\"Jewel Quest: The Sleepless Star Premium Edition - Una historia \u00e9pica de amor, aventura y joyas robadas\",\"isPartOf\":{\"@id\":\"https:\/\/www.iplay.com\/en\/#website\"},\"primaryImageOfPage\":{\"@id\":\"https:\/\/www.iplay.com\/es\/games\/jewel-quest-the-sleepless-star-premium-edition\/#primaryimage\"},\"image\":{\"@id\":\"https:\/\/www.iplay.com\/es\/games\/jewel-quest-the-sleepless-star-premium-edition\/#primaryimage\"},\"thumbnailUrl\":\"https:\/\/www.iplay.com\/wp-content\/uploads\/2023\/12\/large_square_tile_image-952.jpg\",\"datePublished\":\"2022-07-21T00:00:00+00:00\",\"description\":\"\u00a1Una magn\u00edfica historia de romance, emoci\u00f3n y gemas robadas!\",\"breadcrumb\":{\"@id\":\"https:\/\/www.iplay.com\/es\/games\/jewel-quest-the-sleepless-star-premium-edition\/#breadcrumb\"},\"inLanguage\":\"es\",\"potentialAction\":[{\"@type\":\"ReadAction\",\"target\":[\"https:\/\/www.iplay.com\/es\/games\/jewel-quest-the-sleepless-star-premium-edition\/\"]}]},{\"@type\":\"ImageObject\",\"inLanguage\":\"es\",\"@id\":\"https:\/\/www.iplay.com\/es\/games\/jewel-quest-the-sleepless-star-premium-edition\/#primaryimage\",\"url\":\"https:\/\/www.iplay.com\/wp-content\/uploads\/2023\/12\/large_square_tile_image-952.jpg\",\"contentUrl\":\"https:\/\/www.iplay.com\/wp-content\/uploads\/2023\/12\/large_square_tile_image-952.jpg\",\"width\":310,\"height\":310},{\"@type\":\"BreadcrumbList\",\"@id\":\"https:\/\/www.iplay.com\/es\/games\/jewel-quest-the-sleepless-star-premium-edition\/#breadcrumb\",\"itemListElement\":[{\"@type\":\"ListItem\",\"position\":1,\"name\":\"Home\",\"item\":\"https:\/\/www.iplay.com\/es\/home-page-2\/\"},{\"@type\":\"ListItem\",\"position\":2,\"name\":\"Shop\",\"item\":\"https:\/\/www.iplay.com\/en\/shop\/\"},{\"@type\":\"ListItem\",\"position\":3,\"name\":\"Jewel Quest: The Sleepless Star Premium Edition\"}]},{\"@type\":\"WebSite\",\"@id\":\"https:\/\/www.iplay.com\/en\/#website\",\"url\":\"https:\/\/www.iplay.com\/en\/\",\"name\":\"IPlay\",\"description\":\"The Best Casual Games!\",\"publisher\":{\"@id\":\"https:\/\/www.iplay.com\/en\/#organization\"},\"potentialAction\":[{\"@type\":\"SearchAction\",\"target\":{\"@type\":\"EntryPoint\",\"urlTemplate\":\"https:\/\/www.iplay.com\/en\/?s={search_term_string}\"},\"query-input\":{\"@type\":\"PropertyValueSpecification\",\"valueRequired\":true,\"valueName\":\"search_term_string\"}}],\"inLanguage\":\"es\"},{\"@type\":\"Organization\",\"@id\":\"https:\/\/www.iplay.com\/en\/#organization\",\"name\":\"IPlay\",\"url\":\"https:\/\/www.iplay.com\/en\/\",\"logo\":{\"@type\":\"ImageObject\",\"inLanguage\":\"es\",\"@id\":\"https:\/\/www.iplay.com\/en\/#\/schema\/logo\/image\/\",\"url\":\"https:\/\/www.iplay.com\/wp-content\/uploads\/2023\/11\/Group-6100.svg\",\"contentUrl\":\"https:\/\/www.iplay.com\/wp-content\/uploads\/2023\/11\/Group-6100.svg\",\"width\":98,\"height\":25,\"caption\":\"IPlay\"},\"image\":{\"@id\":\"https:\/\/www.iplay.com\/en\/#\/schema\/logo\/image\/\"}}]}<\/script>\n<!-- \/ Yoast SEO Premium plugin. -->","yoast_head_json":{"title":"Jewel Quest: The Sleepless Star Premium Edition - Una historia \u00e9pica de amor, aventura y joyas robadas","description":"\u00a1Una magn\u00edfica historia de romance, emoci\u00f3n y gemas robadas!","robots":{"index":"index","follow":"follow","max-snippet":"max-snippet:-1","max-image-preview":"max-image-preview:large","max-video-preview":"max-video-preview:-1"},"canonical":"https:\/\/www.iplay.com\/es\/games\/jewel-quest-the-sleepless-star-premium-edition\/","og_locale":"es_ES","og_type":"article","og_title":"Jewel Quest: The Sleepless Star Premium Edition","og_description":"\u00a1Una magn\u00edfica historia de romance, emoci\u00f3n y gemas robadas!","og_url":"https:\/\/www.iplay.com\/es\/games\/jewel-quest-the-sleepless-star-premium-edition\/","og_site_name":"IPlay","og_image":[{"width":310,"height":310,"url":"https:\/\/www.iplay.com\/wp-content\/uploads\/2023\/12\/large_square_tile_image-952.jpg","type":"image\/jpeg"}],"twitter_card":"summary_large_image","twitter_misc":{"Est. reading time":"1 minuto"},"schema":{"@context":"https:\/\/schema.org","@graph":[{"@type":"WebPage","@id":"https:\/\/www.iplay.com\/es\/games\/jewel-quest-the-sleepless-star-premium-edition\/","url":"https:\/\/www.iplay.com\/es\/games\/jewel-quest-the-sleepless-star-premium-edition\/","name":"Jewel Quest: The Sleepless Star Premium Edition - Una historia \u00e9pica de amor, aventura y joyas robadas","isPartOf":{"@id":"https:\/\/www.iplay.com\/en\/#website"},"primaryImageOfPage":{"@id":"https:\/\/www.iplay.com\/es\/games\/jewel-quest-the-sleepless-star-premium-edition\/#primaryimage"},"image":{"@id":"https:\/\/www.iplay.com\/es\/games\/jewel-quest-the-sleepless-star-premium-edition\/#primaryimage"},"thumbnailUrl":"https:\/\/www.iplay.com\/wp-content\/uploads\/2023\/12\/large_square_tile_image-952.jpg","datePublished":"2022-07-21T00:00:00+00:00","description":"\u00a1Una magn\u00edfica historia de romance, emoci\u00f3n y gemas robadas!","breadcrumb":{"@id":"https:\/\/www.iplay.com\/es\/games\/jewel-quest-the-sleepless-star-premium-edition\/#breadcrumb"},"inLanguage":"es","potentialAction":[{"@type":"ReadAction","target":["https:\/\/www.iplay.com\/es\/games\/jewel-quest-the-sleepless-star-premium-edition\/"]}]},{"@type":"ImageObject","inLanguage":"es","@id":"https:\/\/www.iplay.com\/es\/games\/jewel-quest-the-sleepless-star-premium-edition\/#primaryimage","url":"https:\/\/www.iplay.com\/wp-content\/uploads\/2023\/12\/large_square_tile_image-952.jpg","contentUrl":"https:\/\/www.iplay.com\/wp-content\/uploads\/2023\/12\/large_square_tile_image-952.jpg","width":310,"height":310},{"@type":"BreadcrumbList","@id":"https:\/\/www.iplay.com\/es\/games\/jewel-quest-the-sleepless-star-premium-edition\/#breadcrumb","itemListElement":[{"@type":"ListItem","position":1,"name":"Home","item":"https:\/\/www.iplay.com\/es\/home-page-2\/"},{"@type":"ListItem","position":2,"name":"Shop","item":"https:\/\/www.iplay.com\/en\/shop\/"},{"@type":"ListItem","position":3,"name":"Jewel Quest: The Sleepless Star Premium Edition"}]},{"@type":"WebSite","@id":"https:\/\/www.iplay.com\/en\/#website","url":"https:\/\/www.iplay.com\/en\/","name":"IPlay","description":"The Best Casual Games!","publisher":{"@id":"https:\/\/www.iplay.com\/en\/#organization"},"potentialAction":[{"@type":"SearchAction","target":{"@type":"EntryPoint","urlTemplate":"https:\/\/www.iplay.com\/en\/?s={search_term_string}"},"query-input":{"@type":"PropertyValueSpecification","valueRequired":true,"valueName":"search_term_string"}}],"inLanguage":"es"},{"@type":"Organization","@id":"https:\/\/www.iplay.com\/en\/#organization","name":"IPlay","url":"https:\/\/www.iplay.com\/en\/","logo":{"@type":"ImageObject","inLanguage":"es","@id":"https:\/\/www.iplay.com\/en\/#\/schema\/logo\/image\/","url":"https:\/\/www.iplay.com\/wp-content\/uploads\/2023\/11\/Group-6100.svg","contentUrl":"https:\/\/www.iplay.com\/wp-content\/uploads\/2023\/11\/Group-6100.svg","width":98,"height":25,"caption":"IPlay"},"image":{"@id":"https:\/\/www.iplay.com\/en\/#\/schema\/logo\/image\/"}}]}},"_links":{"self":[{"href":"https:\/\/www.iplay.com\/es\/wp-json\/wp\/v2\/product\/133899","targetHints":{"allow":["GET"]}}],"collection":[{"href":"https:\/\/www.iplay.com\/es\/wp-json\/wp\/v2\/product"}],"about":[{"href":"https:\/\/www.iplay.com\/es\/wp-json\/wp\/v2\/types\/product"}],"author":[{"embeddable":true,"href":"https:\/\/www.iplay.com\/es\/wp-json\/wp\/v2\/users\/4"}],"replies":[{"embeddable":true,"href":"https:\/\/www.iplay.com\/es\/wp-json\/wp\/v2\/comments?post=133899"}],"wp:featuredmedia":[{"embeddable":true,"href":"https:\/\/www.iplay.com\/es\/wp-json\/wp\/v2\/media\/55704"}],"wp:attachment":[{"href":"https:\/\/www.iplay.com\/es\/wp-json\/wp\/v2\/media?parent=133899"}],"wp:term":[{"taxonomy":"product_brand","embeddable":true,"href":"https:\/\/www.iplay.com\/es\/wp-json\/wp\/v2\/product_brand?post=133899"},{"taxonomy":"product_cat","embeddable":true,"href":"https:\/\/www.iplay.com\/es\/wp-json\/wp\/v2\/product_cat?post=133899"},{"taxonomy":"product_tag","embeddable":true,"href":"https:\/\/www.iplay.com\/es\/wp-json\/wp\/v2\/product_tag?post=133899"}],"curies":[{"name":"wp","href":"https:\/\/api.w.org\/{rel}","templated":true}]}}