{"id":133888,"date":"2022-08-07T00:00:00","date_gmt":"2022-08-07T00:00:00","guid":{"rendered":"https:\/\/www.iplay.com\/games\/golden-rails-4-worlds-fair-collectors-edition\/"},"modified":"2025-08-22T10:48:14","modified_gmt":"2025-08-22T10:48:14","slug":"golden-rails-4-worlds-fair-collectors-edition","status":"publish","type":"product","link":"https:\/\/www.iplay.com\/es\/games\/golden-rails-4-worlds-fair-collectors-edition\/","title":{"rendered":"Golden Rails 4: World&#8217;s Fair Collector&#8217;s Edition"},"content":{"rendered":"<p>\u00a1El alcalde de tu ciudad quiere tu ayuda para construir una feria mundial! S\u00fabete las mangas, porque est\u00e1s a punto de hacer un buen entrenamiento. Repare las l\u00edneas oxidadas y construya nuevas v\u00edas f\u00e9rreas para que los visitantes y residentes puedan presenciar de primera mano el surgimiento de la era el\u00e9ctrica. Lucha contra los malvados ladrones que buscan sabotear tus planes. Al mismo tiempo, debes apagar incendios, reconstruir asentamientos destruidos, crear rutas comerciales terrestres y acu\u00e1ticas y prepararte para la inauguraci\u00f3n de la exposici\u00f3n m\u00e1s grande del mundo. A medida que avanzas a trav\u00e9s de varios niveles emocionantes, contin\u00faa conquistando el Salvaje Oeste con tus queridos h\u00e9roes, Jack y Jill. A medida que avances, ganar\u00e1s estrellas que podr\u00e1s usar para comprar mejoras.      <\/p>\n<p>&nbsp;<\/p>\n<p>&nbsp;<\/p>\n<p><strong>  Caracter\u00edsticas de la Edici\u00f3n de Coleccionista:<\/strong><\/p>\n<p>&nbsp;<\/p>\n<p>&#8211; 15 niveles de bonificaci\u00f3n<\/p>\n<p>-Logros<\/p>\n<p>&#8211; Bandas sonoras descargables<\/p>\n<p>&#8211; Hermosos fondos de pantalla de escritorio<\/p>\n<p>&#8211; Gu\u00eda de niveles paso a paso<\/p>\n","protected":false},"excerpt":{"rendered":"<p>\u00a1El alcalde de tu ciudad quiere tu ayuda para construir una feria mundial!<\/p>\n","protected":false},"author":8,"featured_media":76315,"comment_status":"open","ping_status":"closed","template":"","meta":{"_acf_changed":false,"inline_featured_image":false},"product_brand":[],"product_cat":[212],"product_tag":[256,288],"class_list":{"0":"post-133888","1":"product","2":"type-product","3":"status-publish","4":"has-post-thumbnail","6":"product_cat-time-management-es","7":"product_tag-golden-rails-series-es","8":"product_tag-play-on-pc-es","10":"first","11":"instock","12":"shipping-taxable","13":"purchasable","14":"product-type-simple"},"acf":[],"yoast_head":"<!-- This site is optimized with the Yoast SEO Premium plugin v25.2 (Yoast SEO v25.2) - https:\/\/yoast.com\/wordpress\/plugins\/seo\/ -->\n<title>Golden Rails 4: World&#039;s Fair Collector&#039;s Edition - Contribuye a la construcci\u00f3n de una feria mundial<\/title>\n<meta name=\"description\" content=\"\u00a1El alcalde de tu ciudad quiere tu ayuda para construir una feria mundial!\" \/>\n<meta name=\"robots\" content=\"index, follow, max-snippet:-1, max-image-preview:large, max-video-preview:-1\" \/>\n<link rel=\"canonical\" href=\"https:\/\/www.iplay.com\/es\/games\/golden-rails-4-worlds-fair-collectors-edition\/\" \/>\n<meta property=\"og:locale\" content=\"es_ES\" \/>\n<meta property=\"og:type\" content=\"article\" \/>\n<meta property=\"og:title\" content=\"Golden Rails 4: World&#039;s Fair Collector&#039;s Edition\" \/>\n<meta property=\"og:description\" content=\"\u00a1El alcalde de tu ciudad quiere tu ayuda para construir una feria mundial!\" \/>\n<meta property=\"og:url\" content=\"https:\/\/www.iplay.com\/es\/games\/golden-rails-4-worlds-fair-collectors-edition\/\" \/>\n<meta property=\"og:site_name\" content=\"IPlay\" \/>\n<meta property=\"article:modified_time\" content=\"2025-08-22T10:48:14+00:00\" \/>\n<meta property=\"og:image\" content=\"https:\/\/www.iplay.com\/wp-content\/uploads\/2023\/12\/large_square_tile_image-2267.jpg\" \/>\n\t<meta property=\"og:image:width\" content=\"310\" \/>\n\t<meta property=\"og:image:height\" content=\"310\" \/>\n\t<meta property=\"og:image:type\" content=\"image\/jpeg\" \/>\n<meta name=\"twitter:card\" content=\"summary_large_image\" \/>\n<meta name=\"twitter:label1\" content=\"Est. reading time\" \/>\n\t<meta name=\"twitter:data1\" content=\"1 minuto\" \/>\n<script type=\"application\/ld+json\" class=\"yoast-schema-graph\">{\"@context\":\"https:\/\/schema.org\",\"@graph\":[{\"@type\":\"WebPage\",\"@id\":\"https:\/\/www.iplay.com\/es\/games\/golden-rails-4-worlds-fair-collectors-edition\/\",\"url\":\"https:\/\/www.iplay.com\/es\/games\/golden-rails-4-worlds-fair-collectors-edition\/\",\"name\":\"Golden Rails 4: World's Fair Collector's Edition - Contribuye a la construcci\u00f3n de una feria mundial\",\"isPartOf\":{\"@id\":\"https:\/\/www.iplay.com\/en\/#website\"},\"primaryImageOfPage\":{\"@id\":\"https:\/\/www.iplay.com\/es\/games\/golden-rails-4-worlds-fair-collectors-edition\/#primaryimage\"},\"image\":{\"@id\":\"https:\/\/www.iplay.com\/es\/games\/golden-rails-4-worlds-fair-collectors-edition\/#primaryimage\"},\"thumbnailUrl\":\"https:\/\/www.iplay.com\/wp-content\/uploads\/2023\/12\/large_square_tile_image-2267.jpg\",\"datePublished\":\"2022-08-07T00:00:00+00:00\",\"dateModified\":\"2025-08-22T10:48:14+00:00\",\"description\":\"\u00a1El alcalde de tu ciudad quiere tu ayuda para construir una feria mundial!\",\"breadcrumb\":{\"@id\":\"https:\/\/www.iplay.com\/es\/games\/golden-rails-4-worlds-fair-collectors-edition\/#breadcrumb\"},\"inLanguage\":\"es\",\"potentialAction\":[{\"@type\":\"ReadAction\",\"target\":[\"https:\/\/www.iplay.com\/es\/games\/golden-rails-4-worlds-fair-collectors-edition\/\"]}]},{\"@type\":\"ImageObject\",\"inLanguage\":\"es\",\"@id\":\"https:\/\/www.iplay.com\/es\/games\/golden-rails-4-worlds-fair-collectors-edition\/#primaryimage\",\"url\":\"https:\/\/www.iplay.com\/wp-content\/uploads\/2023\/12\/large_square_tile_image-2267.jpg\",\"contentUrl\":\"https:\/\/www.iplay.com\/wp-content\/uploads\/2023\/12\/large_square_tile_image-2267.jpg\",\"width\":310,\"height\":310},{\"@type\":\"BreadcrumbList\",\"@id\":\"https:\/\/www.iplay.com\/es\/games\/golden-rails-4-worlds-fair-collectors-edition\/#breadcrumb\",\"itemListElement\":[{\"@type\":\"ListItem\",\"position\":1,\"name\":\"Home\",\"item\":\"https:\/\/www.iplay.com\/es\/home-page-2\/\"},{\"@type\":\"ListItem\",\"position\":2,\"name\":\"Shop\",\"item\":\"https:\/\/www.iplay.com\/en\/shop\/\"},{\"@type\":\"ListItem\",\"position\":3,\"name\":\"Golden Rails 4: World&#8217;s Fair Collector&#8217;s Edition\"}]},{\"@type\":\"WebSite\",\"@id\":\"https:\/\/www.iplay.com\/en\/#website\",\"url\":\"https:\/\/www.iplay.com\/en\/\",\"name\":\"IPlay\",\"description\":\"The Best Casual Games!\",\"publisher\":{\"@id\":\"https:\/\/www.iplay.com\/en\/#organization\"},\"potentialAction\":[{\"@type\":\"SearchAction\",\"target\":{\"@type\":\"EntryPoint\",\"urlTemplate\":\"https:\/\/www.iplay.com\/en\/?s={search_term_string}\"},\"query-input\":{\"@type\":\"PropertyValueSpecification\",\"valueRequired\":true,\"valueName\":\"search_term_string\"}}],\"inLanguage\":\"es\"},{\"@type\":\"Organization\",\"@id\":\"https:\/\/www.iplay.com\/en\/#organization\",\"name\":\"IPlay\",\"url\":\"https:\/\/www.iplay.com\/en\/\",\"logo\":{\"@type\":\"ImageObject\",\"inLanguage\":\"es\",\"@id\":\"https:\/\/www.iplay.com\/en\/#\/schema\/logo\/image\/\",\"url\":\"https:\/\/www.iplay.com\/wp-content\/uploads\/2023\/11\/Group-6100.svg\",\"contentUrl\":\"https:\/\/www.iplay.com\/wp-content\/uploads\/2023\/11\/Group-6100.svg\",\"width\":98,\"height\":25,\"caption\":\"IPlay\"},\"image\":{\"@id\":\"https:\/\/www.iplay.com\/en\/#\/schema\/logo\/image\/\"}}]}<\/script>\n<!-- \/ Yoast SEO Premium plugin. -->","yoast_head_json":{"title":"Golden Rails 4: World's Fair Collector's Edition - Contribuye a la construcci\u00f3n de una feria mundial","description":"\u00a1El alcalde de tu ciudad quiere tu ayuda para construir una feria mundial!","robots":{"index":"index","follow":"follow","max-snippet":"max-snippet:-1","max-image-preview":"max-image-preview:large","max-video-preview":"max-video-preview:-1"},"canonical":"https:\/\/www.iplay.com\/es\/games\/golden-rails-4-worlds-fair-collectors-edition\/","og_locale":"es_ES","og_type":"article","og_title":"Golden Rails 4: World's Fair Collector's Edition","og_description":"\u00a1El alcalde de tu ciudad quiere tu ayuda para construir una feria mundial!","og_url":"https:\/\/www.iplay.com\/es\/games\/golden-rails-4-worlds-fair-collectors-edition\/","og_site_name":"IPlay","article_modified_time":"2025-08-22T10:48:14+00:00","og_image":[{"width":310,"height":310,"url":"https:\/\/www.iplay.com\/wp-content\/uploads\/2023\/12\/large_square_tile_image-2267.jpg","type":"image\/jpeg"}],"twitter_card":"summary_large_image","twitter_misc":{"Est. reading time":"1 minuto"},"schema":{"@context":"https:\/\/schema.org","@graph":[{"@type":"WebPage","@id":"https:\/\/www.iplay.com\/es\/games\/golden-rails-4-worlds-fair-collectors-edition\/","url":"https:\/\/www.iplay.com\/es\/games\/golden-rails-4-worlds-fair-collectors-edition\/","name":"Golden Rails 4: World's Fair Collector's Edition - Contribuye a la construcci\u00f3n de una feria mundial","isPartOf":{"@id":"https:\/\/www.iplay.com\/en\/#website"},"primaryImageOfPage":{"@id":"https:\/\/www.iplay.com\/es\/games\/golden-rails-4-worlds-fair-collectors-edition\/#primaryimage"},"image":{"@id":"https:\/\/www.iplay.com\/es\/games\/golden-rails-4-worlds-fair-collectors-edition\/#primaryimage"},"thumbnailUrl":"https:\/\/www.iplay.com\/wp-content\/uploads\/2023\/12\/large_square_tile_image-2267.jpg","datePublished":"2022-08-07T00:00:00+00:00","dateModified":"2025-08-22T10:48:14+00:00","description":"\u00a1El alcalde de tu ciudad quiere tu ayuda para construir una feria mundial!","breadcrumb":{"@id":"https:\/\/www.iplay.com\/es\/games\/golden-rails-4-worlds-fair-collectors-edition\/#breadcrumb"},"inLanguage":"es","potentialAction":[{"@type":"ReadAction","target":["https:\/\/www.iplay.com\/es\/games\/golden-rails-4-worlds-fair-collectors-edition\/"]}]},{"@type":"ImageObject","inLanguage":"es","@id":"https:\/\/www.iplay.com\/es\/games\/golden-rails-4-worlds-fair-collectors-edition\/#primaryimage","url":"https:\/\/www.iplay.com\/wp-content\/uploads\/2023\/12\/large_square_tile_image-2267.jpg","contentUrl":"https:\/\/www.iplay.com\/wp-content\/uploads\/2023\/12\/large_square_tile_image-2267.jpg","width":310,"height":310},{"@type":"BreadcrumbList","@id":"https:\/\/www.iplay.com\/es\/games\/golden-rails-4-worlds-fair-collectors-edition\/#breadcrumb","itemListElement":[{"@type":"ListItem","position":1,"name":"Home","item":"https:\/\/www.iplay.com\/es\/home-page-2\/"},{"@type":"ListItem","position":2,"name":"Shop","item":"https:\/\/www.iplay.com\/en\/shop\/"},{"@type":"ListItem","position":3,"name":"Golden Rails 4: World&#8217;s Fair Collector&#8217;s Edition"}]},{"@type":"WebSite","@id":"https:\/\/www.iplay.com\/en\/#website","url":"https:\/\/www.iplay.com\/en\/","name":"IPlay","description":"The Best Casual Games!","publisher":{"@id":"https:\/\/www.iplay.com\/en\/#organization"},"potentialAction":[{"@type":"SearchAction","target":{"@type":"EntryPoint","urlTemplate":"https:\/\/www.iplay.com\/en\/?s={search_term_string}"},"query-input":{"@type":"PropertyValueSpecification","valueRequired":true,"valueName":"search_term_string"}}],"inLanguage":"es"},{"@type":"Organization","@id":"https:\/\/www.iplay.com\/en\/#organization","name":"IPlay","url":"https:\/\/www.iplay.com\/en\/","logo":{"@type":"ImageObject","inLanguage":"es","@id":"https:\/\/www.iplay.com\/en\/#\/schema\/logo\/image\/","url":"https:\/\/www.iplay.com\/wp-content\/uploads\/2023\/11\/Group-6100.svg","contentUrl":"https:\/\/www.iplay.com\/wp-content\/uploads\/2023\/11\/Group-6100.svg","width":98,"height":25,"caption":"IPlay"},"image":{"@id":"https:\/\/www.iplay.com\/en\/#\/schema\/logo\/image\/"}}]}},"_links":{"self":[{"href":"https:\/\/www.iplay.com\/es\/wp-json\/wp\/v2\/product\/133888","targetHints":{"allow":["GET"]}}],"collection":[{"href":"https:\/\/www.iplay.com\/es\/wp-json\/wp\/v2\/product"}],"about":[{"href":"https:\/\/www.iplay.com\/es\/wp-json\/wp\/v2\/types\/product"}],"author":[{"embeddable":true,"href":"https:\/\/www.iplay.com\/es\/wp-json\/wp\/v2\/users\/8"}],"replies":[{"embeddable":true,"href":"https:\/\/www.iplay.com\/es\/wp-json\/wp\/v2\/comments?post=133888"}],"wp:featuredmedia":[{"embeddable":true,"href":"https:\/\/www.iplay.com\/es\/wp-json\/wp\/v2\/media\/76315"}],"wp:attachment":[{"href":"https:\/\/www.iplay.com\/es\/wp-json\/wp\/v2\/media?parent=133888"}],"wp:term":[{"taxonomy":"product_brand","embeddable":true,"href":"https:\/\/www.iplay.com\/es\/wp-json\/wp\/v2\/product_brand?post=133888"},{"taxonomy":"product_cat","embeddable":true,"href":"https:\/\/www.iplay.com\/es\/wp-json\/wp\/v2\/product_cat?post=133888"},{"taxonomy":"product_tag","embeddable":true,"href":"https:\/\/www.iplay.com\/es\/wp-json\/wp\/v2\/product_tag?post=133888"}],"curies":[{"name":"wp","href":"https:\/\/api.w.org\/{rel}","templated":true}]}}