{"id":133852,"date":"2022-07-29T00:00:00","date_gmt":"2022-07-29T00:00:00","guid":{"rendered":"https:\/\/www.iplay.com\/games\/alices-wonderland-5-a-ray-of-hope-collectors-edition\/"},"modified":"2022-07-29T00:00:00","modified_gmt":"2022-07-29T00:00:00","slug":"alices-wonderland-5-a-ray-of-hope-collectors-edition","status":"publish","type":"product","link":"https:\/\/www.iplay.com\/es\/games\/alices-wonderland-5-a-ray-of-hope-collectors-edition\/","title":{"rendered":"Alices Wonderland 5 &#8211; A Ray of Hope Collectors Edition"},"content":{"rendered":"<p>Algunos villanos son simplemente m\u00e1s pacientes que otros. Eso, o simplemente son m\u00e1s temerosos y no atacar\u00e1n hasta que la victoria est\u00e9 asegurada. Durante a\u00f1os, Jack of Clubs ha estado anticipando este momento, y finalmente ha llegado. Jack of Clubs tiene como objetivo hacer avanzar a su ej\u00e9rcito de monstruos de tinta durante el pr\u00f3ximo eclipse cuando el Pa\u00eds de las Maravillas estar\u00e1 completamente oscuro, \u00a1y no hay mucho que puedas hacer contra un fen\u00f3meno astron\u00f3mico de este tama\u00f1o! Alice y sus amigos deben encontrar una soluci\u00f3n lo antes posible. Todo el Pa\u00eds de las Maravillas acudir\u00e1 en su ayuda esta vez, y las sabias Reinas dirigir\u00e1n las defensas desde el principio. \u00a1Mis mejores deseos y recuerda que nunca debes rendirte!      <\/p>\n<p>&nbsp;<\/p>\n<p>&nbsp;<\/p>\n<p><strong>  Caracter\u00edsticas de la Edici\u00f3n de Coleccionista:<\/strong><\/p>\n<p>&nbsp;<\/p>\n<p>-12 nuevos niveles de historia;<\/p>\n<p>&#8211; objetos ocultos y adivinanzas adicionales;<\/p>\n<p>&#8211; m\u00e1s tareas y logros;<\/p>\n<p>&#8211; Gu\u00eda Estrat\u00e9gica Integrada.<\/p>\n","protected":false},"excerpt":{"rendered":"<p>\u00a1En Alices Wonderland 5 &#8211; A Ray of Hope Collectors Edition, puedes ayudar a salvar Wonderland una vez m\u00e1s!<\/p>\n","protected":false},"author":53,"featured_media":103445,"comment_status":"open","ping_status":"closed","template":"","meta":{"_acf_changed":false,"inline_featured_image":false},"product_brand":[],"product_cat":[212],"product_tag":[288],"class_list":{"0":"post-133852","1":"product","2":"type-product","3":"status-publish","4":"has-post-thumbnail","6":"product_cat-time-management-es","7":"product_tag-play-on-pc-es","9":"first","10":"instock","11":"shipping-taxable","12":"purchasable","13":"product-type-simple"},"acf":[],"yoast_head":"<!-- This site is optimized with the Yoast SEO Premium plugin v25.2 (Yoast SEO v25.2) - https:\/\/yoast.com\/wordpress\/plugins\/seo\/ -->\n<title>Alices Wonderland 5 - A Ray of Hope Collectors Edition - \u00a1Wonderland salvado de nuevo! (Alicia en el Pa\u00eds de las Maravillas 5)<\/title>\n<meta name=\"description\" content=\"\u00a1En Alices Wonderland 5 - A Ray of Hope Collectors Edition, puedes ayudar a salvar Wonderland una vez m\u00e1s!\" \/>\n<meta name=\"robots\" content=\"index, follow, max-snippet:-1, max-image-preview:large, max-video-preview:-1\" \/>\n<link rel=\"canonical\" href=\"https:\/\/www.iplay.com\/es\/games\/alices-wonderland-5-a-ray-of-hope-collectors-edition\/\" \/>\n<meta property=\"og:locale\" content=\"es_ES\" \/>\n<meta property=\"og:type\" content=\"article\" \/>\n<meta property=\"og:title\" content=\"Alices Wonderland 5 - A Ray of Hope Collectors Edition\" \/>\n<meta property=\"og:description\" content=\"\u00a1En Alices Wonderland 5 - A Ray of Hope Collectors Edition, puedes ayudar a salvar Wonderland una vez m\u00e1s!\" \/>\n<meta property=\"og:url\" content=\"https:\/\/www.iplay.com\/es\/games\/alices-wonderland-5-a-ray-of-hope-collectors-edition\/\" \/>\n<meta property=\"og:site_name\" content=\"IPlay\" \/>\n<meta property=\"og:image\" content=\"https:\/\/www.iplay.com\/wp-content\/uploads\/2023\/12\/large_square_tile_image-3979.jpg\" \/>\n\t<meta property=\"og:image:width\" content=\"310\" \/>\n\t<meta property=\"og:image:height\" content=\"310\" \/>\n\t<meta property=\"og:image:type\" content=\"image\/jpeg\" \/>\n<meta name=\"twitter:card\" content=\"summary_large_image\" \/>\n<meta name=\"twitter:label1\" content=\"Est. reading time\" \/>\n\t<meta name=\"twitter:data1\" content=\"1 minuto\" \/>\n<script type=\"application\/ld+json\" class=\"yoast-schema-graph\">{\"@context\":\"https:\/\/schema.org\",\"@graph\":[{\"@type\":\"WebPage\",\"@id\":\"https:\/\/www.iplay.com\/es\/games\/alices-wonderland-5-a-ray-of-hope-collectors-edition\/\",\"url\":\"https:\/\/www.iplay.com\/es\/games\/alices-wonderland-5-a-ray-of-hope-collectors-edition\/\",\"name\":\"Alices Wonderland 5 - A Ray of Hope Collectors Edition - \u00a1Wonderland salvado de nuevo! (Alicia en el Pa\u00eds de las Maravillas 5)\",\"isPartOf\":{\"@id\":\"https:\/\/www.iplay.com\/en\/#website\"},\"primaryImageOfPage\":{\"@id\":\"https:\/\/www.iplay.com\/es\/games\/alices-wonderland-5-a-ray-of-hope-collectors-edition\/#primaryimage\"},\"image\":{\"@id\":\"https:\/\/www.iplay.com\/es\/games\/alices-wonderland-5-a-ray-of-hope-collectors-edition\/#primaryimage\"},\"thumbnailUrl\":\"https:\/\/www.iplay.com\/wp-content\/uploads\/2023\/12\/large_square_tile_image-3979.jpg\",\"datePublished\":\"2022-07-29T00:00:00+00:00\",\"description\":\"\u00a1En Alices Wonderland 5 - A Ray of Hope Collectors Edition, puedes ayudar a salvar Wonderland una vez m\u00e1s!\",\"breadcrumb\":{\"@id\":\"https:\/\/www.iplay.com\/es\/games\/alices-wonderland-5-a-ray-of-hope-collectors-edition\/#breadcrumb\"},\"inLanguage\":\"es\",\"potentialAction\":[{\"@type\":\"ReadAction\",\"target\":[\"https:\/\/www.iplay.com\/es\/games\/alices-wonderland-5-a-ray-of-hope-collectors-edition\/\"]}]},{\"@type\":\"ImageObject\",\"inLanguage\":\"es\",\"@id\":\"https:\/\/www.iplay.com\/es\/games\/alices-wonderland-5-a-ray-of-hope-collectors-edition\/#primaryimage\",\"url\":\"https:\/\/www.iplay.com\/wp-content\/uploads\/2023\/12\/large_square_tile_image-3979.jpg\",\"contentUrl\":\"https:\/\/www.iplay.com\/wp-content\/uploads\/2023\/12\/large_square_tile_image-3979.jpg\",\"width\":310,\"height\":310},{\"@type\":\"BreadcrumbList\",\"@id\":\"https:\/\/www.iplay.com\/es\/games\/alices-wonderland-5-a-ray-of-hope-collectors-edition\/#breadcrumb\",\"itemListElement\":[{\"@type\":\"ListItem\",\"position\":1,\"name\":\"Home\",\"item\":\"https:\/\/www.iplay.com\/es\/home-page-2\/\"},{\"@type\":\"ListItem\",\"position\":2,\"name\":\"Shop\",\"item\":\"https:\/\/www.iplay.com\/en\/shop\/\"},{\"@type\":\"ListItem\",\"position\":3,\"name\":\"Alices Wonderland 5 &#8211; A Ray of Hope Collectors Edition\"}]},{\"@type\":\"WebSite\",\"@id\":\"https:\/\/www.iplay.com\/en\/#website\",\"url\":\"https:\/\/www.iplay.com\/en\/\",\"name\":\"IPlay\",\"description\":\"The Best Casual Games!\",\"publisher\":{\"@id\":\"https:\/\/www.iplay.com\/en\/#organization\"},\"potentialAction\":[{\"@type\":\"SearchAction\",\"target\":{\"@type\":\"EntryPoint\",\"urlTemplate\":\"https:\/\/www.iplay.com\/en\/?s={search_term_string}\"},\"query-input\":{\"@type\":\"PropertyValueSpecification\",\"valueRequired\":true,\"valueName\":\"search_term_string\"}}],\"inLanguage\":\"es\"},{\"@type\":\"Organization\",\"@id\":\"https:\/\/www.iplay.com\/en\/#organization\",\"name\":\"IPlay\",\"url\":\"https:\/\/www.iplay.com\/en\/\",\"logo\":{\"@type\":\"ImageObject\",\"inLanguage\":\"es\",\"@id\":\"https:\/\/www.iplay.com\/en\/#\/schema\/logo\/image\/\",\"url\":\"https:\/\/www.iplay.com\/wp-content\/uploads\/2023\/11\/Group-6100.svg\",\"contentUrl\":\"https:\/\/www.iplay.com\/wp-content\/uploads\/2023\/11\/Group-6100.svg\",\"width\":98,\"height\":25,\"caption\":\"IPlay\"},\"image\":{\"@id\":\"https:\/\/www.iplay.com\/en\/#\/schema\/logo\/image\/\"}}]}<\/script>\n<!-- \/ Yoast SEO Premium plugin. -->","yoast_head_json":{"title":"Alices Wonderland 5 - A Ray of Hope Collectors Edition - \u00a1Wonderland salvado de nuevo! (Alicia en el Pa\u00eds de las Maravillas 5)","description":"\u00a1En Alices Wonderland 5 - A Ray of Hope Collectors Edition, puedes ayudar a salvar Wonderland una vez m\u00e1s!","robots":{"index":"index","follow":"follow","max-snippet":"max-snippet:-1","max-image-preview":"max-image-preview:large","max-video-preview":"max-video-preview:-1"},"canonical":"https:\/\/www.iplay.com\/es\/games\/alices-wonderland-5-a-ray-of-hope-collectors-edition\/","og_locale":"es_ES","og_type":"article","og_title":"Alices Wonderland 5 - A Ray of Hope Collectors Edition","og_description":"\u00a1En Alices Wonderland 5 - A Ray of Hope Collectors Edition, puedes ayudar a salvar Wonderland una vez m\u00e1s!","og_url":"https:\/\/www.iplay.com\/es\/games\/alices-wonderland-5-a-ray-of-hope-collectors-edition\/","og_site_name":"IPlay","og_image":[{"width":310,"height":310,"url":"https:\/\/www.iplay.com\/wp-content\/uploads\/2023\/12\/large_square_tile_image-3979.jpg","type":"image\/jpeg"}],"twitter_card":"summary_large_image","twitter_misc":{"Est. reading time":"1 minuto"},"schema":{"@context":"https:\/\/schema.org","@graph":[{"@type":"WebPage","@id":"https:\/\/www.iplay.com\/es\/games\/alices-wonderland-5-a-ray-of-hope-collectors-edition\/","url":"https:\/\/www.iplay.com\/es\/games\/alices-wonderland-5-a-ray-of-hope-collectors-edition\/","name":"Alices Wonderland 5 - A Ray of Hope Collectors Edition - \u00a1Wonderland salvado de nuevo! (Alicia en el Pa\u00eds de las Maravillas 5)","isPartOf":{"@id":"https:\/\/www.iplay.com\/en\/#website"},"primaryImageOfPage":{"@id":"https:\/\/www.iplay.com\/es\/games\/alices-wonderland-5-a-ray-of-hope-collectors-edition\/#primaryimage"},"image":{"@id":"https:\/\/www.iplay.com\/es\/games\/alices-wonderland-5-a-ray-of-hope-collectors-edition\/#primaryimage"},"thumbnailUrl":"https:\/\/www.iplay.com\/wp-content\/uploads\/2023\/12\/large_square_tile_image-3979.jpg","datePublished":"2022-07-29T00:00:00+00:00","description":"\u00a1En Alices Wonderland 5 - A Ray of Hope Collectors Edition, puedes ayudar a salvar Wonderland una vez m\u00e1s!","breadcrumb":{"@id":"https:\/\/www.iplay.com\/es\/games\/alices-wonderland-5-a-ray-of-hope-collectors-edition\/#breadcrumb"},"inLanguage":"es","potentialAction":[{"@type":"ReadAction","target":["https:\/\/www.iplay.com\/es\/games\/alices-wonderland-5-a-ray-of-hope-collectors-edition\/"]}]},{"@type":"ImageObject","inLanguage":"es","@id":"https:\/\/www.iplay.com\/es\/games\/alices-wonderland-5-a-ray-of-hope-collectors-edition\/#primaryimage","url":"https:\/\/www.iplay.com\/wp-content\/uploads\/2023\/12\/large_square_tile_image-3979.jpg","contentUrl":"https:\/\/www.iplay.com\/wp-content\/uploads\/2023\/12\/large_square_tile_image-3979.jpg","width":310,"height":310},{"@type":"BreadcrumbList","@id":"https:\/\/www.iplay.com\/es\/games\/alices-wonderland-5-a-ray-of-hope-collectors-edition\/#breadcrumb","itemListElement":[{"@type":"ListItem","position":1,"name":"Home","item":"https:\/\/www.iplay.com\/es\/home-page-2\/"},{"@type":"ListItem","position":2,"name":"Shop","item":"https:\/\/www.iplay.com\/en\/shop\/"},{"@type":"ListItem","position":3,"name":"Alices Wonderland 5 &#8211; A Ray of Hope Collectors Edition"}]},{"@type":"WebSite","@id":"https:\/\/www.iplay.com\/en\/#website","url":"https:\/\/www.iplay.com\/en\/","name":"IPlay","description":"The Best Casual Games!","publisher":{"@id":"https:\/\/www.iplay.com\/en\/#organization"},"potentialAction":[{"@type":"SearchAction","target":{"@type":"EntryPoint","urlTemplate":"https:\/\/www.iplay.com\/en\/?s={search_term_string}"},"query-input":{"@type":"PropertyValueSpecification","valueRequired":true,"valueName":"search_term_string"}}],"inLanguage":"es"},{"@type":"Organization","@id":"https:\/\/www.iplay.com\/en\/#organization","name":"IPlay","url":"https:\/\/www.iplay.com\/en\/","logo":{"@type":"ImageObject","inLanguage":"es","@id":"https:\/\/www.iplay.com\/en\/#\/schema\/logo\/image\/","url":"https:\/\/www.iplay.com\/wp-content\/uploads\/2023\/11\/Group-6100.svg","contentUrl":"https:\/\/www.iplay.com\/wp-content\/uploads\/2023\/11\/Group-6100.svg","width":98,"height":25,"caption":"IPlay"},"image":{"@id":"https:\/\/www.iplay.com\/en\/#\/schema\/logo\/image\/"}}]}},"_links":{"self":[{"href":"https:\/\/www.iplay.com\/es\/wp-json\/wp\/v2\/product\/133852","targetHints":{"allow":["GET"]}}],"collection":[{"href":"https:\/\/www.iplay.com\/es\/wp-json\/wp\/v2\/product"}],"about":[{"href":"https:\/\/www.iplay.com\/es\/wp-json\/wp\/v2\/types\/product"}],"author":[{"embeddable":true,"href":"https:\/\/www.iplay.com\/es\/wp-json\/wp\/v2\/users\/53"}],"replies":[{"embeddable":true,"href":"https:\/\/www.iplay.com\/es\/wp-json\/wp\/v2\/comments?post=133852"}],"wp:featuredmedia":[{"embeddable":true,"href":"https:\/\/www.iplay.com\/es\/wp-json\/wp\/v2\/media\/103445"}],"wp:attachment":[{"href":"https:\/\/www.iplay.com\/es\/wp-json\/wp\/v2\/media?parent=133852"}],"wp:term":[{"taxonomy":"product_brand","embeddable":true,"href":"https:\/\/www.iplay.com\/es\/wp-json\/wp\/v2\/product_brand?post=133852"},{"taxonomy":"product_cat","embeddable":true,"href":"https:\/\/www.iplay.com\/es\/wp-json\/wp\/v2\/product_cat?post=133852"},{"taxonomy":"product_tag","embeddable":true,"href":"https:\/\/www.iplay.com\/es\/wp-json\/wp\/v2\/product_tag?post=133852"}],"curies":[{"name":"wp","href":"https:\/\/api.w.org\/{rel}","templated":true}]}}