{"id":133839,"date":"2022-08-09T00:00:00","date_gmt":"2022-08-09T00:00:00","guid":{"rendered":"https:\/\/www.iplay.com\/games\/jojos-fashion-show\/"},"modified":"2022-08-09T00:00:00","modified_gmt":"2022-08-09T00:00:00","slug":"jojos-fashion-show","status":"publish","type":"product","link":"https:\/\/www.iplay.com\/es\/games\/jojos-fashion-show\/","title":{"rendered":"Jojo&#8217;s Fashion Show"},"content":{"rendered":"<p>Jojo Cruz, una dise\u00f1adora de moda de moda, desapareci\u00f3 abruptamente de la pasarela despu\u00e9s de un ascenso mete\u00f3rico. Se retir\u00f3 de los focos para criar a su hija y administrar su propia peque\u00f1a tienda. Al mismo tiempo, su antiguo ayudante, Claudio Maximiro, salt\u00f3 a la fama internacional. Veinte a\u00f1os despu\u00e9s, Rosalind, la hija de Jojo, ha convencido a su madre para que regrese. Jojo est\u00e1 ansiosa por demostrarle a la industria de la moda que todav\u00eda tiene estilo, especialmente con Rosalind como su nueva asistente. \u00bfTodav\u00eda posee el impecable sentido de la coordinaci\u00f3n que la hizo conocida como la Se\u00f1ora de la Mezcla? A medida que Jojo realiza incre\u00edbles presentaciones de moda desde Nueva York hasta Par\u00eds y Mil\u00e1n, puedes ayudarla a volver a la pasarela. Crea conjuntos de moda con tops elegantes, vestidos sofisticados y tacones llamativos para exhibir tu sentido del estilo en pasarelas globales. Adem\u00e1s, ten en cuenta que la prenda perfecta puede hacer todo el look.<\/p>\n","protected":false},"excerpt":{"rendered":"<p>Jojo Cruz, una dise\u00f1adora de moda de moda, desapareci\u00f3 abruptamente de la pasarela despu\u00e9s de un ascenso mete\u00f3rico.<\/p>\n","protected":false},"author":4,"featured_media":45080,"comment_status":"open","ping_status":"closed","template":"","meta":{"_acf_changed":false,"inline_featured_image":false},"product_brand":[],"product_cat":[212],"product_tag":[288],"class_list":{"0":"post-133839","1":"product","2":"type-product","3":"status-publish","4":"has-post-thumbnail","6":"product_cat-time-management-es","7":"product_tag-play-on-pc-es","9":"first","10":"instock","11":"shipping-taxable","12":"purchasable","13":"product-type-simple"},"acf":[],"yoast_head":"<!-- This site is optimized with the Yoast SEO Premium plugin v25.2 (Yoast SEO v25.2) - https:\/\/yoast.com\/wordpress\/plugins\/seo\/ -->\n<title>Jojo&#039;s Fashion Show - Presume de estilo en la glamorosa pasarela<\/title>\n<meta name=\"description\" content=\"Jojo Cruz, una dise\u00f1adora de moda de moda, desapareci\u00f3 abruptamente de la pasarela despu\u00e9s de un ascenso mete\u00f3rico.\" \/>\n<meta name=\"robots\" content=\"index, follow, max-snippet:-1, max-image-preview:large, max-video-preview:-1\" \/>\n<link rel=\"canonical\" href=\"https:\/\/www.iplay.com\/es\/games\/jojos-fashion-show\/\" \/>\n<meta property=\"og:locale\" content=\"es_ES\" \/>\n<meta property=\"og:type\" content=\"article\" \/>\n<meta property=\"og:title\" content=\"Jojo&#039;s Fashion Show\" \/>\n<meta property=\"og:description\" content=\"Jojo Cruz, una dise\u00f1adora de moda de moda, desapareci\u00f3 abruptamente de la pasarela despu\u00e9s de un ascenso mete\u00f3rico.\" \/>\n<meta property=\"og:url\" content=\"https:\/\/www.iplay.com\/es\/games\/jojos-fashion-show\/\" \/>\n<meta property=\"og:site_name\" content=\"IPlay\" \/>\n<meta property=\"og:image\" content=\"https:\/\/www.iplay.com\/wp-content\/uploads\/2023\/12\/large_square_tile_image-259.jpg\" \/>\n\t<meta property=\"og:image:width\" content=\"310\" \/>\n\t<meta property=\"og:image:height\" content=\"310\" \/>\n\t<meta property=\"og:image:type\" content=\"image\/jpeg\" \/>\n<meta name=\"twitter:card\" content=\"summary_large_image\" \/>\n<meta name=\"twitter:label1\" content=\"Est. reading time\" \/>\n\t<meta name=\"twitter:data1\" content=\"1 minuto\" \/>\n<script type=\"application\/ld+json\" class=\"yoast-schema-graph\">{\"@context\":\"https:\/\/schema.org\",\"@graph\":[{\"@type\":\"WebPage\",\"@id\":\"https:\/\/www.iplay.com\/es\/games\/jojos-fashion-show\/\",\"url\":\"https:\/\/www.iplay.com\/es\/games\/jojos-fashion-show\/\",\"name\":\"Jojo's Fashion Show - Presume de estilo en la glamorosa pasarela\",\"isPartOf\":{\"@id\":\"https:\/\/www.iplay.com\/en\/#website\"},\"primaryImageOfPage\":{\"@id\":\"https:\/\/www.iplay.com\/es\/games\/jojos-fashion-show\/#primaryimage\"},\"image\":{\"@id\":\"https:\/\/www.iplay.com\/es\/games\/jojos-fashion-show\/#primaryimage\"},\"thumbnailUrl\":\"https:\/\/www.iplay.com\/wp-content\/uploads\/2023\/12\/large_square_tile_image-259.jpg\",\"datePublished\":\"2022-08-09T00:00:00+00:00\",\"description\":\"Jojo Cruz, una dise\u00f1adora de moda de moda, desapareci\u00f3 abruptamente de la pasarela despu\u00e9s de un ascenso mete\u00f3rico.\",\"breadcrumb\":{\"@id\":\"https:\/\/www.iplay.com\/es\/games\/jojos-fashion-show\/#breadcrumb\"},\"inLanguage\":\"es\",\"potentialAction\":[{\"@type\":\"ReadAction\",\"target\":[\"https:\/\/www.iplay.com\/es\/games\/jojos-fashion-show\/\"]}]},{\"@type\":\"ImageObject\",\"inLanguage\":\"es\",\"@id\":\"https:\/\/www.iplay.com\/es\/games\/jojos-fashion-show\/#primaryimage\",\"url\":\"https:\/\/www.iplay.com\/wp-content\/uploads\/2023\/12\/large_square_tile_image-259.jpg\",\"contentUrl\":\"https:\/\/www.iplay.com\/wp-content\/uploads\/2023\/12\/large_square_tile_image-259.jpg\",\"width\":310,\"height\":310},{\"@type\":\"BreadcrumbList\",\"@id\":\"https:\/\/www.iplay.com\/es\/games\/jojos-fashion-show\/#breadcrumb\",\"itemListElement\":[{\"@type\":\"ListItem\",\"position\":1,\"name\":\"Home\",\"item\":\"https:\/\/www.iplay.com\/es\/home-page-2\/\"},{\"@type\":\"ListItem\",\"position\":2,\"name\":\"Shop\",\"item\":\"https:\/\/www.iplay.com\/en\/shop\/\"},{\"@type\":\"ListItem\",\"position\":3,\"name\":\"Jojo&#8217;s Fashion Show\"}]},{\"@type\":\"WebSite\",\"@id\":\"https:\/\/www.iplay.com\/en\/#website\",\"url\":\"https:\/\/www.iplay.com\/en\/\",\"name\":\"IPlay\",\"description\":\"The Best Casual Games!\",\"publisher\":{\"@id\":\"https:\/\/www.iplay.com\/en\/#organization\"},\"potentialAction\":[{\"@type\":\"SearchAction\",\"target\":{\"@type\":\"EntryPoint\",\"urlTemplate\":\"https:\/\/www.iplay.com\/en\/?s={search_term_string}\"},\"query-input\":{\"@type\":\"PropertyValueSpecification\",\"valueRequired\":true,\"valueName\":\"search_term_string\"}}],\"inLanguage\":\"es\"},{\"@type\":\"Organization\",\"@id\":\"https:\/\/www.iplay.com\/en\/#organization\",\"name\":\"IPlay\",\"url\":\"https:\/\/www.iplay.com\/en\/\",\"logo\":{\"@type\":\"ImageObject\",\"inLanguage\":\"es\",\"@id\":\"https:\/\/www.iplay.com\/en\/#\/schema\/logo\/image\/\",\"url\":\"https:\/\/www.iplay.com\/wp-content\/uploads\/2023\/11\/Group-6100.svg\",\"contentUrl\":\"https:\/\/www.iplay.com\/wp-content\/uploads\/2023\/11\/Group-6100.svg\",\"width\":98,\"height\":25,\"caption\":\"IPlay\"},\"image\":{\"@id\":\"https:\/\/www.iplay.com\/en\/#\/schema\/logo\/image\/\"}}]}<\/script>\n<!-- \/ Yoast SEO Premium plugin. -->","yoast_head_json":{"title":"Jojo's Fashion Show - Presume de estilo en la glamorosa pasarela","description":"Jojo Cruz, una dise\u00f1adora de moda de moda, desapareci\u00f3 abruptamente de la pasarela despu\u00e9s de un ascenso mete\u00f3rico.","robots":{"index":"index","follow":"follow","max-snippet":"max-snippet:-1","max-image-preview":"max-image-preview:large","max-video-preview":"max-video-preview:-1"},"canonical":"https:\/\/www.iplay.com\/es\/games\/jojos-fashion-show\/","og_locale":"es_ES","og_type":"article","og_title":"Jojo's Fashion Show","og_description":"Jojo Cruz, una dise\u00f1adora de moda de moda, desapareci\u00f3 abruptamente de la pasarela despu\u00e9s de un ascenso mete\u00f3rico.","og_url":"https:\/\/www.iplay.com\/es\/games\/jojos-fashion-show\/","og_site_name":"IPlay","og_image":[{"width":310,"height":310,"url":"https:\/\/www.iplay.com\/wp-content\/uploads\/2023\/12\/large_square_tile_image-259.jpg","type":"image\/jpeg"}],"twitter_card":"summary_large_image","twitter_misc":{"Est. reading time":"1 minuto"},"schema":{"@context":"https:\/\/schema.org","@graph":[{"@type":"WebPage","@id":"https:\/\/www.iplay.com\/es\/games\/jojos-fashion-show\/","url":"https:\/\/www.iplay.com\/es\/games\/jojos-fashion-show\/","name":"Jojo's Fashion Show - Presume de estilo en la glamorosa pasarela","isPartOf":{"@id":"https:\/\/www.iplay.com\/en\/#website"},"primaryImageOfPage":{"@id":"https:\/\/www.iplay.com\/es\/games\/jojos-fashion-show\/#primaryimage"},"image":{"@id":"https:\/\/www.iplay.com\/es\/games\/jojos-fashion-show\/#primaryimage"},"thumbnailUrl":"https:\/\/www.iplay.com\/wp-content\/uploads\/2023\/12\/large_square_tile_image-259.jpg","datePublished":"2022-08-09T00:00:00+00:00","description":"Jojo Cruz, una dise\u00f1adora de moda de moda, desapareci\u00f3 abruptamente de la pasarela despu\u00e9s de un ascenso mete\u00f3rico.","breadcrumb":{"@id":"https:\/\/www.iplay.com\/es\/games\/jojos-fashion-show\/#breadcrumb"},"inLanguage":"es","potentialAction":[{"@type":"ReadAction","target":["https:\/\/www.iplay.com\/es\/games\/jojos-fashion-show\/"]}]},{"@type":"ImageObject","inLanguage":"es","@id":"https:\/\/www.iplay.com\/es\/games\/jojos-fashion-show\/#primaryimage","url":"https:\/\/www.iplay.com\/wp-content\/uploads\/2023\/12\/large_square_tile_image-259.jpg","contentUrl":"https:\/\/www.iplay.com\/wp-content\/uploads\/2023\/12\/large_square_tile_image-259.jpg","width":310,"height":310},{"@type":"BreadcrumbList","@id":"https:\/\/www.iplay.com\/es\/games\/jojos-fashion-show\/#breadcrumb","itemListElement":[{"@type":"ListItem","position":1,"name":"Home","item":"https:\/\/www.iplay.com\/es\/home-page-2\/"},{"@type":"ListItem","position":2,"name":"Shop","item":"https:\/\/www.iplay.com\/en\/shop\/"},{"@type":"ListItem","position":3,"name":"Jojo&#8217;s Fashion Show"}]},{"@type":"WebSite","@id":"https:\/\/www.iplay.com\/en\/#website","url":"https:\/\/www.iplay.com\/en\/","name":"IPlay","description":"The Best Casual Games!","publisher":{"@id":"https:\/\/www.iplay.com\/en\/#organization"},"potentialAction":[{"@type":"SearchAction","target":{"@type":"EntryPoint","urlTemplate":"https:\/\/www.iplay.com\/en\/?s={search_term_string}"},"query-input":{"@type":"PropertyValueSpecification","valueRequired":true,"valueName":"search_term_string"}}],"inLanguage":"es"},{"@type":"Organization","@id":"https:\/\/www.iplay.com\/en\/#organization","name":"IPlay","url":"https:\/\/www.iplay.com\/en\/","logo":{"@type":"ImageObject","inLanguage":"es","@id":"https:\/\/www.iplay.com\/en\/#\/schema\/logo\/image\/","url":"https:\/\/www.iplay.com\/wp-content\/uploads\/2023\/11\/Group-6100.svg","contentUrl":"https:\/\/www.iplay.com\/wp-content\/uploads\/2023\/11\/Group-6100.svg","width":98,"height":25,"caption":"IPlay"},"image":{"@id":"https:\/\/www.iplay.com\/en\/#\/schema\/logo\/image\/"}}]}},"_links":{"self":[{"href":"https:\/\/www.iplay.com\/es\/wp-json\/wp\/v2\/product\/133839","targetHints":{"allow":["GET"]}}],"collection":[{"href":"https:\/\/www.iplay.com\/es\/wp-json\/wp\/v2\/product"}],"about":[{"href":"https:\/\/www.iplay.com\/es\/wp-json\/wp\/v2\/types\/product"}],"author":[{"embeddable":true,"href":"https:\/\/www.iplay.com\/es\/wp-json\/wp\/v2\/users\/4"}],"replies":[{"embeddable":true,"href":"https:\/\/www.iplay.com\/es\/wp-json\/wp\/v2\/comments?post=133839"}],"wp:featuredmedia":[{"embeddable":true,"href":"https:\/\/www.iplay.com\/es\/wp-json\/wp\/v2\/media\/45080"}],"wp:attachment":[{"href":"https:\/\/www.iplay.com\/es\/wp-json\/wp\/v2\/media?parent=133839"}],"wp:term":[{"taxonomy":"product_brand","embeddable":true,"href":"https:\/\/www.iplay.com\/es\/wp-json\/wp\/v2\/product_brand?post=133839"},{"taxonomy":"product_cat","embeddable":true,"href":"https:\/\/www.iplay.com\/es\/wp-json\/wp\/v2\/product_cat?post=133839"},{"taxonomy":"product_tag","embeddable":true,"href":"https:\/\/www.iplay.com\/es\/wp-json\/wp\/v2\/product_tag?post=133839"}],"curies":[{"name":"wp","href":"https:\/\/api.w.org\/{rel}","templated":true}]}}