{"id":133745,"date":"2022-09-17T00:00:00","date_gmt":"2022-09-17T00:00:00","guid":{"rendered":"https:\/\/www.iplay.com\/games\/amandas-magic-book-6-aladdins-magic-lamp\/"},"modified":"2022-09-17T00:00:00","modified_gmt":"2022-09-17T00:00:00","slug":"amandas-magic-book-6-aladdins-magic-lamp","status":"publish","type":"product","link":"https:\/\/www.iplay.com\/es\/games\/amandas-magic-book-6-aladdins-magic-lamp\/","title":{"rendered":"Amanda&#8217;s Magic Book 6: Aladdin&#8217;s Magic Lamp"},"content":{"rendered":"<p>Cuando Amanda y Charlie ganan un viaje a una feria de art\u00edculos raros en otro pa\u00eds, creen que es una oportunidad \u00fanica en la vida. Sin embargo, una serie de acontecimientos inesperados los lleva a otro extra\u00f1o viaje, ya que son arrastrados una vez m\u00e1s a las p\u00e1ginas de un conocido libro: Las mil y una noches. Amanda se da cuenta r\u00e1pidamente de que esta es la narrativa de Aladdin. Sin embargo, ella y Charlie emergen en diferentes partes de la novela, y sus deseos pueden no ser tan compatibles como ella espera.   <\/p>\n<p>&nbsp;<\/p>\n<p>&nbsp;<\/p>\n<p><strong>Funciones:<\/strong><\/p>\n<p>&nbsp;<\/p>\n<p>&#8211; Lindo arte de rompecabezas de p\u00edxeles bordado.<\/p>\n<p>&#8211; Preguntas interesantes de trivia.<\/p>\n<p>&#8211; Una relajante banda sonora ac\u00fastica.<\/p>\n<p>&#8211; Funciones sencillas de zoom y resaltado.<\/p>\n<p>&#8211; \u00a172 rompecabezas dif\u00edciles!<\/p>\n<p>&#8211; No hay niveles bloqueados; \u00a1Juega como quieras!<\/p>\n","protected":false},"excerpt":{"rendered":"<p>\u00a1En la cautivadora historia de Aladdin, acompa\u00f1a a Amanda en su \u00faltimo viaje!<\/p>\n","protected":false},"author":42,"featured_media":108341,"comment_status":"open","ping_status":"closed","template":"","meta":{"_acf_changed":false,"inline_featured_image":false},"product_brand":[],"product_cat":[192],"product_tag":[],"class_list":{"0":"post-133745","1":"product","2":"type-product","3":"status-publish","4":"has-post-thumbnail","6":"product_cat-puzzle-es","8":"first","9":"instock","10":"shipping-taxable","11":"purchasable","12":"product-type-simple"},"acf":[],"yoast_head":"<!-- This site is optimized with the Yoast SEO Premium plugin v25.2 (Yoast SEO v25.2) - https:\/\/yoast.com\/wordpress\/plugins\/seo\/ -->\n<title>El Libro M\u00e1gico de Amanda 6: La L\u00e1mpara M\u00e1gica de Aladdin - Acompa\u00f1a a Amanda en una nueva aventura dentro del cuento de Aladdin<\/title>\n<meta name=\"description\" content=\"\u00a1En la cautivadora historia de Aladdin, acompa\u00f1a a Amanda en su \u00faltimo viaje!\" \/>\n<meta name=\"robots\" content=\"index, follow, max-snippet:-1, max-image-preview:large, max-video-preview:-1\" \/>\n<link rel=\"canonical\" href=\"https:\/\/www.iplay.com\/es\/games\/amandas-magic-book-6-aladdins-magic-lamp\/\" \/>\n<meta property=\"og:locale\" content=\"es_ES\" \/>\n<meta property=\"og:type\" content=\"article\" \/>\n<meta property=\"og:title\" content=\"Amanda&#039;s Magic Book 6: Aladdin&#039;s Magic Lamp\" \/>\n<meta property=\"og:description\" content=\"\u00a1En la cautivadora historia de Aladdin, acompa\u00f1a a Amanda en su \u00faltimo viaje!\" \/>\n<meta property=\"og:url\" content=\"https:\/\/www.iplay.com\/es\/games\/amandas-magic-book-6-aladdins-magic-lamp\/\" \/>\n<meta property=\"og:site_name\" content=\"IPlay\" \/>\n<meta property=\"og:image\" content=\"https:\/\/www.iplay.com\/wp-content\/uploads\/2023\/12\/large_square_tile_image-4292.jpg\" \/>\n\t<meta property=\"og:image:width\" content=\"310\" \/>\n\t<meta property=\"og:image:height\" content=\"310\" \/>\n\t<meta property=\"og:image:type\" content=\"image\/jpeg\" \/>\n<meta name=\"twitter:card\" content=\"summary_large_image\" \/>\n<meta name=\"twitter:label1\" content=\"Est. reading time\" \/>\n\t<meta name=\"twitter:data1\" content=\"1 minuto\" \/>\n<script type=\"application\/ld+json\" class=\"yoast-schema-graph\">{\"@context\":\"https:\/\/schema.org\",\"@graph\":[{\"@type\":\"WebPage\",\"@id\":\"https:\/\/www.iplay.com\/es\/games\/amandas-magic-book-6-aladdins-magic-lamp\/\",\"url\":\"https:\/\/www.iplay.com\/es\/games\/amandas-magic-book-6-aladdins-magic-lamp\/\",\"name\":\"El Libro M\u00e1gico de Amanda 6: La L\u00e1mpara M\u00e1gica de Aladdin - Acompa\u00f1a a Amanda en una nueva aventura dentro del cuento de Aladdin\",\"isPartOf\":{\"@id\":\"https:\/\/www.iplay.com\/en\/#website\"},\"primaryImageOfPage\":{\"@id\":\"https:\/\/www.iplay.com\/es\/games\/amandas-magic-book-6-aladdins-magic-lamp\/#primaryimage\"},\"image\":{\"@id\":\"https:\/\/www.iplay.com\/es\/games\/amandas-magic-book-6-aladdins-magic-lamp\/#primaryimage\"},\"thumbnailUrl\":\"https:\/\/www.iplay.com\/wp-content\/uploads\/2023\/12\/large_square_tile_image-4292.jpg\",\"datePublished\":\"2022-09-17T00:00:00+00:00\",\"description\":\"\u00a1En la cautivadora historia de Aladdin, acompa\u00f1a a Amanda en su \u00faltimo viaje!\",\"breadcrumb\":{\"@id\":\"https:\/\/www.iplay.com\/es\/games\/amandas-magic-book-6-aladdins-magic-lamp\/#breadcrumb\"},\"inLanguage\":\"es\",\"potentialAction\":[{\"@type\":\"ReadAction\",\"target\":[\"https:\/\/www.iplay.com\/es\/games\/amandas-magic-book-6-aladdins-magic-lamp\/\"]}]},{\"@type\":\"ImageObject\",\"inLanguage\":\"es\",\"@id\":\"https:\/\/www.iplay.com\/es\/games\/amandas-magic-book-6-aladdins-magic-lamp\/#primaryimage\",\"url\":\"https:\/\/www.iplay.com\/wp-content\/uploads\/2023\/12\/large_square_tile_image-4292.jpg\",\"contentUrl\":\"https:\/\/www.iplay.com\/wp-content\/uploads\/2023\/12\/large_square_tile_image-4292.jpg\",\"width\":310,\"height\":310},{\"@type\":\"BreadcrumbList\",\"@id\":\"https:\/\/www.iplay.com\/es\/games\/amandas-magic-book-6-aladdins-magic-lamp\/#breadcrumb\",\"itemListElement\":[{\"@type\":\"ListItem\",\"position\":1,\"name\":\"Home\",\"item\":\"https:\/\/www.iplay.com\/es\/home-page-2\/\"},{\"@type\":\"ListItem\",\"position\":2,\"name\":\"Shop\",\"item\":\"https:\/\/www.iplay.com\/en\/shop\/\"},{\"@type\":\"ListItem\",\"position\":3,\"name\":\"Amanda&#8217;s Magic Book 6: Aladdin&#8217;s Magic Lamp\"}]},{\"@type\":\"WebSite\",\"@id\":\"https:\/\/www.iplay.com\/en\/#website\",\"url\":\"https:\/\/www.iplay.com\/en\/\",\"name\":\"IPlay\",\"description\":\"The Best Casual Games!\",\"publisher\":{\"@id\":\"https:\/\/www.iplay.com\/en\/#organization\"},\"potentialAction\":[{\"@type\":\"SearchAction\",\"target\":{\"@type\":\"EntryPoint\",\"urlTemplate\":\"https:\/\/www.iplay.com\/en\/?s={search_term_string}\"},\"query-input\":{\"@type\":\"PropertyValueSpecification\",\"valueRequired\":true,\"valueName\":\"search_term_string\"}}],\"inLanguage\":\"es\"},{\"@type\":\"Organization\",\"@id\":\"https:\/\/www.iplay.com\/en\/#organization\",\"name\":\"IPlay\",\"url\":\"https:\/\/www.iplay.com\/en\/\",\"logo\":{\"@type\":\"ImageObject\",\"inLanguage\":\"es\",\"@id\":\"https:\/\/www.iplay.com\/en\/#\/schema\/logo\/image\/\",\"url\":\"https:\/\/www.iplay.com\/wp-content\/uploads\/2023\/11\/Group-6100.svg\",\"contentUrl\":\"https:\/\/www.iplay.com\/wp-content\/uploads\/2023\/11\/Group-6100.svg\",\"width\":98,\"height\":25,\"caption\":\"IPlay\"},\"image\":{\"@id\":\"https:\/\/www.iplay.com\/en\/#\/schema\/logo\/image\/\"}}]}<\/script>\n<!-- \/ Yoast SEO Premium plugin. -->","yoast_head_json":{"title":"El Libro M\u00e1gico de Amanda 6: La L\u00e1mpara M\u00e1gica de Aladdin - Acompa\u00f1a a Amanda en una nueva aventura dentro del cuento de Aladdin","description":"\u00a1En la cautivadora historia de Aladdin, acompa\u00f1a a Amanda en su \u00faltimo viaje!","robots":{"index":"index","follow":"follow","max-snippet":"max-snippet:-1","max-image-preview":"max-image-preview:large","max-video-preview":"max-video-preview:-1"},"canonical":"https:\/\/www.iplay.com\/es\/games\/amandas-magic-book-6-aladdins-magic-lamp\/","og_locale":"es_ES","og_type":"article","og_title":"Amanda's Magic Book 6: Aladdin's Magic Lamp","og_description":"\u00a1En la cautivadora historia de Aladdin, acompa\u00f1a a Amanda en su \u00faltimo viaje!","og_url":"https:\/\/www.iplay.com\/es\/games\/amandas-magic-book-6-aladdins-magic-lamp\/","og_site_name":"IPlay","og_image":[{"width":310,"height":310,"url":"https:\/\/www.iplay.com\/wp-content\/uploads\/2023\/12\/large_square_tile_image-4292.jpg","type":"image\/jpeg"}],"twitter_card":"summary_large_image","twitter_misc":{"Est. reading time":"1 minuto"},"schema":{"@context":"https:\/\/schema.org","@graph":[{"@type":"WebPage","@id":"https:\/\/www.iplay.com\/es\/games\/amandas-magic-book-6-aladdins-magic-lamp\/","url":"https:\/\/www.iplay.com\/es\/games\/amandas-magic-book-6-aladdins-magic-lamp\/","name":"El Libro M\u00e1gico de Amanda 6: La L\u00e1mpara M\u00e1gica de Aladdin - Acompa\u00f1a a Amanda en una nueva aventura dentro del cuento de Aladdin","isPartOf":{"@id":"https:\/\/www.iplay.com\/en\/#website"},"primaryImageOfPage":{"@id":"https:\/\/www.iplay.com\/es\/games\/amandas-magic-book-6-aladdins-magic-lamp\/#primaryimage"},"image":{"@id":"https:\/\/www.iplay.com\/es\/games\/amandas-magic-book-6-aladdins-magic-lamp\/#primaryimage"},"thumbnailUrl":"https:\/\/www.iplay.com\/wp-content\/uploads\/2023\/12\/large_square_tile_image-4292.jpg","datePublished":"2022-09-17T00:00:00+00:00","description":"\u00a1En la cautivadora historia de Aladdin, acompa\u00f1a a Amanda en su \u00faltimo viaje!","breadcrumb":{"@id":"https:\/\/www.iplay.com\/es\/games\/amandas-magic-book-6-aladdins-magic-lamp\/#breadcrumb"},"inLanguage":"es","potentialAction":[{"@type":"ReadAction","target":["https:\/\/www.iplay.com\/es\/games\/amandas-magic-book-6-aladdins-magic-lamp\/"]}]},{"@type":"ImageObject","inLanguage":"es","@id":"https:\/\/www.iplay.com\/es\/games\/amandas-magic-book-6-aladdins-magic-lamp\/#primaryimage","url":"https:\/\/www.iplay.com\/wp-content\/uploads\/2023\/12\/large_square_tile_image-4292.jpg","contentUrl":"https:\/\/www.iplay.com\/wp-content\/uploads\/2023\/12\/large_square_tile_image-4292.jpg","width":310,"height":310},{"@type":"BreadcrumbList","@id":"https:\/\/www.iplay.com\/es\/games\/amandas-magic-book-6-aladdins-magic-lamp\/#breadcrumb","itemListElement":[{"@type":"ListItem","position":1,"name":"Home","item":"https:\/\/www.iplay.com\/es\/home-page-2\/"},{"@type":"ListItem","position":2,"name":"Shop","item":"https:\/\/www.iplay.com\/en\/shop\/"},{"@type":"ListItem","position":3,"name":"Amanda&#8217;s Magic Book 6: Aladdin&#8217;s Magic Lamp"}]},{"@type":"WebSite","@id":"https:\/\/www.iplay.com\/en\/#website","url":"https:\/\/www.iplay.com\/en\/","name":"IPlay","description":"The Best Casual Games!","publisher":{"@id":"https:\/\/www.iplay.com\/en\/#organization"},"potentialAction":[{"@type":"SearchAction","target":{"@type":"EntryPoint","urlTemplate":"https:\/\/www.iplay.com\/en\/?s={search_term_string}"},"query-input":{"@type":"PropertyValueSpecification","valueRequired":true,"valueName":"search_term_string"}}],"inLanguage":"es"},{"@type":"Organization","@id":"https:\/\/www.iplay.com\/en\/#organization","name":"IPlay","url":"https:\/\/www.iplay.com\/en\/","logo":{"@type":"ImageObject","inLanguage":"es","@id":"https:\/\/www.iplay.com\/en\/#\/schema\/logo\/image\/","url":"https:\/\/www.iplay.com\/wp-content\/uploads\/2023\/11\/Group-6100.svg","contentUrl":"https:\/\/www.iplay.com\/wp-content\/uploads\/2023\/11\/Group-6100.svg","width":98,"height":25,"caption":"IPlay"},"image":{"@id":"https:\/\/www.iplay.com\/en\/#\/schema\/logo\/image\/"}}]}},"_links":{"self":[{"href":"https:\/\/www.iplay.com\/es\/wp-json\/wp\/v2\/product\/133745","targetHints":{"allow":["GET"]}}],"collection":[{"href":"https:\/\/www.iplay.com\/es\/wp-json\/wp\/v2\/product"}],"about":[{"href":"https:\/\/www.iplay.com\/es\/wp-json\/wp\/v2\/types\/product"}],"author":[{"embeddable":true,"href":"https:\/\/www.iplay.com\/es\/wp-json\/wp\/v2\/users\/42"}],"replies":[{"embeddable":true,"href":"https:\/\/www.iplay.com\/es\/wp-json\/wp\/v2\/comments?post=133745"}],"wp:featuredmedia":[{"embeddable":true,"href":"https:\/\/www.iplay.com\/es\/wp-json\/wp\/v2\/media\/108341"}],"wp:attachment":[{"href":"https:\/\/www.iplay.com\/es\/wp-json\/wp\/v2\/media?parent=133745"}],"wp:term":[{"taxonomy":"product_brand","embeddable":true,"href":"https:\/\/www.iplay.com\/es\/wp-json\/wp\/v2\/product_brand?post=133745"},{"taxonomy":"product_cat","embeddable":true,"href":"https:\/\/www.iplay.com\/es\/wp-json\/wp\/v2\/product_cat?post=133745"},{"taxonomy":"product_tag","embeddable":true,"href":"https:\/\/www.iplay.com\/es\/wp-json\/wp\/v2\/product_tag?post=133745"}],"curies":[{"name":"wp","href":"https:\/\/api.w.org\/{rel}","templated":true}]}}