{"id":133729,"date":"2022-10-01T00:00:00","date_gmt":"2022-10-01T00:00:00","guid":{"rendered":"https:\/\/www.iplay.com\/games\/elenas-journal-unfinished-expedition\/"},"modified":"2022-10-01T00:00:00","modified_gmt":"2022-10-01T00:00:00","slug":"elenas-journal-unfinished-expedition","status":"publish","type":"product","link":"https:\/\/www.iplay.com\/es\/games\/elenas-journal-unfinished-expedition\/","title":{"rendered":"Elena&#8217;s Journal &#8211; Unfinished Expedition"},"content":{"rendered":"<p>A pesar de que las probabilidades est\u00e1n en su contra, Elena, una joven en el mundo acad\u00e9mico, se niega a aceptar tener que servir caf\u00e9 para siempre. Su padre muri\u00f3 en una expedici\u00f3n hace a\u00f1os, y desde entonces, no ha pensado en nada m\u00e1s. \u00bfQueda algo enterrado en el lugar de la excavaci\u00f3n inicial? \u00bfQu\u00e9 pas\u00f3 all\u00ed que hizo que alguien muriera? \u00a1Elena no va a parar hasta descubrirlo! Sin embargo, conf\u00eda en una cosa, a pesar de los intentos del anciano profesor y de su (\u00a1muy!) encantadora asistente por convencerla de que no lo haga: nadie habr\u00eda robado los documentos de la expedici\u00f3n de su padre si no hubiera habido misterios ocultos en el pasado. \u00bfQui\u00e9n est\u00e1 tratando de ocultarle su historia? Espec\u00edficamente, \u00bfqu\u00e9 es lo que no deber\u00eda aprender? Adem\u00e1s, \u00bfqui\u00e9n es la mujer desconocida que la observa desde la distancia? \u00a1Un viaje est\u00e1 en orden! Hay muchas cosas que hacer en la Ciudad de las Amazonas, pero la verdadera pregunta es: \u00bfHasta qu\u00e9 punto est\u00e1s dispuesto a arriesgarte? \u00bfTrabajo? \u00bfAliados? \u00bfT\u00fa solo?             <\/p>\n<p>&nbsp;<\/p>\n<p><strong>Funciones:<\/strong><\/p>\n<p>&nbsp;<\/p>\n<p>&#8211; Convi\u00e9rtete en arque\u00f3logo; Descubrir\u00e1s que su profesi\u00f3n es mucho m\u00e1s misteriosa de lo que podr\u00edas haber imaginado.<\/p>\n<p>&#8211; Desarrolla una historia en la que el pasado y el presente chocan y hay muchos giros sorprendentes en la trama.<\/p>\n<p>&#8211; Conoce a cada uno de los fascinantes miembros del elenco secundario. \u00bfQui\u00e9n crees que es digno de confianza? \u00bfO qui\u00e9n merece tu afecto?  <\/p>\n<p>&#8211; D\u00e9jate hipnotizar por la serena m\u00fasica y el impresionante entorno. \u00a1De la antigua Universidad, pasando por la enigm\u00e1tica tienda de antig\u00fcedades, a la Ciudad Amaz\u00f3nica! <\/p>\n<p>&#8211; Selecciona entre tres niveles de dificultad distintos para personalizar el nivel de desaf\u00edo seg\u00fan tus preferencias.<\/p>\n<p>&#8211; \u00a1Sobre todo, descubre qu\u00e9 misterios se esconden dentro de la Ciudad de las Amazonas!<\/p>\n","protected":false},"excerpt":{"rendered":"<p>\u00a1Espera romance y emoci\u00f3n! \u00bfPodr\u00edas ayudar a Elena, por favor? \u00a1Necesita descubrir el secreto de la Ciudad de las Amazonas!  <\/p>\n","protected":false},"author":128,"featured_media":75874,"comment_status":"open","ping_status":"closed","template":"","meta":{"_acf_changed":false,"inline_featured_image":false},"product_brand":[],"product_cat":[212],"product_tag":[288,354],"class_list":{"0":"post-133729","1":"product","2":"type-product","3":"status-publish","4":"has-post-thumbnail","6":"product_cat-time-management-es","7":"product_tag-play-on-pc-es","8":"product_tag-valentines-day-es-2","10":"first","11":"instock","12":"shipping-taxable","13":"purchasable","14":"product-type-simple"},"acf":[],"yoast_head":"<!-- This site is optimized with the Yoast SEO Premium plugin v25.2 (Yoast SEO v25.2) - https:\/\/yoast.com\/wordpress\/plugins\/seo\/ -->\n<title>Diario de Elena - Expedici\u00f3n Inconclusa - El secreto de la Ciudad de las Amazonas de Elena: Descubre las maravillas del Amazonas<\/title>\n<meta name=\"description\" content=\"\u00a1Espera romance y emoci\u00f3n! \u00bfPodr\u00edas ayudar a Elena, por favor? \u00a1Necesita descubrir el secreto de la Ciudad de las Amazonas!\" \/>\n<meta name=\"robots\" content=\"index, follow, max-snippet:-1, max-image-preview:large, max-video-preview:-1\" \/>\n<link rel=\"canonical\" href=\"https:\/\/www.iplay.com\/es\/games\/elenas-journal-unfinished-expedition\/\" \/>\n<meta property=\"og:locale\" content=\"es_ES\" \/>\n<meta property=\"og:type\" content=\"article\" \/>\n<meta property=\"og:title\" content=\"Elena&#039;s Journal - Unfinished Expedition\" \/>\n<meta property=\"og:description\" content=\"\u00a1Espera romance y emoci\u00f3n! \u00bfPodr\u00edas ayudar a Elena, por favor? \u00a1Necesita descubrir el secreto de la Ciudad de las Amazonas!\" \/>\n<meta property=\"og:url\" content=\"https:\/\/www.iplay.com\/es\/games\/elenas-journal-unfinished-expedition\/\" \/>\n<meta property=\"og:site_name\" content=\"IPlay\" \/>\n<meta property=\"og:image\" content=\"https:\/\/www.iplay.com\/wp-content\/uploads\/2023\/12\/large_square_tile_image-2237.jpg\" \/>\n\t<meta property=\"og:image:width\" content=\"310\" \/>\n\t<meta property=\"og:image:height\" content=\"310\" \/>\n\t<meta property=\"og:image:type\" content=\"image\/jpeg\" \/>\n<meta name=\"twitter:card\" content=\"summary_large_image\" \/>\n<meta name=\"twitter:label1\" content=\"Est. reading time\" \/>\n\t<meta name=\"twitter:data1\" content=\"2 minutos\" \/>\n<script type=\"application\/ld+json\" class=\"yoast-schema-graph\">{\"@context\":\"https:\/\/schema.org\",\"@graph\":[{\"@type\":\"WebPage\",\"@id\":\"https:\/\/www.iplay.com\/es\/games\/elenas-journal-unfinished-expedition\/\",\"url\":\"https:\/\/www.iplay.com\/es\/games\/elenas-journal-unfinished-expedition\/\",\"name\":\"Diario de Elena - Expedici\u00f3n Inconclusa - El secreto de la Ciudad de las Amazonas de Elena: Descubre las maravillas del Amazonas\",\"isPartOf\":{\"@id\":\"https:\/\/www.iplay.com\/en\/#website\"},\"primaryImageOfPage\":{\"@id\":\"https:\/\/www.iplay.com\/es\/games\/elenas-journal-unfinished-expedition\/#primaryimage\"},\"image\":{\"@id\":\"https:\/\/www.iplay.com\/es\/games\/elenas-journal-unfinished-expedition\/#primaryimage\"},\"thumbnailUrl\":\"https:\/\/www.iplay.com\/wp-content\/uploads\/2023\/12\/large_square_tile_image-2237.jpg\",\"datePublished\":\"2022-10-01T00:00:00+00:00\",\"description\":\"\u00a1Espera romance y emoci\u00f3n! \u00bfPodr\u00edas ayudar a Elena, por favor? \u00a1Necesita descubrir el secreto de la Ciudad de las Amazonas!\",\"breadcrumb\":{\"@id\":\"https:\/\/www.iplay.com\/es\/games\/elenas-journal-unfinished-expedition\/#breadcrumb\"},\"inLanguage\":\"es\",\"potentialAction\":[{\"@type\":\"ReadAction\",\"target\":[\"https:\/\/www.iplay.com\/es\/games\/elenas-journal-unfinished-expedition\/\"]}]},{\"@type\":\"ImageObject\",\"inLanguage\":\"es\",\"@id\":\"https:\/\/www.iplay.com\/es\/games\/elenas-journal-unfinished-expedition\/#primaryimage\",\"url\":\"https:\/\/www.iplay.com\/wp-content\/uploads\/2023\/12\/large_square_tile_image-2237.jpg\",\"contentUrl\":\"https:\/\/www.iplay.com\/wp-content\/uploads\/2023\/12\/large_square_tile_image-2237.jpg\",\"width\":310,\"height\":310},{\"@type\":\"BreadcrumbList\",\"@id\":\"https:\/\/www.iplay.com\/es\/games\/elenas-journal-unfinished-expedition\/#breadcrumb\",\"itemListElement\":[{\"@type\":\"ListItem\",\"position\":1,\"name\":\"Home\",\"item\":\"https:\/\/www.iplay.com\/es\/home-page-2\/\"},{\"@type\":\"ListItem\",\"position\":2,\"name\":\"Shop\",\"item\":\"https:\/\/www.iplay.com\/en\/shop\/\"},{\"@type\":\"ListItem\",\"position\":3,\"name\":\"Elena&#8217;s Journal &#8211; Unfinished Expedition\"}]},{\"@type\":\"WebSite\",\"@id\":\"https:\/\/www.iplay.com\/en\/#website\",\"url\":\"https:\/\/www.iplay.com\/en\/\",\"name\":\"IPlay\",\"description\":\"The Best Casual Games!\",\"publisher\":{\"@id\":\"https:\/\/www.iplay.com\/en\/#organization\"},\"potentialAction\":[{\"@type\":\"SearchAction\",\"target\":{\"@type\":\"EntryPoint\",\"urlTemplate\":\"https:\/\/www.iplay.com\/en\/?s={search_term_string}\"},\"query-input\":{\"@type\":\"PropertyValueSpecification\",\"valueRequired\":true,\"valueName\":\"search_term_string\"}}],\"inLanguage\":\"es\"},{\"@type\":\"Organization\",\"@id\":\"https:\/\/www.iplay.com\/en\/#organization\",\"name\":\"IPlay\",\"url\":\"https:\/\/www.iplay.com\/en\/\",\"logo\":{\"@type\":\"ImageObject\",\"inLanguage\":\"es\",\"@id\":\"https:\/\/www.iplay.com\/en\/#\/schema\/logo\/image\/\",\"url\":\"https:\/\/www.iplay.com\/wp-content\/uploads\/2023\/11\/Group-6100.svg\",\"contentUrl\":\"https:\/\/www.iplay.com\/wp-content\/uploads\/2023\/11\/Group-6100.svg\",\"width\":98,\"height\":25,\"caption\":\"IPlay\"},\"image\":{\"@id\":\"https:\/\/www.iplay.com\/en\/#\/schema\/logo\/image\/\"}}]}<\/script>\n<!-- \/ Yoast SEO Premium plugin. -->","yoast_head_json":{"title":"Diario de Elena - Expedici\u00f3n Inconclusa - El secreto de la Ciudad de las Amazonas de Elena: Descubre las maravillas del Amazonas","description":"\u00a1Espera romance y emoci\u00f3n! \u00bfPodr\u00edas ayudar a Elena, por favor? \u00a1Necesita descubrir el secreto de la Ciudad de las Amazonas!","robots":{"index":"index","follow":"follow","max-snippet":"max-snippet:-1","max-image-preview":"max-image-preview:large","max-video-preview":"max-video-preview:-1"},"canonical":"https:\/\/www.iplay.com\/es\/games\/elenas-journal-unfinished-expedition\/","og_locale":"es_ES","og_type":"article","og_title":"Elena's Journal - Unfinished Expedition","og_description":"\u00a1Espera romance y emoci\u00f3n! \u00bfPodr\u00edas ayudar a Elena, por favor? \u00a1Necesita descubrir el secreto de la Ciudad de las Amazonas!","og_url":"https:\/\/www.iplay.com\/es\/games\/elenas-journal-unfinished-expedition\/","og_site_name":"IPlay","og_image":[{"width":310,"height":310,"url":"https:\/\/www.iplay.com\/wp-content\/uploads\/2023\/12\/large_square_tile_image-2237.jpg","type":"image\/jpeg"}],"twitter_card":"summary_large_image","twitter_misc":{"Est. reading time":"2 minutos"},"schema":{"@context":"https:\/\/schema.org","@graph":[{"@type":"WebPage","@id":"https:\/\/www.iplay.com\/es\/games\/elenas-journal-unfinished-expedition\/","url":"https:\/\/www.iplay.com\/es\/games\/elenas-journal-unfinished-expedition\/","name":"Diario de Elena - Expedici\u00f3n Inconclusa - El secreto de la Ciudad de las Amazonas de Elena: Descubre las maravillas del Amazonas","isPartOf":{"@id":"https:\/\/www.iplay.com\/en\/#website"},"primaryImageOfPage":{"@id":"https:\/\/www.iplay.com\/es\/games\/elenas-journal-unfinished-expedition\/#primaryimage"},"image":{"@id":"https:\/\/www.iplay.com\/es\/games\/elenas-journal-unfinished-expedition\/#primaryimage"},"thumbnailUrl":"https:\/\/www.iplay.com\/wp-content\/uploads\/2023\/12\/large_square_tile_image-2237.jpg","datePublished":"2022-10-01T00:00:00+00:00","description":"\u00a1Espera romance y emoci\u00f3n! \u00bfPodr\u00edas ayudar a Elena, por favor? \u00a1Necesita descubrir el secreto de la Ciudad de las Amazonas!","breadcrumb":{"@id":"https:\/\/www.iplay.com\/es\/games\/elenas-journal-unfinished-expedition\/#breadcrumb"},"inLanguage":"es","potentialAction":[{"@type":"ReadAction","target":["https:\/\/www.iplay.com\/es\/games\/elenas-journal-unfinished-expedition\/"]}]},{"@type":"ImageObject","inLanguage":"es","@id":"https:\/\/www.iplay.com\/es\/games\/elenas-journal-unfinished-expedition\/#primaryimage","url":"https:\/\/www.iplay.com\/wp-content\/uploads\/2023\/12\/large_square_tile_image-2237.jpg","contentUrl":"https:\/\/www.iplay.com\/wp-content\/uploads\/2023\/12\/large_square_tile_image-2237.jpg","width":310,"height":310},{"@type":"BreadcrumbList","@id":"https:\/\/www.iplay.com\/es\/games\/elenas-journal-unfinished-expedition\/#breadcrumb","itemListElement":[{"@type":"ListItem","position":1,"name":"Home","item":"https:\/\/www.iplay.com\/es\/home-page-2\/"},{"@type":"ListItem","position":2,"name":"Shop","item":"https:\/\/www.iplay.com\/en\/shop\/"},{"@type":"ListItem","position":3,"name":"Elena&#8217;s Journal &#8211; Unfinished Expedition"}]},{"@type":"WebSite","@id":"https:\/\/www.iplay.com\/en\/#website","url":"https:\/\/www.iplay.com\/en\/","name":"IPlay","description":"The Best Casual Games!","publisher":{"@id":"https:\/\/www.iplay.com\/en\/#organization"},"potentialAction":[{"@type":"SearchAction","target":{"@type":"EntryPoint","urlTemplate":"https:\/\/www.iplay.com\/en\/?s={search_term_string}"},"query-input":{"@type":"PropertyValueSpecification","valueRequired":true,"valueName":"search_term_string"}}],"inLanguage":"es"},{"@type":"Organization","@id":"https:\/\/www.iplay.com\/en\/#organization","name":"IPlay","url":"https:\/\/www.iplay.com\/en\/","logo":{"@type":"ImageObject","inLanguage":"es","@id":"https:\/\/www.iplay.com\/en\/#\/schema\/logo\/image\/","url":"https:\/\/www.iplay.com\/wp-content\/uploads\/2023\/11\/Group-6100.svg","contentUrl":"https:\/\/www.iplay.com\/wp-content\/uploads\/2023\/11\/Group-6100.svg","width":98,"height":25,"caption":"IPlay"},"image":{"@id":"https:\/\/www.iplay.com\/en\/#\/schema\/logo\/image\/"}}]}},"_links":{"self":[{"href":"https:\/\/www.iplay.com\/es\/wp-json\/wp\/v2\/product\/133729","targetHints":{"allow":["GET"]}}],"collection":[{"href":"https:\/\/www.iplay.com\/es\/wp-json\/wp\/v2\/product"}],"about":[{"href":"https:\/\/www.iplay.com\/es\/wp-json\/wp\/v2\/types\/product"}],"author":[{"embeddable":true,"href":"https:\/\/www.iplay.com\/es\/wp-json\/wp\/v2\/users\/128"}],"replies":[{"embeddable":true,"href":"https:\/\/www.iplay.com\/es\/wp-json\/wp\/v2\/comments?post=133729"}],"wp:featuredmedia":[{"embeddable":true,"href":"https:\/\/www.iplay.com\/es\/wp-json\/wp\/v2\/media\/75874"}],"wp:attachment":[{"href":"https:\/\/www.iplay.com\/es\/wp-json\/wp\/v2\/media?parent=133729"}],"wp:term":[{"taxonomy":"product_brand","embeddable":true,"href":"https:\/\/www.iplay.com\/es\/wp-json\/wp\/v2\/product_brand?post=133729"},{"taxonomy":"product_cat","embeddable":true,"href":"https:\/\/www.iplay.com\/es\/wp-json\/wp\/v2\/product_cat?post=133729"},{"taxonomy":"product_tag","embeddable":true,"href":"https:\/\/www.iplay.com\/es\/wp-json\/wp\/v2\/product_tag?post=133729"}],"curies":[{"name":"wp","href":"https:\/\/api.w.org\/{rel}","templated":true}]}}