{"id":133683,"date":"2022-10-09T00:00:00","date_gmt":"2022-10-09T00:00:00","guid":{"rendered":"https:\/\/www.iplay.com\/games\/myths-of-orion-light-from-the-north\/"},"modified":"2022-10-09T00:00:00","modified_gmt":"2022-10-09T00:00:00","slug":"myths-of-orion-light-from-the-north","status":"publish","type":"product","link":"https:\/\/www.iplay.com\/es\/games\/myths-of-orion-light-from-the-north\/","title":{"rendered":"Myths of Orion: Light From the North"},"content":{"rendered":"<p>Un mago influyente pero avaricioso reuni\u00f3 informaci\u00f3n de todo el mundo hace mucho tiempo en el Reino de Ori\u00f3n. En consecuencia, los tres Libros: los Libros del Conocimiento, la Ley y la Magia fueron escritos por este mago. Estos textos le dieron habilidades sobrehumanas. Pero en lugar de hacer un buen uso de estas habilidades, \u00a1las convirti\u00f3 en un caos! La poderosa hechicera Salina reuni\u00f3 toda su valent\u00eda y fuerza un d\u00eda y le quit\u00f3 los Libros al Mago. Rob\u00f3 los Libros al amparo de la oscuridad y huy\u00f3 muy, muy lejos al Norte, a la casa de su hermana Ariel en el extremo del mundo, con su peque\u00f1a hija, Meredith. Esperaba que el mago no los descubriera all\u00ed. Y durante muchos a\u00f1os no lo hizo hasta ese fat\u00eddico d\u00eda.       <\/p>\n<p>&nbsp;<\/p>\n<p>&nbsp;<\/p>\n<p><strong>Funciones:<\/strong><\/p>\n<p>-Descubre los tres reinos distintos de Ori\u00f3n-Encuentra<br \/>\n soluciones a cientos de misiones y docenas de minijuegos-Logra<br \/>\n objetivos y descubre objetos<br \/>\n especiales-Amplia personalizaci\u00f3n de tu experiencia de juego<\/p>\n","protected":false},"excerpt":{"rendered":"<p>\u00a1Ayuda a acabar con un mago que est\u00e1 decidido a arruinar un pa\u00eds tranquilo!<\/p>\n","protected":false},"author":178,"featured_media":52744,"comment_status":"open","ping_status":"closed","template":"","meta":{"_acf_changed":false,"inline_featured_image":false},"product_brand":[],"product_cat":[166],"product_tag":[288],"class_list":{"0":"post-133683","1":"product","2":"type-product","3":"status-publish","4":"has-post-thumbnail","6":"product_cat-hidden-object-es","7":"product_tag-play-on-pc-es","9":"first","10":"instock","11":"shipping-taxable","12":"purchasable","13":"product-type-simple"},"acf":[],"yoast_head":"<!-- This site is optimized with the Yoast SEO Premium plugin v25.2 (Yoast SEO v25.2) - https:\/\/yoast.com\/wordpress\/plugins\/seo\/ -->\n<title>Mitos de Ori\u00f3n: Luz del Norte - Derrota a un mago que lleva el caos a una tierra pac\u00edfica<\/title>\n<meta name=\"description\" content=\"\u00a1Ayuda a acabar con un mago que est\u00e1 decidido a arruinar un pa\u00eds tranquilo!\" \/>\n<meta name=\"robots\" content=\"index, follow, max-snippet:-1, max-image-preview:large, max-video-preview:-1\" \/>\n<link rel=\"canonical\" href=\"https:\/\/www.iplay.com\/es\/games\/myths-of-orion-light-from-the-north\/\" \/>\n<meta property=\"og:locale\" content=\"es_ES\" \/>\n<meta property=\"og:type\" content=\"article\" \/>\n<meta property=\"og:title\" content=\"Myths of Orion: Light From the North\" \/>\n<meta property=\"og:description\" content=\"\u00a1Ayuda a acabar con un mago que est\u00e1 decidido a arruinar un pa\u00eds tranquilo!\" \/>\n<meta property=\"og:url\" content=\"https:\/\/www.iplay.com\/es\/games\/myths-of-orion-light-from-the-north\/\" \/>\n<meta property=\"og:site_name\" content=\"IPlay\" \/>\n<meta property=\"og:image\" content=\"https:\/\/www.iplay.com\/wp-content\/uploads\/2023\/12\/large_square_tile_image-761.jpg\" \/>\n\t<meta property=\"og:image:width\" content=\"310\" \/>\n\t<meta property=\"og:image:height\" content=\"310\" \/>\n\t<meta property=\"og:image:type\" content=\"image\/jpeg\" \/>\n<meta name=\"twitter:card\" content=\"summary_large_image\" \/>\n<meta name=\"twitter:label1\" content=\"Est. reading time\" \/>\n\t<meta name=\"twitter:data1\" content=\"1 minuto\" \/>\n<script type=\"application\/ld+json\" class=\"yoast-schema-graph\">{\"@context\":\"https:\/\/schema.org\",\"@graph\":[{\"@type\":\"WebPage\",\"@id\":\"https:\/\/www.iplay.com\/es\/games\/myths-of-orion-light-from-the-north\/\",\"url\":\"https:\/\/www.iplay.com\/es\/games\/myths-of-orion-light-from-the-north\/\",\"name\":\"Mitos de Ori\u00f3n: Luz del Norte - Derrota a un mago que lleva el caos a una tierra pac\u00edfica\",\"isPartOf\":{\"@id\":\"https:\/\/www.iplay.com\/en\/#website\"},\"primaryImageOfPage\":{\"@id\":\"https:\/\/www.iplay.com\/es\/games\/myths-of-orion-light-from-the-north\/#primaryimage\"},\"image\":{\"@id\":\"https:\/\/www.iplay.com\/es\/games\/myths-of-orion-light-from-the-north\/#primaryimage\"},\"thumbnailUrl\":\"https:\/\/www.iplay.com\/wp-content\/uploads\/2023\/12\/large_square_tile_image-761.jpg\",\"datePublished\":\"2022-10-09T00:00:00+00:00\",\"description\":\"\u00a1Ayuda a acabar con un mago que est\u00e1 decidido a arruinar un pa\u00eds tranquilo!\",\"breadcrumb\":{\"@id\":\"https:\/\/www.iplay.com\/es\/games\/myths-of-orion-light-from-the-north\/#breadcrumb\"},\"inLanguage\":\"es\",\"potentialAction\":[{\"@type\":\"ReadAction\",\"target\":[\"https:\/\/www.iplay.com\/es\/games\/myths-of-orion-light-from-the-north\/\"]}]},{\"@type\":\"ImageObject\",\"inLanguage\":\"es\",\"@id\":\"https:\/\/www.iplay.com\/es\/games\/myths-of-orion-light-from-the-north\/#primaryimage\",\"url\":\"https:\/\/www.iplay.com\/wp-content\/uploads\/2023\/12\/large_square_tile_image-761.jpg\",\"contentUrl\":\"https:\/\/www.iplay.com\/wp-content\/uploads\/2023\/12\/large_square_tile_image-761.jpg\",\"width\":310,\"height\":310},{\"@type\":\"BreadcrumbList\",\"@id\":\"https:\/\/www.iplay.com\/es\/games\/myths-of-orion-light-from-the-north\/#breadcrumb\",\"itemListElement\":[{\"@type\":\"ListItem\",\"position\":1,\"name\":\"Home\",\"item\":\"https:\/\/www.iplay.com\/es\/home-page-2\/\"},{\"@type\":\"ListItem\",\"position\":2,\"name\":\"Shop\",\"item\":\"https:\/\/www.iplay.com\/en\/shop\/\"},{\"@type\":\"ListItem\",\"position\":3,\"name\":\"Myths of Orion: Light From the North\"}]},{\"@type\":\"WebSite\",\"@id\":\"https:\/\/www.iplay.com\/en\/#website\",\"url\":\"https:\/\/www.iplay.com\/en\/\",\"name\":\"IPlay\",\"description\":\"The Best Casual Games!\",\"publisher\":{\"@id\":\"https:\/\/www.iplay.com\/en\/#organization\"},\"potentialAction\":[{\"@type\":\"SearchAction\",\"target\":{\"@type\":\"EntryPoint\",\"urlTemplate\":\"https:\/\/www.iplay.com\/en\/?s={search_term_string}\"},\"query-input\":{\"@type\":\"PropertyValueSpecification\",\"valueRequired\":true,\"valueName\":\"search_term_string\"}}],\"inLanguage\":\"es\"},{\"@type\":\"Organization\",\"@id\":\"https:\/\/www.iplay.com\/en\/#organization\",\"name\":\"IPlay\",\"url\":\"https:\/\/www.iplay.com\/en\/\",\"logo\":{\"@type\":\"ImageObject\",\"inLanguage\":\"es\",\"@id\":\"https:\/\/www.iplay.com\/en\/#\/schema\/logo\/image\/\",\"url\":\"https:\/\/www.iplay.com\/wp-content\/uploads\/2023\/11\/Group-6100.svg\",\"contentUrl\":\"https:\/\/www.iplay.com\/wp-content\/uploads\/2023\/11\/Group-6100.svg\",\"width\":98,\"height\":25,\"caption\":\"IPlay\"},\"image\":{\"@id\":\"https:\/\/www.iplay.com\/en\/#\/schema\/logo\/image\/\"}}]}<\/script>\n<!-- \/ Yoast SEO Premium plugin. -->","yoast_head_json":{"title":"Mitos de Ori\u00f3n: Luz del Norte - Derrota a un mago que lleva el caos a una tierra pac\u00edfica","description":"\u00a1Ayuda a acabar con un mago que est\u00e1 decidido a arruinar un pa\u00eds tranquilo!","robots":{"index":"index","follow":"follow","max-snippet":"max-snippet:-1","max-image-preview":"max-image-preview:large","max-video-preview":"max-video-preview:-1"},"canonical":"https:\/\/www.iplay.com\/es\/games\/myths-of-orion-light-from-the-north\/","og_locale":"es_ES","og_type":"article","og_title":"Myths of Orion: Light From the North","og_description":"\u00a1Ayuda a acabar con un mago que est\u00e1 decidido a arruinar un pa\u00eds tranquilo!","og_url":"https:\/\/www.iplay.com\/es\/games\/myths-of-orion-light-from-the-north\/","og_site_name":"IPlay","og_image":[{"width":310,"height":310,"url":"https:\/\/www.iplay.com\/wp-content\/uploads\/2023\/12\/large_square_tile_image-761.jpg","type":"image\/jpeg"}],"twitter_card":"summary_large_image","twitter_misc":{"Est. reading time":"1 minuto"},"schema":{"@context":"https:\/\/schema.org","@graph":[{"@type":"WebPage","@id":"https:\/\/www.iplay.com\/es\/games\/myths-of-orion-light-from-the-north\/","url":"https:\/\/www.iplay.com\/es\/games\/myths-of-orion-light-from-the-north\/","name":"Mitos de Ori\u00f3n: Luz del Norte - Derrota a un mago que lleva el caos a una tierra pac\u00edfica","isPartOf":{"@id":"https:\/\/www.iplay.com\/en\/#website"},"primaryImageOfPage":{"@id":"https:\/\/www.iplay.com\/es\/games\/myths-of-orion-light-from-the-north\/#primaryimage"},"image":{"@id":"https:\/\/www.iplay.com\/es\/games\/myths-of-orion-light-from-the-north\/#primaryimage"},"thumbnailUrl":"https:\/\/www.iplay.com\/wp-content\/uploads\/2023\/12\/large_square_tile_image-761.jpg","datePublished":"2022-10-09T00:00:00+00:00","description":"\u00a1Ayuda a acabar con un mago que est\u00e1 decidido a arruinar un pa\u00eds tranquilo!","breadcrumb":{"@id":"https:\/\/www.iplay.com\/es\/games\/myths-of-orion-light-from-the-north\/#breadcrumb"},"inLanguage":"es","potentialAction":[{"@type":"ReadAction","target":["https:\/\/www.iplay.com\/es\/games\/myths-of-orion-light-from-the-north\/"]}]},{"@type":"ImageObject","inLanguage":"es","@id":"https:\/\/www.iplay.com\/es\/games\/myths-of-orion-light-from-the-north\/#primaryimage","url":"https:\/\/www.iplay.com\/wp-content\/uploads\/2023\/12\/large_square_tile_image-761.jpg","contentUrl":"https:\/\/www.iplay.com\/wp-content\/uploads\/2023\/12\/large_square_tile_image-761.jpg","width":310,"height":310},{"@type":"BreadcrumbList","@id":"https:\/\/www.iplay.com\/es\/games\/myths-of-orion-light-from-the-north\/#breadcrumb","itemListElement":[{"@type":"ListItem","position":1,"name":"Home","item":"https:\/\/www.iplay.com\/es\/home-page-2\/"},{"@type":"ListItem","position":2,"name":"Shop","item":"https:\/\/www.iplay.com\/en\/shop\/"},{"@type":"ListItem","position":3,"name":"Myths of Orion: Light From the North"}]},{"@type":"WebSite","@id":"https:\/\/www.iplay.com\/en\/#website","url":"https:\/\/www.iplay.com\/en\/","name":"IPlay","description":"The Best Casual Games!","publisher":{"@id":"https:\/\/www.iplay.com\/en\/#organization"},"potentialAction":[{"@type":"SearchAction","target":{"@type":"EntryPoint","urlTemplate":"https:\/\/www.iplay.com\/en\/?s={search_term_string}"},"query-input":{"@type":"PropertyValueSpecification","valueRequired":true,"valueName":"search_term_string"}}],"inLanguage":"es"},{"@type":"Organization","@id":"https:\/\/www.iplay.com\/en\/#organization","name":"IPlay","url":"https:\/\/www.iplay.com\/en\/","logo":{"@type":"ImageObject","inLanguage":"es","@id":"https:\/\/www.iplay.com\/en\/#\/schema\/logo\/image\/","url":"https:\/\/www.iplay.com\/wp-content\/uploads\/2023\/11\/Group-6100.svg","contentUrl":"https:\/\/www.iplay.com\/wp-content\/uploads\/2023\/11\/Group-6100.svg","width":98,"height":25,"caption":"IPlay"},"image":{"@id":"https:\/\/www.iplay.com\/en\/#\/schema\/logo\/image\/"}}]}},"_links":{"self":[{"href":"https:\/\/www.iplay.com\/es\/wp-json\/wp\/v2\/product\/133683","targetHints":{"allow":["GET"]}}],"collection":[{"href":"https:\/\/www.iplay.com\/es\/wp-json\/wp\/v2\/product"}],"about":[{"href":"https:\/\/www.iplay.com\/es\/wp-json\/wp\/v2\/types\/product"}],"author":[{"embeddable":true,"href":"https:\/\/www.iplay.com\/es\/wp-json\/wp\/v2\/users\/178"}],"replies":[{"embeddable":true,"href":"https:\/\/www.iplay.com\/es\/wp-json\/wp\/v2\/comments?post=133683"}],"wp:featuredmedia":[{"embeddable":true,"href":"https:\/\/www.iplay.com\/es\/wp-json\/wp\/v2\/media\/52744"}],"wp:attachment":[{"href":"https:\/\/www.iplay.com\/es\/wp-json\/wp\/v2\/media?parent=133683"}],"wp:term":[{"taxonomy":"product_brand","embeddable":true,"href":"https:\/\/www.iplay.com\/es\/wp-json\/wp\/v2\/product_brand?post=133683"},{"taxonomy":"product_cat","embeddable":true,"href":"https:\/\/www.iplay.com\/es\/wp-json\/wp\/v2\/product_cat?post=133683"},{"taxonomy":"product_tag","embeddable":true,"href":"https:\/\/www.iplay.com\/es\/wp-json\/wp\/v2\/product_tag?post=133683"}],"curies":[{"name":"wp","href":"https:\/\/api.w.org\/{rel}","templated":true}]}}