{"id":133216,"date":"2022-11-04T00:00:01","date_gmt":"2022-11-04T00:00:01","guid":{"rendered":"https:\/\/www.iplay.com\/games\/cursed-fables-white-as-snow-collectors-edition\/"},"modified":"2022-11-04T00:00:01","modified_gmt":"2022-11-04T00:00:01","slug":"cursed-fables-white-as-snow-collectors-edition","status":"publish","type":"product","link":"https:\/\/www.iplay.com\/es\/games\/cursed-fables-white-as-snow-collectors-edition\/","title":{"rendered":"Cursed Fables: White as Snow Collector&#8217;s Edition"},"content":{"rendered":"<p>\u00a1Una nueva serie inquietantemente encantadora se presenta en Cursed Fables: White as Snow! \u00a1Ahora que has llegado a casa despu\u00e9s de un prolongado viaje diplom\u00e1tico! Llegas para descubrir a tu querida hijastra Blancanieves esperando para saludarte, en lugar de una bienvenida real. Cuando Blancanieves desaparece, la ya de por s\u00ed grave situaci\u00f3n en el castillo casi abandonado empeora considerablemente. Tu reino est\u00e1 en peligro de ser destruido por la magia oscura, y solo t\u00fa tienes el poder de detenerlo. \u00bfTu reino terminar\u00e1 en desastre o ser\u00e1s capaz de encontrar y romper la maldici\u00f3n? \u00a1En esta cautivadora aventura de rompecabezas de objetos ocultos, encuentra la soluci\u00f3n!      <\/p>\n<p>&nbsp;<\/p>\n<p>&nbsp;<\/p>\n<p><strong>Funciones:<\/strong><\/p>\n<p>&nbsp;<\/p>\n<p>&#8211; \u00a1Localiza la decoraci\u00f3n para el Baile Real!<\/p>\n<p>&#8211; \u00a1Haz las paces entre la ninfa Livett y la poblaci\u00f3n de enanos!<\/p>\n<p>&#8211; \u00a1Resuelve acertijos de bonificaci\u00f3n despu\u00e9s de recolectar piezas de rompecabezas!<\/p>\n<p>&#8211; Localiza cada coleccionable necesario para obtener cartas de historia de bonificaci\u00f3n.<\/p>\n<p>&#8211; \u00a1Localiza artefactos que se transforman en la habitaci\u00f3n secreta para comenzar nuevas misiones!<\/p>\n<p>&#8211; \u00a1Aseg\u00farate de no pasar por alto la Sala de Expedici\u00f3n!<\/p>\n<p>&#8211; \u00a1Aprecia la banda sonora y el fondo de pantalla del juego!<\/p>\n<p>&#8211; \u00a1Gu\u00e1rdalos para m\u00e1s tarde!<\/p>\n<p>&#8211; \u00a1Evita perderte usando la gu\u00eda de estrategia!<\/p>\n","protected":false},"excerpt":{"rendered":"<p>\u00bfPuedes evitar que una bestia malvada destruya tu reino a tiempo?<\/p>\n","protected":false},"author":17,"featured_media":102101,"comment_status":"open","ping_status":"closed","template":"","meta":{"_acf_changed":false,"inline_featured_image":false},"product_brand":[],"product_cat":[166],"product_tag":[288],"class_list":{"0":"post-133216","1":"product","2":"type-product","3":"status-publish","4":"has-post-thumbnail","6":"product_cat-hidden-object-es","7":"product_tag-play-on-pc-es","9":"first","10":"instock","11":"shipping-taxable","12":"purchasable","13":"product-type-simple"},"acf":[],"yoast_head":"<!-- This site is optimized with the Yoast SEO Premium plugin v25.2 (Yoast SEO v25.2) - https:\/\/yoast.com\/wordpress\/plugins\/seo\/ -->\n<title>Cursed Fables: White as Snow Collector&#039;s Edition - \u00bfPodr\u00e1s salvar tu reino a tiempo de una criatura mal\u00e9vola?<\/title>\n<meta name=\"description\" content=\"\u00bfPuedes evitar que una bestia malvada destruya tu reino a tiempo?\" \/>\n<meta name=\"robots\" content=\"index, follow, max-snippet:-1, max-image-preview:large, max-video-preview:-1\" \/>\n<link rel=\"canonical\" href=\"https:\/\/www.iplay.com\/es\/games\/cursed-fables-white-as-snow-collectors-edition\/\" \/>\n<meta property=\"og:locale\" content=\"es_ES\" \/>\n<meta property=\"og:type\" content=\"article\" \/>\n<meta property=\"og:title\" content=\"Cursed Fables: White as Snow Collector&#039;s Edition\" \/>\n<meta property=\"og:description\" content=\"\u00bfPuedes evitar que una bestia malvada destruya tu reino a tiempo?\" \/>\n<meta property=\"og:url\" content=\"https:\/\/www.iplay.com\/es\/games\/cursed-fables-white-as-snow-collectors-edition\/\" \/>\n<meta property=\"og:site_name\" content=\"IPlay\" \/>\n<meta property=\"og:image\" content=\"https:\/\/www.iplay.com\/wp-content\/uploads\/2023\/12\/large_square_tile_image-3893.jpg\" \/>\n\t<meta property=\"og:image:width\" content=\"310\" \/>\n\t<meta property=\"og:image:height\" content=\"310\" \/>\n\t<meta property=\"og:image:type\" content=\"image\/jpeg\" \/>\n<meta name=\"twitter:card\" content=\"summary_large_image\" \/>\n<meta name=\"twitter:label1\" content=\"Est. reading time\" \/>\n\t<meta name=\"twitter:data1\" content=\"1 minuto\" \/>\n<script type=\"application\/ld+json\" class=\"yoast-schema-graph\">{\"@context\":\"https:\/\/schema.org\",\"@graph\":[{\"@type\":\"WebPage\",\"@id\":\"https:\/\/www.iplay.com\/es\/games\/cursed-fables-white-as-snow-collectors-edition\/\",\"url\":\"https:\/\/www.iplay.com\/es\/games\/cursed-fables-white-as-snow-collectors-edition\/\",\"name\":\"Cursed Fables: White as Snow Collector's Edition - \u00bfPodr\u00e1s salvar tu reino a tiempo de una criatura mal\u00e9vola?\",\"isPartOf\":{\"@id\":\"https:\/\/www.iplay.com\/en\/#website\"},\"primaryImageOfPage\":{\"@id\":\"https:\/\/www.iplay.com\/es\/games\/cursed-fables-white-as-snow-collectors-edition\/#primaryimage\"},\"image\":{\"@id\":\"https:\/\/www.iplay.com\/es\/games\/cursed-fables-white-as-snow-collectors-edition\/#primaryimage\"},\"thumbnailUrl\":\"https:\/\/www.iplay.com\/wp-content\/uploads\/2023\/12\/large_square_tile_image-3893.jpg\",\"datePublished\":\"2022-11-04T00:00:01+00:00\",\"description\":\"\u00bfPuedes evitar que una bestia malvada destruya tu reino a tiempo?\",\"breadcrumb\":{\"@id\":\"https:\/\/www.iplay.com\/es\/games\/cursed-fables-white-as-snow-collectors-edition\/#breadcrumb\"},\"inLanguage\":\"es\",\"potentialAction\":[{\"@type\":\"ReadAction\",\"target\":[\"https:\/\/www.iplay.com\/es\/games\/cursed-fables-white-as-snow-collectors-edition\/\"]}]},{\"@type\":\"ImageObject\",\"inLanguage\":\"es\",\"@id\":\"https:\/\/www.iplay.com\/es\/games\/cursed-fables-white-as-snow-collectors-edition\/#primaryimage\",\"url\":\"https:\/\/www.iplay.com\/wp-content\/uploads\/2023\/12\/large_square_tile_image-3893.jpg\",\"contentUrl\":\"https:\/\/www.iplay.com\/wp-content\/uploads\/2023\/12\/large_square_tile_image-3893.jpg\",\"width\":310,\"height\":310},{\"@type\":\"BreadcrumbList\",\"@id\":\"https:\/\/www.iplay.com\/es\/games\/cursed-fables-white-as-snow-collectors-edition\/#breadcrumb\",\"itemListElement\":[{\"@type\":\"ListItem\",\"position\":1,\"name\":\"Home\",\"item\":\"https:\/\/www.iplay.com\/es\/home-page-2\/\"},{\"@type\":\"ListItem\",\"position\":2,\"name\":\"Shop\",\"item\":\"https:\/\/www.iplay.com\/en\/shop\/\"},{\"@type\":\"ListItem\",\"position\":3,\"name\":\"Cursed Fables: White as Snow Collector&#8217;s Edition\"}]},{\"@type\":\"WebSite\",\"@id\":\"https:\/\/www.iplay.com\/en\/#website\",\"url\":\"https:\/\/www.iplay.com\/en\/\",\"name\":\"IPlay\",\"description\":\"The Best Casual Games!\",\"publisher\":{\"@id\":\"https:\/\/www.iplay.com\/en\/#organization\"},\"potentialAction\":[{\"@type\":\"SearchAction\",\"target\":{\"@type\":\"EntryPoint\",\"urlTemplate\":\"https:\/\/www.iplay.com\/en\/?s={search_term_string}\"},\"query-input\":{\"@type\":\"PropertyValueSpecification\",\"valueRequired\":true,\"valueName\":\"search_term_string\"}}],\"inLanguage\":\"es\"},{\"@type\":\"Organization\",\"@id\":\"https:\/\/www.iplay.com\/en\/#organization\",\"name\":\"IPlay\",\"url\":\"https:\/\/www.iplay.com\/en\/\",\"logo\":{\"@type\":\"ImageObject\",\"inLanguage\":\"es\",\"@id\":\"https:\/\/www.iplay.com\/en\/#\/schema\/logo\/image\/\",\"url\":\"https:\/\/www.iplay.com\/wp-content\/uploads\/2023\/11\/Group-6100.svg\",\"contentUrl\":\"https:\/\/www.iplay.com\/wp-content\/uploads\/2023\/11\/Group-6100.svg\",\"width\":98,\"height\":25,\"caption\":\"IPlay\"},\"image\":{\"@id\":\"https:\/\/www.iplay.com\/en\/#\/schema\/logo\/image\/\"}}]}<\/script>\n<!-- \/ Yoast SEO Premium plugin. -->","yoast_head_json":{"title":"Cursed Fables: White as Snow Collector's Edition - \u00bfPodr\u00e1s salvar tu reino a tiempo de una criatura mal\u00e9vola?","description":"\u00bfPuedes evitar que una bestia malvada destruya tu reino a tiempo?","robots":{"index":"index","follow":"follow","max-snippet":"max-snippet:-1","max-image-preview":"max-image-preview:large","max-video-preview":"max-video-preview:-1"},"canonical":"https:\/\/www.iplay.com\/es\/games\/cursed-fables-white-as-snow-collectors-edition\/","og_locale":"es_ES","og_type":"article","og_title":"Cursed Fables: White as Snow Collector's Edition","og_description":"\u00bfPuedes evitar que una bestia malvada destruya tu reino a tiempo?","og_url":"https:\/\/www.iplay.com\/es\/games\/cursed-fables-white-as-snow-collectors-edition\/","og_site_name":"IPlay","og_image":[{"width":310,"height":310,"url":"https:\/\/www.iplay.com\/wp-content\/uploads\/2023\/12\/large_square_tile_image-3893.jpg","type":"image\/jpeg"}],"twitter_card":"summary_large_image","twitter_misc":{"Est. reading time":"1 minuto"},"schema":{"@context":"https:\/\/schema.org","@graph":[{"@type":"WebPage","@id":"https:\/\/www.iplay.com\/es\/games\/cursed-fables-white-as-snow-collectors-edition\/","url":"https:\/\/www.iplay.com\/es\/games\/cursed-fables-white-as-snow-collectors-edition\/","name":"Cursed Fables: White as Snow Collector's Edition - \u00bfPodr\u00e1s salvar tu reino a tiempo de una criatura mal\u00e9vola?","isPartOf":{"@id":"https:\/\/www.iplay.com\/en\/#website"},"primaryImageOfPage":{"@id":"https:\/\/www.iplay.com\/es\/games\/cursed-fables-white-as-snow-collectors-edition\/#primaryimage"},"image":{"@id":"https:\/\/www.iplay.com\/es\/games\/cursed-fables-white-as-snow-collectors-edition\/#primaryimage"},"thumbnailUrl":"https:\/\/www.iplay.com\/wp-content\/uploads\/2023\/12\/large_square_tile_image-3893.jpg","datePublished":"2022-11-04T00:00:01+00:00","description":"\u00bfPuedes evitar que una bestia malvada destruya tu reino a tiempo?","breadcrumb":{"@id":"https:\/\/www.iplay.com\/es\/games\/cursed-fables-white-as-snow-collectors-edition\/#breadcrumb"},"inLanguage":"es","potentialAction":[{"@type":"ReadAction","target":["https:\/\/www.iplay.com\/es\/games\/cursed-fables-white-as-snow-collectors-edition\/"]}]},{"@type":"ImageObject","inLanguage":"es","@id":"https:\/\/www.iplay.com\/es\/games\/cursed-fables-white-as-snow-collectors-edition\/#primaryimage","url":"https:\/\/www.iplay.com\/wp-content\/uploads\/2023\/12\/large_square_tile_image-3893.jpg","contentUrl":"https:\/\/www.iplay.com\/wp-content\/uploads\/2023\/12\/large_square_tile_image-3893.jpg","width":310,"height":310},{"@type":"BreadcrumbList","@id":"https:\/\/www.iplay.com\/es\/games\/cursed-fables-white-as-snow-collectors-edition\/#breadcrumb","itemListElement":[{"@type":"ListItem","position":1,"name":"Home","item":"https:\/\/www.iplay.com\/es\/home-page-2\/"},{"@type":"ListItem","position":2,"name":"Shop","item":"https:\/\/www.iplay.com\/en\/shop\/"},{"@type":"ListItem","position":3,"name":"Cursed Fables: White as Snow Collector&#8217;s Edition"}]},{"@type":"WebSite","@id":"https:\/\/www.iplay.com\/en\/#website","url":"https:\/\/www.iplay.com\/en\/","name":"IPlay","description":"The Best Casual Games!","publisher":{"@id":"https:\/\/www.iplay.com\/en\/#organization"},"potentialAction":[{"@type":"SearchAction","target":{"@type":"EntryPoint","urlTemplate":"https:\/\/www.iplay.com\/en\/?s={search_term_string}"},"query-input":{"@type":"PropertyValueSpecification","valueRequired":true,"valueName":"search_term_string"}}],"inLanguage":"es"},{"@type":"Organization","@id":"https:\/\/www.iplay.com\/en\/#organization","name":"IPlay","url":"https:\/\/www.iplay.com\/en\/","logo":{"@type":"ImageObject","inLanguage":"es","@id":"https:\/\/www.iplay.com\/en\/#\/schema\/logo\/image\/","url":"https:\/\/www.iplay.com\/wp-content\/uploads\/2023\/11\/Group-6100.svg","contentUrl":"https:\/\/www.iplay.com\/wp-content\/uploads\/2023\/11\/Group-6100.svg","width":98,"height":25,"caption":"IPlay"},"image":{"@id":"https:\/\/www.iplay.com\/en\/#\/schema\/logo\/image\/"}}]}},"_links":{"self":[{"href":"https:\/\/www.iplay.com\/es\/wp-json\/wp\/v2\/product\/133216","targetHints":{"allow":["GET"]}}],"collection":[{"href":"https:\/\/www.iplay.com\/es\/wp-json\/wp\/v2\/product"}],"about":[{"href":"https:\/\/www.iplay.com\/es\/wp-json\/wp\/v2\/types\/product"}],"author":[{"embeddable":true,"href":"https:\/\/www.iplay.com\/es\/wp-json\/wp\/v2\/users\/17"}],"replies":[{"embeddable":true,"href":"https:\/\/www.iplay.com\/es\/wp-json\/wp\/v2\/comments?post=133216"}],"wp:featuredmedia":[{"embeddable":true,"href":"https:\/\/www.iplay.com\/es\/wp-json\/wp\/v2\/media\/102101"}],"wp:attachment":[{"href":"https:\/\/www.iplay.com\/es\/wp-json\/wp\/v2\/media?parent=133216"}],"wp:term":[{"taxonomy":"product_brand","embeddable":true,"href":"https:\/\/www.iplay.com\/es\/wp-json\/wp\/v2\/product_brand?post=133216"},{"taxonomy":"product_cat","embeddable":true,"href":"https:\/\/www.iplay.com\/es\/wp-json\/wp\/v2\/product_cat?post=133216"},{"taxonomy":"product_tag","embeddable":true,"href":"https:\/\/www.iplay.com\/es\/wp-json\/wp\/v2\/product_tag?post=133216"}],"curies":[{"name":"wp","href":"https:\/\/api.w.org\/{rel}","templated":true}]}}