{"id":133114,"date":"2023-01-02T00:00:00","date_gmt":"2023-01-02T00:00:00","guid":{"rendered":"https:\/\/www.iplay.com\/games\/legacy-witch-island-4\/"},"modified":"2025-04-29T15:52:31","modified_gmt":"2025-04-29T15:52:31","slug":"legacy-witch-island-4","status":"publish","type":"product","link":"https:\/\/www.iplay.com\/es\/games\/legacy-witch-island-4\/","title":{"rendered":"Legacy &#8211; Witch Island 4"},"content":{"rendered":"<p>Hay un asedio al antiguo castillo. Una bruja ha reunido un ej\u00e9rcito considerable y pide que todos se inclinen ante su poder. A lo largo de un milenio, este castillo ha soportado varios conflictos, pero ya no est\u00e1 intacto. Aun as\u00ed, el castillo guarda un secreto. Un drag\u00f3n mantiene el castillo caliente, y tienes que averiguar c\u00f3mo llamarlo para que pueda ayudarte a destruir las tropas de la bruja. De esa manera, descubrir\u00e1s c\u00f3mo sali\u00f3 la bruja. Despu\u00e9s de todo, hay una historia que dice que la bruja de las tierras altas duerme inquieta. Los hermosos y encantadores paisajes forestales son una de las caracter\u00edsticas de este producto.       <\/p>\n<p>&nbsp;<\/p>\n<p>&nbsp;<\/p>\n<p><strong>  Funciones:<\/strong><\/p>\n<p>&nbsp;<\/p>\n<p>&#8211; Varios minijuegos<br \/>\n de l\u00f3gica: aplicaci\u00f3n inusual de escenas de cerdos. Puede evitar el uso de la b\u00fasqueda de objetos.<br \/>\n&#8211; La historia est\u00e1 pensada para durar de cinco a seis horas.<\/p>\n","protected":false},"excerpt":{"rendered":"<p>Experimenta las aventuras de Legacy &#8211; Witch Island 4, una isla m\u00edstica bajo el control de una bruja.<\/p>\n","protected":false},"author":36,"featured_media":74856,"comment_status":"open","ping_status":"closed","template":"","meta":{"_acf_changed":false,"inline_featured_image":false},"product_brand":[],"product_cat":[166],"product_tag":[288],"class_list":{"0":"post-133114","1":"product","2":"type-product","3":"status-publish","4":"has-post-thumbnail","6":"product_cat-hidden-object-es","7":"product_tag-play-on-pc-es","9":"first","10":"instock","11":"shipping-taxable","12":"purchasable","13":"product-type-simple"},"acf":[],"yoast_head":"<!-- This site is optimized with the Yoast SEO Premium plugin v25.2 (Yoast SEO v25.2) - https:\/\/yoast.com\/wordpress\/plugins\/seo\/ -->\n<title>Legacy - Witch Island 4 - Explora una isla m\u00e1gica despu\u00e9s de ser capturado por una bruja<\/title>\n<meta name=\"description\" content=\"Experimenta las aventuras de Legacy - Witch Island 4, una isla m\u00edstica bajo el control de una bruja.\" \/>\n<meta name=\"robots\" content=\"index, follow, max-snippet:-1, max-image-preview:large, max-video-preview:-1\" \/>\n<link rel=\"canonical\" href=\"https:\/\/www.iplay.com\/es\/games\/legacy-witch-island-4\/\" \/>\n<meta property=\"og:locale\" content=\"es_ES\" \/>\n<meta property=\"og:type\" content=\"article\" \/>\n<meta property=\"og:title\" content=\"Legacy - Witch Island 4\" \/>\n<meta property=\"og:description\" content=\"Experimenta las aventuras de Legacy - Witch Island 4, una isla m\u00edstica bajo el control de una bruja.\" \/>\n<meta property=\"og:url\" content=\"https:\/\/www.iplay.com\/es\/games\/legacy-witch-island-4\/\" \/>\n<meta property=\"og:site_name\" content=\"IPlay\" \/>\n<meta property=\"article:modified_time\" content=\"2025-04-29T15:52:31+00:00\" \/>\n<meta property=\"og:image\" content=\"https:\/\/www.iplay.com\/wp-content\/uploads\/2023\/12\/large_square_tile_image-2172.jpg\" \/>\n\t<meta property=\"og:image:width\" content=\"310\" \/>\n\t<meta property=\"og:image:height\" content=\"310\" \/>\n\t<meta property=\"og:image:type\" content=\"image\/jpeg\" \/>\n<meta name=\"twitter:card\" content=\"summary_large_image\" \/>\n<meta name=\"twitter:label1\" content=\"Est. reading time\" \/>\n\t<meta name=\"twitter:data1\" content=\"1 minuto\" \/>\n<script type=\"application\/ld+json\" class=\"yoast-schema-graph\">{\"@context\":\"https:\/\/schema.org\",\"@graph\":[{\"@type\":\"WebPage\",\"@id\":\"https:\/\/www.iplay.com\/es\/games\/legacy-witch-island-4\/\",\"url\":\"https:\/\/www.iplay.com\/es\/games\/legacy-witch-island-4\/\",\"name\":\"Legacy - Witch Island 4 - Explora una isla m\u00e1gica despu\u00e9s de ser capturado por una bruja\",\"isPartOf\":{\"@id\":\"https:\/\/www.iplay.com\/en\/#website\"},\"primaryImageOfPage\":{\"@id\":\"https:\/\/www.iplay.com\/es\/games\/legacy-witch-island-4\/#primaryimage\"},\"image\":{\"@id\":\"https:\/\/www.iplay.com\/es\/games\/legacy-witch-island-4\/#primaryimage\"},\"thumbnailUrl\":\"https:\/\/www.iplay.com\/wp-content\/uploads\/2023\/12\/large_square_tile_image-2172.jpg\",\"datePublished\":\"2023-01-02T00:00:00+00:00\",\"dateModified\":\"2025-04-29T15:52:31+00:00\",\"description\":\"Experimenta las aventuras de Legacy - Witch Island 4, una isla m\u00edstica bajo el control de una bruja.\",\"breadcrumb\":{\"@id\":\"https:\/\/www.iplay.com\/es\/games\/legacy-witch-island-4\/#breadcrumb\"},\"inLanguage\":\"es\",\"potentialAction\":[{\"@type\":\"ReadAction\",\"target\":[\"https:\/\/www.iplay.com\/es\/games\/legacy-witch-island-4\/\"]}]},{\"@type\":\"ImageObject\",\"inLanguage\":\"es\",\"@id\":\"https:\/\/www.iplay.com\/es\/games\/legacy-witch-island-4\/#primaryimage\",\"url\":\"https:\/\/www.iplay.com\/wp-content\/uploads\/2023\/12\/large_square_tile_image-2172.jpg\",\"contentUrl\":\"https:\/\/www.iplay.com\/wp-content\/uploads\/2023\/12\/large_square_tile_image-2172.jpg\",\"width\":310,\"height\":310},{\"@type\":\"BreadcrumbList\",\"@id\":\"https:\/\/www.iplay.com\/es\/games\/legacy-witch-island-4\/#breadcrumb\",\"itemListElement\":[{\"@type\":\"ListItem\",\"position\":1,\"name\":\"Home\",\"item\":\"https:\/\/www.iplay.com\/es\/home-page-2\/\"},{\"@type\":\"ListItem\",\"position\":2,\"name\":\"Shop\",\"item\":\"https:\/\/www.iplay.com\/en\/shop\/\"},{\"@type\":\"ListItem\",\"position\":3,\"name\":\"Legacy &#8211; Witch Island 4\"}]},{\"@type\":\"WebSite\",\"@id\":\"https:\/\/www.iplay.com\/en\/#website\",\"url\":\"https:\/\/www.iplay.com\/en\/\",\"name\":\"IPlay\",\"description\":\"The Best Casual Games!\",\"publisher\":{\"@id\":\"https:\/\/www.iplay.com\/en\/#organization\"},\"potentialAction\":[{\"@type\":\"SearchAction\",\"target\":{\"@type\":\"EntryPoint\",\"urlTemplate\":\"https:\/\/www.iplay.com\/en\/?s={search_term_string}\"},\"query-input\":{\"@type\":\"PropertyValueSpecification\",\"valueRequired\":true,\"valueName\":\"search_term_string\"}}],\"inLanguage\":\"es\"},{\"@type\":\"Organization\",\"@id\":\"https:\/\/www.iplay.com\/en\/#organization\",\"name\":\"IPlay\",\"url\":\"https:\/\/www.iplay.com\/en\/\",\"logo\":{\"@type\":\"ImageObject\",\"inLanguage\":\"es\",\"@id\":\"https:\/\/www.iplay.com\/en\/#\/schema\/logo\/image\/\",\"url\":\"https:\/\/www.iplay.com\/wp-content\/uploads\/2023\/11\/Group-6100.svg\",\"contentUrl\":\"https:\/\/www.iplay.com\/wp-content\/uploads\/2023\/11\/Group-6100.svg\",\"width\":98,\"height\":25,\"caption\":\"IPlay\"},\"image\":{\"@id\":\"https:\/\/www.iplay.com\/en\/#\/schema\/logo\/image\/\"}}]}<\/script>\n<!-- \/ Yoast SEO Premium plugin. -->","yoast_head_json":{"title":"Legacy - Witch Island 4 - Explora una isla m\u00e1gica despu\u00e9s de ser capturado por una bruja","description":"Experimenta las aventuras de Legacy - Witch Island 4, una isla m\u00edstica bajo el control de una bruja.","robots":{"index":"index","follow":"follow","max-snippet":"max-snippet:-1","max-image-preview":"max-image-preview:large","max-video-preview":"max-video-preview:-1"},"canonical":"https:\/\/www.iplay.com\/es\/games\/legacy-witch-island-4\/","og_locale":"es_ES","og_type":"article","og_title":"Legacy - Witch Island 4","og_description":"Experimenta las aventuras de Legacy - Witch Island 4, una isla m\u00edstica bajo el control de una bruja.","og_url":"https:\/\/www.iplay.com\/es\/games\/legacy-witch-island-4\/","og_site_name":"IPlay","article_modified_time":"2025-04-29T15:52:31+00:00","og_image":[{"width":310,"height":310,"url":"https:\/\/www.iplay.com\/wp-content\/uploads\/2023\/12\/large_square_tile_image-2172.jpg","type":"image\/jpeg"}],"twitter_card":"summary_large_image","twitter_misc":{"Est. reading time":"1 minuto"},"schema":{"@context":"https:\/\/schema.org","@graph":[{"@type":"WebPage","@id":"https:\/\/www.iplay.com\/es\/games\/legacy-witch-island-4\/","url":"https:\/\/www.iplay.com\/es\/games\/legacy-witch-island-4\/","name":"Legacy - Witch Island 4 - Explora una isla m\u00e1gica despu\u00e9s de ser capturado por una bruja","isPartOf":{"@id":"https:\/\/www.iplay.com\/en\/#website"},"primaryImageOfPage":{"@id":"https:\/\/www.iplay.com\/es\/games\/legacy-witch-island-4\/#primaryimage"},"image":{"@id":"https:\/\/www.iplay.com\/es\/games\/legacy-witch-island-4\/#primaryimage"},"thumbnailUrl":"https:\/\/www.iplay.com\/wp-content\/uploads\/2023\/12\/large_square_tile_image-2172.jpg","datePublished":"2023-01-02T00:00:00+00:00","dateModified":"2025-04-29T15:52:31+00:00","description":"Experimenta las aventuras de Legacy - Witch Island 4, una isla m\u00edstica bajo el control de una bruja.","breadcrumb":{"@id":"https:\/\/www.iplay.com\/es\/games\/legacy-witch-island-4\/#breadcrumb"},"inLanguage":"es","potentialAction":[{"@type":"ReadAction","target":["https:\/\/www.iplay.com\/es\/games\/legacy-witch-island-4\/"]}]},{"@type":"ImageObject","inLanguage":"es","@id":"https:\/\/www.iplay.com\/es\/games\/legacy-witch-island-4\/#primaryimage","url":"https:\/\/www.iplay.com\/wp-content\/uploads\/2023\/12\/large_square_tile_image-2172.jpg","contentUrl":"https:\/\/www.iplay.com\/wp-content\/uploads\/2023\/12\/large_square_tile_image-2172.jpg","width":310,"height":310},{"@type":"BreadcrumbList","@id":"https:\/\/www.iplay.com\/es\/games\/legacy-witch-island-4\/#breadcrumb","itemListElement":[{"@type":"ListItem","position":1,"name":"Home","item":"https:\/\/www.iplay.com\/es\/home-page-2\/"},{"@type":"ListItem","position":2,"name":"Shop","item":"https:\/\/www.iplay.com\/en\/shop\/"},{"@type":"ListItem","position":3,"name":"Legacy &#8211; Witch Island 4"}]},{"@type":"WebSite","@id":"https:\/\/www.iplay.com\/en\/#website","url":"https:\/\/www.iplay.com\/en\/","name":"IPlay","description":"The Best Casual Games!","publisher":{"@id":"https:\/\/www.iplay.com\/en\/#organization"},"potentialAction":[{"@type":"SearchAction","target":{"@type":"EntryPoint","urlTemplate":"https:\/\/www.iplay.com\/en\/?s={search_term_string}"},"query-input":{"@type":"PropertyValueSpecification","valueRequired":true,"valueName":"search_term_string"}}],"inLanguage":"es"},{"@type":"Organization","@id":"https:\/\/www.iplay.com\/en\/#organization","name":"IPlay","url":"https:\/\/www.iplay.com\/en\/","logo":{"@type":"ImageObject","inLanguage":"es","@id":"https:\/\/www.iplay.com\/en\/#\/schema\/logo\/image\/","url":"https:\/\/www.iplay.com\/wp-content\/uploads\/2023\/11\/Group-6100.svg","contentUrl":"https:\/\/www.iplay.com\/wp-content\/uploads\/2023\/11\/Group-6100.svg","width":98,"height":25,"caption":"IPlay"},"image":{"@id":"https:\/\/www.iplay.com\/en\/#\/schema\/logo\/image\/"}}]}},"_links":{"self":[{"href":"https:\/\/www.iplay.com\/es\/wp-json\/wp\/v2\/product\/133114","targetHints":{"allow":["GET"]}}],"collection":[{"href":"https:\/\/www.iplay.com\/es\/wp-json\/wp\/v2\/product"}],"about":[{"href":"https:\/\/www.iplay.com\/es\/wp-json\/wp\/v2\/types\/product"}],"author":[{"embeddable":true,"href":"https:\/\/www.iplay.com\/es\/wp-json\/wp\/v2\/users\/36"}],"replies":[{"embeddable":true,"href":"https:\/\/www.iplay.com\/es\/wp-json\/wp\/v2\/comments?post=133114"}],"wp:featuredmedia":[{"embeddable":true,"href":"https:\/\/www.iplay.com\/es\/wp-json\/wp\/v2\/media\/74856"}],"wp:attachment":[{"href":"https:\/\/www.iplay.com\/es\/wp-json\/wp\/v2\/media?parent=133114"}],"wp:term":[{"taxonomy":"product_brand","embeddable":true,"href":"https:\/\/www.iplay.com\/es\/wp-json\/wp\/v2\/product_brand?post=133114"},{"taxonomy":"product_cat","embeddable":true,"href":"https:\/\/www.iplay.com\/es\/wp-json\/wp\/v2\/product_cat?post=133114"},{"taxonomy":"product_tag","embeddable":true,"href":"https:\/\/www.iplay.com\/es\/wp-json\/wp\/v2\/product_tag?post=133114"}],"curies":[{"name":"wp","href":"https:\/\/api.w.org\/{rel}","templated":true}]}}