{"id":133108,"date":"2023-01-05T00:00:00","date_gmt":"2023-01-05T00:00:00","guid":{"rendered":"https:\/\/www.iplay.com\/games\/academy-of-magic-the-great-dark-wizards-curse\/"},"modified":"2023-01-05T00:00:00","modified_gmt":"2023-01-05T00:00:00","slug":"academy-of-magic-the-great-dark-wizards-curse","status":"publish","type":"product","link":"https:\/\/www.iplay.com\/es\/games\/academy-of-magic-the-great-dark-wizards-curse\/","title":{"rendered":"Academy of Magic: The Great Dark Wizard&#8217;s Curse"},"content":{"rendered":"<p>Dennis ha pasado toda su vida en las calles de Londres como hu\u00e9rfano, practicando espect\u00e1culos de magia para sobrevivir mientras se pregunta qu\u00e9 les pas\u00f3 a sus padres. Todo eso cambia cuando entra en un portal y se encuentra en otro mundo, un mundo m\u00e1gico. Dennis es informado por un elfo que afirma haber conocido a sus padres que la profec\u00eda dice que \u00e9l es el \u00fanico que puede romper la maldici\u00f3n de la Academia de Magia. Dennis, fascinado por el extra\u00f1o mundo en el que se ha encontrado, decide hacer todo lo posible para salvar la escuela. Sin embargo, el mago que maldijo la escuela todav\u00eda tiene seguidores, y levantar el encantamiento puede no ser tan sencillo como parece.    <\/p>\n<p>&nbsp;<\/p>\n<p>&nbsp;<\/p>\n<p><strong>Funciones:<\/strong><\/p>\n<p>&nbsp;<\/p>\n<p>&#8211; Una atractiva historia m\u00e1gica<\/p>\n<p>&#8211; Disfruta de niveles dif\u00edciles de combinar 3<\/p>\n<p>&#8211; Sigue los viajes de Dennis a lo largo de 5 cap\u00edtulos<\/p>\n<p>&#8211; 20 escenas interesantes &#8211; Un v\u00edvido grupo de personajes<\/p>\n","protected":false},"excerpt":{"rendered":"<p>\u00a1Ven con Dennis a levantar la maldici\u00f3n! Evita que la maldici\u00f3n de los Grandes Magos Oscuros afecte a la Academia de Magia. <\/p>\n","protected":false},"author":42,"featured_media":74808,"comment_status":"open","ping_status":"closed","template":"","meta":{"_acf_changed":false,"inline_featured_image":false},"product_brand":[],"product_cat":[192],"product_tag":[],"class_list":{"0":"post-133108","1":"product","2":"type-product","3":"status-publish","4":"has-post-thumbnail","6":"product_cat-puzzle-es","8":"first","9":"instock","10":"shipping-taxable","11":"purchasable","12":"product-type-simple"},"acf":[],"yoast_head":"<!-- This site is optimized with the Yoast SEO Premium plugin v25.2 (Yoast SEO v25.2) - https:\/\/yoast.com\/wordpress\/plugins\/seo\/ -->\n<title>Academia de Magia: La Gran Maldici\u00f3n del Mago Oscuro - Salva a la Academia de Magia de la Maldici\u00f3n del Gran Mago Oscuro<\/title>\n<meta name=\"description\" content=\"\u00a1Ven con Dennis a levantar la maldici\u00f3n! Evita que la maldici\u00f3n de los Grandes Magos Oscuros afecte a la Academia de Magia.\" \/>\n<meta name=\"robots\" content=\"index, follow, max-snippet:-1, max-image-preview:large, max-video-preview:-1\" \/>\n<link rel=\"canonical\" href=\"https:\/\/www.iplay.com\/es\/games\/academy-of-magic-the-great-dark-wizards-curse\/\" \/>\n<meta property=\"og:locale\" content=\"es_ES\" \/>\n<meta property=\"og:type\" content=\"article\" \/>\n<meta property=\"og:title\" content=\"Academy of Magic: The Great Dark Wizard&#039;s Curse\" \/>\n<meta property=\"og:description\" content=\"\u00a1Ven con Dennis a levantar la maldici\u00f3n! Evita que la maldici\u00f3n de los Grandes Magos Oscuros afecte a la Academia de Magia.\" \/>\n<meta property=\"og:url\" content=\"https:\/\/www.iplay.com\/es\/games\/academy-of-magic-the-great-dark-wizards-curse\/\" \/>\n<meta property=\"og:site_name\" content=\"IPlay\" \/>\n<meta property=\"og:image\" content=\"https:\/\/www.iplay.com\/wp-content\/uploads\/2023\/12\/large_square_tile_image-2169.jpg\" \/>\n\t<meta property=\"og:image:width\" content=\"310\" \/>\n\t<meta property=\"og:image:height\" content=\"310\" \/>\n\t<meta property=\"og:image:type\" content=\"image\/jpeg\" \/>\n<meta name=\"twitter:card\" content=\"summary_large_image\" \/>\n<meta name=\"twitter:label1\" content=\"Est. reading time\" \/>\n\t<meta name=\"twitter:data1\" content=\"1 minuto\" \/>\n<script type=\"application\/ld+json\" class=\"yoast-schema-graph\">{\"@context\":\"https:\/\/schema.org\",\"@graph\":[{\"@type\":\"WebPage\",\"@id\":\"https:\/\/www.iplay.com\/es\/games\/academy-of-magic-the-great-dark-wizards-curse\/\",\"url\":\"https:\/\/www.iplay.com\/es\/games\/academy-of-magic-the-great-dark-wizards-curse\/\",\"name\":\"Academia de Magia: La Gran Maldici\u00f3n del Mago Oscuro - Salva a la Academia de Magia de la Maldici\u00f3n del Gran Mago Oscuro\",\"isPartOf\":{\"@id\":\"https:\/\/www.iplay.com\/en\/#website\"},\"primaryImageOfPage\":{\"@id\":\"https:\/\/www.iplay.com\/es\/games\/academy-of-magic-the-great-dark-wizards-curse\/#primaryimage\"},\"image\":{\"@id\":\"https:\/\/www.iplay.com\/es\/games\/academy-of-magic-the-great-dark-wizards-curse\/#primaryimage\"},\"thumbnailUrl\":\"https:\/\/www.iplay.com\/wp-content\/uploads\/2023\/12\/large_square_tile_image-2169.jpg\",\"datePublished\":\"2023-01-05T00:00:00+00:00\",\"description\":\"\u00a1Ven con Dennis a levantar la maldici\u00f3n! Evita que la maldici\u00f3n de los Grandes Magos Oscuros afecte a la Academia de Magia.\",\"breadcrumb\":{\"@id\":\"https:\/\/www.iplay.com\/es\/games\/academy-of-magic-the-great-dark-wizards-curse\/#breadcrumb\"},\"inLanguage\":\"es\",\"potentialAction\":[{\"@type\":\"ReadAction\",\"target\":[\"https:\/\/www.iplay.com\/es\/games\/academy-of-magic-the-great-dark-wizards-curse\/\"]}]},{\"@type\":\"ImageObject\",\"inLanguage\":\"es\",\"@id\":\"https:\/\/www.iplay.com\/es\/games\/academy-of-magic-the-great-dark-wizards-curse\/#primaryimage\",\"url\":\"https:\/\/www.iplay.com\/wp-content\/uploads\/2023\/12\/large_square_tile_image-2169.jpg\",\"contentUrl\":\"https:\/\/www.iplay.com\/wp-content\/uploads\/2023\/12\/large_square_tile_image-2169.jpg\",\"width\":310,\"height\":310},{\"@type\":\"BreadcrumbList\",\"@id\":\"https:\/\/www.iplay.com\/es\/games\/academy-of-magic-the-great-dark-wizards-curse\/#breadcrumb\",\"itemListElement\":[{\"@type\":\"ListItem\",\"position\":1,\"name\":\"Home\",\"item\":\"https:\/\/www.iplay.com\/es\/home-page-2\/\"},{\"@type\":\"ListItem\",\"position\":2,\"name\":\"Shop\",\"item\":\"https:\/\/www.iplay.com\/en\/shop\/\"},{\"@type\":\"ListItem\",\"position\":3,\"name\":\"Academy of Magic: The Great Dark Wizard&#8217;s Curse\"}]},{\"@type\":\"WebSite\",\"@id\":\"https:\/\/www.iplay.com\/en\/#website\",\"url\":\"https:\/\/www.iplay.com\/en\/\",\"name\":\"IPlay\",\"description\":\"The Best Casual Games!\",\"publisher\":{\"@id\":\"https:\/\/www.iplay.com\/en\/#organization\"},\"potentialAction\":[{\"@type\":\"SearchAction\",\"target\":{\"@type\":\"EntryPoint\",\"urlTemplate\":\"https:\/\/www.iplay.com\/en\/?s={search_term_string}\"},\"query-input\":{\"@type\":\"PropertyValueSpecification\",\"valueRequired\":true,\"valueName\":\"search_term_string\"}}],\"inLanguage\":\"es\"},{\"@type\":\"Organization\",\"@id\":\"https:\/\/www.iplay.com\/en\/#organization\",\"name\":\"IPlay\",\"url\":\"https:\/\/www.iplay.com\/en\/\",\"logo\":{\"@type\":\"ImageObject\",\"inLanguage\":\"es\",\"@id\":\"https:\/\/www.iplay.com\/en\/#\/schema\/logo\/image\/\",\"url\":\"https:\/\/www.iplay.com\/wp-content\/uploads\/2023\/11\/Group-6100.svg\",\"contentUrl\":\"https:\/\/www.iplay.com\/wp-content\/uploads\/2023\/11\/Group-6100.svg\",\"width\":98,\"height\":25,\"caption\":\"IPlay\"},\"image\":{\"@id\":\"https:\/\/www.iplay.com\/en\/#\/schema\/logo\/image\/\"}}]}<\/script>\n<!-- \/ Yoast SEO Premium plugin. -->","yoast_head_json":{"title":"Academia de Magia: La Gran Maldici\u00f3n del Mago Oscuro - Salva a la Academia de Magia de la Maldici\u00f3n del Gran Mago Oscuro","description":"\u00a1Ven con Dennis a levantar la maldici\u00f3n! Evita que la maldici\u00f3n de los Grandes Magos Oscuros afecte a la Academia de Magia.","robots":{"index":"index","follow":"follow","max-snippet":"max-snippet:-1","max-image-preview":"max-image-preview:large","max-video-preview":"max-video-preview:-1"},"canonical":"https:\/\/www.iplay.com\/es\/games\/academy-of-magic-the-great-dark-wizards-curse\/","og_locale":"es_ES","og_type":"article","og_title":"Academy of Magic: The Great Dark Wizard's Curse","og_description":"\u00a1Ven con Dennis a levantar la maldici\u00f3n! Evita que la maldici\u00f3n de los Grandes Magos Oscuros afecte a la Academia de Magia.","og_url":"https:\/\/www.iplay.com\/es\/games\/academy-of-magic-the-great-dark-wizards-curse\/","og_site_name":"IPlay","og_image":[{"width":310,"height":310,"url":"https:\/\/www.iplay.com\/wp-content\/uploads\/2023\/12\/large_square_tile_image-2169.jpg","type":"image\/jpeg"}],"twitter_card":"summary_large_image","twitter_misc":{"Est. reading time":"1 minuto"},"schema":{"@context":"https:\/\/schema.org","@graph":[{"@type":"WebPage","@id":"https:\/\/www.iplay.com\/es\/games\/academy-of-magic-the-great-dark-wizards-curse\/","url":"https:\/\/www.iplay.com\/es\/games\/academy-of-magic-the-great-dark-wizards-curse\/","name":"Academia de Magia: La Gran Maldici\u00f3n del Mago Oscuro - Salva a la Academia de Magia de la Maldici\u00f3n del Gran Mago Oscuro","isPartOf":{"@id":"https:\/\/www.iplay.com\/en\/#website"},"primaryImageOfPage":{"@id":"https:\/\/www.iplay.com\/es\/games\/academy-of-magic-the-great-dark-wizards-curse\/#primaryimage"},"image":{"@id":"https:\/\/www.iplay.com\/es\/games\/academy-of-magic-the-great-dark-wizards-curse\/#primaryimage"},"thumbnailUrl":"https:\/\/www.iplay.com\/wp-content\/uploads\/2023\/12\/large_square_tile_image-2169.jpg","datePublished":"2023-01-05T00:00:00+00:00","description":"\u00a1Ven con Dennis a levantar la maldici\u00f3n! Evita que la maldici\u00f3n de los Grandes Magos Oscuros afecte a la Academia de Magia.","breadcrumb":{"@id":"https:\/\/www.iplay.com\/es\/games\/academy-of-magic-the-great-dark-wizards-curse\/#breadcrumb"},"inLanguage":"es","potentialAction":[{"@type":"ReadAction","target":["https:\/\/www.iplay.com\/es\/games\/academy-of-magic-the-great-dark-wizards-curse\/"]}]},{"@type":"ImageObject","inLanguage":"es","@id":"https:\/\/www.iplay.com\/es\/games\/academy-of-magic-the-great-dark-wizards-curse\/#primaryimage","url":"https:\/\/www.iplay.com\/wp-content\/uploads\/2023\/12\/large_square_tile_image-2169.jpg","contentUrl":"https:\/\/www.iplay.com\/wp-content\/uploads\/2023\/12\/large_square_tile_image-2169.jpg","width":310,"height":310},{"@type":"BreadcrumbList","@id":"https:\/\/www.iplay.com\/es\/games\/academy-of-magic-the-great-dark-wizards-curse\/#breadcrumb","itemListElement":[{"@type":"ListItem","position":1,"name":"Home","item":"https:\/\/www.iplay.com\/es\/home-page-2\/"},{"@type":"ListItem","position":2,"name":"Shop","item":"https:\/\/www.iplay.com\/en\/shop\/"},{"@type":"ListItem","position":3,"name":"Academy of Magic: The Great Dark Wizard&#8217;s Curse"}]},{"@type":"WebSite","@id":"https:\/\/www.iplay.com\/en\/#website","url":"https:\/\/www.iplay.com\/en\/","name":"IPlay","description":"The Best Casual Games!","publisher":{"@id":"https:\/\/www.iplay.com\/en\/#organization"},"potentialAction":[{"@type":"SearchAction","target":{"@type":"EntryPoint","urlTemplate":"https:\/\/www.iplay.com\/en\/?s={search_term_string}"},"query-input":{"@type":"PropertyValueSpecification","valueRequired":true,"valueName":"search_term_string"}}],"inLanguage":"es"},{"@type":"Organization","@id":"https:\/\/www.iplay.com\/en\/#organization","name":"IPlay","url":"https:\/\/www.iplay.com\/en\/","logo":{"@type":"ImageObject","inLanguage":"es","@id":"https:\/\/www.iplay.com\/en\/#\/schema\/logo\/image\/","url":"https:\/\/www.iplay.com\/wp-content\/uploads\/2023\/11\/Group-6100.svg","contentUrl":"https:\/\/www.iplay.com\/wp-content\/uploads\/2023\/11\/Group-6100.svg","width":98,"height":25,"caption":"IPlay"},"image":{"@id":"https:\/\/www.iplay.com\/en\/#\/schema\/logo\/image\/"}}]}},"_links":{"self":[{"href":"https:\/\/www.iplay.com\/es\/wp-json\/wp\/v2\/product\/133108","targetHints":{"allow":["GET"]}}],"collection":[{"href":"https:\/\/www.iplay.com\/es\/wp-json\/wp\/v2\/product"}],"about":[{"href":"https:\/\/www.iplay.com\/es\/wp-json\/wp\/v2\/types\/product"}],"author":[{"embeddable":true,"href":"https:\/\/www.iplay.com\/es\/wp-json\/wp\/v2\/users\/42"}],"replies":[{"embeddable":true,"href":"https:\/\/www.iplay.com\/es\/wp-json\/wp\/v2\/comments?post=133108"}],"wp:featuredmedia":[{"embeddable":true,"href":"https:\/\/www.iplay.com\/es\/wp-json\/wp\/v2\/media\/74808"}],"wp:attachment":[{"href":"https:\/\/www.iplay.com\/es\/wp-json\/wp\/v2\/media?parent=133108"}],"wp:term":[{"taxonomy":"product_brand","embeddable":true,"href":"https:\/\/www.iplay.com\/es\/wp-json\/wp\/v2\/product_brand?post=133108"},{"taxonomy":"product_cat","embeddable":true,"href":"https:\/\/www.iplay.com\/es\/wp-json\/wp\/v2\/product_cat?post=133108"},{"taxonomy":"product_tag","embeddable":true,"href":"https:\/\/www.iplay.com\/es\/wp-json\/wp\/v2\/product_tag?post=133108"}],"curies":[{"name":"wp","href":"https:\/\/api.w.org\/{rel}","templated":true}]}}