{"id":132769,"date":"2024-07-01T22:06:25","date_gmt":"2024-07-01T22:06:25","guid":{"rendered":"https:\/\/www.iplay.com\/games\/become-a-fashion-designer\/"},"modified":"2024-07-01T22:06:25","modified_gmt":"2024-07-01T22:06:25","slug":"become-a-fashion-designer","status":"publish","type":"product","link":"https:\/\/www.iplay.com\/es\/games\/become-a-fashion-designer\/","title":{"rendered":"Become a Fashion Designer"},"content":{"rendered":"<p>\u00bfAlguna vez has so\u00f1ado con convertirte en un dise\u00f1ador de moda de renombre? \u00a1Ahora es tu oportunidad de crear atuendos impresionantes y labrarte un nombre en el mundo de la moda! <\/p>\n<p>En este encantador juego de dise\u00f1o, se pueden crear hermosos vestidos de todos los estilos: vestidos de princesa, vestidos de fiesta, ropa de diario y atuendos de graduaci\u00f3n.<\/p>\n<p>La combinaci\u00f3n de diferentes tops y faldas, como los estilos de l\u00ednea A, mini, capas, burbuja y sirena, permitir\u00e1 la creaci\u00f3n de vestidos de ensue\u00f1o.<\/p>\n<p>Una amplia paleta de materiales, patrones, colores y accesorios est\u00e1 disponible para dar vida a sus dise\u00f1os.<\/p>\n<p>Este juego ofrece una v\u00eda para mostrar tu estilo y creatividad. Ya sea dise\u00f1ando para clientes o participando en eventos de estilo, el sentido \u00fanico de la moda har\u00e1 que sus creaciones se destaquen. <\/p>\n<p>Enfr\u00e9ntate a los mejores dise\u00f1adores de todo el mundo y convi\u00e9rtete en una estrella de la industria de la moda.<\/p>\n<p>Aprende secretos de los mejores y deja que tus habilidades de dise\u00f1o de moda brillen.<\/p>\n<p>Con un sinf\u00edn de atuendos, estilos, estampados y accesorios para elegir, \u00a1tu estilo caracter\u00edstico pronto cautivar\u00e1 al mundo!<\/p>\n","protected":false},"excerpt":{"rendered":"<p>\u00bfAlguna vez has so\u00f1ado con convertirte en un dise\u00f1ador de moda de renombre?<\/p>\n","protected":false},"author":333,"featured_media":0,"comment_status":"open","ping_status":"closed","template":"","meta":{"_acf_changed":false,"inline_featured_image":false},"product_brand":[],"product_cat":[182],"product_tag":[286,303,288],"class_list":{"0":"post-132769","1":"product","2":"type-product","3":"status-publish","5":"product_cat-mobile-games-es","6":"product_tag-play-on-mac-es","7":"product_tag-play-on-mobile-es","8":"product_tag-play-on-pc-es","10":"first","11":"instock","12":"shipping-taxable","13":"purchasable","14":"product-type-html5_game"},"acf":[],"yoast_head":"<!-- This site is optimized with the Yoast SEO Premium plugin v25.2 (Yoast SEO v25.2) - https:\/\/yoast.com\/wordpress\/plugins\/seo\/ -->\n<title>Convi\u00e9rtete en dise\u00f1ador de moda - Juega en IPlay<\/title>\n<meta name=\"description\" content=\"\u00bfAlguna vez has so\u00f1ado con convertirte en un dise\u00f1ador de moda de renombre?\" \/>\n<meta name=\"robots\" content=\"index, follow, max-snippet:-1, max-image-preview:large, max-video-preview:-1\" \/>\n<link rel=\"canonical\" href=\"https:\/\/www.iplay.com\/es\/games\/become-a-fashion-designer\/\" \/>\n<meta property=\"og:locale\" content=\"es_ES\" \/>\n<meta property=\"og:type\" content=\"article\" \/>\n<meta property=\"og:title\" content=\"Become a Fashion Designer\" \/>\n<meta property=\"og:description\" content=\"\u00bfAlguna vez has so\u00f1ado con convertirte en un dise\u00f1ador de moda de renombre?\" \/>\n<meta property=\"og:url\" content=\"https:\/\/www.iplay.com\/es\/games\/become-a-fashion-designer\/\" \/>\n<meta property=\"og:site_name\" content=\"IPlay\" \/>\n<meta name=\"twitter:card\" content=\"summary_large_image\" \/>\n<meta name=\"twitter:label1\" content=\"Est. reading time\" \/>\n\t<meta name=\"twitter:data1\" content=\"1 minuto\" \/>\n<script type=\"application\/ld+json\" class=\"yoast-schema-graph\">{\"@context\":\"https:\/\/schema.org\",\"@graph\":[{\"@type\":\"WebPage\",\"@id\":\"https:\/\/www.iplay.com\/es\/games\/become-a-fashion-designer\/\",\"url\":\"https:\/\/www.iplay.com\/es\/games\/become-a-fashion-designer\/\",\"name\":\"Convi\u00e9rtete en dise\u00f1ador de moda - Juega en IPlay\",\"isPartOf\":{\"@id\":\"https:\/\/www.iplay.com\/en\/#website\"},\"datePublished\":\"2024-07-01T22:06:25+00:00\",\"description\":\"\u00bfAlguna vez has so\u00f1ado con convertirte en un dise\u00f1ador de moda de renombre?\",\"breadcrumb\":{\"@id\":\"https:\/\/www.iplay.com\/es\/games\/become-a-fashion-designer\/#breadcrumb\"},\"inLanguage\":\"es\",\"potentialAction\":[{\"@type\":\"ReadAction\",\"target\":[\"https:\/\/www.iplay.com\/es\/games\/become-a-fashion-designer\/\"]}]},{\"@type\":\"BreadcrumbList\",\"@id\":\"https:\/\/www.iplay.com\/es\/games\/become-a-fashion-designer\/#breadcrumb\",\"itemListElement\":[{\"@type\":\"ListItem\",\"position\":1,\"name\":\"Home\",\"item\":\"https:\/\/www.iplay.com\/es\/home-page-2\/\"},{\"@type\":\"ListItem\",\"position\":2,\"name\":\"Shop\",\"item\":\"https:\/\/www.iplay.com\/en\/shop\/\"},{\"@type\":\"ListItem\",\"position\":3,\"name\":\"Become a Fashion Designer\"}]},{\"@type\":\"WebSite\",\"@id\":\"https:\/\/www.iplay.com\/en\/#website\",\"url\":\"https:\/\/www.iplay.com\/en\/\",\"name\":\"IPlay\",\"description\":\"The Best Casual Games!\",\"publisher\":{\"@id\":\"https:\/\/www.iplay.com\/en\/#organization\"},\"potentialAction\":[{\"@type\":\"SearchAction\",\"target\":{\"@type\":\"EntryPoint\",\"urlTemplate\":\"https:\/\/www.iplay.com\/en\/?s={search_term_string}\"},\"query-input\":{\"@type\":\"PropertyValueSpecification\",\"valueRequired\":true,\"valueName\":\"search_term_string\"}}],\"inLanguage\":\"es\"},{\"@type\":\"Organization\",\"@id\":\"https:\/\/www.iplay.com\/en\/#organization\",\"name\":\"IPlay\",\"url\":\"https:\/\/www.iplay.com\/en\/\",\"logo\":{\"@type\":\"ImageObject\",\"inLanguage\":\"es\",\"@id\":\"https:\/\/www.iplay.com\/en\/#\/schema\/logo\/image\/\",\"url\":\"https:\/\/www.iplay.com\/wp-content\/uploads\/2023\/11\/Group-6100.svg\",\"contentUrl\":\"https:\/\/www.iplay.com\/wp-content\/uploads\/2023\/11\/Group-6100.svg\",\"width\":98,\"height\":25,\"caption\":\"IPlay\"},\"image\":{\"@id\":\"https:\/\/www.iplay.com\/en\/#\/schema\/logo\/image\/\"}}]}<\/script>\n<!-- \/ Yoast SEO Premium plugin. -->","yoast_head_json":{"title":"Convi\u00e9rtete en dise\u00f1ador de moda - Juega en IPlay","description":"\u00bfAlguna vez has so\u00f1ado con convertirte en un dise\u00f1ador de moda de renombre?","robots":{"index":"index","follow":"follow","max-snippet":"max-snippet:-1","max-image-preview":"max-image-preview:large","max-video-preview":"max-video-preview:-1"},"canonical":"https:\/\/www.iplay.com\/es\/games\/become-a-fashion-designer\/","og_locale":"es_ES","og_type":"article","og_title":"Become a Fashion Designer","og_description":"\u00bfAlguna vez has so\u00f1ado con convertirte en un dise\u00f1ador de moda de renombre?","og_url":"https:\/\/www.iplay.com\/es\/games\/become-a-fashion-designer\/","og_site_name":"IPlay","twitter_card":"summary_large_image","twitter_misc":{"Est. reading time":"1 minuto"},"schema":{"@context":"https:\/\/schema.org","@graph":[{"@type":"WebPage","@id":"https:\/\/www.iplay.com\/es\/games\/become-a-fashion-designer\/","url":"https:\/\/www.iplay.com\/es\/games\/become-a-fashion-designer\/","name":"Convi\u00e9rtete en dise\u00f1ador de moda - Juega en IPlay","isPartOf":{"@id":"https:\/\/www.iplay.com\/en\/#website"},"datePublished":"2024-07-01T22:06:25+00:00","description":"\u00bfAlguna vez has so\u00f1ado con convertirte en un dise\u00f1ador de moda de renombre?","breadcrumb":{"@id":"https:\/\/www.iplay.com\/es\/games\/become-a-fashion-designer\/#breadcrumb"},"inLanguage":"es","potentialAction":[{"@type":"ReadAction","target":["https:\/\/www.iplay.com\/es\/games\/become-a-fashion-designer\/"]}]},{"@type":"BreadcrumbList","@id":"https:\/\/www.iplay.com\/es\/games\/become-a-fashion-designer\/#breadcrumb","itemListElement":[{"@type":"ListItem","position":1,"name":"Home","item":"https:\/\/www.iplay.com\/es\/home-page-2\/"},{"@type":"ListItem","position":2,"name":"Shop","item":"https:\/\/www.iplay.com\/en\/shop\/"},{"@type":"ListItem","position":3,"name":"Become a Fashion Designer"}]},{"@type":"WebSite","@id":"https:\/\/www.iplay.com\/en\/#website","url":"https:\/\/www.iplay.com\/en\/","name":"IPlay","description":"The Best Casual Games!","publisher":{"@id":"https:\/\/www.iplay.com\/en\/#organization"},"potentialAction":[{"@type":"SearchAction","target":{"@type":"EntryPoint","urlTemplate":"https:\/\/www.iplay.com\/en\/?s={search_term_string}"},"query-input":{"@type":"PropertyValueSpecification","valueRequired":true,"valueName":"search_term_string"}}],"inLanguage":"es"},{"@type":"Organization","@id":"https:\/\/www.iplay.com\/en\/#organization","name":"IPlay","url":"https:\/\/www.iplay.com\/en\/","logo":{"@type":"ImageObject","inLanguage":"es","@id":"https:\/\/www.iplay.com\/en\/#\/schema\/logo\/image\/","url":"https:\/\/www.iplay.com\/wp-content\/uploads\/2023\/11\/Group-6100.svg","contentUrl":"https:\/\/www.iplay.com\/wp-content\/uploads\/2023\/11\/Group-6100.svg","width":98,"height":25,"caption":"IPlay"},"image":{"@id":"https:\/\/www.iplay.com\/en\/#\/schema\/logo\/image\/"}}]}},"_links":{"self":[{"href":"https:\/\/www.iplay.com\/es\/wp-json\/wp\/v2\/product\/132769","targetHints":{"allow":["GET"]}}],"collection":[{"href":"https:\/\/www.iplay.com\/es\/wp-json\/wp\/v2\/product"}],"about":[{"href":"https:\/\/www.iplay.com\/es\/wp-json\/wp\/v2\/types\/product"}],"author":[{"embeddable":true,"href":"https:\/\/www.iplay.com\/es\/wp-json\/wp\/v2\/users\/333"}],"replies":[{"embeddable":true,"href":"https:\/\/www.iplay.com\/es\/wp-json\/wp\/v2\/comments?post=132769"}],"wp:attachment":[{"href":"https:\/\/www.iplay.com\/es\/wp-json\/wp\/v2\/media?parent=132769"}],"wp:term":[{"taxonomy":"product_brand","embeddable":true,"href":"https:\/\/www.iplay.com\/es\/wp-json\/wp\/v2\/product_brand?post=132769"},{"taxonomy":"product_cat","embeddable":true,"href":"https:\/\/www.iplay.com\/es\/wp-json\/wp\/v2\/product_cat?post=132769"},{"taxonomy":"product_tag","embeddable":true,"href":"https:\/\/www.iplay.com\/es\/wp-json\/wp\/v2\/product_tag?post=132769"}],"curies":[{"name":"wp","href":"https:\/\/api.w.org\/{rel}","templated":true}]}}