{"id":132729,"date":"2024-07-01T22:06:28","date_gmt":"2024-07-01T22:06:28","guid":{"rendered":"https:\/\/www.iplay.com\/games\/black-white-ski-challenge\/"},"modified":"2024-07-01T22:06:28","modified_gmt":"2024-07-01T22:06:28","slug":"black-white-ski-challenge","status":"publish","type":"product","link":"https:\/\/www.iplay.com\/es\/games\/black-white-ski-challenge\/","title":{"rendered":"Black &#038; white ski challenge"},"content":{"rendered":"<p>Dos amigos se embarcan en una aventura de esqu\u00ed llena de diversi\u00f3n, pero hay un giro: \u00a1ambos est\u00e1n controlados por ti!<\/p>\n<p>Este juego exige una coordinaci\u00f3n cuidadosa, ya que los movimientos de ambos esquiadores deben gestionarse simult\u00e1neamente.<\/p>\n<p>El desaf\u00edo radica en distinguir entre direcciones simples como &#8220;izquierda y derecha&#8221; y comandos de acci\u00f3n como &#8220;girar a la izquierda y girar a la derecha&#8221;.<\/p>\n<p>Puede parecer sencillo, pero este juego pondr\u00e1 a prueba las habilidades multitarea de tu cerebro.<\/p>\n<p>\u00bfSe puede obtener una puntuaci\u00f3n alta mientras se gestiona a dos esquiadores a la vez? Alternativamente, puedes invitar a un amigo para compartir el control y duplicar la diversi\u00f3n. <\/p>\n<p>A medida que navega por las pistas, vea cu\u00e1nto tiempo puede mantener a ambos esquiadores sincronizados y evitar obst\u00e1culos.<\/p>\n<p>\u00a1Enfr\u00e9ntate a este desaf\u00edo \u00fanico de doble control y descubre hasta d\u00f3nde puede llegar tu puntuaci\u00f3n!<\/p>\n","protected":false},"excerpt":{"rendered":"<p>Dos amigos se embarcan en una divertida aventura de esqu\u00ed<\/p>\n","protected":false},"author":333,"featured_media":0,"comment_status":"open","ping_status":"closed","template":"","meta":{"_acf_changed":false,"inline_featured_image":false},"product_brand":[],"product_cat":[182,197],"product_tag":[286,303,288],"class_list":{"0":"post-132729","1":"product","2":"type-product","3":"status-publish","5":"product_cat-mobile-games-es","6":"product_cat-racing-es","7":"product_tag-play-on-mac-es","8":"product_tag-play-on-mobile-es","9":"product_tag-play-on-pc-es","11":"first","12":"instock","13":"shipping-taxable","14":"purchasable","15":"product-type-html5_game"},"acf":[],"yoast_head":"<!-- This site is optimized with the Yoast SEO Premium plugin v25.2 (Yoast SEO v25.2) - https:\/\/yoast.com\/wordpress\/plugins\/seo\/ -->\n<title>Desaf\u00edo de esqu\u00ed en blanco y negro - Juega en IPlay<\/title>\n<meta name=\"description\" content=\"Dos amigos se embarcan en una divertida aventura de esqu\u00ed\" \/>\n<meta name=\"robots\" content=\"index, follow, max-snippet:-1, max-image-preview:large, max-video-preview:-1\" \/>\n<link rel=\"canonical\" href=\"https:\/\/www.iplay.com\/es\/games\/black-white-ski-challenge\/\" \/>\n<meta property=\"og:locale\" content=\"es_ES\" \/>\n<meta property=\"og:type\" content=\"article\" \/>\n<meta property=\"og:title\" content=\"Black &amp; white ski challenge\" \/>\n<meta property=\"og:description\" content=\"Dos amigos se embarcan en una divertida aventura de esqu\u00ed\" \/>\n<meta property=\"og:url\" content=\"https:\/\/www.iplay.com\/es\/games\/black-white-ski-challenge\/\" \/>\n<meta property=\"og:site_name\" content=\"IPlay\" \/>\n<meta name=\"twitter:card\" content=\"summary_large_image\" \/>\n<meta name=\"twitter:label1\" content=\"Est. reading time\" \/>\n\t<meta name=\"twitter:data1\" content=\"1 minuto\" \/>\n<script type=\"application\/ld+json\" class=\"yoast-schema-graph\">{\"@context\":\"https:\/\/schema.org\",\"@graph\":[{\"@type\":\"WebPage\",\"@id\":\"https:\/\/www.iplay.com\/es\/games\/black-white-ski-challenge\/\",\"url\":\"https:\/\/www.iplay.com\/es\/games\/black-white-ski-challenge\/\",\"name\":\"Desaf\u00edo de esqu\u00ed en blanco y negro - Juega en IPlay\",\"isPartOf\":{\"@id\":\"https:\/\/www.iplay.com\/en\/#website\"},\"datePublished\":\"2024-07-01T22:06:28+00:00\",\"description\":\"Dos amigos se embarcan en una divertida aventura de esqu\u00ed\",\"breadcrumb\":{\"@id\":\"https:\/\/www.iplay.com\/es\/games\/black-white-ski-challenge\/#breadcrumb\"},\"inLanguage\":\"es\",\"potentialAction\":[{\"@type\":\"ReadAction\",\"target\":[\"https:\/\/www.iplay.com\/es\/games\/black-white-ski-challenge\/\"]}]},{\"@type\":\"BreadcrumbList\",\"@id\":\"https:\/\/www.iplay.com\/es\/games\/black-white-ski-challenge\/#breadcrumb\",\"itemListElement\":[{\"@type\":\"ListItem\",\"position\":1,\"name\":\"Home\",\"item\":\"https:\/\/www.iplay.com\/es\/home-page-2\/\"},{\"@type\":\"ListItem\",\"position\":2,\"name\":\"Shop\",\"item\":\"https:\/\/www.iplay.com\/en\/shop\/\"},{\"@type\":\"ListItem\",\"position\":3,\"name\":\"Black &#038; white ski challenge\"}]},{\"@type\":\"WebSite\",\"@id\":\"https:\/\/www.iplay.com\/en\/#website\",\"url\":\"https:\/\/www.iplay.com\/en\/\",\"name\":\"IPlay\",\"description\":\"The Best Casual Games!\",\"publisher\":{\"@id\":\"https:\/\/www.iplay.com\/en\/#organization\"},\"potentialAction\":[{\"@type\":\"SearchAction\",\"target\":{\"@type\":\"EntryPoint\",\"urlTemplate\":\"https:\/\/www.iplay.com\/en\/?s={search_term_string}\"},\"query-input\":{\"@type\":\"PropertyValueSpecification\",\"valueRequired\":true,\"valueName\":\"search_term_string\"}}],\"inLanguage\":\"es\"},{\"@type\":\"Organization\",\"@id\":\"https:\/\/www.iplay.com\/en\/#organization\",\"name\":\"IPlay\",\"url\":\"https:\/\/www.iplay.com\/en\/\",\"logo\":{\"@type\":\"ImageObject\",\"inLanguage\":\"es\",\"@id\":\"https:\/\/www.iplay.com\/en\/#\/schema\/logo\/image\/\",\"url\":\"https:\/\/www.iplay.com\/wp-content\/uploads\/2023\/11\/Group-6100.svg\",\"contentUrl\":\"https:\/\/www.iplay.com\/wp-content\/uploads\/2023\/11\/Group-6100.svg\",\"width\":98,\"height\":25,\"caption\":\"IPlay\"},\"image\":{\"@id\":\"https:\/\/www.iplay.com\/en\/#\/schema\/logo\/image\/\"}}]}<\/script>\n<!-- \/ Yoast SEO Premium plugin. -->","yoast_head_json":{"title":"Desaf\u00edo de esqu\u00ed en blanco y negro - Juega en IPlay","description":"Dos amigos se embarcan en una divertida aventura de esqu\u00ed","robots":{"index":"index","follow":"follow","max-snippet":"max-snippet:-1","max-image-preview":"max-image-preview:large","max-video-preview":"max-video-preview:-1"},"canonical":"https:\/\/www.iplay.com\/es\/games\/black-white-ski-challenge\/","og_locale":"es_ES","og_type":"article","og_title":"Black & white ski challenge","og_description":"Dos amigos se embarcan en una divertida aventura de esqu\u00ed","og_url":"https:\/\/www.iplay.com\/es\/games\/black-white-ski-challenge\/","og_site_name":"IPlay","twitter_card":"summary_large_image","twitter_misc":{"Est. reading time":"1 minuto"},"schema":{"@context":"https:\/\/schema.org","@graph":[{"@type":"WebPage","@id":"https:\/\/www.iplay.com\/es\/games\/black-white-ski-challenge\/","url":"https:\/\/www.iplay.com\/es\/games\/black-white-ski-challenge\/","name":"Desaf\u00edo de esqu\u00ed en blanco y negro - Juega en IPlay","isPartOf":{"@id":"https:\/\/www.iplay.com\/en\/#website"},"datePublished":"2024-07-01T22:06:28+00:00","description":"Dos amigos se embarcan en una divertida aventura de esqu\u00ed","breadcrumb":{"@id":"https:\/\/www.iplay.com\/es\/games\/black-white-ski-challenge\/#breadcrumb"},"inLanguage":"es","potentialAction":[{"@type":"ReadAction","target":["https:\/\/www.iplay.com\/es\/games\/black-white-ski-challenge\/"]}]},{"@type":"BreadcrumbList","@id":"https:\/\/www.iplay.com\/es\/games\/black-white-ski-challenge\/#breadcrumb","itemListElement":[{"@type":"ListItem","position":1,"name":"Home","item":"https:\/\/www.iplay.com\/es\/home-page-2\/"},{"@type":"ListItem","position":2,"name":"Shop","item":"https:\/\/www.iplay.com\/en\/shop\/"},{"@type":"ListItem","position":3,"name":"Black &#038; white ski challenge"}]},{"@type":"WebSite","@id":"https:\/\/www.iplay.com\/en\/#website","url":"https:\/\/www.iplay.com\/en\/","name":"IPlay","description":"The Best Casual Games!","publisher":{"@id":"https:\/\/www.iplay.com\/en\/#organization"},"potentialAction":[{"@type":"SearchAction","target":{"@type":"EntryPoint","urlTemplate":"https:\/\/www.iplay.com\/en\/?s={search_term_string}"},"query-input":{"@type":"PropertyValueSpecification","valueRequired":true,"valueName":"search_term_string"}}],"inLanguage":"es"},{"@type":"Organization","@id":"https:\/\/www.iplay.com\/en\/#organization","name":"IPlay","url":"https:\/\/www.iplay.com\/en\/","logo":{"@type":"ImageObject","inLanguage":"es","@id":"https:\/\/www.iplay.com\/en\/#\/schema\/logo\/image\/","url":"https:\/\/www.iplay.com\/wp-content\/uploads\/2023\/11\/Group-6100.svg","contentUrl":"https:\/\/www.iplay.com\/wp-content\/uploads\/2023\/11\/Group-6100.svg","width":98,"height":25,"caption":"IPlay"},"image":{"@id":"https:\/\/www.iplay.com\/en\/#\/schema\/logo\/image\/"}}]}},"_links":{"self":[{"href":"https:\/\/www.iplay.com\/es\/wp-json\/wp\/v2\/product\/132729","targetHints":{"allow":["GET"]}}],"collection":[{"href":"https:\/\/www.iplay.com\/es\/wp-json\/wp\/v2\/product"}],"about":[{"href":"https:\/\/www.iplay.com\/es\/wp-json\/wp\/v2\/types\/product"}],"author":[{"embeddable":true,"href":"https:\/\/www.iplay.com\/es\/wp-json\/wp\/v2\/users\/333"}],"replies":[{"embeddable":true,"href":"https:\/\/www.iplay.com\/es\/wp-json\/wp\/v2\/comments?post=132729"}],"wp:attachment":[{"href":"https:\/\/www.iplay.com\/es\/wp-json\/wp\/v2\/media?parent=132729"}],"wp:term":[{"taxonomy":"product_brand","embeddable":true,"href":"https:\/\/www.iplay.com\/es\/wp-json\/wp\/v2\/product_brand?post=132729"},{"taxonomy":"product_cat","embeddable":true,"href":"https:\/\/www.iplay.com\/es\/wp-json\/wp\/v2\/product_cat?post=132729"},{"taxonomy":"product_tag","embeddable":true,"href":"https:\/\/www.iplay.com\/es\/wp-json\/wp\/v2\/product_tag?post=132729"}],"curies":[{"name":"wp","href":"https:\/\/api.w.org\/{rel}","templated":true}]}}