{"id":132719,"date":"2024-07-01T22:06:29","date_gmt":"2024-07-01T22:06:29","guid":{"rendered":"https:\/\/www.iplay.com\/games\/boxing-fighter-shadow-battle\/"},"modified":"2024-07-01T22:06:29","modified_gmt":"2024-07-01T22:06:29","slug":"boxing-fighter-shadow-battle","status":"publish","type":"product","link":"https:\/\/www.iplay.com\/es\/games\/boxing-fighter-shadow-battle\/","title":{"rendered":"Boxing Fighter : Shadow Battle"},"content":{"rendered":"<p>Para los entusiastas de los juegos de lucha, el boxeo, la mitolog\u00eda y la cultura japonesa, este juego est\u00e1 dise\u00f1ado para ti.<\/p>\n<p>La antigua leyenda de los esp\u00edritus Yokai est\u00e1 a punto de desarrollarse, con fuerzas sobrenaturales preparadas para dominar el mundo.<\/p>\n<p>Estos Yokai, que abarcan monstruos, esp\u00edritus malignos, demonios y m\u00e1s, est\u00e1n decididos a consumir las almas humanas.<\/p>\n<p>Como \u00faltima esperanza para la humanidad, los jugadores deben luchar contra hordas de Yokai, esp\u00edritus de las sombras y apariciones fantasmales.<\/p>\n<p>Usando pu\u00f1etazos, patadas, armas y combos especiales, se debe hacer todo lo posible para destruir a estas entidades amenazantes.<\/p>\n<p>Las habilidades de combate y el esp\u00edritu de lucha de los jugadores se pondr\u00e1n a prueba mientras luchan contra oleadas de monstruos de sombra.<\/p>\n<p>Con un universo \u00fanico para explorar, la misi\u00f3n es clara: detener a los Yokai antes de que aniquilen a la humanidad.<\/p>\n<p>Yokai Battle Legends exige velocidad, potencia y un esp\u00edritu de lucha implacable. No muestres piedad y salva al mundo<\/p>\n","protected":false},"excerpt":{"rendered":"<p>La antigua leyenda de los esp\u00edritus Yokai est\u00e1 a punto de desarrollarse<\/p>\n","protected":false},"author":333,"featured_media":0,"comment_status":"open","ping_status":"closed","template":"","meta":{"_acf_changed":false,"inline_featured_image":false},"product_brand":[],"product_cat":[152,182],"product_tag":[286,303,288],"class_list":{"0":"post-132719","1":"product","2":"type-product","3":"status-publish","5":"product_cat-arcade-es","6":"product_cat-mobile-games-es","7":"product_tag-play-on-mac-es","8":"product_tag-play-on-mobile-es","9":"product_tag-play-on-pc-es","11":"first","12":"instock","13":"shipping-taxable","14":"purchasable","15":"product-type-html5_game"},"acf":[],"yoast_head":"<!-- This site is optimized with the Yoast SEO Premium plugin v25.2 (Yoast SEO v25.2) - https:\/\/yoast.com\/wordpress\/plugins\/seo\/ -->\n<title>Boxing Fighter : Shadow Battle - Jugar en IPlay<\/title>\n<meta name=\"description\" content=\"La antigua leyenda de los esp\u00edritus Yokai est\u00e1 a punto de desarrollarse\" \/>\n<meta name=\"robots\" content=\"index, follow, max-snippet:-1, max-image-preview:large, max-video-preview:-1\" \/>\n<link rel=\"canonical\" href=\"https:\/\/www.iplay.com\/es\/games\/boxing-fighter-shadow-battle\/\" \/>\n<meta property=\"og:locale\" content=\"es_ES\" \/>\n<meta property=\"og:type\" content=\"article\" \/>\n<meta property=\"og:title\" content=\"Boxing Fighter : Shadow Battle\" \/>\n<meta property=\"og:description\" content=\"La antigua leyenda de los esp\u00edritus Yokai est\u00e1 a punto de desarrollarse\" \/>\n<meta property=\"og:url\" content=\"https:\/\/www.iplay.com\/es\/games\/boxing-fighter-shadow-battle\/\" \/>\n<meta property=\"og:site_name\" content=\"IPlay\" \/>\n<meta name=\"twitter:card\" content=\"summary_large_image\" \/>\n<meta name=\"twitter:label1\" content=\"Est. reading time\" \/>\n\t<meta name=\"twitter:data1\" content=\"1 minuto\" \/>\n<script type=\"application\/ld+json\" class=\"yoast-schema-graph\">{\"@context\":\"https:\/\/schema.org\",\"@graph\":[{\"@type\":\"WebPage\",\"@id\":\"https:\/\/www.iplay.com\/es\/games\/boxing-fighter-shadow-battle\/\",\"url\":\"https:\/\/www.iplay.com\/es\/games\/boxing-fighter-shadow-battle\/\",\"name\":\"Boxing Fighter : Shadow Battle - Jugar en IPlay\",\"isPartOf\":{\"@id\":\"https:\/\/www.iplay.com\/en\/#website\"},\"datePublished\":\"2024-07-01T22:06:29+00:00\",\"description\":\"La antigua leyenda de los esp\u00edritus Yokai est\u00e1 a punto de desarrollarse\",\"breadcrumb\":{\"@id\":\"https:\/\/www.iplay.com\/es\/games\/boxing-fighter-shadow-battle\/#breadcrumb\"},\"inLanguage\":\"es\",\"potentialAction\":[{\"@type\":\"ReadAction\",\"target\":[\"https:\/\/www.iplay.com\/es\/games\/boxing-fighter-shadow-battle\/\"]}]},{\"@type\":\"BreadcrumbList\",\"@id\":\"https:\/\/www.iplay.com\/es\/games\/boxing-fighter-shadow-battle\/#breadcrumb\",\"itemListElement\":[{\"@type\":\"ListItem\",\"position\":1,\"name\":\"Home\",\"item\":\"https:\/\/www.iplay.com\/es\/home-page-2\/\"},{\"@type\":\"ListItem\",\"position\":2,\"name\":\"Shop\",\"item\":\"https:\/\/www.iplay.com\/en\/shop\/\"},{\"@type\":\"ListItem\",\"position\":3,\"name\":\"Boxing Fighter : Shadow Battle\"}]},{\"@type\":\"WebSite\",\"@id\":\"https:\/\/www.iplay.com\/en\/#website\",\"url\":\"https:\/\/www.iplay.com\/en\/\",\"name\":\"IPlay\",\"description\":\"The Best Casual Games!\",\"publisher\":{\"@id\":\"https:\/\/www.iplay.com\/en\/#organization\"},\"potentialAction\":[{\"@type\":\"SearchAction\",\"target\":{\"@type\":\"EntryPoint\",\"urlTemplate\":\"https:\/\/www.iplay.com\/en\/?s={search_term_string}\"},\"query-input\":{\"@type\":\"PropertyValueSpecification\",\"valueRequired\":true,\"valueName\":\"search_term_string\"}}],\"inLanguage\":\"es\"},{\"@type\":\"Organization\",\"@id\":\"https:\/\/www.iplay.com\/en\/#organization\",\"name\":\"IPlay\",\"url\":\"https:\/\/www.iplay.com\/en\/\",\"logo\":{\"@type\":\"ImageObject\",\"inLanguage\":\"es\",\"@id\":\"https:\/\/www.iplay.com\/en\/#\/schema\/logo\/image\/\",\"url\":\"https:\/\/www.iplay.com\/wp-content\/uploads\/2023\/11\/Group-6100.svg\",\"contentUrl\":\"https:\/\/www.iplay.com\/wp-content\/uploads\/2023\/11\/Group-6100.svg\",\"width\":98,\"height\":25,\"caption\":\"IPlay\"},\"image\":{\"@id\":\"https:\/\/www.iplay.com\/en\/#\/schema\/logo\/image\/\"}}]}<\/script>\n<!-- \/ Yoast SEO Premium plugin. -->","yoast_head_json":{"title":"Boxing Fighter : Shadow Battle - Jugar en IPlay","description":"La antigua leyenda de los esp\u00edritus Yokai est\u00e1 a punto de desarrollarse","robots":{"index":"index","follow":"follow","max-snippet":"max-snippet:-1","max-image-preview":"max-image-preview:large","max-video-preview":"max-video-preview:-1"},"canonical":"https:\/\/www.iplay.com\/es\/games\/boxing-fighter-shadow-battle\/","og_locale":"es_ES","og_type":"article","og_title":"Boxing Fighter : Shadow Battle","og_description":"La antigua leyenda de los esp\u00edritus Yokai est\u00e1 a punto de desarrollarse","og_url":"https:\/\/www.iplay.com\/es\/games\/boxing-fighter-shadow-battle\/","og_site_name":"IPlay","twitter_card":"summary_large_image","twitter_misc":{"Est. reading time":"1 minuto"},"schema":{"@context":"https:\/\/schema.org","@graph":[{"@type":"WebPage","@id":"https:\/\/www.iplay.com\/es\/games\/boxing-fighter-shadow-battle\/","url":"https:\/\/www.iplay.com\/es\/games\/boxing-fighter-shadow-battle\/","name":"Boxing Fighter : Shadow Battle - Jugar en IPlay","isPartOf":{"@id":"https:\/\/www.iplay.com\/en\/#website"},"datePublished":"2024-07-01T22:06:29+00:00","description":"La antigua leyenda de los esp\u00edritus Yokai est\u00e1 a punto de desarrollarse","breadcrumb":{"@id":"https:\/\/www.iplay.com\/es\/games\/boxing-fighter-shadow-battle\/#breadcrumb"},"inLanguage":"es","potentialAction":[{"@type":"ReadAction","target":["https:\/\/www.iplay.com\/es\/games\/boxing-fighter-shadow-battle\/"]}]},{"@type":"BreadcrumbList","@id":"https:\/\/www.iplay.com\/es\/games\/boxing-fighter-shadow-battle\/#breadcrumb","itemListElement":[{"@type":"ListItem","position":1,"name":"Home","item":"https:\/\/www.iplay.com\/es\/home-page-2\/"},{"@type":"ListItem","position":2,"name":"Shop","item":"https:\/\/www.iplay.com\/en\/shop\/"},{"@type":"ListItem","position":3,"name":"Boxing Fighter : Shadow Battle"}]},{"@type":"WebSite","@id":"https:\/\/www.iplay.com\/en\/#website","url":"https:\/\/www.iplay.com\/en\/","name":"IPlay","description":"The Best Casual Games!","publisher":{"@id":"https:\/\/www.iplay.com\/en\/#organization"},"potentialAction":[{"@type":"SearchAction","target":{"@type":"EntryPoint","urlTemplate":"https:\/\/www.iplay.com\/en\/?s={search_term_string}"},"query-input":{"@type":"PropertyValueSpecification","valueRequired":true,"valueName":"search_term_string"}}],"inLanguage":"es"},{"@type":"Organization","@id":"https:\/\/www.iplay.com\/en\/#organization","name":"IPlay","url":"https:\/\/www.iplay.com\/en\/","logo":{"@type":"ImageObject","inLanguage":"es","@id":"https:\/\/www.iplay.com\/en\/#\/schema\/logo\/image\/","url":"https:\/\/www.iplay.com\/wp-content\/uploads\/2023\/11\/Group-6100.svg","contentUrl":"https:\/\/www.iplay.com\/wp-content\/uploads\/2023\/11\/Group-6100.svg","width":98,"height":25,"caption":"IPlay"},"image":{"@id":"https:\/\/www.iplay.com\/en\/#\/schema\/logo\/image\/"}}]}},"_links":{"self":[{"href":"https:\/\/www.iplay.com\/es\/wp-json\/wp\/v2\/product\/132719","targetHints":{"allow":["GET"]}}],"collection":[{"href":"https:\/\/www.iplay.com\/es\/wp-json\/wp\/v2\/product"}],"about":[{"href":"https:\/\/www.iplay.com\/es\/wp-json\/wp\/v2\/types\/product"}],"author":[{"embeddable":true,"href":"https:\/\/www.iplay.com\/es\/wp-json\/wp\/v2\/users\/333"}],"replies":[{"embeddable":true,"href":"https:\/\/www.iplay.com\/es\/wp-json\/wp\/v2\/comments?post=132719"}],"wp:attachment":[{"href":"https:\/\/www.iplay.com\/es\/wp-json\/wp\/v2\/media?parent=132719"}],"wp:term":[{"taxonomy":"product_brand","embeddable":true,"href":"https:\/\/www.iplay.com\/es\/wp-json\/wp\/v2\/product_brand?post=132719"},{"taxonomy":"product_cat","embeddable":true,"href":"https:\/\/www.iplay.com\/es\/wp-json\/wp\/v2\/product_cat?post=132719"},{"taxonomy":"product_tag","embeddable":true,"href":"https:\/\/www.iplay.com\/es\/wp-json\/wp\/v2\/product_tag?post=132719"}],"curies":[{"name":"wp","href":"https:\/\/api.w.org\/{rel}","templated":true}]}}