{"id":132717,"date":"2024-07-01T22:06:28","date_gmt":"2024-07-01T22:06:28","guid":{"rendered":"https:\/\/www.iplay.com\/games\/black-gold-plumber\/"},"modified":"2024-07-01T22:06:28","modified_gmt":"2024-07-01T22:06:28","slug":"black-gold-plumber","status":"publish","type":"product","link":"https:\/\/www.iplay.com\/es\/games\/black-gold-plumber\/","title":{"rendered":"Black Gold Plumber"},"content":{"rendered":"<p>En Black Gold Plumber, se presenta la oportunidad de convertirse en un magnate del petr\u00f3leo y en la persona m\u00e1s rica de la Tierra.<\/p>\n<p>Las reservas de petr\u00f3leo de Texas deben explotarse en este juego de rompecabezas, dise\u00f1ado para poner a prueba tu agudeza mental.<\/p>\n<p>Este juego es divertido para toda la familia, \u00a1recomendado para todos!<\/p>\n<p>A medida que toma el mando en la carrera hacia la riqueza, le espera un desaf\u00edo: las tuber\u00edas instaladas para llevar el petr\u00f3leo a la superficie est\u00e1n en mal estado.<\/p>\n<p>Su tarea es reparar estas tuber\u00edas y crear un camino claro para que emerja el precioso recurso.<\/p>\n<p>A trav\u00e9s de un centenar de niveles cada vez m\u00e1s dif\u00edciles, se pondr\u00e1n a prueba el pensamiento estrat\u00e9gico y las habilidades de resoluci\u00f3n de problemas.<\/p>\n<p>Cada nivel requerir\u00e1 que maniobres las tuber\u00edas para asegurarte de que el aceite llegue a su destino.<\/p>\n<p>Prepara tu mente y asciende al estatus del magnate del petr\u00f3leo definitivo.<\/p>\n<p>\u00a1Black Gold Plumber promete diversi\u00f3n y compromiso para jugadores de todas las edades!<\/p>\n","protected":false},"excerpt":{"rendered":"<p>Las reservas de petr\u00f3leo en Texas deben ser explotadas en este juego de rompecabezas<\/p>\n","protected":false},"author":333,"featured_media":0,"comment_status":"open","ping_status":"closed","template":"","meta":{"_acf_changed":false,"inline_featured_image":false},"product_brand":[],"product_cat":[182,192],"product_tag":[286,303,288],"class_list":{"0":"post-132717","1":"product","2":"type-product","3":"status-publish","5":"product_cat-mobile-games-es","6":"product_cat-puzzle-es","7":"product_tag-play-on-mac-es","8":"product_tag-play-on-mobile-es","9":"product_tag-play-on-pc-es","11":"first","12":"instock","13":"shipping-taxable","14":"purchasable","15":"product-type-html5_game"},"acf":[],"yoast_head":"<!-- This site is optimized with the Yoast SEO Premium plugin v25.2 (Yoast SEO v25.2) - https:\/\/yoast.com\/wordpress\/plugins\/seo\/ -->\n<title>Black Gold Plumber - IPlay<\/title>\n<meta name=\"description\" content=\"Las reservas de petr\u00f3leo en Texas deben ser explotadas en este juego de rompecabezas\" \/>\n<meta name=\"robots\" content=\"index, follow, max-snippet:-1, max-image-preview:large, max-video-preview:-1\" \/>\n<link rel=\"canonical\" href=\"https:\/\/www.iplay.com\/es\/games\/black-gold-plumber\/\" \/>\n<meta property=\"og:locale\" content=\"es_ES\" \/>\n<meta property=\"og:type\" content=\"article\" \/>\n<meta property=\"og:title\" content=\"Black Gold Plumber\" \/>\n<meta property=\"og:description\" content=\"Las reservas de petr\u00f3leo en Texas deben ser explotadas en este juego de rompecabezas\" \/>\n<meta property=\"og:url\" content=\"https:\/\/www.iplay.com\/es\/games\/black-gold-plumber\/\" \/>\n<meta property=\"og:site_name\" content=\"IPlay\" \/>\n<meta name=\"twitter:card\" content=\"summary_large_image\" \/>\n<meta name=\"twitter:label1\" content=\"Est. reading time\" \/>\n\t<meta name=\"twitter:data1\" content=\"1 minuto\" \/>\n<script type=\"application\/ld+json\" class=\"yoast-schema-graph\">{\"@context\":\"https:\/\/schema.org\",\"@graph\":[{\"@type\":\"WebPage\",\"@id\":\"https:\/\/www.iplay.com\/es\/games\/black-gold-plumber\/\",\"url\":\"https:\/\/www.iplay.com\/es\/games\/black-gold-plumber\/\",\"name\":\"Black Gold Plumber - IPlay\",\"isPartOf\":{\"@id\":\"https:\/\/www.iplay.com\/en\/#website\"},\"datePublished\":\"2024-07-01T22:06:28+00:00\",\"description\":\"Las reservas de petr\u00f3leo en Texas deben ser explotadas en este juego de rompecabezas\",\"breadcrumb\":{\"@id\":\"https:\/\/www.iplay.com\/es\/games\/black-gold-plumber\/#breadcrumb\"},\"inLanguage\":\"es\",\"potentialAction\":[{\"@type\":\"ReadAction\",\"target\":[\"https:\/\/www.iplay.com\/es\/games\/black-gold-plumber\/\"]}]},{\"@type\":\"BreadcrumbList\",\"@id\":\"https:\/\/www.iplay.com\/es\/games\/black-gold-plumber\/#breadcrumb\",\"itemListElement\":[{\"@type\":\"ListItem\",\"position\":1,\"name\":\"Home\",\"item\":\"https:\/\/www.iplay.com\/es\/home-page-2\/\"},{\"@type\":\"ListItem\",\"position\":2,\"name\":\"Shop\",\"item\":\"https:\/\/www.iplay.com\/en\/shop\/\"},{\"@type\":\"ListItem\",\"position\":3,\"name\":\"Black Gold Plumber\"}]},{\"@type\":\"WebSite\",\"@id\":\"https:\/\/www.iplay.com\/en\/#website\",\"url\":\"https:\/\/www.iplay.com\/en\/\",\"name\":\"IPlay\",\"description\":\"The Best Casual Games!\",\"publisher\":{\"@id\":\"https:\/\/www.iplay.com\/en\/#organization\"},\"potentialAction\":[{\"@type\":\"SearchAction\",\"target\":{\"@type\":\"EntryPoint\",\"urlTemplate\":\"https:\/\/www.iplay.com\/en\/?s={search_term_string}\"},\"query-input\":{\"@type\":\"PropertyValueSpecification\",\"valueRequired\":true,\"valueName\":\"search_term_string\"}}],\"inLanguage\":\"es\"},{\"@type\":\"Organization\",\"@id\":\"https:\/\/www.iplay.com\/en\/#organization\",\"name\":\"IPlay\",\"url\":\"https:\/\/www.iplay.com\/en\/\",\"logo\":{\"@type\":\"ImageObject\",\"inLanguage\":\"es\",\"@id\":\"https:\/\/www.iplay.com\/en\/#\/schema\/logo\/image\/\",\"url\":\"https:\/\/www.iplay.com\/wp-content\/uploads\/2023\/11\/Group-6100.svg\",\"contentUrl\":\"https:\/\/www.iplay.com\/wp-content\/uploads\/2023\/11\/Group-6100.svg\",\"width\":98,\"height\":25,\"caption\":\"IPlay\"},\"image\":{\"@id\":\"https:\/\/www.iplay.com\/en\/#\/schema\/logo\/image\/\"}}]}<\/script>\n<!-- \/ Yoast SEO Premium plugin. -->","yoast_head_json":{"title":"Black Gold Plumber - IPlay","description":"Las reservas de petr\u00f3leo en Texas deben ser explotadas en este juego de rompecabezas","robots":{"index":"index","follow":"follow","max-snippet":"max-snippet:-1","max-image-preview":"max-image-preview:large","max-video-preview":"max-video-preview:-1"},"canonical":"https:\/\/www.iplay.com\/es\/games\/black-gold-plumber\/","og_locale":"es_ES","og_type":"article","og_title":"Black Gold Plumber","og_description":"Las reservas de petr\u00f3leo en Texas deben ser explotadas en este juego de rompecabezas","og_url":"https:\/\/www.iplay.com\/es\/games\/black-gold-plumber\/","og_site_name":"IPlay","twitter_card":"summary_large_image","twitter_misc":{"Est. reading time":"1 minuto"},"schema":{"@context":"https:\/\/schema.org","@graph":[{"@type":"WebPage","@id":"https:\/\/www.iplay.com\/es\/games\/black-gold-plumber\/","url":"https:\/\/www.iplay.com\/es\/games\/black-gold-plumber\/","name":"Black Gold Plumber - IPlay","isPartOf":{"@id":"https:\/\/www.iplay.com\/en\/#website"},"datePublished":"2024-07-01T22:06:28+00:00","description":"Las reservas de petr\u00f3leo en Texas deben ser explotadas en este juego de rompecabezas","breadcrumb":{"@id":"https:\/\/www.iplay.com\/es\/games\/black-gold-plumber\/#breadcrumb"},"inLanguage":"es","potentialAction":[{"@type":"ReadAction","target":["https:\/\/www.iplay.com\/es\/games\/black-gold-plumber\/"]}]},{"@type":"BreadcrumbList","@id":"https:\/\/www.iplay.com\/es\/games\/black-gold-plumber\/#breadcrumb","itemListElement":[{"@type":"ListItem","position":1,"name":"Home","item":"https:\/\/www.iplay.com\/es\/home-page-2\/"},{"@type":"ListItem","position":2,"name":"Shop","item":"https:\/\/www.iplay.com\/en\/shop\/"},{"@type":"ListItem","position":3,"name":"Black Gold Plumber"}]},{"@type":"WebSite","@id":"https:\/\/www.iplay.com\/en\/#website","url":"https:\/\/www.iplay.com\/en\/","name":"IPlay","description":"The Best Casual Games!","publisher":{"@id":"https:\/\/www.iplay.com\/en\/#organization"},"potentialAction":[{"@type":"SearchAction","target":{"@type":"EntryPoint","urlTemplate":"https:\/\/www.iplay.com\/en\/?s={search_term_string}"},"query-input":{"@type":"PropertyValueSpecification","valueRequired":true,"valueName":"search_term_string"}}],"inLanguage":"es"},{"@type":"Organization","@id":"https:\/\/www.iplay.com\/en\/#organization","name":"IPlay","url":"https:\/\/www.iplay.com\/en\/","logo":{"@type":"ImageObject","inLanguage":"es","@id":"https:\/\/www.iplay.com\/en\/#\/schema\/logo\/image\/","url":"https:\/\/www.iplay.com\/wp-content\/uploads\/2023\/11\/Group-6100.svg","contentUrl":"https:\/\/www.iplay.com\/wp-content\/uploads\/2023\/11\/Group-6100.svg","width":98,"height":25,"caption":"IPlay"},"image":{"@id":"https:\/\/www.iplay.com\/en\/#\/schema\/logo\/image\/"}}]}},"_links":{"self":[{"href":"https:\/\/www.iplay.com\/es\/wp-json\/wp\/v2\/product\/132717","targetHints":{"allow":["GET"]}}],"collection":[{"href":"https:\/\/www.iplay.com\/es\/wp-json\/wp\/v2\/product"}],"about":[{"href":"https:\/\/www.iplay.com\/es\/wp-json\/wp\/v2\/types\/product"}],"author":[{"embeddable":true,"href":"https:\/\/www.iplay.com\/es\/wp-json\/wp\/v2\/users\/333"}],"replies":[{"embeddable":true,"href":"https:\/\/www.iplay.com\/es\/wp-json\/wp\/v2\/comments?post=132717"}],"wp:attachment":[{"href":"https:\/\/www.iplay.com\/es\/wp-json\/wp\/v2\/media?parent=132717"}],"wp:term":[{"taxonomy":"product_brand","embeddable":true,"href":"https:\/\/www.iplay.com\/es\/wp-json\/wp\/v2\/product_brand?post=132717"},{"taxonomy":"product_cat","embeddable":true,"href":"https:\/\/www.iplay.com\/es\/wp-json\/wp\/v2\/product_cat?post=132717"},{"taxonomy":"product_tag","embeddable":true,"href":"https:\/\/www.iplay.com\/es\/wp-json\/wp\/v2\/product_tag?post=132717"}],"curies":[{"name":"wp","href":"https:\/\/api.w.org\/{rel}","templated":true}]}}