{"id":132666,"date":"2024-06-19T11:35:27","date_gmt":"2024-06-19T11:35:27","guid":{"rendered":"https:\/\/www.iplay.com\/games\/army-of-soldiers-team-battle\/"},"modified":"2024-06-19T11:35:27","modified_gmt":"2024-06-19T11:35:27","slug":"army-of-soldiers-team-battle","status":"publish","type":"product","link":"https:\/\/www.iplay.com\/es\/games\/army-of-soldiers-team-battle\/","title":{"rendered":"Army of Soldiers : Team Battle"},"content":{"rendered":"<p>El mando de liderar tu ej\u00e9rcito y lograr la victoria contra el enemigo es tuyo para que lo mantengas.<\/p>\n<p>A cargo de un peque\u00f1o grupo de soldados, cada uno equipado con caracter\u00edsticas y armas distintas, navegas por una variedad de estrategias.<\/p>\n<p>Gira la rueda para desplegar a tus soldados, cada s\u00edmbolo ofrece caracter\u00edsticas especiales para mejorar tus unidades.<\/p>\n<p>Armado con una variedad de armas potentes y soldados capaces de detener a cualquier enemigo, el resultado de la guerra depende de tu liderazgo.<\/p>\n<p>Prep\u00e1rate para una batalla \u00e9pica y desafiante en la que derrotar al l\u00edder del equipo contrario es primordial.<\/p>\n<p>Emplea sabiamente tu arsenal para vencer al enemigo o enfrentar consecuencias nefastas.<\/p>\n","protected":false},"excerpt":{"rendered":"<p>Dirige a los soldados y ll\u00e9valos a la victoria.<\/p>\n","protected":false},"author":333,"featured_media":0,"comment_status":"open","ping_status":"closed","template":"","meta":{"_acf_changed":false,"inline_featured_image":false},"product_brand":[],"product_cat":[152,182,213],"product_tag":[286,303,288],"class_list":{"0":"post-132666","1":"product","2":"type-product","3":"status-publish","5":"product_cat-arcade-es","6":"product_cat-mobile-games-es","7":"product_cat-strategy-es","8":"product_tag-play-on-mac-es","9":"product_tag-play-on-mobile-es","10":"product_tag-play-on-pc-es","12":"first","13":"instock","14":"shipping-taxable","15":"purchasable","16":"product-type-html5_game"},"acf":[],"yoast_head":"<!-- This site is optimized with the Yoast SEO Premium plugin v25.2 (Yoast SEO v25.2) - https:\/\/yoast.com\/wordpress\/plugins\/seo\/ -->\n<title>Army of Soldiers : Team Battle - Jugar en IPlay<\/title>\n<meta name=\"description\" content=\"Dirige a los soldados y ll\u00e9valos a la victoria.\" \/>\n<meta name=\"robots\" content=\"index, follow, max-snippet:-1, max-image-preview:large, max-video-preview:-1\" \/>\n<link rel=\"canonical\" href=\"https:\/\/www.iplay.com\/es\/games\/army-of-soldiers-team-battle\/\" \/>\n<meta property=\"og:locale\" content=\"es_ES\" \/>\n<meta property=\"og:type\" content=\"article\" \/>\n<meta property=\"og:title\" content=\"Army of Soldiers : Team Battle\" \/>\n<meta property=\"og:description\" content=\"Dirige a los soldados y ll\u00e9valos a la victoria.\" \/>\n<meta property=\"og:url\" content=\"https:\/\/www.iplay.com\/es\/games\/army-of-soldiers-team-battle\/\" \/>\n<meta property=\"og:site_name\" content=\"IPlay\" \/>\n<meta name=\"twitter:card\" content=\"summary_large_image\" \/>\n<meta name=\"twitter:label1\" content=\"Est. reading time\" \/>\n\t<meta name=\"twitter:data1\" content=\"1 minuto\" \/>\n<script type=\"application\/ld+json\" class=\"yoast-schema-graph\">{\"@context\":\"https:\/\/schema.org\",\"@graph\":[{\"@type\":\"WebPage\",\"@id\":\"https:\/\/www.iplay.com\/es\/games\/army-of-soldiers-team-battle\/\",\"url\":\"https:\/\/www.iplay.com\/es\/games\/army-of-soldiers-team-battle\/\",\"name\":\"Army of Soldiers : Team Battle - Jugar en IPlay\",\"isPartOf\":{\"@id\":\"https:\/\/www.iplay.com\/en\/#website\"},\"datePublished\":\"2024-06-19T11:35:27+00:00\",\"description\":\"Dirige a los soldados y ll\u00e9valos a la victoria.\",\"breadcrumb\":{\"@id\":\"https:\/\/www.iplay.com\/es\/games\/army-of-soldiers-team-battle\/#breadcrumb\"},\"inLanguage\":\"es\",\"potentialAction\":[{\"@type\":\"ReadAction\",\"target\":[\"https:\/\/www.iplay.com\/es\/games\/army-of-soldiers-team-battle\/\"]}]},{\"@type\":\"BreadcrumbList\",\"@id\":\"https:\/\/www.iplay.com\/es\/games\/army-of-soldiers-team-battle\/#breadcrumb\",\"itemListElement\":[{\"@type\":\"ListItem\",\"position\":1,\"name\":\"Home\",\"item\":\"https:\/\/www.iplay.com\/es\/home-page-2\/\"},{\"@type\":\"ListItem\",\"position\":2,\"name\":\"Shop\",\"item\":\"https:\/\/www.iplay.com\/en\/shop\/\"},{\"@type\":\"ListItem\",\"position\":3,\"name\":\"Army of Soldiers : Team Battle\"}]},{\"@type\":\"WebSite\",\"@id\":\"https:\/\/www.iplay.com\/en\/#website\",\"url\":\"https:\/\/www.iplay.com\/en\/\",\"name\":\"IPlay\",\"description\":\"The Best Casual Games!\",\"publisher\":{\"@id\":\"https:\/\/www.iplay.com\/en\/#organization\"},\"potentialAction\":[{\"@type\":\"SearchAction\",\"target\":{\"@type\":\"EntryPoint\",\"urlTemplate\":\"https:\/\/www.iplay.com\/en\/?s={search_term_string}\"},\"query-input\":{\"@type\":\"PropertyValueSpecification\",\"valueRequired\":true,\"valueName\":\"search_term_string\"}}],\"inLanguage\":\"es\"},{\"@type\":\"Organization\",\"@id\":\"https:\/\/www.iplay.com\/en\/#organization\",\"name\":\"IPlay\",\"url\":\"https:\/\/www.iplay.com\/en\/\",\"logo\":{\"@type\":\"ImageObject\",\"inLanguage\":\"es\",\"@id\":\"https:\/\/www.iplay.com\/en\/#\/schema\/logo\/image\/\",\"url\":\"https:\/\/www.iplay.com\/wp-content\/uploads\/2023\/11\/Group-6100.svg\",\"contentUrl\":\"https:\/\/www.iplay.com\/wp-content\/uploads\/2023\/11\/Group-6100.svg\",\"width\":98,\"height\":25,\"caption\":\"IPlay\"},\"image\":{\"@id\":\"https:\/\/www.iplay.com\/en\/#\/schema\/logo\/image\/\"}}]}<\/script>\n<!-- \/ Yoast SEO Premium plugin. -->","yoast_head_json":{"title":"Army of Soldiers : Team Battle - Jugar en IPlay","description":"Dirige a los soldados y ll\u00e9valos a la victoria.","robots":{"index":"index","follow":"follow","max-snippet":"max-snippet:-1","max-image-preview":"max-image-preview:large","max-video-preview":"max-video-preview:-1"},"canonical":"https:\/\/www.iplay.com\/es\/games\/army-of-soldiers-team-battle\/","og_locale":"es_ES","og_type":"article","og_title":"Army of Soldiers : Team Battle","og_description":"Dirige a los soldados y ll\u00e9valos a la victoria.","og_url":"https:\/\/www.iplay.com\/es\/games\/army-of-soldiers-team-battle\/","og_site_name":"IPlay","twitter_card":"summary_large_image","twitter_misc":{"Est. reading time":"1 minuto"},"schema":{"@context":"https:\/\/schema.org","@graph":[{"@type":"WebPage","@id":"https:\/\/www.iplay.com\/es\/games\/army-of-soldiers-team-battle\/","url":"https:\/\/www.iplay.com\/es\/games\/army-of-soldiers-team-battle\/","name":"Army of Soldiers : Team Battle - Jugar en IPlay","isPartOf":{"@id":"https:\/\/www.iplay.com\/en\/#website"},"datePublished":"2024-06-19T11:35:27+00:00","description":"Dirige a los soldados y ll\u00e9valos a la victoria.","breadcrumb":{"@id":"https:\/\/www.iplay.com\/es\/games\/army-of-soldiers-team-battle\/#breadcrumb"},"inLanguage":"es","potentialAction":[{"@type":"ReadAction","target":["https:\/\/www.iplay.com\/es\/games\/army-of-soldiers-team-battle\/"]}]},{"@type":"BreadcrumbList","@id":"https:\/\/www.iplay.com\/es\/games\/army-of-soldiers-team-battle\/#breadcrumb","itemListElement":[{"@type":"ListItem","position":1,"name":"Home","item":"https:\/\/www.iplay.com\/es\/home-page-2\/"},{"@type":"ListItem","position":2,"name":"Shop","item":"https:\/\/www.iplay.com\/en\/shop\/"},{"@type":"ListItem","position":3,"name":"Army of Soldiers : Team Battle"}]},{"@type":"WebSite","@id":"https:\/\/www.iplay.com\/en\/#website","url":"https:\/\/www.iplay.com\/en\/","name":"IPlay","description":"The Best Casual Games!","publisher":{"@id":"https:\/\/www.iplay.com\/en\/#organization"},"potentialAction":[{"@type":"SearchAction","target":{"@type":"EntryPoint","urlTemplate":"https:\/\/www.iplay.com\/en\/?s={search_term_string}"},"query-input":{"@type":"PropertyValueSpecification","valueRequired":true,"valueName":"search_term_string"}}],"inLanguage":"es"},{"@type":"Organization","@id":"https:\/\/www.iplay.com\/en\/#organization","name":"IPlay","url":"https:\/\/www.iplay.com\/en\/","logo":{"@type":"ImageObject","inLanguage":"es","@id":"https:\/\/www.iplay.com\/en\/#\/schema\/logo\/image\/","url":"https:\/\/www.iplay.com\/wp-content\/uploads\/2023\/11\/Group-6100.svg","contentUrl":"https:\/\/www.iplay.com\/wp-content\/uploads\/2023\/11\/Group-6100.svg","width":98,"height":25,"caption":"IPlay"},"image":{"@id":"https:\/\/www.iplay.com\/en\/#\/schema\/logo\/image\/"}}]}},"_links":{"self":[{"href":"https:\/\/www.iplay.com\/es\/wp-json\/wp\/v2\/product\/132666","targetHints":{"allow":["GET"]}}],"collection":[{"href":"https:\/\/www.iplay.com\/es\/wp-json\/wp\/v2\/product"}],"about":[{"href":"https:\/\/www.iplay.com\/es\/wp-json\/wp\/v2\/types\/product"}],"author":[{"embeddable":true,"href":"https:\/\/www.iplay.com\/es\/wp-json\/wp\/v2\/users\/333"}],"replies":[{"embeddable":true,"href":"https:\/\/www.iplay.com\/es\/wp-json\/wp\/v2\/comments?post=132666"}],"wp:attachment":[{"href":"https:\/\/www.iplay.com\/es\/wp-json\/wp\/v2\/media?parent=132666"}],"wp:term":[{"taxonomy":"product_brand","embeddable":true,"href":"https:\/\/www.iplay.com\/es\/wp-json\/wp\/v2\/product_brand?post=132666"},{"taxonomy":"product_cat","embeddable":true,"href":"https:\/\/www.iplay.com\/es\/wp-json\/wp\/v2\/product_cat?post=132666"},{"taxonomy":"product_tag","embeddable":true,"href":"https:\/\/www.iplay.com\/es\/wp-json\/wp\/v2\/product_tag?post=132666"}],"curies":[{"name":"wp","href":"https:\/\/api.w.org\/{rel}","templated":true}]}}