{"id":132631,"date":"2024-06-28T08:00:50","date_gmt":"2024-06-28T08:00:50","guid":{"rendered":"https:\/\/www.iplay.com\/games\/new-yankee-14-through-the-history-mirror-collectors-edition\/"},"modified":"2025-05-13T22:07:09","modified_gmt":"2025-05-13T22:07:09","slug":"new-yankee-14-through-the-history-mirror-collectors-edition","status":"publish","type":"product","link":"https:\/\/www.iplay.com\/es\/games\/new-yankee-14-through-the-history-mirror-collectors-edition\/","title":{"rendered":"New Yankee 14: Through the History Mirror Collector&#8217;s Edition"},"content":{"rendered":"<p>\u00danete a John, Mary y sus amigos en un viaje extraordinario a trav\u00e9s de dos aventuras paralelas llenas de emoci\u00f3n, peligro y desaf\u00edos cotidianos. Se explorar\u00e1n nuevos mundos y \u00e9pocas, y se navegar\u00e1n fen\u00f3menos m\u00edsticos a medida que se desarrolla su viaje a trav\u00e9s del espacio y el tiempo. <\/p>\n<p>&nbsp;<\/p>\n<p><strong>Funciones<\/strong><\/p>\n<ul>\n<li>45 niveles cautivadores, m\u00e1s 11 niveles de minijuegos.<\/li>\n<li>Tres niveles de dificultad ajustables: f\u00e1cil, normal y dif\u00edcil.<\/li>\n<li>Una variedad de minijuegos atractivos para jugar.<\/li>\n<li>Numerosos logros para desbloquear.<\/li>\n<li>Juego intuitivo con controles sencillos del rat\u00f3n.<\/li>\n<\/ul>\n<p><strong>Contenido exclusivo de la Edici\u00f3n Coleccionista<\/strong><\/p>\n<ul>\n<li>15 niveles adicionales, incluidos dos nuevos niveles de minijuego.<\/li>\n<li>Una gu\u00eda completa de estrategia de niveles.<\/li>\n<li>Bandas sonoras originales disponibles para descargar.<\/li>\n<li>Impresionantes fondos de pantalla para descargar.<\/li>\n<li>Acceso directo a videoclips, biograf\u00edas de personajes, una gu\u00eda detallada y un rompecabezas \u00fanico.<\/li>\n<li>Piezas de rompecabezas coleccionables para reunir y armar.<\/li>\n<li>\u00a1Prep\u00e1rate para una aventura deslumbrante donde las l\u00edneas entre la realidad y lo extraordinario se difuminan, y cada paso te acerca m\u00e1s a descubrir los misterios del espacio y el tiempo!<\/li>\n<\/ul>\n","protected":false},"excerpt":{"rendered":"<p>Ayuda a John y Mary a escapar de su bucle temporal con <strong>New Yankee 14: Through the History Mirror Collector&#8217;s Edition<\/strong><\/p>\n","protected":false},"author":8,"featured_media":112237,"comment_status":"open","ping_status":"closed","template":"","meta":{"_acf_changed":false,"inline_featured_image":false},"product_brand":[],"product_cat":[212],"product_tag":[288],"class_list":{"0":"post-132631","1":"product","2":"type-product","3":"status-publish","4":"has-post-thumbnail","6":"product_cat-time-management-es","7":"product_tag-play-on-pc-es","9":"first","10":"instock","11":"shipping-taxable","12":"purchasable","13":"product-type-simple"},"acf":[],"yoast_head":"<!-- This site is optimized with the Yoast SEO Premium plugin v25.2 (Yoast SEO v25.2) - https:\/\/yoast.com\/wordpress\/plugins\/seo\/ -->\n<title>Nuevo Yankee 14: A trav\u00e9s de la historia Mirror Edici\u00f3n Coleccionista<\/title>\n<meta name=\"description\" content=\"Ayuda a John y Mary a escapar de su bucle temporal con New Yankee 14: Through the History Mirror Collector&#039;s Edition\" \/>\n<meta name=\"robots\" content=\"index, follow, max-snippet:-1, max-image-preview:large, max-video-preview:-1\" \/>\n<link rel=\"canonical\" href=\"https:\/\/www.iplay.com\/es\/games\/new-yankee-14-through-the-history-mirror-collectors-edition\/\" \/>\n<meta property=\"og:locale\" content=\"es_ES\" \/>\n<meta property=\"og:type\" content=\"article\" \/>\n<meta property=\"og:title\" content=\"New Yankee 14: Through the History Mirror Collector&#039;s Edition\" \/>\n<meta property=\"og:description\" content=\"Ayuda a John y Mary a escapar de su bucle temporal con New Yankee 14: Through the History Mirror Collector&#039;s Edition\" \/>\n<meta property=\"og:url\" content=\"https:\/\/www.iplay.com\/es\/games\/new-yankee-14-through-the-history-mirror-collectors-edition\/\" \/>\n<meta property=\"og:site_name\" content=\"IPlay\" \/>\n<meta property=\"article:modified_time\" content=\"2025-05-13T22:07:09+00:00\" \/>\n<meta property=\"og:image\" content=\"https:\/\/www.iplay.com\/wp-content\/uploads\/2024\/06\/New-Yankee-Through-the-History-Mirror-CE_large_square_tile_image.webp\" \/>\n\t<meta property=\"og:image:width\" content=\"715\" \/>\n\t<meta property=\"og:image:height\" content=\"485\" \/>\n\t<meta property=\"og:image:type\" content=\"image\/webp\" \/>\n<meta name=\"twitter:card\" content=\"summary_large_image\" \/>\n<meta name=\"twitter:label1\" content=\"Est. reading time\" \/>\n\t<meta name=\"twitter:data1\" content=\"1 minuto\" \/>\n<script type=\"application\/ld+json\" class=\"yoast-schema-graph\">{\"@context\":\"https:\/\/schema.org\",\"@graph\":[{\"@type\":\"WebPage\",\"@id\":\"https:\/\/www.iplay.com\/es\/games\/new-yankee-14-through-the-history-mirror-collectors-edition\/\",\"url\":\"https:\/\/www.iplay.com\/es\/games\/new-yankee-14-through-the-history-mirror-collectors-edition\/\",\"name\":\"Nuevo Yankee 14: A trav\u00e9s de la historia Mirror Edici\u00f3n Coleccionista\",\"isPartOf\":{\"@id\":\"https:\/\/www.iplay.com\/en\/#website\"},\"primaryImageOfPage\":{\"@id\":\"https:\/\/www.iplay.com\/es\/games\/new-yankee-14-through-the-history-mirror-collectors-edition\/#primaryimage\"},\"image\":{\"@id\":\"https:\/\/www.iplay.com\/es\/games\/new-yankee-14-through-the-history-mirror-collectors-edition\/#primaryimage\"},\"thumbnailUrl\":\"https:\/\/www.iplay.com\/wp-content\/uploads\/2024\/06\/New-Yankee-Through-the-History-Mirror-CE_large_square_tile_image.webp\",\"datePublished\":\"2024-06-28T08:00:50+00:00\",\"dateModified\":\"2025-05-13T22:07:09+00:00\",\"description\":\"Ayuda a John y Mary a escapar de su bucle temporal con New Yankee 14: Through the History Mirror Collector's Edition\",\"breadcrumb\":{\"@id\":\"https:\/\/www.iplay.com\/es\/games\/new-yankee-14-through-the-history-mirror-collectors-edition\/#breadcrumb\"},\"inLanguage\":\"es\",\"potentialAction\":[{\"@type\":\"ReadAction\",\"target\":[\"https:\/\/www.iplay.com\/es\/games\/new-yankee-14-through-the-history-mirror-collectors-edition\/\"]}]},{\"@type\":\"ImageObject\",\"inLanguage\":\"es\",\"@id\":\"https:\/\/www.iplay.com\/es\/games\/new-yankee-14-through-the-history-mirror-collectors-edition\/#primaryimage\",\"url\":\"https:\/\/www.iplay.com\/wp-content\/uploads\/2024\/06\/New-Yankee-Through-the-History-Mirror-CE_large_square_tile_image.webp\",\"contentUrl\":\"https:\/\/www.iplay.com\/wp-content\/uploads\/2024\/06\/New-Yankee-Through-the-History-Mirror-CE_large_square_tile_image.webp\",\"width\":715,\"height\":485},{\"@type\":\"BreadcrumbList\",\"@id\":\"https:\/\/www.iplay.com\/es\/games\/new-yankee-14-through-the-history-mirror-collectors-edition\/#breadcrumb\",\"itemListElement\":[{\"@type\":\"ListItem\",\"position\":1,\"name\":\"Home\",\"item\":\"https:\/\/www.iplay.com\/es\/home-page-2\/\"},{\"@type\":\"ListItem\",\"position\":2,\"name\":\"Shop\",\"item\":\"https:\/\/www.iplay.com\/en\/shop\/\"},{\"@type\":\"ListItem\",\"position\":3,\"name\":\"New Yankee 14: Through the History Mirror Collector&#8217;s Edition\"}]},{\"@type\":\"WebSite\",\"@id\":\"https:\/\/www.iplay.com\/en\/#website\",\"url\":\"https:\/\/www.iplay.com\/en\/\",\"name\":\"IPlay\",\"description\":\"The Best Casual Games!\",\"publisher\":{\"@id\":\"https:\/\/www.iplay.com\/en\/#organization\"},\"potentialAction\":[{\"@type\":\"SearchAction\",\"target\":{\"@type\":\"EntryPoint\",\"urlTemplate\":\"https:\/\/www.iplay.com\/en\/?s={search_term_string}\"},\"query-input\":{\"@type\":\"PropertyValueSpecification\",\"valueRequired\":true,\"valueName\":\"search_term_string\"}}],\"inLanguage\":\"es\"},{\"@type\":\"Organization\",\"@id\":\"https:\/\/www.iplay.com\/en\/#organization\",\"name\":\"IPlay\",\"url\":\"https:\/\/www.iplay.com\/en\/\",\"logo\":{\"@type\":\"ImageObject\",\"inLanguage\":\"es\",\"@id\":\"https:\/\/www.iplay.com\/en\/#\/schema\/logo\/image\/\",\"url\":\"https:\/\/www.iplay.com\/wp-content\/uploads\/2023\/11\/Group-6100.svg\",\"contentUrl\":\"https:\/\/www.iplay.com\/wp-content\/uploads\/2023\/11\/Group-6100.svg\",\"width\":98,\"height\":25,\"caption\":\"IPlay\"},\"image\":{\"@id\":\"https:\/\/www.iplay.com\/en\/#\/schema\/logo\/image\/\"}}]}<\/script>\n<!-- \/ Yoast SEO Premium plugin. -->","yoast_head_json":{"title":"Nuevo Yankee 14: A trav\u00e9s de la historia Mirror Edici\u00f3n Coleccionista","description":"Ayuda a John y Mary a escapar de su bucle temporal con New Yankee 14: Through the History Mirror Collector's Edition","robots":{"index":"index","follow":"follow","max-snippet":"max-snippet:-1","max-image-preview":"max-image-preview:large","max-video-preview":"max-video-preview:-1"},"canonical":"https:\/\/www.iplay.com\/es\/games\/new-yankee-14-through-the-history-mirror-collectors-edition\/","og_locale":"es_ES","og_type":"article","og_title":"New Yankee 14: Through the History Mirror Collector's Edition","og_description":"Ayuda a John y Mary a escapar de su bucle temporal con New Yankee 14: Through the History Mirror Collector's Edition","og_url":"https:\/\/www.iplay.com\/es\/games\/new-yankee-14-through-the-history-mirror-collectors-edition\/","og_site_name":"IPlay","article_modified_time":"2025-05-13T22:07:09+00:00","og_image":[{"width":715,"height":485,"url":"https:\/\/www.iplay.com\/wp-content\/uploads\/2024\/06\/New-Yankee-Through-the-History-Mirror-CE_large_square_tile_image.webp","type":"image\/webp"}],"twitter_card":"summary_large_image","twitter_misc":{"Est. reading time":"1 minuto"},"schema":{"@context":"https:\/\/schema.org","@graph":[{"@type":"WebPage","@id":"https:\/\/www.iplay.com\/es\/games\/new-yankee-14-through-the-history-mirror-collectors-edition\/","url":"https:\/\/www.iplay.com\/es\/games\/new-yankee-14-through-the-history-mirror-collectors-edition\/","name":"Nuevo Yankee 14: A trav\u00e9s de la historia Mirror Edici\u00f3n Coleccionista","isPartOf":{"@id":"https:\/\/www.iplay.com\/en\/#website"},"primaryImageOfPage":{"@id":"https:\/\/www.iplay.com\/es\/games\/new-yankee-14-through-the-history-mirror-collectors-edition\/#primaryimage"},"image":{"@id":"https:\/\/www.iplay.com\/es\/games\/new-yankee-14-through-the-history-mirror-collectors-edition\/#primaryimage"},"thumbnailUrl":"https:\/\/www.iplay.com\/wp-content\/uploads\/2024\/06\/New-Yankee-Through-the-History-Mirror-CE_large_square_tile_image.webp","datePublished":"2024-06-28T08:00:50+00:00","dateModified":"2025-05-13T22:07:09+00:00","description":"Ayuda a John y Mary a escapar de su bucle temporal con New Yankee 14: Through the History Mirror Collector's Edition","breadcrumb":{"@id":"https:\/\/www.iplay.com\/es\/games\/new-yankee-14-through-the-history-mirror-collectors-edition\/#breadcrumb"},"inLanguage":"es","potentialAction":[{"@type":"ReadAction","target":["https:\/\/www.iplay.com\/es\/games\/new-yankee-14-through-the-history-mirror-collectors-edition\/"]}]},{"@type":"ImageObject","inLanguage":"es","@id":"https:\/\/www.iplay.com\/es\/games\/new-yankee-14-through-the-history-mirror-collectors-edition\/#primaryimage","url":"https:\/\/www.iplay.com\/wp-content\/uploads\/2024\/06\/New-Yankee-Through-the-History-Mirror-CE_large_square_tile_image.webp","contentUrl":"https:\/\/www.iplay.com\/wp-content\/uploads\/2024\/06\/New-Yankee-Through-the-History-Mirror-CE_large_square_tile_image.webp","width":715,"height":485},{"@type":"BreadcrumbList","@id":"https:\/\/www.iplay.com\/es\/games\/new-yankee-14-through-the-history-mirror-collectors-edition\/#breadcrumb","itemListElement":[{"@type":"ListItem","position":1,"name":"Home","item":"https:\/\/www.iplay.com\/es\/home-page-2\/"},{"@type":"ListItem","position":2,"name":"Shop","item":"https:\/\/www.iplay.com\/en\/shop\/"},{"@type":"ListItem","position":3,"name":"New Yankee 14: Through the History Mirror Collector&#8217;s Edition"}]},{"@type":"WebSite","@id":"https:\/\/www.iplay.com\/en\/#website","url":"https:\/\/www.iplay.com\/en\/","name":"IPlay","description":"The Best Casual Games!","publisher":{"@id":"https:\/\/www.iplay.com\/en\/#organization"},"potentialAction":[{"@type":"SearchAction","target":{"@type":"EntryPoint","urlTemplate":"https:\/\/www.iplay.com\/en\/?s={search_term_string}"},"query-input":{"@type":"PropertyValueSpecification","valueRequired":true,"valueName":"search_term_string"}}],"inLanguage":"es"},{"@type":"Organization","@id":"https:\/\/www.iplay.com\/en\/#organization","name":"IPlay","url":"https:\/\/www.iplay.com\/en\/","logo":{"@type":"ImageObject","inLanguage":"es","@id":"https:\/\/www.iplay.com\/en\/#\/schema\/logo\/image\/","url":"https:\/\/www.iplay.com\/wp-content\/uploads\/2023\/11\/Group-6100.svg","contentUrl":"https:\/\/www.iplay.com\/wp-content\/uploads\/2023\/11\/Group-6100.svg","width":98,"height":25,"caption":"IPlay"},"image":{"@id":"https:\/\/www.iplay.com\/en\/#\/schema\/logo\/image\/"}}]}},"_links":{"self":[{"href":"https:\/\/www.iplay.com\/es\/wp-json\/wp\/v2\/product\/132631","targetHints":{"allow":["GET"]}}],"collection":[{"href":"https:\/\/www.iplay.com\/es\/wp-json\/wp\/v2\/product"}],"about":[{"href":"https:\/\/www.iplay.com\/es\/wp-json\/wp\/v2\/types\/product"}],"author":[{"embeddable":true,"href":"https:\/\/www.iplay.com\/es\/wp-json\/wp\/v2\/users\/8"}],"replies":[{"embeddable":true,"href":"https:\/\/www.iplay.com\/es\/wp-json\/wp\/v2\/comments?post=132631"}],"wp:featuredmedia":[{"embeddable":true,"href":"https:\/\/www.iplay.com\/es\/wp-json\/wp\/v2\/media\/112237"}],"wp:attachment":[{"href":"https:\/\/www.iplay.com\/es\/wp-json\/wp\/v2\/media?parent=132631"}],"wp:term":[{"taxonomy":"product_brand","embeddable":true,"href":"https:\/\/www.iplay.com\/es\/wp-json\/wp\/v2\/product_brand?post=132631"},{"taxonomy":"product_cat","embeddable":true,"href":"https:\/\/www.iplay.com\/es\/wp-json\/wp\/v2\/product_cat?post=132631"},{"taxonomy":"product_tag","embeddable":true,"href":"https:\/\/www.iplay.com\/es\/wp-json\/wp\/v2\/product_tag?post=132631"}],"curies":[{"name":"wp","href":"https:\/\/api.w.org\/{rel}","templated":true}]}}