{"id":132512,"date":"2022-11-18T00:00:00","date_gmt":"2022-11-18T00:00:00","guid":{"rendered":"https:\/\/www.iplay.com\/games\/whispered-secrets-tying-the-knot-collectors-edition\/"},"modified":"2022-11-18T00:00:00","modified_gmt":"2022-11-18T00:00:00","slug":"whispered-secrets-tying-the-knot-collectors-edition","status":"publish","type":"product","link":"https:\/\/www.iplay.com\/es\/games\/whispered-secrets-tying-the-knot-collectors-edition\/","title":{"rendered":"Whispered Secrets: Tying the Knot Collector&#8217;s Edition"},"content":{"rendered":"<p>\u00a1Comienza el \u00faltimo estuche apasionante de la serie Whispered Secrets! Algunos misterios piden ser resueltos, y eso es exactamente lo que sucede cuando te encuentras con uno de los casos m\u00e1s escalofriantes de tu carrera. \u00a1Un viaje regular en carruaje r\u00e1pidamente toma un giro inesperado cuando te encuentras con un criminal disfrazado que ataca a una novia en la mansi\u00f3n Osmont! \u00bfPuedes evitar que las atrocidades del pasado incendien el presente con un solo testigo, una familia llena de secretos y una fuerza misteriosa que trabaja en tu contra? Descubre m\u00e1s en esta fascinante aventura de rompecabezas de objetos ocultos.    <\/p>\n<p>&nbsp;<\/p>\n<p>&nbsp;<\/p>\n<p><strong>Funciones:<\/strong><\/p>\n<p>&nbsp;<\/p>\n<p>&#8211; \u00a1Salva a las novias del conde V\u00edctor en el cap\u00edtulo adicional!<br \/>\n&#8211; \u00a1Vuelve a jugar tus HOPS y minijuegos favoritos y obt\u00e9n logros!<br \/>\n&#8211; \u00a1Toneladas de piezas de rompecabezas coleccionables y cosas cambiantes para encontrar en cada escena!<br \/>\n&#8211; \u00a1Disfruta de m\u00fasica, pel\u00edculas y arte conceptual \u00fanicos!<br \/>\n&#8211; \u00a1Usa la gu\u00eda de estrategia para no perderte nunca!<\/p>\n","protected":false},"excerpt":{"rendered":"<p>Tan intenso como un fuego, el amor puede ser. \u00bfEres capaz de identificar a la persona que intenta arruinar a la familia Osmont? <\/p>\n","protected":false},"author":17,"featured_media":75421,"comment_status":"open","ping_status":"closed","template":"","meta":{"_acf_changed":false,"inline_featured_image":false},"product_brand":[],"product_cat":[166],"product_tag":[288],"class_list":{"0":"post-132512","1":"product","2":"type-product","3":"status-publish","4":"has-post-thumbnail","6":"product_cat-hidden-object-es","7":"product_tag-play-on-pc-es","9":"first","10":"instock","11":"shipping-taxable","12":"purchasable","13":"product-type-simple"},"acf":[],"yoast_head":"<!-- This site is optimized with the Yoast SEO Premium plugin v25.2 (Yoast SEO v25.2) - https:\/\/yoast.com\/wordpress\/plugins\/seo\/ -->\n<title>Whispered Secrets: Tying the Knot Collector&#039;s Edition - Amor tan ardiente como el fuego, descubre qui\u00e9n est\u00e1 tratando de destruir a la familia Osmont<\/title>\n<meta name=\"description\" content=\"Tan intenso como un fuego, el amor puede ser. \u00bfEres capaz de identificar a la persona que intenta arruinar a la familia Osmont?\" \/>\n<meta name=\"robots\" content=\"index, follow, max-snippet:-1, max-image-preview:large, max-video-preview:-1\" \/>\n<link rel=\"canonical\" href=\"https:\/\/www.iplay.com\/es\/games\/whispered-secrets-tying-the-knot-collectors-edition\/\" \/>\n<meta property=\"og:locale\" content=\"es_ES\" \/>\n<meta property=\"og:type\" content=\"article\" \/>\n<meta property=\"og:title\" content=\"Whispered Secrets: Tying the Knot Collector&#039;s Edition\" \/>\n<meta property=\"og:description\" content=\"Tan intenso como un fuego, el amor puede ser. \u00bfEres capaz de identificar a la persona que intenta arruinar a la familia Osmont?\" \/>\n<meta property=\"og:url\" content=\"https:\/\/www.iplay.com\/es\/games\/whispered-secrets-tying-the-knot-collectors-edition\/\" \/>\n<meta property=\"og:site_name\" content=\"IPlay\" \/>\n<meta property=\"og:image\" content=\"https:\/\/www.iplay.com\/wp-content\/uploads\/2023\/12\/large_square_tile_image-2208.jpg\" \/>\n\t<meta property=\"og:image:width\" content=\"310\" \/>\n\t<meta property=\"og:image:height\" content=\"310\" \/>\n\t<meta property=\"og:image:type\" content=\"image\/jpeg\" \/>\n<meta name=\"twitter:card\" content=\"summary_large_image\" \/>\n<meta name=\"twitter:label1\" content=\"Est. reading time\" \/>\n\t<meta name=\"twitter:data1\" content=\"1 minuto\" \/>\n<script type=\"application\/ld+json\" class=\"yoast-schema-graph\">{\"@context\":\"https:\/\/schema.org\",\"@graph\":[{\"@type\":\"WebPage\",\"@id\":\"https:\/\/www.iplay.com\/es\/games\/whispered-secrets-tying-the-knot-collectors-edition\/\",\"url\":\"https:\/\/www.iplay.com\/es\/games\/whispered-secrets-tying-the-knot-collectors-edition\/\",\"name\":\"Whispered Secrets: Tying the Knot Collector's Edition - Amor tan ardiente como el fuego, descubre qui\u00e9n est\u00e1 tratando de destruir a la familia Osmont\",\"isPartOf\":{\"@id\":\"https:\/\/www.iplay.com\/en\/#website\"},\"primaryImageOfPage\":{\"@id\":\"https:\/\/www.iplay.com\/es\/games\/whispered-secrets-tying-the-knot-collectors-edition\/#primaryimage\"},\"image\":{\"@id\":\"https:\/\/www.iplay.com\/es\/games\/whispered-secrets-tying-the-knot-collectors-edition\/#primaryimage\"},\"thumbnailUrl\":\"https:\/\/www.iplay.com\/wp-content\/uploads\/2023\/12\/large_square_tile_image-2208.jpg\",\"datePublished\":\"2022-11-18T00:00:00+00:00\",\"description\":\"Tan intenso como un fuego, el amor puede ser. \u00bfEres capaz de identificar a la persona que intenta arruinar a la familia Osmont?\",\"breadcrumb\":{\"@id\":\"https:\/\/www.iplay.com\/es\/games\/whispered-secrets-tying-the-knot-collectors-edition\/#breadcrumb\"},\"inLanguage\":\"es\",\"potentialAction\":[{\"@type\":\"ReadAction\",\"target\":[\"https:\/\/www.iplay.com\/es\/games\/whispered-secrets-tying-the-knot-collectors-edition\/\"]}]},{\"@type\":\"ImageObject\",\"inLanguage\":\"es\",\"@id\":\"https:\/\/www.iplay.com\/es\/games\/whispered-secrets-tying-the-knot-collectors-edition\/#primaryimage\",\"url\":\"https:\/\/www.iplay.com\/wp-content\/uploads\/2023\/12\/large_square_tile_image-2208.jpg\",\"contentUrl\":\"https:\/\/www.iplay.com\/wp-content\/uploads\/2023\/12\/large_square_tile_image-2208.jpg\",\"width\":310,\"height\":310},{\"@type\":\"BreadcrumbList\",\"@id\":\"https:\/\/www.iplay.com\/es\/games\/whispered-secrets-tying-the-knot-collectors-edition\/#breadcrumb\",\"itemListElement\":[{\"@type\":\"ListItem\",\"position\":1,\"name\":\"Home\",\"item\":\"https:\/\/www.iplay.com\/es\/home-page-2\/\"},{\"@type\":\"ListItem\",\"position\":2,\"name\":\"Shop\",\"item\":\"https:\/\/www.iplay.com\/en\/shop\/\"},{\"@type\":\"ListItem\",\"position\":3,\"name\":\"Whispered Secrets: Tying the Knot Collector&#8217;s Edition\"}]},{\"@type\":\"WebSite\",\"@id\":\"https:\/\/www.iplay.com\/en\/#website\",\"url\":\"https:\/\/www.iplay.com\/en\/\",\"name\":\"IPlay\",\"description\":\"The Best Casual Games!\",\"publisher\":{\"@id\":\"https:\/\/www.iplay.com\/en\/#organization\"},\"potentialAction\":[{\"@type\":\"SearchAction\",\"target\":{\"@type\":\"EntryPoint\",\"urlTemplate\":\"https:\/\/www.iplay.com\/en\/?s={search_term_string}\"},\"query-input\":{\"@type\":\"PropertyValueSpecification\",\"valueRequired\":true,\"valueName\":\"search_term_string\"}}],\"inLanguage\":\"es\"},{\"@type\":\"Organization\",\"@id\":\"https:\/\/www.iplay.com\/en\/#organization\",\"name\":\"IPlay\",\"url\":\"https:\/\/www.iplay.com\/en\/\",\"logo\":{\"@type\":\"ImageObject\",\"inLanguage\":\"es\",\"@id\":\"https:\/\/www.iplay.com\/en\/#\/schema\/logo\/image\/\",\"url\":\"https:\/\/www.iplay.com\/wp-content\/uploads\/2023\/11\/Group-6100.svg\",\"contentUrl\":\"https:\/\/www.iplay.com\/wp-content\/uploads\/2023\/11\/Group-6100.svg\",\"width\":98,\"height\":25,\"caption\":\"IPlay\"},\"image\":{\"@id\":\"https:\/\/www.iplay.com\/en\/#\/schema\/logo\/image\/\"}}]}<\/script>\n<!-- \/ Yoast SEO Premium plugin. -->","yoast_head_json":{"title":"Whispered Secrets: Tying the Knot Collector's Edition - Amor tan ardiente como el fuego, descubre qui\u00e9n est\u00e1 tratando de destruir a la familia Osmont","description":"Tan intenso como un fuego, el amor puede ser. \u00bfEres capaz de identificar a la persona que intenta arruinar a la familia Osmont?","robots":{"index":"index","follow":"follow","max-snippet":"max-snippet:-1","max-image-preview":"max-image-preview:large","max-video-preview":"max-video-preview:-1"},"canonical":"https:\/\/www.iplay.com\/es\/games\/whispered-secrets-tying-the-knot-collectors-edition\/","og_locale":"es_ES","og_type":"article","og_title":"Whispered Secrets: Tying the Knot Collector's Edition","og_description":"Tan intenso como un fuego, el amor puede ser. \u00bfEres capaz de identificar a la persona que intenta arruinar a la familia Osmont?","og_url":"https:\/\/www.iplay.com\/es\/games\/whispered-secrets-tying-the-knot-collectors-edition\/","og_site_name":"IPlay","og_image":[{"width":310,"height":310,"url":"https:\/\/www.iplay.com\/wp-content\/uploads\/2023\/12\/large_square_tile_image-2208.jpg","type":"image\/jpeg"}],"twitter_card":"summary_large_image","twitter_misc":{"Est. reading time":"1 minuto"},"schema":{"@context":"https:\/\/schema.org","@graph":[{"@type":"WebPage","@id":"https:\/\/www.iplay.com\/es\/games\/whispered-secrets-tying-the-knot-collectors-edition\/","url":"https:\/\/www.iplay.com\/es\/games\/whispered-secrets-tying-the-knot-collectors-edition\/","name":"Whispered Secrets: Tying the Knot Collector's Edition - Amor tan ardiente como el fuego, descubre qui\u00e9n est\u00e1 tratando de destruir a la familia Osmont","isPartOf":{"@id":"https:\/\/www.iplay.com\/en\/#website"},"primaryImageOfPage":{"@id":"https:\/\/www.iplay.com\/es\/games\/whispered-secrets-tying-the-knot-collectors-edition\/#primaryimage"},"image":{"@id":"https:\/\/www.iplay.com\/es\/games\/whispered-secrets-tying-the-knot-collectors-edition\/#primaryimage"},"thumbnailUrl":"https:\/\/www.iplay.com\/wp-content\/uploads\/2023\/12\/large_square_tile_image-2208.jpg","datePublished":"2022-11-18T00:00:00+00:00","description":"Tan intenso como un fuego, el amor puede ser. \u00bfEres capaz de identificar a la persona que intenta arruinar a la familia Osmont?","breadcrumb":{"@id":"https:\/\/www.iplay.com\/es\/games\/whispered-secrets-tying-the-knot-collectors-edition\/#breadcrumb"},"inLanguage":"es","potentialAction":[{"@type":"ReadAction","target":["https:\/\/www.iplay.com\/es\/games\/whispered-secrets-tying-the-knot-collectors-edition\/"]}]},{"@type":"ImageObject","inLanguage":"es","@id":"https:\/\/www.iplay.com\/es\/games\/whispered-secrets-tying-the-knot-collectors-edition\/#primaryimage","url":"https:\/\/www.iplay.com\/wp-content\/uploads\/2023\/12\/large_square_tile_image-2208.jpg","contentUrl":"https:\/\/www.iplay.com\/wp-content\/uploads\/2023\/12\/large_square_tile_image-2208.jpg","width":310,"height":310},{"@type":"BreadcrumbList","@id":"https:\/\/www.iplay.com\/es\/games\/whispered-secrets-tying-the-knot-collectors-edition\/#breadcrumb","itemListElement":[{"@type":"ListItem","position":1,"name":"Home","item":"https:\/\/www.iplay.com\/es\/home-page-2\/"},{"@type":"ListItem","position":2,"name":"Shop","item":"https:\/\/www.iplay.com\/en\/shop\/"},{"@type":"ListItem","position":3,"name":"Whispered Secrets: Tying the Knot Collector&#8217;s Edition"}]},{"@type":"WebSite","@id":"https:\/\/www.iplay.com\/en\/#website","url":"https:\/\/www.iplay.com\/en\/","name":"IPlay","description":"The Best Casual Games!","publisher":{"@id":"https:\/\/www.iplay.com\/en\/#organization"},"potentialAction":[{"@type":"SearchAction","target":{"@type":"EntryPoint","urlTemplate":"https:\/\/www.iplay.com\/en\/?s={search_term_string}"},"query-input":{"@type":"PropertyValueSpecification","valueRequired":true,"valueName":"search_term_string"}}],"inLanguage":"es"},{"@type":"Organization","@id":"https:\/\/www.iplay.com\/en\/#organization","name":"IPlay","url":"https:\/\/www.iplay.com\/en\/","logo":{"@type":"ImageObject","inLanguage":"es","@id":"https:\/\/www.iplay.com\/en\/#\/schema\/logo\/image\/","url":"https:\/\/www.iplay.com\/wp-content\/uploads\/2023\/11\/Group-6100.svg","contentUrl":"https:\/\/www.iplay.com\/wp-content\/uploads\/2023\/11\/Group-6100.svg","width":98,"height":25,"caption":"IPlay"},"image":{"@id":"https:\/\/www.iplay.com\/en\/#\/schema\/logo\/image\/"}}]}},"_links":{"self":[{"href":"https:\/\/www.iplay.com\/es\/wp-json\/wp\/v2\/product\/132512","targetHints":{"allow":["GET"]}}],"collection":[{"href":"https:\/\/www.iplay.com\/es\/wp-json\/wp\/v2\/product"}],"about":[{"href":"https:\/\/www.iplay.com\/es\/wp-json\/wp\/v2\/types\/product"}],"author":[{"embeddable":true,"href":"https:\/\/www.iplay.com\/es\/wp-json\/wp\/v2\/users\/17"}],"replies":[{"embeddable":true,"href":"https:\/\/www.iplay.com\/es\/wp-json\/wp\/v2\/comments?post=132512"}],"wp:featuredmedia":[{"embeddable":true,"href":"https:\/\/www.iplay.com\/es\/wp-json\/wp\/v2\/media\/75421"}],"wp:attachment":[{"href":"https:\/\/www.iplay.com\/es\/wp-json\/wp\/v2\/media?parent=132512"}],"wp:term":[{"taxonomy":"product_brand","embeddable":true,"href":"https:\/\/www.iplay.com\/es\/wp-json\/wp\/v2\/product_brand?post=132512"},{"taxonomy":"product_cat","embeddable":true,"href":"https:\/\/www.iplay.com\/es\/wp-json\/wp\/v2\/product_cat?post=132512"},{"taxonomy":"product_tag","embeddable":true,"href":"https:\/\/www.iplay.com\/es\/wp-json\/wp\/v2\/product_tag?post=132512"}],"curies":[{"name":"wp","href":"https:\/\/api.w.org\/{rel}","templated":true}]}}