{"id":132477,"date":"2022-11-29T00:00:00","date_gmt":"2022-11-29T00:00:00","guid":{"rendered":"https:\/\/www.iplay.com\/games\/spooky-dwellers-collectors-edition\/"},"modified":"2022-11-29T00:00:00","modified_gmt":"2022-11-29T00:00:00","slug":"spooky-dwellers-collectors-edition","status":"publish","type":"product","link":"https:\/\/www.iplay.com\/es\/games\/spooky-dwellers-collectors-edition\/","title":{"rendered":"Spooky Dwellers Collector&#8217;s Edition"},"content":{"rendered":"<p>Los ocupantes fantasmales acechan en cada rinc\u00f3n de la casa de la abuela, murmurando sobre sus penas olvidadas hace mucho tiempo. Por suerte, tengo que guardar los talismanes de luz de la abuela, un precioso tesoro familiar. Los talismanes liberan una luz sagrada que ahuyenta a los inquietantes ocupantes. Los ocupantes se ocultan h\u00e1bilmente de la luz detr\u00e1s de una variedad de barreras. Tendremos que romper calabazas, cortar el c\u00e9sped, abrir puertas, desviar los talismanes y, finalmente, dejar que la luz ahuyente para expulsar a los espeluznantes ocupantes. Adem\u00e1s, vamos a decorar la terraza de la casa para Halloween y celebrar nuestros logros all\u00ed a medida que avanza nuestra aventura. \u00a1Hazte con el control total de la iluminaci\u00f3n del talism\u00e1n y expulsa a sus ocupantes fantasmales!      <\/p>\n<p>&nbsp;<\/p>\n<p>&nbsp;<\/p>\n<p><strong>Funciones:<\/strong><\/p>\n<p>&nbsp;<\/p>\n<p>&#8211; Noventa niveles de Match 3.<br \/>\n&#8211; Minijuegos con objetos ocultos.<br \/>\n&#8211; Minijuegos con puzles y memoria.<br \/>\n&#8211; Combina 3 desaf\u00edos que har\u00e1n que te duela el cerebro.<br \/>\n&#8211; Consigue m\u00e1s monedas recogiendo trofeos.<br \/>\n&#8211; Prepara la terraza para una celebraci\u00f3n de Halloween.<\/p>\n<p>&nbsp;<\/p>\n<p>&nbsp;<\/p>\n<p><strong>Caracter\u00edsticas de la Edici\u00f3n de Coleccionista:<\/strong><\/p>\n<p>&nbsp;<\/p>\n<p>&#8211; 60 niveles extra de Match 3. Im\u00e1genes para fondos de pantalla.<br \/>\n&#8211; Obras de arte y narrativas adicionales.<br \/>\n&#8211; Rompecabezas adicionales y objetos ocultos.<br \/>\n&#8211; Un minijuego llamado Mayor o Inferior.<br \/>\n&#8211; Un minijuego llamado Coin Collector.<br \/>\n&#8211; Los productos \u00fanicos solo est\u00e1n disponibles en The Terrace.<br \/>\n&#8211; Ajustes adicionales disponibles para las fases de Match 3.<\/p>\n","protected":false},"excerpt":{"rendered":"<p>\u00a1Hay personas espeluznantes viviendo en la casa de la abuela! \u00a1Emplea el encanto para ahuyentar a los inquietantes ocupantes! <\/p>\n","protected":false},"author":55,"featured_media":90071,"comment_status":"open","ping_status":"closed","template":"","meta":{"_acf_changed":false,"inline_featured_image":false},"product_brand":[],"product_cat":[192],"product_tag":[],"class_list":{"0":"post-132477","1":"product","2":"type-product","3":"status-publish","4":"has-post-thumbnail","6":"product_cat-puzzle-es","8":"first","9":"instock","10":"shipping-taxable","11":"purchasable","12":"product-type-simple"},"acf":[],"yoast_head":"<!-- This site is optimized with the Yoast SEO Premium plugin v25.2 (Yoast SEO v25.2) - https:\/\/yoast.com\/wordpress\/plugins\/seo\/ -->\n<title>Spooky Dwellers Edici\u00f3n Coleccionista - \u00a1Habitantes espeluznantes acechan en la casa de la abuela! Usa el talism\u00e1n<\/title>\n<meta name=\"description\" content=\"\u00a1Hay personas espeluznantes viviendo en la casa de la abuela! \u00a1Emplea el encanto para ahuyentar a los inquietantes ocupantes!\" \/>\n<meta name=\"robots\" content=\"index, follow, max-snippet:-1, max-image-preview:large, max-video-preview:-1\" \/>\n<link rel=\"canonical\" href=\"https:\/\/www.iplay.com\/es\/games\/spooky-dwellers-collectors-edition\/\" \/>\n<meta property=\"og:locale\" content=\"es_ES\" \/>\n<meta property=\"og:type\" content=\"article\" \/>\n<meta property=\"og:title\" content=\"Spooky Dwellers Collector&#039;s Edition\" \/>\n<meta property=\"og:description\" content=\"\u00a1Hay personas espeluznantes viviendo en la casa de la abuela! \u00a1Emplea el encanto para ahuyentar a los inquietantes ocupantes!\" \/>\n<meta property=\"og:url\" content=\"https:\/\/www.iplay.com\/es\/games\/spooky-dwellers-collectors-edition\/\" \/>\n<meta property=\"og:site_name\" content=\"IPlay\" \/>\n<meta property=\"og:image\" content=\"https:\/\/www.iplay.com\/wp-content\/uploads\/2023\/12\/large_square_tile_image-3142.jpg\" \/>\n\t<meta property=\"og:image:width\" content=\"310\" \/>\n\t<meta property=\"og:image:height\" content=\"310\" \/>\n\t<meta property=\"og:image:type\" content=\"image\/jpeg\" \/>\n<meta name=\"twitter:card\" content=\"summary_large_image\" \/>\n<meta name=\"twitter:label1\" content=\"Est. reading time\" \/>\n\t<meta name=\"twitter:data1\" content=\"1 minuto\" \/>\n<script type=\"application\/ld+json\" class=\"yoast-schema-graph\">{\"@context\":\"https:\/\/schema.org\",\"@graph\":[{\"@type\":\"WebPage\",\"@id\":\"https:\/\/www.iplay.com\/es\/games\/spooky-dwellers-collectors-edition\/\",\"url\":\"https:\/\/www.iplay.com\/es\/games\/spooky-dwellers-collectors-edition\/\",\"name\":\"Spooky Dwellers Edici\u00f3n Coleccionista - \u00a1Habitantes espeluznantes acechan en la casa de la abuela! Usa el talism\u00e1n\",\"isPartOf\":{\"@id\":\"https:\/\/www.iplay.com\/en\/#website\"},\"primaryImageOfPage\":{\"@id\":\"https:\/\/www.iplay.com\/es\/games\/spooky-dwellers-collectors-edition\/#primaryimage\"},\"image\":{\"@id\":\"https:\/\/www.iplay.com\/es\/games\/spooky-dwellers-collectors-edition\/#primaryimage\"},\"thumbnailUrl\":\"https:\/\/www.iplay.com\/wp-content\/uploads\/2023\/12\/large_square_tile_image-3142.jpg\",\"datePublished\":\"2022-11-29T00:00:00+00:00\",\"description\":\"\u00a1Hay personas espeluznantes viviendo en la casa de la abuela! \u00a1Emplea el encanto para ahuyentar a los inquietantes ocupantes!\",\"breadcrumb\":{\"@id\":\"https:\/\/www.iplay.com\/es\/games\/spooky-dwellers-collectors-edition\/#breadcrumb\"},\"inLanguage\":\"es\",\"potentialAction\":[{\"@type\":\"ReadAction\",\"target\":[\"https:\/\/www.iplay.com\/es\/games\/spooky-dwellers-collectors-edition\/\"]}]},{\"@type\":\"ImageObject\",\"inLanguage\":\"es\",\"@id\":\"https:\/\/www.iplay.com\/es\/games\/spooky-dwellers-collectors-edition\/#primaryimage\",\"url\":\"https:\/\/www.iplay.com\/wp-content\/uploads\/2023\/12\/large_square_tile_image-3142.jpg\",\"contentUrl\":\"https:\/\/www.iplay.com\/wp-content\/uploads\/2023\/12\/large_square_tile_image-3142.jpg\",\"width\":310,\"height\":310},{\"@type\":\"BreadcrumbList\",\"@id\":\"https:\/\/www.iplay.com\/es\/games\/spooky-dwellers-collectors-edition\/#breadcrumb\",\"itemListElement\":[{\"@type\":\"ListItem\",\"position\":1,\"name\":\"Home\",\"item\":\"https:\/\/www.iplay.com\/es\/home-page-2\/\"},{\"@type\":\"ListItem\",\"position\":2,\"name\":\"Shop\",\"item\":\"https:\/\/www.iplay.com\/en\/shop\/\"},{\"@type\":\"ListItem\",\"position\":3,\"name\":\"Spooky Dwellers Collector&#8217;s Edition\"}]},{\"@type\":\"WebSite\",\"@id\":\"https:\/\/www.iplay.com\/en\/#website\",\"url\":\"https:\/\/www.iplay.com\/en\/\",\"name\":\"IPlay\",\"description\":\"The Best Casual Games!\",\"publisher\":{\"@id\":\"https:\/\/www.iplay.com\/en\/#organization\"},\"potentialAction\":[{\"@type\":\"SearchAction\",\"target\":{\"@type\":\"EntryPoint\",\"urlTemplate\":\"https:\/\/www.iplay.com\/en\/?s={search_term_string}\"},\"query-input\":{\"@type\":\"PropertyValueSpecification\",\"valueRequired\":true,\"valueName\":\"search_term_string\"}}],\"inLanguage\":\"es\"},{\"@type\":\"Organization\",\"@id\":\"https:\/\/www.iplay.com\/en\/#organization\",\"name\":\"IPlay\",\"url\":\"https:\/\/www.iplay.com\/en\/\",\"logo\":{\"@type\":\"ImageObject\",\"inLanguage\":\"es\",\"@id\":\"https:\/\/www.iplay.com\/en\/#\/schema\/logo\/image\/\",\"url\":\"https:\/\/www.iplay.com\/wp-content\/uploads\/2023\/11\/Group-6100.svg\",\"contentUrl\":\"https:\/\/www.iplay.com\/wp-content\/uploads\/2023\/11\/Group-6100.svg\",\"width\":98,\"height\":25,\"caption\":\"IPlay\"},\"image\":{\"@id\":\"https:\/\/www.iplay.com\/en\/#\/schema\/logo\/image\/\"}}]}<\/script>\n<!-- \/ Yoast SEO Premium plugin. -->","yoast_head_json":{"title":"Spooky Dwellers Edici\u00f3n Coleccionista - \u00a1Habitantes espeluznantes acechan en la casa de la abuela! Usa el talism\u00e1n","description":"\u00a1Hay personas espeluznantes viviendo en la casa de la abuela! \u00a1Emplea el encanto para ahuyentar a los inquietantes ocupantes!","robots":{"index":"index","follow":"follow","max-snippet":"max-snippet:-1","max-image-preview":"max-image-preview:large","max-video-preview":"max-video-preview:-1"},"canonical":"https:\/\/www.iplay.com\/es\/games\/spooky-dwellers-collectors-edition\/","og_locale":"es_ES","og_type":"article","og_title":"Spooky Dwellers Collector's Edition","og_description":"\u00a1Hay personas espeluznantes viviendo en la casa de la abuela! \u00a1Emplea el encanto para ahuyentar a los inquietantes ocupantes!","og_url":"https:\/\/www.iplay.com\/es\/games\/spooky-dwellers-collectors-edition\/","og_site_name":"IPlay","og_image":[{"width":310,"height":310,"url":"https:\/\/www.iplay.com\/wp-content\/uploads\/2023\/12\/large_square_tile_image-3142.jpg","type":"image\/jpeg"}],"twitter_card":"summary_large_image","twitter_misc":{"Est. reading time":"1 minuto"},"schema":{"@context":"https:\/\/schema.org","@graph":[{"@type":"WebPage","@id":"https:\/\/www.iplay.com\/es\/games\/spooky-dwellers-collectors-edition\/","url":"https:\/\/www.iplay.com\/es\/games\/spooky-dwellers-collectors-edition\/","name":"Spooky Dwellers Edici\u00f3n Coleccionista - \u00a1Habitantes espeluznantes acechan en la casa de la abuela! Usa el talism\u00e1n","isPartOf":{"@id":"https:\/\/www.iplay.com\/en\/#website"},"primaryImageOfPage":{"@id":"https:\/\/www.iplay.com\/es\/games\/spooky-dwellers-collectors-edition\/#primaryimage"},"image":{"@id":"https:\/\/www.iplay.com\/es\/games\/spooky-dwellers-collectors-edition\/#primaryimage"},"thumbnailUrl":"https:\/\/www.iplay.com\/wp-content\/uploads\/2023\/12\/large_square_tile_image-3142.jpg","datePublished":"2022-11-29T00:00:00+00:00","description":"\u00a1Hay personas espeluznantes viviendo en la casa de la abuela! \u00a1Emplea el encanto para ahuyentar a los inquietantes ocupantes!","breadcrumb":{"@id":"https:\/\/www.iplay.com\/es\/games\/spooky-dwellers-collectors-edition\/#breadcrumb"},"inLanguage":"es","potentialAction":[{"@type":"ReadAction","target":["https:\/\/www.iplay.com\/es\/games\/spooky-dwellers-collectors-edition\/"]}]},{"@type":"ImageObject","inLanguage":"es","@id":"https:\/\/www.iplay.com\/es\/games\/spooky-dwellers-collectors-edition\/#primaryimage","url":"https:\/\/www.iplay.com\/wp-content\/uploads\/2023\/12\/large_square_tile_image-3142.jpg","contentUrl":"https:\/\/www.iplay.com\/wp-content\/uploads\/2023\/12\/large_square_tile_image-3142.jpg","width":310,"height":310},{"@type":"BreadcrumbList","@id":"https:\/\/www.iplay.com\/es\/games\/spooky-dwellers-collectors-edition\/#breadcrumb","itemListElement":[{"@type":"ListItem","position":1,"name":"Home","item":"https:\/\/www.iplay.com\/es\/home-page-2\/"},{"@type":"ListItem","position":2,"name":"Shop","item":"https:\/\/www.iplay.com\/en\/shop\/"},{"@type":"ListItem","position":3,"name":"Spooky Dwellers Collector&#8217;s Edition"}]},{"@type":"WebSite","@id":"https:\/\/www.iplay.com\/en\/#website","url":"https:\/\/www.iplay.com\/en\/","name":"IPlay","description":"The Best Casual Games!","publisher":{"@id":"https:\/\/www.iplay.com\/en\/#organization"},"potentialAction":[{"@type":"SearchAction","target":{"@type":"EntryPoint","urlTemplate":"https:\/\/www.iplay.com\/en\/?s={search_term_string}"},"query-input":{"@type":"PropertyValueSpecification","valueRequired":true,"valueName":"search_term_string"}}],"inLanguage":"es"},{"@type":"Organization","@id":"https:\/\/www.iplay.com\/en\/#organization","name":"IPlay","url":"https:\/\/www.iplay.com\/en\/","logo":{"@type":"ImageObject","inLanguage":"es","@id":"https:\/\/www.iplay.com\/en\/#\/schema\/logo\/image\/","url":"https:\/\/www.iplay.com\/wp-content\/uploads\/2023\/11\/Group-6100.svg","contentUrl":"https:\/\/www.iplay.com\/wp-content\/uploads\/2023\/11\/Group-6100.svg","width":98,"height":25,"caption":"IPlay"},"image":{"@id":"https:\/\/www.iplay.com\/en\/#\/schema\/logo\/image\/"}}]}},"_links":{"self":[{"href":"https:\/\/www.iplay.com\/es\/wp-json\/wp\/v2\/product\/132477","targetHints":{"allow":["GET"]}}],"collection":[{"href":"https:\/\/www.iplay.com\/es\/wp-json\/wp\/v2\/product"}],"about":[{"href":"https:\/\/www.iplay.com\/es\/wp-json\/wp\/v2\/types\/product"}],"author":[{"embeddable":true,"href":"https:\/\/www.iplay.com\/es\/wp-json\/wp\/v2\/users\/55"}],"replies":[{"embeddable":true,"href":"https:\/\/www.iplay.com\/es\/wp-json\/wp\/v2\/comments?post=132477"}],"wp:featuredmedia":[{"embeddable":true,"href":"https:\/\/www.iplay.com\/es\/wp-json\/wp\/v2\/media\/90071"}],"wp:attachment":[{"href":"https:\/\/www.iplay.com\/es\/wp-json\/wp\/v2\/media?parent=132477"}],"wp:term":[{"taxonomy":"product_brand","embeddable":true,"href":"https:\/\/www.iplay.com\/es\/wp-json\/wp\/v2\/product_brand?post=132477"},{"taxonomy":"product_cat","embeddable":true,"href":"https:\/\/www.iplay.com\/es\/wp-json\/wp\/v2\/product_cat?post=132477"},{"taxonomy":"product_tag","embeddable":true,"href":"https:\/\/www.iplay.com\/es\/wp-json\/wp\/v2\/product_tag?post=132477"}],"curies":[{"name":"wp","href":"https:\/\/api.w.org\/{rel}","templated":true}]}}