{"id":132461,"date":"2022-12-02T00:00:01","date_gmt":"2022-12-02T00:00:01","guid":{"rendered":"https:\/\/www.iplay.com\/games\/janes-hotel-new-story-ce\/"},"modified":"2022-12-02T00:00:01","modified_gmt":"2022-12-02T00:00:01","slug":"janes-hotel-new-story-ce","status":"publish","type":"product","link":"https:\/\/www.iplay.com\/es\/games\/janes-hotel-new-story-ce\/","title":{"rendered":"Jane&#8217;s Hotel: New Story CE"},"content":{"rendered":"<p>\u00a1El tan esperado regreso de Jane&#8217;s Hotel por fin est\u00e1 aqu\u00ed! \u00a1Comience poco a poco y trabaje hasta abrir y renovar tres hoteles distintos y elegantes! Mientras Jane visita a su abuela en su ciudad natal, descubre que la tradici\u00f3n familiar es precisa. La primera mujer propietaria de un hotel en la ciudad fue su antepasada. El objetivo actual de Jane es restaurar la posici\u00f3n del hotel. El \u00e9xito trae consigo nuevos problemas. Se est\u00e1n planeando dos hoteles m\u00e1s para la ciudad. Ayuda a Jane a hacer que los invitados se sientan lo m\u00e1s c\u00f3modos posible. Preste atenci\u00f3n a las solicitudes hechas por los hu\u00e9spedes y haga un esfuerzo por acomodarlos lo antes posible. Ganar\u00e1s m\u00e1s propinas si tus invitados est\u00e1n m\u00e1s contentos.         <\/p>\n<p>&nbsp;<\/p>\n<p>&nbsp;<\/p>\n<p><strong>Funciones:<\/strong><\/p>\n<p>&nbsp;<\/p>\n<p>&#8211; 70 niveles emocionantes para terminar<br \/>\n&#8211; Tres hoteles distintos que requieren renovaciones<br \/>\n&#8211; Una variedad de visitantes est\u00e1n esperando su estad\u00eda en los hoteles<br \/>\n&#8211; Gr\u00e1ficos modernos de dibujos animados<\/p>\n<p>&nbsp;<\/p>\n<p>&nbsp;<\/p>\n<p><strong>Caracter\u00edsticas de la Edici\u00f3n de Coleccionista:<\/strong><\/p>\n<p>&nbsp;<\/p>\n<p>&#8211; \u00a1Contenido exclusivo con impresionantes arte conceptual! \u00a1Un total de diez niveles adicionales para mantener la trama en marcha! \u00a1Mejoras adicionales en el hotel a todos los niveles! \u00a1Fondos de pantalla disponibles para descargar!<\/p>\n","protected":false},"excerpt":{"rendered":"<p>El tan esperado regreso de Jane&#8217;s Hotel ha llegado. Disfruta de la nueva historia CE de Jane&#8217;s Hotel. <\/p>\n","protected":false},"author":79,"featured_media":75261,"comment_status":"open","ping_status":"closed","template":"","meta":{"_acf_changed":false,"inline_featured_image":false},"product_brand":[],"product_cat":[212],"product_tag":[288],"class_list":{"0":"post-132461","1":"product","2":"type-product","3":"status-publish","4":"has-post-thumbnail","6":"product_cat-time-management-es","7":"product_tag-play-on-pc-es","9":"first","10":"instock","11":"shipping-taxable","12":"purchasable","13":"product-type-simple"},"acf":[],"yoast_head":"<!-- This site is optimized with the Yoast SEO Premium plugin v25.2 (Yoast SEO v25.2) - https:\/\/yoast.com\/wordpress\/plugins\/seo\/ -->\n<title>Jane&#039;s Hotel: New Story CE - Experimenta el reinicio de Jane&#039;s Hotel: New Story CE<\/title>\n<meta name=\"description\" content=\"El tan esperado regreso de Jane&#039;s Hotel ha llegado. Disfruta de la nueva historia CE de Jane&#039;s Hotel.\" \/>\n<meta name=\"robots\" content=\"index, follow, max-snippet:-1, max-image-preview:large, max-video-preview:-1\" \/>\n<link rel=\"canonical\" href=\"https:\/\/www.iplay.com\/es\/games\/janes-hotel-new-story-ce\/\" \/>\n<meta property=\"og:locale\" content=\"es_ES\" \/>\n<meta property=\"og:type\" content=\"article\" \/>\n<meta property=\"og:title\" content=\"Jane&#039;s Hotel: New Story CE\" \/>\n<meta property=\"og:description\" content=\"El tan esperado regreso de Jane&#039;s Hotel ha llegado. Disfruta de la nueva historia CE de Jane&#039;s Hotel.\" \/>\n<meta property=\"og:url\" content=\"https:\/\/www.iplay.com\/es\/games\/janes-hotel-new-story-ce\/\" \/>\n<meta property=\"og:site_name\" content=\"IPlay\" \/>\n<meta property=\"og:image\" content=\"https:\/\/www.iplay.com\/wp-content\/uploads\/2023\/12\/large_square_tile_image-2198.jpg\" \/>\n\t<meta property=\"og:image:width\" content=\"310\" \/>\n\t<meta property=\"og:image:height\" content=\"310\" \/>\n\t<meta property=\"og:image:type\" content=\"image\/jpeg\" \/>\n<meta name=\"twitter:card\" content=\"summary_large_image\" \/>\n<meta name=\"twitter:label1\" content=\"Est. reading time\" \/>\n\t<meta name=\"twitter:data1\" content=\"1 minuto\" \/>\n<script type=\"application\/ld+json\" class=\"yoast-schema-graph\">{\"@context\":\"https:\/\/schema.org\",\"@graph\":[{\"@type\":\"WebPage\",\"@id\":\"https:\/\/www.iplay.com\/es\/games\/janes-hotel-new-story-ce\/\",\"url\":\"https:\/\/www.iplay.com\/es\/games\/janes-hotel-new-story-ce\/\",\"name\":\"Jane's Hotel: New Story CE - Experimenta el reinicio de Jane's Hotel: New Story CE\",\"isPartOf\":{\"@id\":\"https:\/\/www.iplay.com\/en\/#website\"},\"primaryImageOfPage\":{\"@id\":\"https:\/\/www.iplay.com\/es\/games\/janes-hotel-new-story-ce\/#primaryimage\"},\"image\":{\"@id\":\"https:\/\/www.iplay.com\/es\/games\/janes-hotel-new-story-ce\/#primaryimage\"},\"thumbnailUrl\":\"https:\/\/www.iplay.com\/wp-content\/uploads\/2023\/12\/large_square_tile_image-2198.jpg\",\"datePublished\":\"2022-12-02T00:00:01+00:00\",\"description\":\"El tan esperado regreso de Jane's Hotel ha llegado. Disfruta de la nueva historia CE de Jane's Hotel.\",\"breadcrumb\":{\"@id\":\"https:\/\/www.iplay.com\/es\/games\/janes-hotel-new-story-ce\/#breadcrumb\"},\"inLanguage\":\"es\",\"potentialAction\":[{\"@type\":\"ReadAction\",\"target\":[\"https:\/\/www.iplay.com\/es\/games\/janes-hotel-new-story-ce\/\"]}]},{\"@type\":\"ImageObject\",\"inLanguage\":\"es\",\"@id\":\"https:\/\/www.iplay.com\/es\/games\/janes-hotel-new-story-ce\/#primaryimage\",\"url\":\"https:\/\/www.iplay.com\/wp-content\/uploads\/2023\/12\/large_square_tile_image-2198.jpg\",\"contentUrl\":\"https:\/\/www.iplay.com\/wp-content\/uploads\/2023\/12\/large_square_tile_image-2198.jpg\",\"width\":310,\"height\":310},{\"@type\":\"BreadcrumbList\",\"@id\":\"https:\/\/www.iplay.com\/es\/games\/janes-hotel-new-story-ce\/#breadcrumb\",\"itemListElement\":[{\"@type\":\"ListItem\",\"position\":1,\"name\":\"Home\",\"item\":\"https:\/\/www.iplay.com\/es\/home-page-2\/\"},{\"@type\":\"ListItem\",\"position\":2,\"name\":\"Shop\",\"item\":\"https:\/\/www.iplay.com\/en\/shop\/\"},{\"@type\":\"ListItem\",\"position\":3,\"name\":\"Jane&#8217;s Hotel: New Story CE\"}]},{\"@type\":\"WebSite\",\"@id\":\"https:\/\/www.iplay.com\/en\/#website\",\"url\":\"https:\/\/www.iplay.com\/en\/\",\"name\":\"IPlay\",\"description\":\"The Best Casual Games!\",\"publisher\":{\"@id\":\"https:\/\/www.iplay.com\/en\/#organization\"},\"potentialAction\":[{\"@type\":\"SearchAction\",\"target\":{\"@type\":\"EntryPoint\",\"urlTemplate\":\"https:\/\/www.iplay.com\/en\/?s={search_term_string}\"},\"query-input\":{\"@type\":\"PropertyValueSpecification\",\"valueRequired\":true,\"valueName\":\"search_term_string\"}}],\"inLanguage\":\"es\"},{\"@type\":\"Organization\",\"@id\":\"https:\/\/www.iplay.com\/en\/#organization\",\"name\":\"IPlay\",\"url\":\"https:\/\/www.iplay.com\/en\/\",\"logo\":{\"@type\":\"ImageObject\",\"inLanguage\":\"es\",\"@id\":\"https:\/\/www.iplay.com\/en\/#\/schema\/logo\/image\/\",\"url\":\"https:\/\/www.iplay.com\/wp-content\/uploads\/2023\/11\/Group-6100.svg\",\"contentUrl\":\"https:\/\/www.iplay.com\/wp-content\/uploads\/2023\/11\/Group-6100.svg\",\"width\":98,\"height\":25,\"caption\":\"IPlay\"},\"image\":{\"@id\":\"https:\/\/www.iplay.com\/en\/#\/schema\/logo\/image\/\"}}]}<\/script>\n<!-- \/ Yoast SEO Premium plugin. -->","yoast_head_json":{"title":"Jane's Hotel: New Story CE - Experimenta el reinicio de Jane's Hotel: New Story CE","description":"El tan esperado regreso de Jane's Hotel ha llegado. Disfruta de la nueva historia CE de Jane's Hotel.","robots":{"index":"index","follow":"follow","max-snippet":"max-snippet:-1","max-image-preview":"max-image-preview:large","max-video-preview":"max-video-preview:-1"},"canonical":"https:\/\/www.iplay.com\/es\/games\/janes-hotel-new-story-ce\/","og_locale":"es_ES","og_type":"article","og_title":"Jane's Hotel: New Story CE","og_description":"El tan esperado regreso de Jane's Hotel ha llegado. Disfruta de la nueva historia CE de Jane's Hotel.","og_url":"https:\/\/www.iplay.com\/es\/games\/janes-hotel-new-story-ce\/","og_site_name":"IPlay","og_image":[{"width":310,"height":310,"url":"https:\/\/www.iplay.com\/wp-content\/uploads\/2023\/12\/large_square_tile_image-2198.jpg","type":"image\/jpeg"}],"twitter_card":"summary_large_image","twitter_misc":{"Est. reading time":"1 minuto"},"schema":{"@context":"https:\/\/schema.org","@graph":[{"@type":"WebPage","@id":"https:\/\/www.iplay.com\/es\/games\/janes-hotel-new-story-ce\/","url":"https:\/\/www.iplay.com\/es\/games\/janes-hotel-new-story-ce\/","name":"Jane's Hotel: New Story CE - Experimenta el reinicio de Jane's Hotel: New Story CE","isPartOf":{"@id":"https:\/\/www.iplay.com\/en\/#website"},"primaryImageOfPage":{"@id":"https:\/\/www.iplay.com\/es\/games\/janes-hotel-new-story-ce\/#primaryimage"},"image":{"@id":"https:\/\/www.iplay.com\/es\/games\/janes-hotel-new-story-ce\/#primaryimage"},"thumbnailUrl":"https:\/\/www.iplay.com\/wp-content\/uploads\/2023\/12\/large_square_tile_image-2198.jpg","datePublished":"2022-12-02T00:00:01+00:00","description":"El tan esperado regreso de Jane's Hotel ha llegado. Disfruta de la nueva historia CE de Jane's Hotel.","breadcrumb":{"@id":"https:\/\/www.iplay.com\/es\/games\/janes-hotel-new-story-ce\/#breadcrumb"},"inLanguage":"es","potentialAction":[{"@type":"ReadAction","target":["https:\/\/www.iplay.com\/es\/games\/janes-hotel-new-story-ce\/"]}]},{"@type":"ImageObject","inLanguage":"es","@id":"https:\/\/www.iplay.com\/es\/games\/janes-hotel-new-story-ce\/#primaryimage","url":"https:\/\/www.iplay.com\/wp-content\/uploads\/2023\/12\/large_square_tile_image-2198.jpg","contentUrl":"https:\/\/www.iplay.com\/wp-content\/uploads\/2023\/12\/large_square_tile_image-2198.jpg","width":310,"height":310},{"@type":"BreadcrumbList","@id":"https:\/\/www.iplay.com\/es\/games\/janes-hotel-new-story-ce\/#breadcrumb","itemListElement":[{"@type":"ListItem","position":1,"name":"Home","item":"https:\/\/www.iplay.com\/es\/home-page-2\/"},{"@type":"ListItem","position":2,"name":"Shop","item":"https:\/\/www.iplay.com\/en\/shop\/"},{"@type":"ListItem","position":3,"name":"Jane&#8217;s Hotel: New Story CE"}]},{"@type":"WebSite","@id":"https:\/\/www.iplay.com\/en\/#website","url":"https:\/\/www.iplay.com\/en\/","name":"IPlay","description":"The Best Casual Games!","publisher":{"@id":"https:\/\/www.iplay.com\/en\/#organization"},"potentialAction":[{"@type":"SearchAction","target":{"@type":"EntryPoint","urlTemplate":"https:\/\/www.iplay.com\/en\/?s={search_term_string}"},"query-input":{"@type":"PropertyValueSpecification","valueRequired":true,"valueName":"search_term_string"}}],"inLanguage":"es"},{"@type":"Organization","@id":"https:\/\/www.iplay.com\/en\/#organization","name":"IPlay","url":"https:\/\/www.iplay.com\/en\/","logo":{"@type":"ImageObject","inLanguage":"es","@id":"https:\/\/www.iplay.com\/en\/#\/schema\/logo\/image\/","url":"https:\/\/www.iplay.com\/wp-content\/uploads\/2023\/11\/Group-6100.svg","contentUrl":"https:\/\/www.iplay.com\/wp-content\/uploads\/2023\/11\/Group-6100.svg","width":98,"height":25,"caption":"IPlay"},"image":{"@id":"https:\/\/www.iplay.com\/en\/#\/schema\/logo\/image\/"}}]}},"_links":{"self":[{"href":"https:\/\/www.iplay.com\/es\/wp-json\/wp\/v2\/product\/132461","targetHints":{"allow":["GET"]}}],"collection":[{"href":"https:\/\/www.iplay.com\/es\/wp-json\/wp\/v2\/product"}],"about":[{"href":"https:\/\/www.iplay.com\/es\/wp-json\/wp\/v2\/types\/product"}],"author":[{"embeddable":true,"href":"https:\/\/www.iplay.com\/es\/wp-json\/wp\/v2\/users\/79"}],"replies":[{"embeddable":true,"href":"https:\/\/www.iplay.com\/es\/wp-json\/wp\/v2\/comments?post=132461"}],"wp:featuredmedia":[{"embeddable":true,"href":"https:\/\/www.iplay.com\/es\/wp-json\/wp\/v2\/media\/75261"}],"wp:attachment":[{"href":"https:\/\/www.iplay.com\/es\/wp-json\/wp\/v2\/media?parent=132461"}],"wp:term":[{"taxonomy":"product_brand","embeddable":true,"href":"https:\/\/www.iplay.com\/es\/wp-json\/wp\/v2\/product_brand?post=132461"},{"taxonomy":"product_cat","embeddable":true,"href":"https:\/\/www.iplay.com\/es\/wp-json\/wp\/v2\/product_cat?post=132461"},{"taxonomy":"product_tag","embeddable":true,"href":"https:\/\/www.iplay.com\/es\/wp-json\/wp\/v2\/product_tag?post=132461"}],"curies":[{"name":"wp","href":"https:\/\/api.w.org\/{rel}","templated":true}]}}