{"id":132453,"date":"2022-12-26T00:00:00","date_gmt":"2022-12-26T00:00:00","guid":{"rendered":"https:\/\/www.iplay.com\/games\/city-legends-trapped-in-mirror-collectors-edition\/"},"modified":"2022-12-26T00:00:00","modified_gmt":"2022-12-26T00:00:00","slug":"city-legends-trapped-in-mirror-collectors-edition","status":"publish","type":"product","link":"https:\/\/www.iplay.com\/es\/games\/city-legends-trapped-in-mirror-collectors-edition\/","title":{"rendered":"City Legends: Trapped in Mirror Collector&#8217;s Edition"},"content":{"rendered":"<p>Su libro m\u00e1s vendido sobre la Orden de las Brujas Malvadas ha llamado la atenci\u00f3n de un editor prominente. Necesitan el primer manuscrito de tu pr\u00f3ximo libro de terror lo antes posible, pero est\u00e1n dispuestos a pagarte. Puedes optar por crear una composici\u00f3n sobre Bloody Mary. \u00a1Qu\u00e9 afortunada soy! El Museo de Pensilvania incluye una exhibici\u00f3n \u00fanica que tiene el espejo de Mar\u00eda. Cuando vas all\u00ed para realizar una investigaci\u00f3n, descubres que la leyenda es real. \u00a1Intenta sobrevivir al encuentro con un fantasma mal\u00e9volo completando acertijos y buscando artefactos ocultos tanto en el reino humano como en el fantasmal!      <\/p>\n<p>&nbsp;<\/p>\n<p>&nbsp;<\/p>\n<p><strong>Funciones:<\/strong><\/p>\n<p>&nbsp;<\/p>\n<p>&#8211; \u00a1Investiga la desaparici\u00f3n de una joven y aprende m\u00e1s sobre la enigm\u00e1tica La Llorona en el cap\u00edtulo extra!<\/p>\n<p>&#8211; \u00a1Revive tus mejores HOPs y minijuegos!<\/p>\n<p>&#8211; \u00a1Localiza m\u00e1s objetos coleccionables y cambiantes!<\/p>\n<p>&#8211; \u00a1Obt\u00e9n m\u00fasica y fondos de pantalla descargables!<\/p>\n","protected":false},"excerpt":{"rendered":"<p>\u00a1Prep\u00e1rate para el peligro mientras escribes el libro paranormal perfecto!<\/p>\n","protected":false},"author":52,"featured_media":89399,"comment_status":"open","ping_status":"closed","template":"","meta":{"_acf_changed":false,"inline_featured_image":false},"product_brand":[],"product_cat":[166],"product_tag":[288],"class_list":{"0":"post-132453","1":"product","2":"type-product","3":"status-publish","4":"has-post-thumbnail","6":"product_cat-hidden-object-es","7":"product_tag-play-on-pc-es","9":"first","10":"instock","11":"shipping-taxable","12":"purchasable","13":"product-type-simple"},"acf":[],"yoast_head":"<!-- This site is optimized with the Yoast SEO Premium plugin v25.2 (Yoast SEO v25.2) - https:\/\/yoast.com\/wordpress\/plugins\/seo\/ -->\n<title>City Legends: Trapped in Mirror Collector&#039;s Edition - Enfr\u00e9ntate al peligro en la b\u00fasqueda para escribir la novela sobrenatural ideal<\/title>\n<meta name=\"description\" content=\"\u00a1Prep\u00e1rate para el peligro mientras escribes el libro paranormal perfecto!\" \/>\n<meta name=\"robots\" content=\"index, follow, max-snippet:-1, max-image-preview:large, max-video-preview:-1\" \/>\n<link rel=\"canonical\" href=\"https:\/\/www.iplay.com\/es\/games\/city-legends-trapped-in-mirror-collectors-edition\/\" \/>\n<meta property=\"og:locale\" content=\"es_ES\" \/>\n<meta property=\"og:type\" content=\"article\" \/>\n<meta property=\"og:title\" content=\"City Legends: Trapped in Mirror Collector&#039;s Edition\" \/>\n<meta property=\"og:description\" content=\"\u00a1Prep\u00e1rate para el peligro mientras escribes el libro paranormal perfecto!\" \/>\n<meta property=\"og:url\" content=\"https:\/\/www.iplay.com\/es\/games\/city-legends-trapped-in-mirror-collectors-edition\/\" \/>\n<meta property=\"og:site_name\" content=\"IPlay\" \/>\n<meta property=\"og:image\" content=\"https:\/\/www.iplay.com\/wp-content\/uploads\/2023\/12\/large_square_tile_image-3099.jpg\" \/>\n\t<meta property=\"og:image:width\" content=\"310\" \/>\n\t<meta property=\"og:image:height\" content=\"310\" \/>\n\t<meta property=\"og:image:type\" content=\"image\/jpeg\" \/>\n<meta name=\"twitter:card\" content=\"summary_large_image\" \/>\n<meta name=\"twitter:label1\" content=\"Est. reading time\" \/>\n\t<meta name=\"twitter:data1\" content=\"1 minuto\" \/>\n<script type=\"application\/ld+json\" class=\"yoast-schema-graph\">{\"@context\":\"https:\/\/schema.org\",\"@graph\":[{\"@type\":\"WebPage\",\"@id\":\"https:\/\/www.iplay.com\/es\/games\/city-legends-trapped-in-mirror-collectors-edition\/\",\"url\":\"https:\/\/www.iplay.com\/es\/games\/city-legends-trapped-in-mirror-collectors-edition\/\",\"name\":\"City Legends: Trapped in Mirror Collector's Edition - Enfr\u00e9ntate al peligro en la b\u00fasqueda para escribir la novela sobrenatural ideal\",\"isPartOf\":{\"@id\":\"https:\/\/www.iplay.com\/en\/#website\"},\"primaryImageOfPage\":{\"@id\":\"https:\/\/www.iplay.com\/es\/games\/city-legends-trapped-in-mirror-collectors-edition\/#primaryimage\"},\"image\":{\"@id\":\"https:\/\/www.iplay.com\/es\/games\/city-legends-trapped-in-mirror-collectors-edition\/#primaryimage\"},\"thumbnailUrl\":\"https:\/\/www.iplay.com\/wp-content\/uploads\/2023\/12\/large_square_tile_image-3099.jpg\",\"datePublished\":\"2022-12-26T00:00:00+00:00\",\"description\":\"\u00a1Prep\u00e1rate para el peligro mientras escribes el libro paranormal perfecto!\",\"breadcrumb\":{\"@id\":\"https:\/\/www.iplay.com\/es\/games\/city-legends-trapped-in-mirror-collectors-edition\/#breadcrumb\"},\"inLanguage\":\"es\",\"potentialAction\":[{\"@type\":\"ReadAction\",\"target\":[\"https:\/\/www.iplay.com\/es\/games\/city-legends-trapped-in-mirror-collectors-edition\/\"]}]},{\"@type\":\"ImageObject\",\"inLanguage\":\"es\",\"@id\":\"https:\/\/www.iplay.com\/es\/games\/city-legends-trapped-in-mirror-collectors-edition\/#primaryimage\",\"url\":\"https:\/\/www.iplay.com\/wp-content\/uploads\/2023\/12\/large_square_tile_image-3099.jpg\",\"contentUrl\":\"https:\/\/www.iplay.com\/wp-content\/uploads\/2023\/12\/large_square_tile_image-3099.jpg\",\"width\":310,\"height\":310},{\"@type\":\"BreadcrumbList\",\"@id\":\"https:\/\/www.iplay.com\/es\/games\/city-legends-trapped-in-mirror-collectors-edition\/#breadcrumb\",\"itemListElement\":[{\"@type\":\"ListItem\",\"position\":1,\"name\":\"Home\",\"item\":\"https:\/\/www.iplay.com\/es\/home-page-2\/\"},{\"@type\":\"ListItem\",\"position\":2,\"name\":\"Shop\",\"item\":\"https:\/\/www.iplay.com\/en\/shop\/\"},{\"@type\":\"ListItem\",\"position\":3,\"name\":\"City Legends: Trapped in Mirror Collector&#8217;s Edition\"}]},{\"@type\":\"WebSite\",\"@id\":\"https:\/\/www.iplay.com\/en\/#website\",\"url\":\"https:\/\/www.iplay.com\/en\/\",\"name\":\"IPlay\",\"description\":\"The Best Casual Games!\",\"publisher\":{\"@id\":\"https:\/\/www.iplay.com\/en\/#organization\"},\"potentialAction\":[{\"@type\":\"SearchAction\",\"target\":{\"@type\":\"EntryPoint\",\"urlTemplate\":\"https:\/\/www.iplay.com\/en\/?s={search_term_string}\"},\"query-input\":{\"@type\":\"PropertyValueSpecification\",\"valueRequired\":true,\"valueName\":\"search_term_string\"}}],\"inLanguage\":\"es\"},{\"@type\":\"Organization\",\"@id\":\"https:\/\/www.iplay.com\/en\/#organization\",\"name\":\"IPlay\",\"url\":\"https:\/\/www.iplay.com\/en\/\",\"logo\":{\"@type\":\"ImageObject\",\"inLanguage\":\"es\",\"@id\":\"https:\/\/www.iplay.com\/en\/#\/schema\/logo\/image\/\",\"url\":\"https:\/\/www.iplay.com\/wp-content\/uploads\/2023\/11\/Group-6100.svg\",\"contentUrl\":\"https:\/\/www.iplay.com\/wp-content\/uploads\/2023\/11\/Group-6100.svg\",\"width\":98,\"height\":25,\"caption\":\"IPlay\"},\"image\":{\"@id\":\"https:\/\/www.iplay.com\/en\/#\/schema\/logo\/image\/\"}}]}<\/script>\n<!-- \/ Yoast SEO Premium plugin. -->","yoast_head_json":{"title":"City Legends: Trapped in Mirror Collector's Edition - Enfr\u00e9ntate al peligro en la b\u00fasqueda para escribir la novela sobrenatural ideal","description":"\u00a1Prep\u00e1rate para el peligro mientras escribes el libro paranormal perfecto!","robots":{"index":"index","follow":"follow","max-snippet":"max-snippet:-1","max-image-preview":"max-image-preview:large","max-video-preview":"max-video-preview:-1"},"canonical":"https:\/\/www.iplay.com\/es\/games\/city-legends-trapped-in-mirror-collectors-edition\/","og_locale":"es_ES","og_type":"article","og_title":"City Legends: Trapped in Mirror Collector's Edition","og_description":"\u00a1Prep\u00e1rate para el peligro mientras escribes el libro paranormal perfecto!","og_url":"https:\/\/www.iplay.com\/es\/games\/city-legends-trapped-in-mirror-collectors-edition\/","og_site_name":"IPlay","og_image":[{"width":310,"height":310,"url":"https:\/\/www.iplay.com\/wp-content\/uploads\/2023\/12\/large_square_tile_image-3099.jpg","type":"image\/jpeg"}],"twitter_card":"summary_large_image","twitter_misc":{"Est. reading time":"1 minuto"},"schema":{"@context":"https:\/\/schema.org","@graph":[{"@type":"WebPage","@id":"https:\/\/www.iplay.com\/es\/games\/city-legends-trapped-in-mirror-collectors-edition\/","url":"https:\/\/www.iplay.com\/es\/games\/city-legends-trapped-in-mirror-collectors-edition\/","name":"City Legends: Trapped in Mirror Collector's Edition - Enfr\u00e9ntate al peligro en la b\u00fasqueda para escribir la novela sobrenatural ideal","isPartOf":{"@id":"https:\/\/www.iplay.com\/en\/#website"},"primaryImageOfPage":{"@id":"https:\/\/www.iplay.com\/es\/games\/city-legends-trapped-in-mirror-collectors-edition\/#primaryimage"},"image":{"@id":"https:\/\/www.iplay.com\/es\/games\/city-legends-trapped-in-mirror-collectors-edition\/#primaryimage"},"thumbnailUrl":"https:\/\/www.iplay.com\/wp-content\/uploads\/2023\/12\/large_square_tile_image-3099.jpg","datePublished":"2022-12-26T00:00:00+00:00","description":"\u00a1Prep\u00e1rate para el peligro mientras escribes el libro paranormal perfecto!","breadcrumb":{"@id":"https:\/\/www.iplay.com\/es\/games\/city-legends-trapped-in-mirror-collectors-edition\/#breadcrumb"},"inLanguage":"es","potentialAction":[{"@type":"ReadAction","target":["https:\/\/www.iplay.com\/es\/games\/city-legends-trapped-in-mirror-collectors-edition\/"]}]},{"@type":"ImageObject","inLanguage":"es","@id":"https:\/\/www.iplay.com\/es\/games\/city-legends-trapped-in-mirror-collectors-edition\/#primaryimage","url":"https:\/\/www.iplay.com\/wp-content\/uploads\/2023\/12\/large_square_tile_image-3099.jpg","contentUrl":"https:\/\/www.iplay.com\/wp-content\/uploads\/2023\/12\/large_square_tile_image-3099.jpg","width":310,"height":310},{"@type":"BreadcrumbList","@id":"https:\/\/www.iplay.com\/es\/games\/city-legends-trapped-in-mirror-collectors-edition\/#breadcrumb","itemListElement":[{"@type":"ListItem","position":1,"name":"Home","item":"https:\/\/www.iplay.com\/es\/home-page-2\/"},{"@type":"ListItem","position":2,"name":"Shop","item":"https:\/\/www.iplay.com\/en\/shop\/"},{"@type":"ListItem","position":3,"name":"City Legends: Trapped in Mirror Collector&#8217;s Edition"}]},{"@type":"WebSite","@id":"https:\/\/www.iplay.com\/en\/#website","url":"https:\/\/www.iplay.com\/en\/","name":"IPlay","description":"The Best Casual Games!","publisher":{"@id":"https:\/\/www.iplay.com\/en\/#organization"},"potentialAction":[{"@type":"SearchAction","target":{"@type":"EntryPoint","urlTemplate":"https:\/\/www.iplay.com\/en\/?s={search_term_string}"},"query-input":{"@type":"PropertyValueSpecification","valueRequired":true,"valueName":"search_term_string"}}],"inLanguage":"es"},{"@type":"Organization","@id":"https:\/\/www.iplay.com\/en\/#organization","name":"IPlay","url":"https:\/\/www.iplay.com\/en\/","logo":{"@type":"ImageObject","inLanguage":"es","@id":"https:\/\/www.iplay.com\/en\/#\/schema\/logo\/image\/","url":"https:\/\/www.iplay.com\/wp-content\/uploads\/2023\/11\/Group-6100.svg","contentUrl":"https:\/\/www.iplay.com\/wp-content\/uploads\/2023\/11\/Group-6100.svg","width":98,"height":25,"caption":"IPlay"},"image":{"@id":"https:\/\/www.iplay.com\/en\/#\/schema\/logo\/image\/"}}]}},"_links":{"self":[{"href":"https:\/\/www.iplay.com\/es\/wp-json\/wp\/v2\/product\/132453","targetHints":{"allow":["GET"]}}],"collection":[{"href":"https:\/\/www.iplay.com\/es\/wp-json\/wp\/v2\/product"}],"about":[{"href":"https:\/\/www.iplay.com\/es\/wp-json\/wp\/v2\/types\/product"}],"author":[{"embeddable":true,"href":"https:\/\/www.iplay.com\/es\/wp-json\/wp\/v2\/users\/52"}],"replies":[{"embeddable":true,"href":"https:\/\/www.iplay.com\/es\/wp-json\/wp\/v2\/comments?post=132453"}],"wp:featuredmedia":[{"embeddable":true,"href":"https:\/\/www.iplay.com\/es\/wp-json\/wp\/v2\/media\/89399"}],"wp:attachment":[{"href":"https:\/\/www.iplay.com\/es\/wp-json\/wp\/v2\/media?parent=132453"}],"wp:term":[{"taxonomy":"product_brand","embeddable":true,"href":"https:\/\/www.iplay.com\/es\/wp-json\/wp\/v2\/product_brand?post=132453"},{"taxonomy":"product_cat","embeddable":true,"href":"https:\/\/www.iplay.com\/es\/wp-json\/wp\/v2\/product_cat?post=132453"},{"taxonomy":"product_tag","embeddable":true,"href":"https:\/\/www.iplay.com\/es\/wp-json\/wp\/v2\/product_tag?post=132453"}],"curies":[{"name":"wp","href":"https:\/\/api.w.org\/{rel}","templated":true}]}}