{"id":132446,"date":"2022-12-27T00:00:00","date_gmt":"2022-12-27T00:00:00","guid":{"rendered":"https:\/\/www.iplay.com\/games\/jewel-match-solitaire-winterscapes\/"},"modified":"2022-12-27T00:00:00","modified_gmt":"2022-12-27T00:00:00","slug":"jewel-match-solitaire-winterscapes","status":"publish","type":"product","link":"https:\/\/www.iplay.com\/es\/games\/jewel-match-solitaire-winterscapes\/","title":{"rendered":"Jewel Match Solitaire Winterscapes"},"content":{"rendered":"<p>Acom\u00f3dese con una buena bebida y disfrute del fuego. \u00a1Con un juego de Solitario, est\u00e1s encerrado en casa durante el fr\u00edo! Explora el territorio helado, reconstruye cinco escenarios invernales a lo largo de 200 etapas y descubre otras 12 variaciones del juego, \u00a1incluidos Yuk\u00f3n y Emperador! Gana gemas y monedas adicionales en cada nivel superando obst\u00e1culos que incluyen cerraduras, cartas congeladas, cadenas, enredaderas y m\u00e1s. Estos se pueden usar en la tienda para comprar mejoras \u00fanicas. Selecciona entre una variedad de mazos de cartas, \u00a1pero no dejes de intentar obtener las codiciadas tres estrellas en cada nivel! Resulta que la forma \u00f3ptima de comer solitario es fr\u00edo.      <\/p>\n<p>&nbsp;<\/p>\n<p>&nbsp;<\/p>\n<p><strong>Funciones:<\/strong><\/p>\n<p>&nbsp;<\/p>\n<p>&#8211; 200 niveles de solitario.<br \/>\n&#8211; Doce variaciones m\u00e1s de Solitario, como Emperor o Yukon.<br \/>\n&#8211; Cinco encantadoras escenas de invierno para crear.<br \/>\n&#8211; Juega con muchas barajas de cartas.<br \/>\n&#8211; Selecciona entre tres modos de juego distintos.<br \/>\n&#8211; Obt\u00e9n magn\u00edficos fondos de pantalla de escritorio desbloque\u00e1ndolos.<br \/>\n&#8211; Magn\u00edfica selecci\u00f3n de m\u00fasica navide\u00f1a.<\/p>\n","protected":false},"excerpt":{"rendered":"<p>Cuando est\u00e9s nevando, toma una bebida caliente y acurr\u00facate junto al fuego para jugar un juego de aventuras invernal de Solitario.<\/p>\n","protected":false},"author":20,"featured_media":94711,"comment_status":"open","ping_status":"closed","template":"","meta":{"_acf_changed":false,"inline_featured_image":false},"product_brand":[],"product_cat":[154,209],"product_tag":[288,264],"class_list":{"0":"post-132446","1":"product","2":"type-product","3":"status-publish","4":"has-post-thumbnail","6":"product_cat-card-es","7":"product_cat-solitaire-es","8":"product_tag-play-on-pc-es","9":"product_tag-jewel-match-solitaire-series-es","11":"first","12":"instock","13":"shipping-taxable","14":"purchasable","15":"product-type-simple"},"acf":[],"yoast_head":"<!-- This site is optimized with the Yoast SEO Premium plugin v25.2 (Yoast SEO v25.2) - https:\/\/yoast.com\/wordpress\/plugins\/seo\/ -->\n<title>Jewel Match Solitaire Winterscapes - Disfruta de una aventura invernal de solitario junto al fuego con una bebida caliente<\/title>\n<meta name=\"description\" content=\"Cuando est\u00e9s nevando, toma una bebida caliente y acurr\u00facate junto al fuego para jugar un juego de aventuras invernal de Solitario.\" \/>\n<meta name=\"robots\" content=\"index, follow, max-snippet:-1, max-image-preview:large, max-video-preview:-1\" \/>\n<link rel=\"canonical\" href=\"https:\/\/www.iplay.com\/es\/games\/jewel-match-solitaire-winterscapes\/\" \/>\n<meta property=\"og:locale\" content=\"es_ES\" \/>\n<meta property=\"og:type\" content=\"article\" \/>\n<meta property=\"og:title\" content=\"Jewel Match Solitaire Winterscapes\" \/>\n<meta property=\"og:description\" content=\"Cuando est\u00e9s nevando, toma una bebida caliente y acurr\u00facate junto al fuego para jugar un juego de aventuras invernal de Solitario.\" \/>\n<meta property=\"og:url\" content=\"https:\/\/www.iplay.com\/es\/games\/jewel-match-solitaire-winterscapes\/\" \/>\n<meta property=\"og:site_name\" content=\"IPlay\" \/>\n<meta property=\"og:image\" content=\"https:\/\/www.iplay.com\/wp-content\/uploads\/2023\/12\/large_square_tile_image-3437.jpg\" \/>\n\t<meta property=\"og:image:width\" content=\"310\" \/>\n\t<meta property=\"og:image:height\" content=\"310\" \/>\n\t<meta property=\"og:image:type\" content=\"image\/jpeg\" \/>\n<meta name=\"twitter:card\" content=\"summary_large_image\" \/>\n<meta name=\"twitter:label1\" content=\"Est. reading time\" \/>\n\t<meta name=\"twitter:data1\" content=\"1 minuto\" \/>\n<script type=\"application\/ld+json\" class=\"yoast-schema-graph\">{\"@context\":\"https:\/\/schema.org\",\"@graph\":[{\"@type\":\"WebPage\",\"@id\":\"https:\/\/www.iplay.com\/es\/games\/jewel-match-solitaire-winterscapes\/\",\"url\":\"https:\/\/www.iplay.com\/es\/games\/jewel-match-solitaire-winterscapes\/\",\"name\":\"Jewel Match Solitaire Winterscapes - Disfruta de una aventura invernal de solitario junto al fuego con una bebida caliente\",\"isPartOf\":{\"@id\":\"https:\/\/www.iplay.com\/en\/#website\"},\"primaryImageOfPage\":{\"@id\":\"https:\/\/www.iplay.com\/es\/games\/jewel-match-solitaire-winterscapes\/#primaryimage\"},\"image\":{\"@id\":\"https:\/\/www.iplay.com\/es\/games\/jewel-match-solitaire-winterscapes\/#primaryimage\"},\"thumbnailUrl\":\"https:\/\/www.iplay.com\/wp-content\/uploads\/2023\/12\/large_square_tile_image-3437.jpg\",\"datePublished\":\"2022-12-27T00:00:00+00:00\",\"description\":\"Cuando est\u00e9s nevando, toma una bebida caliente y acurr\u00facate junto al fuego para jugar un juego de aventuras invernal de Solitario.\",\"breadcrumb\":{\"@id\":\"https:\/\/www.iplay.com\/es\/games\/jewel-match-solitaire-winterscapes\/#breadcrumb\"},\"inLanguage\":\"es\",\"potentialAction\":[{\"@type\":\"ReadAction\",\"target\":[\"https:\/\/www.iplay.com\/es\/games\/jewel-match-solitaire-winterscapes\/\"]}]},{\"@type\":\"ImageObject\",\"inLanguage\":\"es\",\"@id\":\"https:\/\/www.iplay.com\/es\/games\/jewel-match-solitaire-winterscapes\/#primaryimage\",\"url\":\"https:\/\/www.iplay.com\/wp-content\/uploads\/2023\/12\/large_square_tile_image-3437.jpg\",\"contentUrl\":\"https:\/\/www.iplay.com\/wp-content\/uploads\/2023\/12\/large_square_tile_image-3437.jpg\",\"width\":310,\"height\":310},{\"@type\":\"BreadcrumbList\",\"@id\":\"https:\/\/www.iplay.com\/es\/games\/jewel-match-solitaire-winterscapes\/#breadcrumb\",\"itemListElement\":[{\"@type\":\"ListItem\",\"position\":1,\"name\":\"Home\",\"item\":\"https:\/\/www.iplay.com\/es\/home-page-2\/\"},{\"@type\":\"ListItem\",\"position\":2,\"name\":\"Shop\",\"item\":\"https:\/\/www.iplay.com\/en\/shop\/\"},{\"@type\":\"ListItem\",\"position\":3,\"name\":\"Jewel Match Solitaire Winterscapes\"}]},{\"@type\":\"WebSite\",\"@id\":\"https:\/\/www.iplay.com\/en\/#website\",\"url\":\"https:\/\/www.iplay.com\/en\/\",\"name\":\"IPlay\",\"description\":\"The Best Casual Games!\",\"publisher\":{\"@id\":\"https:\/\/www.iplay.com\/en\/#organization\"},\"potentialAction\":[{\"@type\":\"SearchAction\",\"target\":{\"@type\":\"EntryPoint\",\"urlTemplate\":\"https:\/\/www.iplay.com\/en\/?s={search_term_string}\"},\"query-input\":{\"@type\":\"PropertyValueSpecification\",\"valueRequired\":true,\"valueName\":\"search_term_string\"}}],\"inLanguage\":\"es\"},{\"@type\":\"Organization\",\"@id\":\"https:\/\/www.iplay.com\/en\/#organization\",\"name\":\"IPlay\",\"url\":\"https:\/\/www.iplay.com\/en\/\",\"logo\":{\"@type\":\"ImageObject\",\"inLanguage\":\"es\",\"@id\":\"https:\/\/www.iplay.com\/en\/#\/schema\/logo\/image\/\",\"url\":\"https:\/\/www.iplay.com\/wp-content\/uploads\/2023\/11\/Group-6100.svg\",\"contentUrl\":\"https:\/\/www.iplay.com\/wp-content\/uploads\/2023\/11\/Group-6100.svg\",\"width\":98,\"height\":25,\"caption\":\"IPlay\"},\"image\":{\"@id\":\"https:\/\/www.iplay.com\/en\/#\/schema\/logo\/image\/\"}}]}<\/script>\n<!-- \/ Yoast SEO Premium plugin. -->","yoast_head_json":{"title":"Jewel Match Solitaire Winterscapes - Disfruta de una aventura invernal de solitario junto al fuego con una bebida caliente","description":"Cuando est\u00e9s nevando, toma una bebida caliente y acurr\u00facate junto al fuego para jugar un juego de aventuras invernal de Solitario.","robots":{"index":"index","follow":"follow","max-snippet":"max-snippet:-1","max-image-preview":"max-image-preview:large","max-video-preview":"max-video-preview:-1"},"canonical":"https:\/\/www.iplay.com\/es\/games\/jewel-match-solitaire-winterscapes\/","og_locale":"es_ES","og_type":"article","og_title":"Jewel Match Solitaire Winterscapes","og_description":"Cuando est\u00e9s nevando, toma una bebida caliente y acurr\u00facate junto al fuego para jugar un juego de aventuras invernal de Solitario.","og_url":"https:\/\/www.iplay.com\/es\/games\/jewel-match-solitaire-winterscapes\/","og_site_name":"IPlay","og_image":[{"width":310,"height":310,"url":"https:\/\/www.iplay.com\/wp-content\/uploads\/2023\/12\/large_square_tile_image-3437.jpg","type":"image\/jpeg"}],"twitter_card":"summary_large_image","twitter_misc":{"Est. reading time":"1 minuto"},"schema":{"@context":"https:\/\/schema.org","@graph":[{"@type":"WebPage","@id":"https:\/\/www.iplay.com\/es\/games\/jewel-match-solitaire-winterscapes\/","url":"https:\/\/www.iplay.com\/es\/games\/jewel-match-solitaire-winterscapes\/","name":"Jewel Match Solitaire Winterscapes - Disfruta de una aventura invernal de solitario junto al fuego con una bebida caliente","isPartOf":{"@id":"https:\/\/www.iplay.com\/en\/#website"},"primaryImageOfPage":{"@id":"https:\/\/www.iplay.com\/es\/games\/jewel-match-solitaire-winterscapes\/#primaryimage"},"image":{"@id":"https:\/\/www.iplay.com\/es\/games\/jewel-match-solitaire-winterscapes\/#primaryimage"},"thumbnailUrl":"https:\/\/www.iplay.com\/wp-content\/uploads\/2023\/12\/large_square_tile_image-3437.jpg","datePublished":"2022-12-27T00:00:00+00:00","description":"Cuando est\u00e9s nevando, toma una bebida caliente y acurr\u00facate junto al fuego para jugar un juego de aventuras invernal de Solitario.","breadcrumb":{"@id":"https:\/\/www.iplay.com\/es\/games\/jewel-match-solitaire-winterscapes\/#breadcrumb"},"inLanguage":"es","potentialAction":[{"@type":"ReadAction","target":["https:\/\/www.iplay.com\/es\/games\/jewel-match-solitaire-winterscapes\/"]}]},{"@type":"ImageObject","inLanguage":"es","@id":"https:\/\/www.iplay.com\/es\/games\/jewel-match-solitaire-winterscapes\/#primaryimage","url":"https:\/\/www.iplay.com\/wp-content\/uploads\/2023\/12\/large_square_tile_image-3437.jpg","contentUrl":"https:\/\/www.iplay.com\/wp-content\/uploads\/2023\/12\/large_square_tile_image-3437.jpg","width":310,"height":310},{"@type":"BreadcrumbList","@id":"https:\/\/www.iplay.com\/es\/games\/jewel-match-solitaire-winterscapes\/#breadcrumb","itemListElement":[{"@type":"ListItem","position":1,"name":"Home","item":"https:\/\/www.iplay.com\/es\/home-page-2\/"},{"@type":"ListItem","position":2,"name":"Shop","item":"https:\/\/www.iplay.com\/en\/shop\/"},{"@type":"ListItem","position":3,"name":"Jewel Match Solitaire Winterscapes"}]},{"@type":"WebSite","@id":"https:\/\/www.iplay.com\/en\/#website","url":"https:\/\/www.iplay.com\/en\/","name":"IPlay","description":"The Best Casual Games!","publisher":{"@id":"https:\/\/www.iplay.com\/en\/#organization"},"potentialAction":[{"@type":"SearchAction","target":{"@type":"EntryPoint","urlTemplate":"https:\/\/www.iplay.com\/en\/?s={search_term_string}"},"query-input":{"@type":"PropertyValueSpecification","valueRequired":true,"valueName":"search_term_string"}}],"inLanguage":"es"},{"@type":"Organization","@id":"https:\/\/www.iplay.com\/en\/#organization","name":"IPlay","url":"https:\/\/www.iplay.com\/en\/","logo":{"@type":"ImageObject","inLanguage":"es","@id":"https:\/\/www.iplay.com\/en\/#\/schema\/logo\/image\/","url":"https:\/\/www.iplay.com\/wp-content\/uploads\/2023\/11\/Group-6100.svg","contentUrl":"https:\/\/www.iplay.com\/wp-content\/uploads\/2023\/11\/Group-6100.svg","width":98,"height":25,"caption":"IPlay"},"image":{"@id":"https:\/\/www.iplay.com\/en\/#\/schema\/logo\/image\/"}}]}},"_links":{"self":[{"href":"https:\/\/www.iplay.com\/es\/wp-json\/wp\/v2\/product\/132446","targetHints":{"allow":["GET"]}}],"collection":[{"href":"https:\/\/www.iplay.com\/es\/wp-json\/wp\/v2\/product"}],"about":[{"href":"https:\/\/www.iplay.com\/es\/wp-json\/wp\/v2\/types\/product"}],"author":[{"embeddable":true,"href":"https:\/\/www.iplay.com\/es\/wp-json\/wp\/v2\/users\/20"}],"replies":[{"embeddable":true,"href":"https:\/\/www.iplay.com\/es\/wp-json\/wp\/v2\/comments?post=132446"}],"wp:featuredmedia":[{"embeddable":true,"href":"https:\/\/www.iplay.com\/es\/wp-json\/wp\/v2\/media\/94711"}],"wp:attachment":[{"href":"https:\/\/www.iplay.com\/es\/wp-json\/wp\/v2\/media?parent=132446"}],"wp:term":[{"taxonomy":"product_brand","embeddable":true,"href":"https:\/\/www.iplay.com\/es\/wp-json\/wp\/v2\/product_brand?post=132446"},{"taxonomy":"product_cat","embeddable":true,"href":"https:\/\/www.iplay.com\/es\/wp-json\/wp\/v2\/product_cat?post=132446"},{"taxonomy":"product_tag","embeddable":true,"href":"https:\/\/www.iplay.com\/es\/wp-json\/wp\/v2\/product_tag?post=132446"}],"curies":[{"name":"wp","href":"https:\/\/api.w.org\/{rel}","templated":true}]}}