{"id":132288,"date":"2023-01-27T00:00:01","date_gmt":"2023-01-27T00:00:01","guid":{"rendered":"https:\/\/www.iplay.com\/games\/mystery-solitaire-grimms-tales-7\/"},"modified":"2023-01-27T00:00:01","modified_gmt":"2023-01-27T00:00:01","slug":"mystery-solitaire-grimms-tales-7","status":"publish","type":"product","link":"https:\/\/www.iplay.com\/es\/games\/mystery-solitaire-grimms-tales-7\/","title":{"rendered":"Mystery Solitaire Grimms Tales 7"},"content":{"rendered":"<p>\u00bfMagia o vida real? \u00bfUna lucha o una vida normal? \u00a1Una respuesta simple se puede encontrar en el reino de los cuentos de hadas de los hermanos Grimm! \u00a1Disfruta de las dif\u00edciles etapas de un reino fant\u00e1stico de cuentos de hadas reuniendo cartas de acuerdo con las reglas de la cadena! Hay 200 etapas dif\u00edciles con cartas doradas ocultas en su interior. Usa las bonificaciones adicionales del Joker, baraja el mazo y retrocede en el tiempo para recogerlas. \u00a1Haz una cadena de cartas en el juego de cartas de solitario!      <\/p>\n<p>&nbsp;<\/p>\n<p>&nbsp;<\/p>\n<p><strong>Funciones:<\/strong><\/p>\n<p>&nbsp;<\/p>\n<p>&#8211; 20 ubicaciones con 200 niveles<br \/>\n: en caso de que encuentre dificultades, utilice el comod\u00edn.<br \/>\n&#8211; \u00a1El valor total de tu moneda aumentar\u00e1 con un multiplicador de combo!<\/p>\n<p>&#8211; 15 premios medievales, 12 dise\u00f1os distintos de dorsos de cartas y naipes con un tema distinto<\/p>\n","protected":false},"excerpt":{"rendered":"<p>En el reino de los cuentos de hadas de los hermanos Grimm, \u00a1divi\u00e9rtete jugando al solitario!<\/p>\n","protected":false},"author":13,"featured_media":74568,"comment_status":"open","ping_status":"closed","template":"","meta":{"_acf_changed":false,"inline_featured_image":false},"product_brand":[],"product_cat":[154,209],"product_tag":[288],"class_list":{"0":"post-132288","1":"product","2":"type-product","3":"status-publish","4":"has-post-thumbnail","6":"product_cat-card-es","7":"product_cat-solitaire-es","8":"product_tag-play-on-pc-es","10":"first","11":"instock","12":"shipping-taxable","13":"purchasable","14":"product-type-simple"},"acf":[],"yoast_head":"<!-- This site is optimized with the Yoast SEO Premium plugin v25.2 (Yoast SEO v25.2) - https:\/\/yoast.com\/wordpress\/plugins\/seo\/ -->\n<title>Mystery Solitaire Grimms Tales 7 - Cuentos de hadas de los hermanos Grimm - disfruta de la magia del solitario<\/title>\n<meta name=\"description\" content=\"En el reino de los cuentos de hadas de los hermanos Grimm, \u00a1divi\u00e9rtete jugando al solitario!\" \/>\n<meta name=\"robots\" content=\"index, follow, max-snippet:-1, max-image-preview:large, max-video-preview:-1\" \/>\n<link rel=\"canonical\" href=\"https:\/\/www.iplay.com\/es\/games\/mystery-solitaire-grimms-tales-7\/\" \/>\n<meta property=\"og:locale\" content=\"es_ES\" \/>\n<meta property=\"og:type\" content=\"article\" \/>\n<meta property=\"og:title\" content=\"Mystery Solitaire Grimms Tales 7\" \/>\n<meta property=\"og:description\" content=\"En el reino de los cuentos de hadas de los hermanos Grimm, \u00a1divi\u00e9rtete jugando al solitario!\" \/>\n<meta property=\"og:url\" content=\"https:\/\/www.iplay.com\/es\/games\/mystery-solitaire-grimms-tales-7\/\" \/>\n<meta property=\"og:site_name\" content=\"IPlay\" \/>\n<meta property=\"og:image\" content=\"https:\/\/www.iplay.com\/wp-content\/uploads\/2023\/12\/large_square_tile_image-2154.jpg\" \/>\n\t<meta property=\"og:image:width\" content=\"310\" \/>\n\t<meta property=\"og:image:height\" content=\"310\" \/>\n\t<meta property=\"og:image:type\" content=\"image\/jpeg\" \/>\n<meta name=\"twitter:card\" content=\"summary_large_image\" \/>\n<meta name=\"twitter:label1\" content=\"Est. reading time\" \/>\n\t<meta name=\"twitter:data1\" content=\"1 minuto\" \/>\n<script type=\"application\/ld+json\" class=\"yoast-schema-graph\">{\"@context\":\"https:\/\/schema.org\",\"@graph\":[{\"@type\":\"WebPage\",\"@id\":\"https:\/\/www.iplay.com\/es\/games\/mystery-solitaire-grimms-tales-7\/\",\"url\":\"https:\/\/www.iplay.com\/es\/games\/mystery-solitaire-grimms-tales-7\/\",\"name\":\"Mystery Solitaire Grimms Tales 7 - Cuentos de hadas de los hermanos Grimm - disfruta de la magia del solitario\",\"isPartOf\":{\"@id\":\"https:\/\/www.iplay.com\/en\/#website\"},\"primaryImageOfPage\":{\"@id\":\"https:\/\/www.iplay.com\/es\/games\/mystery-solitaire-grimms-tales-7\/#primaryimage\"},\"image\":{\"@id\":\"https:\/\/www.iplay.com\/es\/games\/mystery-solitaire-grimms-tales-7\/#primaryimage\"},\"thumbnailUrl\":\"https:\/\/www.iplay.com\/wp-content\/uploads\/2023\/12\/large_square_tile_image-2154.jpg\",\"datePublished\":\"2023-01-27T00:00:01+00:00\",\"description\":\"En el reino de los cuentos de hadas de los hermanos Grimm, \u00a1divi\u00e9rtete jugando al solitario!\",\"breadcrumb\":{\"@id\":\"https:\/\/www.iplay.com\/es\/games\/mystery-solitaire-grimms-tales-7\/#breadcrumb\"},\"inLanguage\":\"es\",\"potentialAction\":[{\"@type\":\"ReadAction\",\"target\":[\"https:\/\/www.iplay.com\/es\/games\/mystery-solitaire-grimms-tales-7\/\"]}]},{\"@type\":\"ImageObject\",\"inLanguage\":\"es\",\"@id\":\"https:\/\/www.iplay.com\/es\/games\/mystery-solitaire-grimms-tales-7\/#primaryimage\",\"url\":\"https:\/\/www.iplay.com\/wp-content\/uploads\/2023\/12\/large_square_tile_image-2154.jpg\",\"contentUrl\":\"https:\/\/www.iplay.com\/wp-content\/uploads\/2023\/12\/large_square_tile_image-2154.jpg\",\"width\":310,\"height\":310},{\"@type\":\"BreadcrumbList\",\"@id\":\"https:\/\/www.iplay.com\/es\/games\/mystery-solitaire-grimms-tales-7\/#breadcrumb\",\"itemListElement\":[{\"@type\":\"ListItem\",\"position\":1,\"name\":\"Home\",\"item\":\"https:\/\/www.iplay.com\/es\/home-page-2\/\"},{\"@type\":\"ListItem\",\"position\":2,\"name\":\"Shop\",\"item\":\"https:\/\/www.iplay.com\/en\/shop\/\"},{\"@type\":\"ListItem\",\"position\":3,\"name\":\"Mystery Solitaire Grimms Tales 7\"}]},{\"@type\":\"WebSite\",\"@id\":\"https:\/\/www.iplay.com\/en\/#website\",\"url\":\"https:\/\/www.iplay.com\/en\/\",\"name\":\"IPlay\",\"description\":\"The Best Casual Games!\",\"publisher\":{\"@id\":\"https:\/\/www.iplay.com\/en\/#organization\"},\"potentialAction\":[{\"@type\":\"SearchAction\",\"target\":{\"@type\":\"EntryPoint\",\"urlTemplate\":\"https:\/\/www.iplay.com\/en\/?s={search_term_string}\"},\"query-input\":{\"@type\":\"PropertyValueSpecification\",\"valueRequired\":true,\"valueName\":\"search_term_string\"}}],\"inLanguage\":\"es\"},{\"@type\":\"Organization\",\"@id\":\"https:\/\/www.iplay.com\/en\/#organization\",\"name\":\"IPlay\",\"url\":\"https:\/\/www.iplay.com\/en\/\",\"logo\":{\"@type\":\"ImageObject\",\"inLanguage\":\"es\",\"@id\":\"https:\/\/www.iplay.com\/en\/#\/schema\/logo\/image\/\",\"url\":\"https:\/\/www.iplay.com\/wp-content\/uploads\/2023\/11\/Group-6100.svg\",\"contentUrl\":\"https:\/\/www.iplay.com\/wp-content\/uploads\/2023\/11\/Group-6100.svg\",\"width\":98,\"height\":25,\"caption\":\"IPlay\"},\"image\":{\"@id\":\"https:\/\/www.iplay.com\/en\/#\/schema\/logo\/image\/\"}}]}<\/script>\n<!-- \/ Yoast SEO Premium plugin. -->","yoast_head_json":{"title":"Mystery Solitaire Grimms Tales 7 - Cuentos de hadas de los hermanos Grimm - disfruta de la magia del solitario","description":"En el reino de los cuentos de hadas de los hermanos Grimm, \u00a1divi\u00e9rtete jugando al solitario!","robots":{"index":"index","follow":"follow","max-snippet":"max-snippet:-1","max-image-preview":"max-image-preview:large","max-video-preview":"max-video-preview:-1"},"canonical":"https:\/\/www.iplay.com\/es\/games\/mystery-solitaire-grimms-tales-7\/","og_locale":"es_ES","og_type":"article","og_title":"Mystery Solitaire Grimms Tales 7","og_description":"En el reino de los cuentos de hadas de los hermanos Grimm, \u00a1divi\u00e9rtete jugando al solitario!","og_url":"https:\/\/www.iplay.com\/es\/games\/mystery-solitaire-grimms-tales-7\/","og_site_name":"IPlay","og_image":[{"width":310,"height":310,"url":"https:\/\/www.iplay.com\/wp-content\/uploads\/2023\/12\/large_square_tile_image-2154.jpg","type":"image\/jpeg"}],"twitter_card":"summary_large_image","twitter_misc":{"Est. reading time":"1 minuto"},"schema":{"@context":"https:\/\/schema.org","@graph":[{"@type":"WebPage","@id":"https:\/\/www.iplay.com\/es\/games\/mystery-solitaire-grimms-tales-7\/","url":"https:\/\/www.iplay.com\/es\/games\/mystery-solitaire-grimms-tales-7\/","name":"Mystery Solitaire Grimms Tales 7 - Cuentos de hadas de los hermanos Grimm - disfruta de la magia del solitario","isPartOf":{"@id":"https:\/\/www.iplay.com\/en\/#website"},"primaryImageOfPage":{"@id":"https:\/\/www.iplay.com\/es\/games\/mystery-solitaire-grimms-tales-7\/#primaryimage"},"image":{"@id":"https:\/\/www.iplay.com\/es\/games\/mystery-solitaire-grimms-tales-7\/#primaryimage"},"thumbnailUrl":"https:\/\/www.iplay.com\/wp-content\/uploads\/2023\/12\/large_square_tile_image-2154.jpg","datePublished":"2023-01-27T00:00:01+00:00","description":"En el reino de los cuentos de hadas de los hermanos Grimm, \u00a1divi\u00e9rtete jugando al solitario!","breadcrumb":{"@id":"https:\/\/www.iplay.com\/es\/games\/mystery-solitaire-grimms-tales-7\/#breadcrumb"},"inLanguage":"es","potentialAction":[{"@type":"ReadAction","target":["https:\/\/www.iplay.com\/es\/games\/mystery-solitaire-grimms-tales-7\/"]}]},{"@type":"ImageObject","inLanguage":"es","@id":"https:\/\/www.iplay.com\/es\/games\/mystery-solitaire-grimms-tales-7\/#primaryimage","url":"https:\/\/www.iplay.com\/wp-content\/uploads\/2023\/12\/large_square_tile_image-2154.jpg","contentUrl":"https:\/\/www.iplay.com\/wp-content\/uploads\/2023\/12\/large_square_tile_image-2154.jpg","width":310,"height":310},{"@type":"BreadcrumbList","@id":"https:\/\/www.iplay.com\/es\/games\/mystery-solitaire-grimms-tales-7\/#breadcrumb","itemListElement":[{"@type":"ListItem","position":1,"name":"Home","item":"https:\/\/www.iplay.com\/es\/home-page-2\/"},{"@type":"ListItem","position":2,"name":"Shop","item":"https:\/\/www.iplay.com\/en\/shop\/"},{"@type":"ListItem","position":3,"name":"Mystery Solitaire Grimms Tales 7"}]},{"@type":"WebSite","@id":"https:\/\/www.iplay.com\/en\/#website","url":"https:\/\/www.iplay.com\/en\/","name":"IPlay","description":"The Best Casual Games!","publisher":{"@id":"https:\/\/www.iplay.com\/en\/#organization"},"potentialAction":[{"@type":"SearchAction","target":{"@type":"EntryPoint","urlTemplate":"https:\/\/www.iplay.com\/en\/?s={search_term_string}"},"query-input":{"@type":"PropertyValueSpecification","valueRequired":true,"valueName":"search_term_string"}}],"inLanguage":"es"},{"@type":"Organization","@id":"https:\/\/www.iplay.com\/en\/#organization","name":"IPlay","url":"https:\/\/www.iplay.com\/en\/","logo":{"@type":"ImageObject","inLanguage":"es","@id":"https:\/\/www.iplay.com\/en\/#\/schema\/logo\/image\/","url":"https:\/\/www.iplay.com\/wp-content\/uploads\/2023\/11\/Group-6100.svg","contentUrl":"https:\/\/www.iplay.com\/wp-content\/uploads\/2023\/11\/Group-6100.svg","width":98,"height":25,"caption":"IPlay"},"image":{"@id":"https:\/\/www.iplay.com\/en\/#\/schema\/logo\/image\/"}}]}},"_links":{"self":[{"href":"https:\/\/www.iplay.com\/es\/wp-json\/wp\/v2\/product\/132288","targetHints":{"allow":["GET"]}}],"collection":[{"href":"https:\/\/www.iplay.com\/es\/wp-json\/wp\/v2\/product"}],"about":[{"href":"https:\/\/www.iplay.com\/es\/wp-json\/wp\/v2\/types\/product"}],"author":[{"embeddable":true,"href":"https:\/\/www.iplay.com\/es\/wp-json\/wp\/v2\/users\/13"}],"replies":[{"embeddable":true,"href":"https:\/\/www.iplay.com\/es\/wp-json\/wp\/v2\/comments?post=132288"}],"wp:featuredmedia":[{"embeddable":true,"href":"https:\/\/www.iplay.com\/es\/wp-json\/wp\/v2\/media\/74568"}],"wp:attachment":[{"href":"https:\/\/www.iplay.com\/es\/wp-json\/wp\/v2\/media?parent=132288"}],"wp:term":[{"taxonomy":"product_brand","embeddable":true,"href":"https:\/\/www.iplay.com\/es\/wp-json\/wp\/v2\/product_brand?post=132288"},{"taxonomy":"product_cat","embeddable":true,"href":"https:\/\/www.iplay.com\/es\/wp-json\/wp\/v2\/product_cat?post=132288"},{"taxonomy":"product_tag","embeddable":true,"href":"https:\/\/www.iplay.com\/es\/wp-json\/wp\/v2\/product_tag?post=132288"}],"curies":[{"name":"wp","href":"https:\/\/api.w.org\/{rel}","templated":true}]}}