{"id":132188,"date":"2023-03-01T00:00:00","date_gmt":"2023-03-01T00:00:00","guid":{"rendered":"https:\/\/www.iplay.com\/games\/christmas-fables-holiday-guardians-collectors-edition\/"},"modified":"2023-03-01T00:00:00","modified_gmt":"2023-03-01T00:00:00","slug":"christmas-fables-holiday-guardians-collectors-edition","status":"publish","type":"product","link":"https:\/\/www.iplay.com\/es\/games\/christmas-fables-holiday-guardians-collectors-edition\/","title":{"rendered":"Christmas Fables: Holiday Guardians Collector&#8217;s Edition"},"content":{"rendered":"<p>\u00a1Depende de ti tomar una decisi\u00f3n! \u00a1A pesar de todos los desaf\u00edos, debes usar tu astucia y esp\u00edritu festivo para entregar a Pap\u00e1 Noel a los ni\u00f1os en el nuevo juego! Esta vez, te sumergir\u00e1s en un cuento de Navidad. \u00a1Explora la f\u00e1brica de Pap\u00e1 Noel, forma v\u00ednculos con criaturas encantadas, rescata la Navidad y celebra con alegr\u00eda! \u00a1Una aventura fascinante te espera en nuestro \u00faltimo juego! \u00a1Tendr\u00e1s que lidiar con lo que amenaza el ambiente festivo resolviendo un mont\u00f3n de acertijos, buscando objetos y jugando a tus juegos favoritos de objetos ocultos! Pon a prueba tu astucia a medida que avanzas a trav\u00e9s de un incre\u00edble thriller detectivesco en esta nueva y emocionante aventura de rompecabezas de objetos ocultos.      <\/p>\n<p>&nbsp;<\/p>\n<p>&nbsp;<\/p>\n<p><strong>Funciones:<\/strong><\/p>\n<p>&nbsp;<\/p>\n<p>&#8211; \u00a1Toma decisiones, ad\u00e1ptate y decide c\u00f3mo quieres que termine la historia!<\/p>\n<p>&#8211; \u00a1Vuelve a jugar a tus minijuegos y puzles favoritos para desbloquear varios logros!<\/p>\n<p>&#8211; \u00a1Aprecia el contenido agregado!<\/p>\n<p>&#8211; \u00a1Estate atento a varios objetos coleccionables!<\/p>\n","protected":false},"excerpt":{"rendered":"<p>A pesar de todos los desaf\u00edos, \u00a1usa tu astucia y entusiasmo festivo para llevar a Pap\u00e1 Noel a los ni\u00f1os!<\/p>\n","protected":false},"author":52,"featured_media":90039,"comment_status":"open","ping_status":"closed","template":"","meta":{"_acf_changed":false,"inline_featured_image":false},"product_brand":[],"product_cat":[166],"product_tag":[288],"class_list":{"0":"post-132188","1":"product","2":"type-product","3":"status-publish","4":"has-post-thumbnail","6":"product_cat-hidden-object-es","7":"product_tag-play-on-pc-es","9":"first","10":"instock","11":"shipping-taxable","12":"purchasable","13":"product-type-simple"},"acf":[],"yoast_head":"<!-- This site is optimized with the Yoast SEO Premium plugin v25.2 (Yoast SEO v25.2) - https:\/\/yoast.com\/wordpress\/plugins\/seo\/ -->\n<title>F\u00e1bulas de Navidad: Edici\u00f3n Coleccionista de Holiday Guardians - Lleva a Pap\u00e1 Noel a los ni\u00f1os usando la astucia y el esp\u00edritu navide\u00f1o<\/title>\n<meta name=\"description\" content=\"A pesar de todos los desaf\u00edos, \u00a1usa tu astucia y entusiasmo festivo para llevar a Pap\u00e1 Noel a los ni\u00f1os!\" \/>\n<meta name=\"robots\" content=\"index, follow, max-snippet:-1, max-image-preview:large, max-video-preview:-1\" \/>\n<link rel=\"canonical\" href=\"https:\/\/www.iplay.com\/es\/games\/christmas-fables-holiday-guardians-collectors-edition\/\" \/>\n<meta property=\"og:locale\" content=\"es_ES\" \/>\n<meta property=\"og:type\" content=\"article\" \/>\n<meta property=\"og:title\" content=\"Christmas Fables: Holiday Guardians Collector&#039;s Edition\" \/>\n<meta property=\"og:description\" content=\"A pesar de todos los desaf\u00edos, \u00a1usa tu astucia y entusiasmo festivo para llevar a Pap\u00e1 Noel a los ni\u00f1os!\" \/>\n<meta property=\"og:url\" content=\"https:\/\/www.iplay.com\/es\/games\/christmas-fables-holiday-guardians-collectors-edition\/\" \/>\n<meta property=\"og:site_name\" content=\"IPlay\" \/>\n<meta property=\"og:image\" content=\"https:\/\/www.iplay.com\/wp-content\/uploads\/2023\/12\/large_square_tile_image-3140.jpg\" \/>\n\t<meta property=\"og:image:width\" content=\"310\" \/>\n\t<meta property=\"og:image:height\" content=\"310\" \/>\n\t<meta property=\"og:image:type\" content=\"image\/jpeg\" \/>\n<meta name=\"twitter:card\" content=\"summary_large_image\" \/>\n<meta name=\"twitter:label1\" content=\"Est. reading time\" \/>\n\t<meta name=\"twitter:data1\" content=\"1 minuto\" \/>\n<script type=\"application\/ld+json\" class=\"yoast-schema-graph\">{\"@context\":\"https:\/\/schema.org\",\"@graph\":[{\"@type\":\"WebPage\",\"@id\":\"https:\/\/www.iplay.com\/es\/games\/christmas-fables-holiday-guardians-collectors-edition\/\",\"url\":\"https:\/\/www.iplay.com\/es\/games\/christmas-fables-holiday-guardians-collectors-edition\/\",\"name\":\"F\u00e1bulas de Navidad: Edici\u00f3n Coleccionista de Holiday Guardians - Lleva a Pap\u00e1 Noel a los ni\u00f1os usando la astucia y el esp\u00edritu navide\u00f1o\",\"isPartOf\":{\"@id\":\"https:\/\/www.iplay.com\/en\/#website\"},\"primaryImageOfPage\":{\"@id\":\"https:\/\/www.iplay.com\/es\/games\/christmas-fables-holiday-guardians-collectors-edition\/#primaryimage\"},\"image\":{\"@id\":\"https:\/\/www.iplay.com\/es\/games\/christmas-fables-holiday-guardians-collectors-edition\/#primaryimage\"},\"thumbnailUrl\":\"https:\/\/www.iplay.com\/wp-content\/uploads\/2023\/12\/large_square_tile_image-3140.jpg\",\"datePublished\":\"2023-03-01T00:00:00+00:00\",\"description\":\"A pesar de todos los desaf\u00edos, \u00a1usa tu astucia y entusiasmo festivo para llevar a Pap\u00e1 Noel a los ni\u00f1os!\",\"breadcrumb\":{\"@id\":\"https:\/\/www.iplay.com\/es\/games\/christmas-fables-holiday-guardians-collectors-edition\/#breadcrumb\"},\"inLanguage\":\"es\",\"potentialAction\":[{\"@type\":\"ReadAction\",\"target\":[\"https:\/\/www.iplay.com\/es\/games\/christmas-fables-holiday-guardians-collectors-edition\/\"]}]},{\"@type\":\"ImageObject\",\"inLanguage\":\"es\",\"@id\":\"https:\/\/www.iplay.com\/es\/games\/christmas-fables-holiday-guardians-collectors-edition\/#primaryimage\",\"url\":\"https:\/\/www.iplay.com\/wp-content\/uploads\/2023\/12\/large_square_tile_image-3140.jpg\",\"contentUrl\":\"https:\/\/www.iplay.com\/wp-content\/uploads\/2023\/12\/large_square_tile_image-3140.jpg\",\"width\":310,\"height\":310},{\"@type\":\"BreadcrumbList\",\"@id\":\"https:\/\/www.iplay.com\/es\/games\/christmas-fables-holiday-guardians-collectors-edition\/#breadcrumb\",\"itemListElement\":[{\"@type\":\"ListItem\",\"position\":1,\"name\":\"Home\",\"item\":\"https:\/\/www.iplay.com\/es\/home-page-2\/\"},{\"@type\":\"ListItem\",\"position\":2,\"name\":\"Shop\",\"item\":\"https:\/\/www.iplay.com\/en\/shop\/\"},{\"@type\":\"ListItem\",\"position\":3,\"name\":\"Christmas Fables: Holiday Guardians Collector&#8217;s Edition\"}]},{\"@type\":\"WebSite\",\"@id\":\"https:\/\/www.iplay.com\/en\/#website\",\"url\":\"https:\/\/www.iplay.com\/en\/\",\"name\":\"IPlay\",\"description\":\"The Best Casual Games!\",\"publisher\":{\"@id\":\"https:\/\/www.iplay.com\/en\/#organization\"},\"potentialAction\":[{\"@type\":\"SearchAction\",\"target\":{\"@type\":\"EntryPoint\",\"urlTemplate\":\"https:\/\/www.iplay.com\/en\/?s={search_term_string}\"},\"query-input\":{\"@type\":\"PropertyValueSpecification\",\"valueRequired\":true,\"valueName\":\"search_term_string\"}}],\"inLanguage\":\"es\"},{\"@type\":\"Organization\",\"@id\":\"https:\/\/www.iplay.com\/en\/#organization\",\"name\":\"IPlay\",\"url\":\"https:\/\/www.iplay.com\/en\/\",\"logo\":{\"@type\":\"ImageObject\",\"inLanguage\":\"es\",\"@id\":\"https:\/\/www.iplay.com\/en\/#\/schema\/logo\/image\/\",\"url\":\"https:\/\/www.iplay.com\/wp-content\/uploads\/2023\/11\/Group-6100.svg\",\"contentUrl\":\"https:\/\/www.iplay.com\/wp-content\/uploads\/2023\/11\/Group-6100.svg\",\"width\":98,\"height\":25,\"caption\":\"IPlay\"},\"image\":{\"@id\":\"https:\/\/www.iplay.com\/en\/#\/schema\/logo\/image\/\"}}]}<\/script>\n<!-- \/ Yoast SEO Premium plugin. -->","yoast_head_json":{"title":"F\u00e1bulas de Navidad: Edici\u00f3n Coleccionista de Holiday Guardians - Lleva a Pap\u00e1 Noel a los ni\u00f1os usando la astucia y el esp\u00edritu navide\u00f1o","description":"A pesar de todos los desaf\u00edos, \u00a1usa tu astucia y entusiasmo festivo para llevar a Pap\u00e1 Noel a los ni\u00f1os!","robots":{"index":"index","follow":"follow","max-snippet":"max-snippet:-1","max-image-preview":"max-image-preview:large","max-video-preview":"max-video-preview:-1"},"canonical":"https:\/\/www.iplay.com\/es\/games\/christmas-fables-holiday-guardians-collectors-edition\/","og_locale":"es_ES","og_type":"article","og_title":"Christmas Fables: Holiday Guardians Collector's Edition","og_description":"A pesar de todos los desaf\u00edos, \u00a1usa tu astucia y entusiasmo festivo para llevar a Pap\u00e1 Noel a los ni\u00f1os!","og_url":"https:\/\/www.iplay.com\/es\/games\/christmas-fables-holiday-guardians-collectors-edition\/","og_site_name":"IPlay","og_image":[{"width":310,"height":310,"url":"https:\/\/www.iplay.com\/wp-content\/uploads\/2023\/12\/large_square_tile_image-3140.jpg","type":"image\/jpeg"}],"twitter_card":"summary_large_image","twitter_misc":{"Est. reading time":"1 minuto"},"schema":{"@context":"https:\/\/schema.org","@graph":[{"@type":"WebPage","@id":"https:\/\/www.iplay.com\/es\/games\/christmas-fables-holiday-guardians-collectors-edition\/","url":"https:\/\/www.iplay.com\/es\/games\/christmas-fables-holiday-guardians-collectors-edition\/","name":"F\u00e1bulas de Navidad: Edici\u00f3n Coleccionista de Holiday Guardians - Lleva a Pap\u00e1 Noel a los ni\u00f1os usando la astucia y el esp\u00edritu navide\u00f1o","isPartOf":{"@id":"https:\/\/www.iplay.com\/en\/#website"},"primaryImageOfPage":{"@id":"https:\/\/www.iplay.com\/es\/games\/christmas-fables-holiday-guardians-collectors-edition\/#primaryimage"},"image":{"@id":"https:\/\/www.iplay.com\/es\/games\/christmas-fables-holiday-guardians-collectors-edition\/#primaryimage"},"thumbnailUrl":"https:\/\/www.iplay.com\/wp-content\/uploads\/2023\/12\/large_square_tile_image-3140.jpg","datePublished":"2023-03-01T00:00:00+00:00","description":"A pesar de todos los desaf\u00edos, \u00a1usa tu astucia y entusiasmo festivo para llevar a Pap\u00e1 Noel a los ni\u00f1os!","breadcrumb":{"@id":"https:\/\/www.iplay.com\/es\/games\/christmas-fables-holiday-guardians-collectors-edition\/#breadcrumb"},"inLanguage":"es","potentialAction":[{"@type":"ReadAction","target":["https:\/\/www.iplay.com\/es\/games\/christmas-fables-holiday-guardians-collectors-edition\/"]}]},{"@type":"ImageObject","inLanguage":"es","@id":"https:\/\/www.iplay.com\/es\/games\/christmas-fables-holiday-guardians-collectors-edition\/#primaryimage","url":"https:\/\/www.iplay.com\/wp-content\/uploads\/2023\/12\/large_square_tile_image-3140.jpg","contentUrl":"https:\/\/www.iplay.com\/wp-content\/uploads\/2023\/12\/large_square_tile_image-3140.jpg","width":310,"height":310},{"@type":"BreadcrumbList","@id":"https:\/\/www.iplay.com\/es\/games\/christmas-fables-holiday-guardians-collectors-edition\/#breadcrumb","itemListElement":[{"@type":"ListItem","position":1,"name":"Home","item":"https:\/\/www.iplay.com\/es\/home-page-2\/"},{"@type":"ListItem","position":2,"name":"Shop","item":"https:\/\/www.iplay.com\/en\/shop\/"},{"@type":"ListItem","position":3,"name":"Christmas Fables: Holiday Guardians Collector&#8217;s Edition"}]},{"@type":"WebSite","@id":"https:\/\/www.iplay.com\/en\/#website","url":"https:\/\/www.iplay.com\/en\/","name":"IPlay","description":"The Best Casual Games!","publisher":{"@id":"https:\/\/www.iplay.com\/en\/#organization"},"potentialAction":[{"@type":"SearchAction","target":{"@type":"EntryPoint","urlTemplate":"https:\/\/www.iplay.com\/en\/?s={search_term_string}"},"query-input":{"@type":"PropertyValueSpecification","valueRequired":true,"valueName":"search_term_string"}}],"inLanguage":"es"},{"@type":"Organization","@id":"https:\/\/www.iplay.com\/en\/#organization","name":"IPlay","url":"https:\/\/www.iplay.com\/en\/","logo":{"@type":"ImageObject","inLanguage":"es","@id":"https:\/\/www.iplay.com\/en\/#\/schema\/logo\/image\/","url":"https:\/\/www.iplay.com\/wp-content\/uploads\/2023\/11\/Group-6100.svg","contentUrl":"https:\/\/www.iplay.com\/wp-content\/uploads\/2023\/11\/Group-6100.svg","width":98,"height":25,"caption":"IPlay"},"image":{"@id":"https:\/\/www.iplay.com\/en\/#\/schema\/logo\/image\/"}}]}},"_links":{"self":[{"href":"https:\/\/www.iplay.com\/es\/wp-json\/wp\/v2\/product\/132188","targetHints":{"allow":["GET"]}}],"collection":[{"href":"https:\/\/www.iplay.com\/es\/wp-json\/wp\/v2\/product"}],"about":[{"href":"https:\/\/www.iplay.com\/es\/wp-json\/wp\/v2\/types\/product"}],"author":[{"embeddable":true,"href":"https:\/\/www.iplay.com\/es\/wp-json\/wp\/v2\/users\/52"}],"replies":[{"embeddable":true,"href":"https:\/\/www.iplay.com\/es\/wp-json\/wp\/v2\/comments?post=132188"}],"wp:featuredmedia":[{"embeddable":true,"href":"https:\/\/www.iplay.com\/es\/wp-json\/wp\/v2\/media\/90039"}],"wp:attachment":[{"href":"https:\/\/www.iplay.com\/es\/wp-json\/wp\/v2\/media?parent=132188"}],"wp:term":[{"taxonomy":"product_brand","embeddable":true,"href":"https:\/\/www.iplay.com\/es\/wp-json\/wp\/v2\/product_brand?post=132188"},{"taxonomy":"product_cat","embeddable":true,"href":"https:\/\/www.iplay.com\/es\/wp-json\/wp\/v2\/product_cat?post=132188"},{"taxonomy":"product_tag","embeddable":true,"href":"https:\/\/www.iplay.com\/es\/wp-json\/wp\/v2\/product_tag?post=132188"}],"curies":[{"name":"wp","href":"https:\/\/api.w.org\/{rel}","templated":true}]}}