{"id":132151,"date":"2024-04-08T16:51:35","date_gmt":"2024-04-08T16:51:35","guid":{"rendered":"https:\/\/www.iplay.com\/games\/delicious-emilys-home-sweet-home\/"},"modified":"2024-04-08T16:51:35","modified_gmt":"2024-04-08T16:51:35","slug":"delicious-emilys-home-sweet-home","status":"publish","type":"product","link":"https:\/\/www.iplay.com\/es\/games\/delicious-emilys-home-sweet-home\/","title":{"rendered":"Delicious Emily&#8217;s &#8211; Home Sweet Home"},"content":{"rendered":"<p>\u00a1En este t\u00edtulo de la popular serie Delicious, Emily necesita tu ayuda para renovar la casa de sus sue\u00f1os! Vende comida para ganar dinero y aseg\u00farate de alcanzar la cantidad objetivo de cada d\u00eda. \u00a1Toma pedidos, prepara la comida y s\u00e9 lo m\u00e1s r\u00e1pido que puedas para mantener contentos a tus clientes!  <\/p>\n<p>&nbsp;<\/p>\n<p><b>FUNCIONES<\/b><\/p>\n<ul>\n<li>Controles sencillos<\/li>\n<li>F\u00e1cil de aprender<\/li>\n<li>Personajes favoritos del universo Delicious<\/li>\n<\/ul>\n<p>&nbsp;<\/p>\n<p><b>C\u00d3MO JUGAR<\/b><\/p>\n<ul>\n<li>Realice los art\u00edculos que los clientes pidan tocando o haciendo clic en los iconos correspondientes.<\/li>\n<li>Cuando tengas todos los art\u00edculos preparados, lleva el pedido al cliente pulsando o haciendo clic sobre ellos.<\/li>\n<li>Algunos art\u00edculos pueden requerir varias acciones para prepararse.<\/li>\n<li>Complete la venta tocando o haciendo clic en la caja registradora.<\/li>\n<\/ul>\n","protected":false},"excerpt":{"rendered":"<p>Emily necesita tu ayuda para renovar la casa de sus sue\u00f1os<\/p>\n","protected":false},"author":10,"featured_media":118005,"comment_status":"open","ping_status":"closed","template":"","meta":{"_acf_changed":false,"inline_featured_image":false},"product_brand":[],"product_cat":[182,212],"product_tag":[286,303,288],"class_list":{"0":"post-132151","1":"product","2":"type-product","3":"status-publish","4":"has-post-thumbnail","6":"product_cat-mobile-games-es","7":"product_cat-time-management-es","8":"product_tag-play-on-mac-es","9":"product_tag-play-on-mobile-es","10":"product_tag-play-on-pc-es","12":"first","13":"instock","14":"shipping-taxable","15":"purchasable","16":"product-type-html5_game"},"acf":[],"yoast_head":"<!-- This site is optimized with the Yoast SEO Premium plugin v25.2 (Yoast SEO v25.2) - https:\/\/yoast.com\/wordpress\/plugins\/seo\/ -->\n<title>Delicious Emily&#039;s - Hogar Dulce Hogar - Jugar en IPlay<\/title>\n<meta name=\"description\" content=\"Emily necesita tu ayuda para renovar la casa de sus sue\u00f1os\" \/>\n<meta name=\"robots\" content=\"index, follow, max-snippet:-1, max-image-preview:large, max-video-preview:-1\" \/>\n<link rel=\"canonical\" href=\"https:\/\/www.iplay.com\/es\/games\/delicious-emilys-home-sweet-home\/\" \/>\n<meta property=\"og:locale\" content=\"es_ES\" \/>\n<meta property=\"og:type\" content=\"article\" \/>\n<meta property=\"og:title\" content=\"Delicious Emily&#039;s - Home Sweet Home\" \/>\n<meta property=\"og:description\" content=\"Emily necesita tu ayuda para renovar la casa de sus sue\u00f1os\" \/>\n<meta property=\"og:url\" content=\"https:\/\/www.iplay.com\/es\/games\/delicious-emilys-home-sweet-home\/\" \/>\n<meta property=\"og:site_name\" content=\"IPlay\" \/>\n<meta property=\"og:image\" content=\"https:\/\/www.iplay.com\/wp-content\/uploads\/2024\/04\/delicious_emilys_home_sweet_home_thumb200x200-3.webp\" \/>\n\t<meta property=\"og:image:width\" content=\"715\" \/>\n\t<meta property=\"og:image:height\" content=\"485\" \/>\n\t<meta property=\"og:image:type\" content=\"image\/webp\" \/>\n<meta name=\"twitter:card\" content=\"summary_large_image\" \/>\n<meta name=\"twitter:label1\" content=\"Est. reading time\" \/>\n\t<meta name=\"twitter:data1\" content=\"1 minuto\" \/>\n<script type=\"application\/ld+json\" class=\"yoast-schema-graph\">{\"@context\":\"https:\/\/schema.org\",\"@graph\":[{\"@type\":\"WebPage\",\"@id\":\"https:\/\/www.iplay.com\/es\/games\/delicious-emilys-home-sweet-home\/\",\"url\":\"https:\/\/www.iplay.com\/es\/games\/delicious-emilys-home-sweet-home\/\",\"name\":\"Delicious Emily's - Hogar Dulce Hogar - Jugar en IPlay\",\"isPartOf\":{\"@id\":\"https:\/\/www.iplay.com\/en\/#website\"},\"primaryImageOfPage\":{\"@id\":\"https:\/\/www.iplay.com\/es\/games\/delicious-emilys-home-sweet-home\/#primaryimage\"},\"image\":{\"@id\":\"https:\/\/www.iplay.com\/es\/games\/delicious-emilys-home-sweet-home\/#primaryimage\"},\"thumbnailUrl\":\"https:\/\/www.iplay.com\/wp-content\/uploads\/2024\/04\/delicious_emilys_home_sweet_home_thumb200x200-3.webp\",\"datePublished\":\"2024-04-08T16:51:35+00:00\",\"description\":\"Emily necesita tu ayuda para renovar la casa de sus sue\u00f1os\",\"breadcrumb\":{\"@id\":\"https:\/\/www.iplay.com\/es\/games\/delicious-emilys-home-sweet-home\/#breadcrumb\"},\"inLanguage\":\"es\",\"potentialAction\":[{\"@type\":\"ReadAction\",\"target\":[\"https:\/\/www.iplay.com\/es\/games\/delicious-emilys-home-sweet-home\/\"]}]},{\"@type\":\"ImageObject\",\"inLanguage\":\"es\",\"@id\":\"https:\/\/www.iplay.com\/es\/games\/delicious-emilys-home-sweet-home\/#primaryimage\",\"url\":\"https:\/\/www.iplay.com\/wp-content\/uploads\/2024\/04\/delicious_emilys_home_sweet_home_thumb200x200-3.webp\",\"contentUrl\":\"https:\/\/www.iplay.com\/wp-content\/uploads\/2024\/04\/delicious_emilys_home_sweet_home_thumb200x200-3.webp\",\"width\":715,\"height\":485},{\"@type\":\"BreadcrumbList\",\"@id\":\"https:\/\/www.iplay.com\/es\/games\/delicious-emilys-home-sweet-home\/#breadcrumb\",\"itemListElement\":[{\"@type\":\"ListItem\",\"position\":1,\"name\":\"Home\",\"item\":\"https:\/\/www.iplay.com\/es\/home-page-2\/\"},{\"@type\":\"ListItem\",\"position\":2,\"name\":\"Shop\",\"item\":\"https:\/\/www.iplay.com\/en\/shop\/\"},{\"@type\":\"ListItem\",\"position\":3,\"name\":\"Delicious Emily&#8217;s &#8211; Home Sweet Home\"}]},{\"@type\":\"WebSite\",\"@id\":\"https:\/\/www.iplay.com\/en\/#website\",\"url\":\"https:\/\/www.iplay.com\/en\/\",\"name\":\"IPlay\",\"description\":\"The Best Casual Games!\",\"publisher\":{\"@id\":\"https:\/\/www.iplay.com\/en\/#organization\"},\"potentialAction\":[{\"@type\":\"SearchAction\",\"target\":{\"@type\":\"EntryPoint\",\"urlTemplate\":\"https:\/\/www.iplay.com\/en\/?s={search_term_string}\"},\"query-input\":{\"@type\":\"PropertyValueSpecification\",\"valueRequired\":true,\"valueName\":\"search_term_string\"}}],\"inLanguage\":\"es\"},{\"@type\":\"Organization\",\"@id\":\"https:\/\/www.iplay.com\/en\/#organization\",\"name\":\"IPlay\",\"url\":\"https:\/\/www.iplay.com\/en\/\",\"logo\":{\"@type\":\"ImageObject\",\"inLanguage\":\"es\",\"@id\":\"https:\/\/www.iplay.com\/en\/#\/schema\/logo\/image\/\",\"url\":\"https:\/\/www.iplay.com\/wp-content\/uploads\/2023\/11\/Group-6100.svg\",\"contentUrl\":\"https:\/\/www.iplay.com\/wp-content\/uploads\/2023\/11\/Group-6100.svg\",\"width\":98,\"height\":25,\"caption\":\"IPlay\"},\"image\":{\"@id\":\"https:\/\/www.iplay.com\/en\/#\/schema\/logo\/image\/\"}}]}<\/script>\n<!-- \/ Yoast SEO Premium plugin. -->","yoast_head_json":{"title":"Delicious Emily's - Hogar Dulce Hogar - Jugar en IPlay","description":"Emily necesita tu ayuda para renovar la casa de sus sue\u00f1os","robots":{"index":"index","follow":"follow","max-snippet":"max-snippet:-1","max-image-preview":"max-image-preview:large","max-video-preview":"max-video-preview:-1"},"canonical":"https:\/\/www.iplay.com\/es\/games\/delicious-emilys-home-sweet-home\/","og_locale":"es_ES","og_type":"article","og_title":"Delicious Emily's - Home Sweet Home","og_description":"Emily necesita tu ayuda para renovar la casa de sus sue\u00f1os","og_url":"https:\/\/www.iplay.com\/es\/games\/delicious-emilys-home-sweet-home\/","og_site_name":"IPlay","og_image":[{"width":715,"height":485,"url":"https:\/\/www.iplay.com\/wp-content\/uploads\/2024\/04\/delicious_emilys_home_sweet_home_thumb200x200-3.webp","type":"image\/webp"}],"twitter_card":"summary_large_image","twitter_misc":{"Est. reading time":"1 minuto"},"schema":{"@context":"https:\/\/schema.org","@graph":[{"@type":"WebPage","@id":"https:\/\/www.iplay.com\/es\/games\/delicious-emilys-home-sweet-home\/","url":"https:\/\/www.iplay.com\/es\/games\/delicious-emilys-home-sweet-home\/","name":"Delicious Emily's - Hogar Dulce Hogar - Jugar en IPlay","isPartOf":{"@id":"https:\/\/www.iplay.com\/en\/#website"},"primaryImageOfPage":{"@id":"https:\/\/www.iplay.com\/es\/games\/delicious-emilys-home-sweet-home\/#primaryimage"},"image":{"@id":"https:\/\/www.iplay.com\/es\/games\/delicious-emilys-home-sweet-home\/#primaryimage"},"thumbnailUrl":"https:\/\/www.iplay.com\/wp-content\/uploads\/2024\/04\/delicious_emilys_home_sweet_home_thumb200x200-3.webp","datePublished":"2024-04-08T16:51:35+00:00","description":"Emily necesita tu ayuda para renovar la casa de sus sue\u00f1os","breadcrumb":{"@id":"https:\/\/www.iplay.com\/es\/games\/delicious-emilys-home-sweet-home\/#breadcrumb"},"inLanguage":"es","potentialAction":[{"@type":"ReadAction","target":["https:\/\/www.iplay.com\/es\/games\/delicious-emilys-home-sweet-home\/"]}]},{"@type":"ImageObject","inLanguage":"es","@id":"https:\/\/www.iplay.com\/es\/games\/delicious-emilys-home-sweet-home\/#primaryimage","url":"https:\/\/www.iplay.com\/wp-content\/uploads\/2024\/04\/delicious_emilys_home_sweet_home_thumb200x200-3.webp","contentUrl":"https:\/\/www.iplay.com\/wp-content\/uploads\/2024\/04\/delicious_emilys_home_sweet_home_thumb200x200-3.webp","width":715,"height":485},{"@type":"BreadcrumbList","@id":"https:\/\/www.iplay.com\/es\/games\/delicious-emilys-home-sweet-home\/#breadcrumb","itemListElement":[{"@type":"ListItem","position":1,"name":"Home","item":"https:\/\/www.iplay.com\/es\/home-page-2\/"},{"@type":"ListItem","position":2,"name":"Shop","item":"https:\/\/www.iplay.com\/en\/shop\/"},{"@type":"ListItem","position":3,"name":"Delicious Emily&#8217;s &#8211; Home Sweet Home"}]},{"@type":"WebSite","@id":"https:\/\/www.iplay.com\/en\/#website","url":"https:\/\/www.iplay.com\/en\/","name":"IPlay","description":"The Best Casual Games!","publisher":{"@id":"https:\/\/www.iplay.com\/en\/#organization"},"potentialAction":[{"@type":"SearchAction","target":{"@type":"EntryPoint","urlTemplate":"https:\/\/www.iplay.com\/en\/?s={search_term_string}"},"query-input":{"@type":"PropertyValueSpecification","valueRequired":true,"valueName":"search_term_string"}}],"inLanguage":"es"},{"@type":"Organization","@id":"https:\/\/www.iplay.com\/en\/#organization","name":"IPlay","url":"https:\/\/www.iplay.com\/en\/","logo":{"@type":"ImageObject","inLanguage":"es","@id":"https:\/\/www.iplay.com\/en\/#\/schema\/logo\/image\/","url":"https:\/\/www.iplay.com\/wp-content\/uploads\/2023\/11\/Group-6100.svg","contentUrl":"https:\/\/www.iplay.com\/wp-content\/uploads\/2023\/11\/Group-6100.svg","width":98,"height":25,"caption":"IPlay"},"image":{"@id":"https:\/\/www.iplay.com\/en\/#\/schema\/logo\/image\/"}}]}},"_links":{"self":[{"href":"https:\/\/www.iplay.com\/es\/wp-json\/wp\/v2\/product\/132151","targetHints":{"allow":["GET"]}}],"collection":[{"href":"https:\/\/www.iplay.com\/es\/wp-json\/wp\/v2\/product"}],"about":[{"href":"https:\/\/www.iplay.com\/es\/wp-json\/wp\/v2\/types\/product"}],"author":[{"embeddable":true,"href":"https:\/\/www.iplay.com\/es\/wp-json\/wp\/v2\/users\/10"}],"replies":[{"embeddable":true,"href":"https:\/\/www.iplay.com\/es\/wp-json\/wp\/v2\/comments?post=132151"}],"wp:featuredmedia":[{"embeddable":true,"href":"https:\/\/www.iplay.com\/es\/wp-json\/wp\/v2\/media\/118005"}],"wp:attachment":[{"href":"https:\/\/www.iplay.com\/es\/wp-json\/wp\/v2\/media?parent=132151"}],"wp:term":[{"taxonomy":"product_brand","embeddable":true,"href":"https:\/\/www.iplay.com\/es\/wp-json\/wp\/v2\/product_brand?post=132151"},{"taxonomy":"product_cat","embeddable":true,"href":"https:\/\/www.iplay.com\/es\/wp-json\/wp\/v2\/product_cat?post=132151"},{"taxonomy":"product_tag","embeddable":true,"href":"https:\/\/www.iplay.com\/es\/wp-json\/wp\/v2\/product_tag?post=132151"}],"curies":[{"name":"wp","href":"https:\/\/api.w.org\/{rel}","templated":true}]}}