{"id":132030,"date":"2022-12-08T00:00:01","date_gmt":"2022-12-08T00:00:01","guid":{"rendered":"https:\/\/www.iplay.com\/games\/bridge-to-another-world-christmas-flight-collectors-edition\/"},"modified":"2022-12-08T00:00:01","modified_gmt":"2022-12-08T00:00:01","slug":"bridge-to-another-world-christmas-flight-collectors-edition","status":"publish","type":"product","link":"https:\/\/www.iplay.com\/es\/games\/bridge-to-another-world-christmas-flight-collectors-edition\/","title":{"rendered":"Bridge to Another World: Christmas Flight Collector&#8217;s Edition"},"content":{"rendered":"<p>\u00a1Acomp\u00e1\u00f1anos en un viaje fant\u00e1stico para salvar la Navidad con nosotros en Bridge to Another World: Christmas Flight! Lo que deber\u00eda haber sido una noche tranquila de festividades navide\u00f1as se convierte en el viaje de tu vida cuando te secuestran y te transportan a Christmasland. \u00a1Tu sobrino perdido hace mucho tiempo necesita tu ayuda para eliminar el terrible hechizo que est\u00e1 congelando los corazones de las personas en esta tierra encantadora y alegre! \u00bfSer\u00e1s capaz de unirte a algunos nuevos aliados m\u00e1gicos a tiempo para rescatar la Navidad? \u00a1En esta cautivadora aventura de objetos ocultos, encuentra la soluci\u00f3n!    <\/p>\n<p>&nbsp;<\/p>\n<p>&nbsp;<\/p>\n<p><strong>Funciones:<\/strong><\/p>\n<p>&nbsp;<\/p>\n<p>&#8211; \u00a1Ven a celebrar la Navidad con Bella y sus amigos! Ay\u00fadalos con sus responsabilidades asignadas, que incluyen hacer artesan\u00edas \u00fanicas, decorar el enorme \u00e1rbol de la plaza y hornear delicias navide\u00f1as. <\/p>\n<p>&#8211; \u00a1Una escena de rompecabezas adicional \u00fanica en Extras solo se puede desbloquear con la ayuda de Collectible Pixies!<\/p>\n<p>&#8211; \u00a1Recoge todos los juguetes mec\u00e1nicos y cosas que se transforman! \u00a1Obt\u00e9n nuevos elogios por tus logros! <\/p>\n<p>&#8211; \u00a1Disfruta de la banda sonora, las pel\u00edculas, el arte conceptual y los fondos de pantalla del juego!<\/p>\n<p>&#8211; \u00a1No olvides guardar la m\u00fasica y los fondos para m\u00e1s tarde!<\/p>\n<p>&#8211; \u00a1La gu\u00eda de estrategia se asegurar\u00e1 de que nunca te pierdas!<\/p>\n","protected":false},"excerpt":{"rendered":"<p>\u00a1T\u00fa tienes el poder de decidir el futuro de Christmasland! A tiempo para salvar a Cristo, \u00bfser\u00e1s capaz de romper una maldici\u00f3n? <\/p>\n","protected":false},"author":17,"featured_media":90551,"comment_status":"open","ping_status":"closed","template":"","meta":{"_acf_changed":false,"inline_featured_image":false},"product_brand":[],"product_cat":[166],"product_tag":[288],"class_list":{"0":"post-132030","1":"product","2":"type-product","3":"status-publish","4":"has-post-thumbnail","6":"product_cat-hidden-object-es","7":"product_tag-play-on-pc-es","9":"first","10":"instock","11":"shipping-taxable","12":"purchasable","13":"product-type-simple"},"acf":[],"yoast_head":"<!-- This site is optimized with the Yoast SEO Premium plugin v25.2 (Yoast SEO v25.2) - https:\/\/yoast.com\/wordpress\/plugins\/seo\/ -->\n<title>Bridge to Another World: Christmas Flight Collector&#039;s Edition - El destino de Christmasland est\u00e1 en tus manos<\/title>\n<meta name=\"description\" content=\"\u00a1T\u00fa tienes el poder de decidir el futuro de Christmasland! A tiempo para salvar a Cristo, \u00bfser\u00e1s capaz de romper una maldici\u00f3n?\" \/>\n<meta name=\"robots\" content=\"index, follow, max-snippet:-1, max-image-preview:large, max-video-preview:-1\" \/>\n<link rel=\"canonical\" href=\"https:\/\/www.iplay.com\/es\/games\/bridge-to-another-world-christmas-flight-collectors-edition\/\" \/>\n<meta property=\"og:locale\" content=\"es_ES\" \/>\n<meta property=\"og:type\" content=\"article\" \/>\n<meta property=\"og:title\" content=\"Bridge to Another World: Christmas Flight Collector&#039;s Edition\" \/>\n<meta property=\"og:description\" content=\"\u00a1T\u00fa tienes el poder de decidir el futuro de Christmasland! A tiempo para salvar a Cristo, \u00bfser\u00e1s capaz de romper una maldici\u00f3n?\" \/>\n<meta property=\"og:url\" content=\"https:\/\/www.iplay.com\/es\/games\/bridge-to-another-world-christmas-flight-collectors-edition\/\" \/>\n<meta property=\"og:site_name\" content=\"IPlay\" \/>\n<meta property=\"og:image\" content=\"https:\/\/www.iplay.com\/wp-content\/uploads\/2023\/12\/large_square_tile_image-3173.jpg\" \/>\n\t<meta property=\"og:image:width\" content=\"310\" \/>\n\t<meta property=\"og:image:height\" content=\"310\" \/>\n\t<meta property=\"og:image:type\" content=\"image\/jpeg\" \/>\n<meta name=\"twitter:card\" content=\"summary_large_image\" \/>\n<meta name=\"twitter:label1\" content=\"Est. reading time\" \/>\n\t<meta name=\"twitter:data1\" content=\"1 minuto\" \/>\n<script type=\"application\/ld+json\" class=\"yoast-schema-graph\">{\"@context\":\"https:\/\/schema.org\",\"@graph\":[{\"@type\":\"WebPage\",\"@id\":\"https:\/\/www.iplay.com\/es\/games\/bridge-to-another-world-christmas-flight-collectors-edition\/\",\"url\":\"https:\/\/www.iplay.com\/es\/games\/bridge-to-another-world-christmas-flight-collectors-edition\/\",\"name\":\"Bridge to Another World: Christmas Flight Collector's Edition - El destino de Christmasland est\u00e1 en tus manos\",\"isPartOf\":{\"@id\":\"https:\/\/www.iplay.com\/en\/#website\"},\"primaryImageOfPage\":{\"@id\":\"https:\/\/www.iplay.com\/es\/games\/bridge-to-another-world-christmas-flight-collectors-edition\/#primaryimage\"},\"image\":{\"@id\":\"https:\/\/www.iplay.com\/es\/games\/bridge-to-another-world-christmas-flight-collectors-edition\/#primaryimage\"},\"thumbnailUrl\":\"https:\/\/www.iplay.com\/wp-content\/uploads\/2023\/12\/large_square_tile_image-3173.jpg\",\"datePublished\":\"2022-12-08T00:00:01+00:00\",\"description\":\"\u00a1T\u00fa tienes el poder de decidir el futuro de Christmasland! A tiempo para salvar a Cristo, \u00bfser\u00e1s capaz de romper una maldici\u00f3n?\",\"breadcrumb\":{\"@id\":\"https:\/\/www.iplay.com\/es\/games\/bridge-to-another-world-christmas-flight-collectors-edition\/#breadcrumb\"},\"inLanguage\":\"es\",\"potentialAction\":[{\"@type\":\"ReadAction\",\"target\":[\"https:\/\/www.iplay.com\/es\/games\/bridge-to-another-world-christmas-flight-collectors-edition\/\"]}]},{\"@type\":\"ImageObject\",\"inLanguage\":\"es\",\"@id\":\"https:\/\/www.iplay.com\/es\/games\/bridge-to-another-world-christmas-flight-collectors-edition\/#primaryimage\",\"url\":\"https:\/\/www.iplay.com\/wp-content\/uploads\/2023\/12\/large_square_tile_image-3173.jpg\",\"contentUrl\":\"https:\/\/www.iplay.com\/wp-content\/uploads\/2023\/12\/large_square_tile_image-3173.jpg\",\"width\":310,\"height\":310},{\"@type\":\"BreadcrumbList\",\"@id\":\"https:\/\/www.iplay.com\/es\/games\/bridge-to-another-world-christmas-flight-collectors-edition\/#breadcrumb\",\"itemListElement\":[{\"@type\":\"ListItem\",\"position\":1,\"name\":\"Home\",\"item\":\"https:\/\/www.iplay.com\/es\/home-page-2\/\"},{\"@type\":\"ListItem\",\"position\":2,\"name\":\"Shop\",\"item\":\"https:\/\/www.iplay.com\/en\/shop\/\"},{\"@type\":\"ListItem\",\"position\":3,\"name\":\"Bridge to Another World: Christmas Flight Collector&#8217;s Edition\"}]},{\"@type\":\"WebSite\",\"@id\":\"https:\/\/www.iplay.com\/en\/#website\",\"url\":\"https:\/\/www.iplay.com\/en\/\",\"name\":\"IPlay\",\"description\":\"The Best Casual Games!\",\"publisher\":{\"@id\":\"https:\/\/www.iplay.com\/en\/#organization\"},\"potentialAction\":[{\"@type\":\"SearchAction\",\"target\":{\"@type\":\"EntryPoint\",\"urlTemplate\":\"https:\/\/www.iplay.com\/en\/?s={search_term_string}\"},\"query-input\":{\"@type\":\"PropertyValueSpecification\",\"valueRequired\":true,\"valueName\":\"search_term_string\"}}],\"inLanguage\":\"es\"},{\"@type\":\"Organization\",\"@id\":\"https:\/\/www.iplay.com\/en\/#organization\",\"name\":\"IPlay\",\"url\":\"https:\/\/www.iplay.com\/en\/\",\"logo\":{\"@type\":\"ImageObject\",\"inLanguage\":\"es\",\"@id\":\"https:\/\/www.iplay.com\/en\/#\/schema\/logo\/image\/\",\"url\":\"https:\/\/www.iplay.com\/wp-content\/uploads\/2023\/11\/Group-6100.svg\",\"contentUrl\":\"https:\/\/www.iplay.com\/wp-content\/uploads\/2023\/11\/Group-6100.svg\",\"width\":98,\"height\":25,\"caption\":\"IPlay\"},\"image\":{\"@id\":\"https:\/\/www.iplay.com\/en\/#\/schema\/logo\/image\/\"}}]}<\/script>\n<!-- \/ Yoast SEO Premium plugin. -->","yoast_head_json":{"title":"Bridge to Another World: Christmas Flight Collector's Edition - El destino de Christmasland est\u00e1 en tus manos","description":"\u00a1T\u00fa tienes el poder de decidir el futuro de Christmasland! A tiempo para salvar a Cristo, \u00bfser\u00e1s capaz de romper una maldici\u00f3n?","robots":{"index":"index","follow":"follow","max-snippet":"max-snippet:-1","max-image-preview":"max-image-preview:large","max-video-preview":"max-video-preview:-1"},"canonical":"https:\/\/www.iplay.com\/es\/games\/bridge-to-another-world-christmas-flight-collectors-edition\/","og_locale":"es_ES","og_type":"article","og_title":"Bridge to Another World: Christmas Flight Collector's Edition","og_description":"\u00a1T\u00fa tienes el poder de decidir el futuro de Christmasland! A tiempo para salvar a Cristo, \u00bfser\u00e1s capaz de romper una maldici\u00f3n?","og_url":"https:\/\/www.iplay.com\/es\/games\/bridge-to-another-world-christmas-flight-collectors-edition\/","og_site_name":"IPlay","og_image":[{"width":310,"height":310,"url":"https:\/\/www.iplay.com\/wp-content\/uploads\/2023\/12\/large_square_tile_image-3173.jpg","type":"image\/jpeg"}],"twitter_card":"summary_large_image","twitter_misc":{"Est. reading time":"1 minuto"},"schema":{"@context":"https:\/\/schema.org","@graph":[{"@type":"WebPage","@id":"https:\/\/www.iplay.com\/es\/games\/bridge-to-another-world-christmas-flight-collectors-edition\/","url":"https:\/\/www.iplay.com\/es\/games\/bridge-to-another-world-christmas-flight-collectors-edition\/","name":"Bridge to Another World: Christmas Flight Collector's Edition - El destino de Christmasland est\u00e1 en tus manos","isPartOf":{"@id":"https:\/\/www.iplay.com\/en\/#website"},"primaryImageOfPage":{"@id":"https:\/\/www.iplay.com\/es\/games\/bridge-to-another-world-christmas-flight-collectors-edition\/#primaryimage"},"image":{"@id":"https:\/\/www.iplay.com\/es\/games\/bridge-to-another-world-christmas-flight-collectors-edition\/#primaryimage"},"thumbnailUrl":"https:\/\/www.iplay.com\/wp-content\/uploads\/2023\/12\/large_square_tile_image-3173.jpg","datePublished":"2022-12-08T00:00:01+00:00","description":"\u00a1T\u00fa tienes el poder de decidir el futuro de Christmasland! A tiempo para salvar a Cristo, \u00bfser\u00e1s capaz de romper una maldici\u00f3n?","breadcrumb":{"@id":"https:\/\/www.iplay.com\/es\/games\/bridge-to-another-world-christmas-flight-collectors-edition\/#breadcrumb"},"inLanguage":"es","potentialAction":[{"@type":"ReadAction","target":["https:\/\/www.iplay.com\/es\/games\/bridge-to-another-world-christmas-flight-collectors-edition\/"]}]},{"@type":"ImageObject","inLanguage":"es","@id":"https:\/\/www.iplay.com\/es\/games\/bridge-to-another-world-christmas-flight-collectors-edition\/#primaryimage","url":"https:\/\/www.iplay.com\/wp-content\/uploads\/2023\/12\/large_square_tile_image-3173.jpg","contentUrl":"https:\/\/www.iplay.com\/wp-content\/uploads\/2023\/12\/large_square_tile_image-3173.jpg","width":310,"height":310},{"@type":"BreadcrumbList","@id":"https:\/\/www.iplay.com\/es\/games\/bridge-to-another-world-christmas-flight-collectors-edition\/#breadcrumb","itemListElement":[{"@type":"ListItem","position":1,"name":"Home","item":"https:\/\/www.iplay.com\/es\/home-page-2\/"},{"@type":"ListItem","position":2,"name":"Shop","item":"https:\/\/www.iplay.com\/en\/shop\/"},{"@type":"ListItem","position":3,"name":"Bridge to Another World: Christmas Flight Collector&#8217;s Edition"}]},{"@type":"WebSite","@id":"https:\/\/www.iplay.com\/en\/#website","url":"https:\/\/www.iplay.com\/en\/","name":"IPlay","description":"The Best Casual Games!","publisher":{"@id":"https:\/\/www.iplay.com\/en\/#organization"},"potentialAction":[{"@type":"SearchAction","target":{"@type":"EntryPoint","urlTemplate":"https:\/\/www.iplay.com\/en\/?s={search_term_string}"},"query-input":{"@type":"PropertyValueSpecification","valueRequired":true,"valueName":"search_term_string"}}],"inLanguage":"es"},{"@type":"Organization","@id":"https:\/\/www.iplay.com\/en\/#organization","name":"IPlay","url":"https:\/\/www.iplay.com\/en\/","logo":{"@type":"ImageObject","inLanguage":"es","@id":"https:\/\/www.iplay.com\/en\/#\/schema\/logo\/image\/","url":"https:\/\/www.iplay.com\/wp-content\/uploads\/2023\/11\/Group-6100.svg","contentUrl":"https:\/\/www.iplay.com\/wp-content\/uploads\/2023\/11\/Group-6100.svg","width":98,"height":25,"caption":"IPlay"},"image":{"@id":"https:\/\/www.iplay.com\/en\/#\/schema\/logo\/image\/"}}]}},"_links":{"self":[{"href":"https:\/\/www.iplay.com\/es\/wp-json\/wp\/v2\/product\/132030","targetHints":{"allow":["GET"]}}],"collection":[{"href":"https:\/\/www.iplay.com\/es\/wp-json\/wp\/v2\/product"}],"about":[{"href":"https:\/\/www.iplay.com\/es\/wp-json\/wp\/v2\/types\/product"}],"author":[{"embeddable":true,"href":"https:\/\/www.iplay.com\/es\/wp-json\/wp\/v2\/users\/17"}],"replies":[{"embeddable":true,"href":"https:\/\/www.iplay.com\/es\/wp-json\/wp\/v2\/comments?post=132030"}],"wp:featuredmedia":[{"embeddable":true,"href":"https:\/\/www.iplay.com\/es\/wp-json\/wp\/v2\/media\/90551"}],"wp:attachment":[{"href":"https:\/\/www.iplay.com\/es\/wp-json\/wp\/v2\/media?parent=132030"}],"wp:term":[{"taxonomy":"product_brand","embeddable":true,"href":"https:\/\/www.iplay.com\/es\/wp-json\/wp\/v2\/product_brand?post=132030"},{"taxonomy":"product_cat","embeddable":true,"href":"https:\/\/www.iplay.com\/es\/wp-json\/wp\/v2\/product_cat?post=132030"},{"taxonomy":"product_tag","embeddable":true,"href":"https:\/\/www.iplay.com\/es\/wp-json\/wp\/v2\/product_tag?post=132030"}],"curies":[{"name":"wp","href":"https:\/\/api.w.org\/{rel}","templated":true}]}}