{"id":132006,"date":"2022-12-14T00:00:00","date_gmt":"2022-12-14T00:00:00","guid":{"rendered":"https:\/\/www.iplay.com\/games\/jigsaw-puzzle-lovers\/"},"modified":"2022-12-14T00:00:00","modified_gmt":"2022-12-14T00:00:00","slug":"jigsaw-puzzle-lovers","status":"publish","type":"product","link":"https:\/\/www.iplay.com\/es\/games\/jigsaw-puzzle-lovers\/","title":{"rendered":"Jigsaw Puzzle Lovers"},"content":{"rendered":"<p>A todo el mundo le encantar\u00e1 jugar a Jigsaw Puzzle Lovers. con fant\u00e1sticas fotos de alta definici\u00f3n en numerosas categor\u00edas. Juega a uno de los cuatro tipos de rompecabezas mientras te relajas con m\u00fasica relajante. Puedes crear rompecabezas usando tus propias fotos o jugar a trav\u00e9s de cientos de rompecabezas para resolver. Tus rompecabezas se pueden guardar como fondos de escritorio. Con la funci\u00f3n de zoom incorporada, puede acercar y alejar todos los rompecabezas y disfrutar de los varios niveles de dificultad que se adaptan a todos los niveles de habilidad, desde principiante hasta experto.     <\/p>\n<p>&nbsp;<\/p>\n<p>&nbsp;<\/p>\n<p><strong>Funciones:<\/strong><\/p>\n<p>&nbsp;<\/p>\n<p>&#8211; Cientos de im\u00e1genes<br \/>\n de alta resoluci\u00f3n- 4 modos de rompecabezas: rompecabezas, intercambio de fichas, fichas divididas, rotaci\u00f3n<br \/>\n de fichas<br \/>\n&#8211; Crea tus propios rompecabezas- Varios niveles<br \/>\n de dificultad- Logros<br \/>\n&#8211; M\u00fasica<br \/>\n tranquila- Numerosas opciones para personalizar tu juego<br \/>\n&#8211; Una gran cantidad de fondos y colores para elegir<br \/>\n&#8211; Guarde sus rompecabezas y util\u00edcelos como fondos<br \/>\n de escritorio- Seleccione entre una variedad de formas de piezas de rompecabezas<\/p>\n","protected":false},"excerpt":{"rendered":"<p>Rompecabezas para todos en Jigsaw Puzzle Lovers, un nuevo juego de rompecabezas<\/p>\n","protected":false},"author":129,"featured_media":99749,"comment_status":"open","ping_status":"closed","template":"","meta":{"_acf_changed":false,"inline_featured_image":false},"product_brand":[],"product_cat":[170],"product_tag":[288],"class_list":{"0":"post-132006","1":"product","2":"type-product","3":"status-publish","4":"has-post-thumbnail","6":"product_cat-jigsaw-es","7":"product_tag-play-on-pc-es","9":"first","10":"instock","11":"shipping-taxable","12":"purchasable","13":"product-type-simple"},"acf":[],"yoast_head":"<!-- This site is optimized with the Yoast SEO Premium plugin v25.2 (Yoast SEO v25.2) - https:\/\/yoast.com\/wordpress\/plugins\/seo\/ -->\n<title>Jigsaw Puzzle Lovers - Rompecabezas para todos<\/title>\n<meta name=\"description\" content=\"Rompecabezas para todos en Jigsaw Puzzle Lovers, un nuevo juego de rompecabezas\" \/>\n<meta name=\"robots\" content=\"index, follow, max-snippet:-1, max-image-preview:large, max-video-preview:-1\" \/>\n<link rel=\"canonical\" href=\"https:\/\/www.iplay.com\/es\/games\/jigsaw-puzzle-lovers\/\" \/>\n<meta property=\"og:locale\" content=\"es_ES\" \/>\n<meta property=\"og:type\" content=\"article\" \/>\n<meta property=\"og:title\" content=\"Jigsaw Puzzle Lovers\" \/>\n<meta property=\"og:description\" content=\"Rompecabezas para todos en Jigsaw Puzzle Lovers, un nuevo juego de rompecabezas\" \/>\n<meta property=\"og:url\" content=\"https:\/\/www.iplay.com\/es\/games\/jigsaw-puzzle-lovers\/\" \/>\n<meta property=\"og:site_name\" content=\"IPlay\" \/>\n<meta property=\"og:image\" content=\"https:\/\/www.iplay.com\/wp-content\/uploads\/2023\/12\/large_square_tile_image-3741.jpg\" \/>\n\t<meta property=\"og:image:width\" content=\"310\" \/>\n\t<meta property=\"og:image:height\" content=\"310\" \/>\n\t<meta property=\"og:image:type\" content=\"image\/jpeg\" \/>\n<meta name=\"twitter:card\" content=\"summary_large_image\" \/>\n<meta name=\"twitter:label1\" content=\"Est. reading time\" \/>\n\t<meta name=\"twitter:data1\" content=\"1 minuto\" \/>\n<script type=\"application\/ld+json\" class=\"yoast-schema-graph\">{\"@context\":\"https:\/\/schema.org\",\"@graph\":[{\"@type\":\"WebPage\",\"@id\":\"https:\/\/www.iplay.com\/es\/games\/jigsaw-puzzle-lovers\/\",\"url\":\"https:\/\/www.iplay.com\/es\/games\/jigsaw-puzzle-lovers\/\",\"name\":\"Jigsaw Puzzle Lovers - Rompecabezas para todos\",\"isPartOf\":{\"@id\":\"https:\/\/www.iplay.com\/en\/#website\"},\"primaryImageOfPage\":{\"@id\":\"https:\/\/www.iplay.com\/es\/games\/jigsaw-puzzle-lovers\/#primaryimage\"},\"image\":{\"@id\":\"https:\/\/www.iplay.com\/es\/games\/jigsaw-puzzle-lovers\/#primaryimage\"},\"thumbnailUrl\":\"https:\/\/www.iplay.com\/wp-content\/uploads\/2023\/12\/large_square_tile_image-3741.jpg\",\"datePublished\":\"2022-12-14T00:00:00+00:00\",\"description\":\"Rompecabezas para todos en Jigsaw Puzzle Lovers, un nuevo juego de rompecabezas\",\"breadcrumb\":{\"@id\":\"https:\/\/www.iplay.com\/es\/games\/jigsaw-puzzle-lovers\/#breadcrumb\"},\"inLanguage\":\"es\",\"potentialAction\":[{\"@type\":\"ReadAction\",\"target\":[\"https:\/\/www.iplay.com\/es\/games\/jigsaw-puzzle-lovers\/\"]}]},{\"@type\":\"ImageObject\",\"inLanguage\":\"es\",\"@id\":\"https:\/\/www.iplay.com\/es\/games\/jigsaw-puzzle-lovers\/#primaryimage\",\"url\":\"https:\/\/www.iplay.com\/wp-content\/uploads\/2023\/12\/large_square_tile_image-3741.jpg\",\"contentUrl\":\"https:\/\/www.iplay.com\/wp-content\/uploads\/2023\/12\/large_square_tile_image-3741.jpg\",\"width\":310,\"height\":310},{\"@type\":\"BreadcrumbList\",\"@id\":\"https:\/\/www.iplay.com\/es\/games\/jigsaw-puzzle-lovers\/#breadcrumb\",\"itemListElement\":[{\"@type\":\"ListItem\",\"position\":1,\"name\":\"Home\",\"item\":\"https:\/\/www.iplay.com\/es\/home-page-2\/\"},{\"@type\":\"ListItem\",\"position\":2,\"name\":\"Shop\",\"item\":\"https:\/\/www.iplay.com\/en\/shop\/\"},{\"@type\":\"ListItem\",\"position\":3,\"name\":\"Jigsaw Puzzle Lovers\"}]},{\"@type\":\"WebSite\",\"@id\":\"https:\/\/www.iplay.com\/en\/#website\",\"url\":\"https:\/\/www.iplay.com\/en\/\",\"name\":\"IPlay\",\"description\":\"The Best Casual Games!\",\"publisher\":{\"@id\":\"https:\/\/www.iplay.com\/en\/#organization\"},\"potentialAction\":[{\"@type\":\"SearchAction\",\"target\":{\"@type\":\"EntryPoint\",\"urlTemplate\":\"https:\/\/www.iplay.com\/en\/?s={search_term_string}\"},\"query-input\":{\"@type\":\"PropertyValueSpecification\",\"valueRequired\":true,\"valueName\":\"search_term_string\"}}],\"inLanguage\":\"es\"},{\"@type\":\"Organization\",\"@id\":\"https:\/\/www.iplay.com\/en\/#organization\",\"name\":\"IPlay\",\"url\":\"https:\/\/www.iplay.com\/en\/\",\"logo\":{\"@type\":\"ImageObject\",\"inLanguage\":\"es\",\"@id\":\"https:\/\/www.iplay.com\/en\/#\/schema\/logo\/image\/\",\"url\":\"https:\/\/www.iplay.com\/wp-content\/uploads\/2023\/11\/Group-6100.svg\",\"contentUrl\":\"https:\/\/www.iplay.com\/wp-content\/uploads\/2023\/11\/Group-6100.svg\",\"width\":98,\"height\":25,\"caption\":\"IPlay\"},\"image\":{\"@id\":\"https:\/\/www.iplay.com\/en\/#\/schema\/logo\/image\/\"}}]}<\/script>\n<!-- \/ Yoast SEO Premium plugin. -->","yoast_head_json":{"title":"Jigsaw Puzzle Lovers - Rompecabezas para todos","description":"Rompecabezas para todos en Jigsaw Puzzle Lovers, un nuevo juego de rompecabezas","robots":{"index":"index","follow":"follow","max-snippet":"max-snippet:-1","max-image-preview":"max-image-preview:large","max-video-preview":"max-video-preview:-1"},"canonical":"https:\/\/www.iplay.com\/es\/games\/jigsaw-puzzle-lovers\/","og_locale":"es_ES","og_type":"article","og_title":"Jigsaw Puzzle Lovers","og_description":"Rompecabezas para todos en Jigsaw Puzzle Lovers, un nuevo juego de rompecabezas","og_url":"https:\/\/www.iplay.com\/es\/games\/jigsaw-puzzle-lovers\/","og_site_name":"IPlay","og_image":[{"width":310,"height":310,"url":"https:\/\/www.iplay.com\/wp-content\/uploads\/2023\/12\/large_square_tile_image-3741.jpg","type":"image\/jpeg"}],"twitter_card":"summary_large_image","twitter_misc":{"Est. reading time":"1 minuto"},"schema":{"@context":"https:\/\/schema.org","@graph":[{"@type":"WebPage","@id":"https:\/\/www.iplay.com\/es\/games\/jigsaw-puzzle-lovers\/","url":"https:\/\/www.iplay.com\/es\/games\/jigsaw-puzzle-lovers\/","name":"Jigsaw Puzzle Lovers - Rompecabezas para todos","isPartOf":{"@id":"https:\/\/www.iplay.com\/en\/#website"},"primaryImageOfPage":{"@id":"https:\/\/www.iplay.com\/es\/games\/jigsaw-puzzle-lovers\/#primaryimage"},"image":{"@id":"https:\/\/www.iplay.com\/es\/games\/jigsaw-puzzle-lovers\/#primaryimage"},"thumbnailUrl":"https:\/\/www.iplay.com\/wp-content\/uploads\/2023\/12\/large_square_tile_image-3741.jpg","datePublished":"2022-12-14T00:00:00+00:00","description":"Rompecabezas para todos en Jigsaw Puzzle Lovers, un nuevo juego de rompecabezas","breadcrumb":{"@id":"https:\/\/www.iplay.com\/es\/games\/jigsaw-puzzle-lovers\/#breadcrumb"},"inLanguage":"es","potentialAction":[{"@type":"ReadAction","target":["https:\/\/www.iplay.com\/es\/games\/jigsaw-puzzle-lovers\/"]}]},{"@type":"ImageObject","inLanguage":"es","@id":"https:\/\/www.iplay.com\/es\/games\/jigsaw-puzzle-lovers\/#primaryimage","url":"https:\/\/www.iplay.com\/wp-content\/uploads\/2023\/12\/large_square_tile_image-3741.jpg","contentUrl":"https:\/\/www.iplay.com\/wp-content\/uploads\/2023\/12\/large_square_tile_image-3741.jpg","width":310,"height":310},{"@type":"BreadcrumbList","@id":"https:\/\/www.iplay.com\/es\/games\/jigsaw-puzzle-lovers\/#breadcrumb","itemListElement":[{"@type":"ListItem","position":1,"name":"Home","item":"https:\/\/www.iplay.com\/es\/home-page-2\/"},{"@type":"ListItem","position":2,"name":"Shop","item":"https:\/\/www.iplay.com\/en\/shop\/"},{"@type":"ListItem","position":3,"name":"Jigsaw Puzzle Lovers"}]},{"@type":"WebSite","@id":"https:\/\/www.iplay.com\/en\/#website","url":"https:\/\/www.iplay.com\/en\/","name":"IPlay","description":"The Best Casual Games!","publisher":{"@id":"https:\/\/www.iplay.com\/en\/#organization"},"potentialAction":[{"@type":"SearchAction","target":{"@type":"EntryPoint","urlTemplate":"https:\/\/www.iplay.com\/en\/?s={search_term_string}"},"query-input":{"@type":"PropertyValueSpecification","valueRequired":true,"valueName":"search_term_string"}}],"inLanguage":"es"},{"@type":"Organization","@id":"https:\/\/www.iplay.com\/en\/#organization","name":"IPlay","url":"https:\/\/www.iplay.com\/en\/","logo":{"@type":"ImageObject","inLanguage":"es","@id":"https:\/\/www.iplay.com\/en\/#\/schema\/logo\/image\/","url":"https:\/\/www.iplay.com\/wp-content\/uploads\/2023\/11\/Group-6100.svg","contentUrl":"https:\/\/www.iplay.com\/wp-content\/uploads\/2023\/11\/Group-6100.svg","width":98,"height":25,"caption":"IPlay"},"image":{"@id":"https:\/\/www.iplay.com\/en\/#\/schema\/logo\/image\/"}}]}},"_links":{"self":[{"href":"https:\/\/www.iplay.com\/es\/wp-json\/wp\/v2\/product\/132006","targetHints":{"allow":["GET"]}}],"collection":[{"href":"https:\/\/www.iplay.com\/es\/wp-json\/wp\/v2\/product"}],"about":[{"href":"https:\/\/www.iplay.com\/es\/wp-json\/wp\/v2\/types\/product"}],"author":[{"embeddable":true,"href":"https:\/\/www.iplay.com\/es\/wp-json\/wp\/v2\/users\/129"}],"replies":[{"embeddable":true,"href":"https:\/\/www.iplay.com\/es\/wp-json\/wp\/v2\/comments?post=132006"}],"wp:featuredmedia":[{"embeddable":true,"href":"https:\/\/www.iplay.com\/es\/wp-json\/wp\/v2\/media\/99749"}],"wp:attachment":[{"href":"https:\/\/www.iplay.com\/es\/wp-json\/wp\/v2\/media?parent=132006"}],"wp:term":[{"taxonomy":"product_brand","embeddable":true,"href":"https:\/\/www.iplay.com\/es\/wp-json\/wp\/v2\/product_brand?post=132006"},{"taxonomy":"product_cat","embeddable":true,"href":"https:\/\/www.iplay.com\/es\/wp-json\/wp\/v2\/product_cat?post=132006"},{"taxonomy":"product_tag","embeddable":true,"href":"https:\/\/www.iplay.com\/es\/wp-json\/wp\/v2\/product_tag?post=132006"}],"curies":[{"name":"wp","href":"https:\/\/api.w.org\/{rel}","templated":true}]}}