{"id":131995,"date":"2022-12-16T00:00:01","date_gmt":"2022-12-16T00:00:01","guid":{"rendered":"https:\/\/www.iplay.com\/games\/new-yankee-12-karma-tales-collectors-edition\/"},"modified":"2022-12-16T00:00:01","modified_gmt":"2022-12-16T00:00:01","slug":"new-yankee-12-karma-tales-collectors-edition","status":"publish","type":"product","link":"https:\/\/www.iplay.com\/es\/games\/new-yankee-12-karma-tales-collectors-edition\/","title":{"rendered":"New Yankee 12: Karma Tales Collector&#8217;s Edition"},"content":{"rendered":"<p>John y Mary, el valiente y formidable equipo, han recibido otro trabajo extremadamente importante del Rey Arturo. \u00a1Depende de John, Mary y sus amigos determinar por qu\u00e9 ha cesado un flujo normalmente constante de seda, especias, curiosidades y recursos! El raj\u00e1, que normalmente se encargaba de enviar estos bienes, \u00bfqu\u00e9 le sucedi\u00f3? \u00bfEst\u00e1 en peligro o hay otra raz\u00f3n para su desaparici\u00f3n? Es tu responsabilidad ayudar a John y Mary a encontrar al raj\u00e1 desaparecido. A lo largo del viaje, conocer\u00e1s a gente nueva, \u00a1algunas de las cuales incluso pueden ser \u00fatiles! Tendr\u00e1s que perseverar a trav\u00e9s de las numerosas dificultades que nuestros h\u00e9roes encontrar\u00e1n mientras buscan al Raja perdido. Navega a trav\u00e9s de magn\u00edficos paisajes apuntando y haciendo clic mientras corres contra el reloj. Para garantizar un viaje seguro, mantenga y mejore edificios, recoja recursos, extraiga riquezas y mucho m\u00e1s. En el camino, es posible que incluso debas crear algunas im\u00e1genes, resolver acertijos, encontrar alg\u00fan que otro mantra e incluso bailar un poco. Podr\u00eda ser el \u00faltimo momento para el raj\u00e1 desaparecido. \u00bfQui\u00e9n sabe en qu\u00e9 peligro puede estar ya? El texto est\u00e1 en negrita.            <\/p>\n<p>&nbsp;<\/p>\n<p>&nbsp;<\/p>\n<p><strong>Funciones:<\/strong><\/p>\n<p>&nbsp;<\/p>\n<p>&#8211; 45 niveles<br \/>\n cronometrados \u00fanicos y desafiantes- 8 niveles adicionales que incorporan torres de se\u00f1ales<br \/>\n&#8211; 11 niveles de minijuegos con tres cautivadores tipos de minijuegos<\/p>\n<p>&#8211; Tres desaf\u00edos distintos para poner a prueba tus habilidades<br \/>\n&#8211; Una gran cantidad de mejoras y logros est\u00e1n esperando a ser obtenidos.- Entorno exquisitamente creado y variado El texto est\u00e1 en negrita.<\/p>\n<p>&nbsp;<\/p>\n<p><strong>Caracter\u00edsticas de la Edici\u00f3n de Coleccionista<\/strong>:<\/p>\n<p>&nbsp;<\/p>\n<p>&#8211; Un cap\u00edtulo adicional con quince etapas m\u00e1s<\/p>\n<p>&#8211; Dos niveles m\u00e1s con torres de se\u00f1alizaci\u00f3n<\/p>\n<p>&#8211; Tres nuevas etapas para el minijuego<\/p>\n<p>&#8211; Manual de estrategia integral<\/p>\n<p>&#8211; Se ofrecen descargas de las bandas sonoras originales.<\/p>\n<p>&#8211; Im\u00e1genes de fondo- Un problema a resolver- Res\u00famenes de personajes<\/p>\n","protected":false},"excerpt":{"rendered":"<p>\u00a1Hay un largo y desafiante viaje por delante para localizar al raj\u00e1 perdido! En Karma Tales CE, New Yankee 12 <\/p>\n","protected":false},"author":8,"featured_media":75069,"comment_status":"open","ping_status":"closed","template":"","meta":{"_acf_changed":false,"inline_featured_image":false},"product_brand":[],"product_cat":[212],"product_tag":[276,288],"class_list":{"0":"post-131995","1":"product","2":"type-product","3":"status-publish","4":"has-post-thumbnail","6":"product_cat-time-management-es","7":"product_tag-new-yankee-series-es","8":"product_tag-play-on-pc-es","10":"first","11":"instock","12":"shipping-taxable","13":"purchasable","14":"product-type-simple"},"acf":[],"yoast_head":"<!-- This site is optimized with the Yoast SEO Premium plugin v25.2 (Yoast SEO v25.2) - https:\/\/yoast.com\/wordpress\/plugins\/seo\/ -->\n<title>New Yankee 12: Karma Tales Collector&#039;s Edition - El viaje para encontrar al raja desaparecido ser\u00e1 largo y dif\u00edcil<\/title>\n<meta name=\"description\" content=\"\u00a1Hay un largo y desafiante viaje por delante para localizar al raj\u00e1 perdido! En Karma Tales CE, New Yankee 12\" \/>\n<meta name=\"robots\" content=\"index, follow, max-snippet:-1, max-image-preview:large, max-video-preview:-1\" \/>\n<link rel=\"canonical\" href=\"https:\/\/www.iplay.com\/es\/games\/new-yankee-12-karma-tales-collectors-edition\/\" \/>\n<meta property=\"og:locale\" content=\"es_ES\" \/>\n<meta property=\"og:type\" content=\"article\" \/>\n<meta property=\"og:title\" content=\"New Yankee 12: Karma Tales Collector&#039;s Edition\" \/>\n<meta property=\"og:description\" content=\"\u00a1Hay un largo y desafiante viaje por delante para localizar al raj\u00e1 perdido! En Karma Tales CE, New Yankee 12\" \/>\n<meta property=\"og:url\" content=\"https:\/\/www.iplay.com\/es\/games\/new-yankee-12-karma-tales-collectors-edition\/\" \/>\n<meta property=\"og:site_name\" content=\"IPlay\" \/>\n<meta property=\"og:image\" content=\"https:\/\/www.iplay.com\/wp-content\/uploads\/2023\/12\/large_square_tile_image-2186.jpg\" \/>\n\t<meta property=\"og:image:width\" content=\"310\" \/>\n\t<meta property=\"og:image:height\" content=\"310\" \/>\n\t<meta property=\"og:image:type\" content=\"image\/jpeg\" \/>\n<meta name=\"twitter:card\" content=\"summary_large_image\" \/>\n<meta name=\"twitter:label1\" content=\"Est. reading time\" \/>\n\t<meta name=\"twitter:data1\" content=\"2 minutos\" \/>\n<script type=\"application\/ld+json\" class=\"yoast-schema-graph\">{\"@context\":\"https:\/\/schema.org\",\"@graph\":[{\"@type\":\"WebPage\",\"@id\":\"https:\/\/www.iplay.com\/es\/games\/new-yankee-12-karma-tales-collectors-edition\/\",\"url\":\"https:\/\/www.iplay.com\/es\/games\/new-yankee-12-karma-tales-collectors-edition\/\",\"name\":\"New Yankee 12: Karma Tales Collector's Edition - El viaje para encontrar al raja desaparecido ser\u00e1 largo y dif\u00edcil\",\"isPartOf\":{\"@id\":\"https:\/\/www.iplay.com\/en\/#website\"},\"primaryImageOfPage\":{\"@id\":\"https:\/\/www.iplay.com\/es\/games\/new-yankee-12-karma-tales-collectors-edition\/#primaryimage\"},\"image\":{\"@id\":\"https:\/\/www.iplay.com\/es\/games\/new-yankee-12-karma-tales-collectors-edition\/#primaryimage\"},\"thumbnailUrl\":\"https:\/\/www.iplay.com\/wp-content\/uploads\/2023\/12\/large_square_tile_image-2186.jpg\",\"datePublished\":\"2022-12-16T00:00:01+00:00\",\"description\":\"\u00a1Hay un largo y desafiante viaje por delante para localizar al raj\u00e1 perdido! En Karma Tales CE, New Yankee 12\",\"breadcrumb\":{\"@id\":\"https:\/\/www.iplay.com\/es\/games\/new-yankee-12-karma-tales-collectors-edition\/#breadcrumb\"},\"inLanguage\":\"es\",\"potentialAction\":[{\"@type\":\"ReadAction\",\"target\":[\"https:\/\/www.iplay.com\/es\/games\/new-yankee-12-karma-tales-collectors-edition\/\"]}]},{\"@type\":\"ImageObject\",\"inLanguage\":\"es\",\"@id\":\"https:\/\/www.iplay.com\/es\/games\/new-yankee-12-karma-tales-collectors-edition\/#primaryimage\",\"url\":\"https:\/\/www.iplay.com\/wp-content\/uploads\/2023\/12\/large_square_tile_image-2186.jpg\",\"contentUrl\":\"https:\/\/www.iplay.com\/wp-content\/uploads\/2023\/12\/large_square_tile_image-2186.jpg\",\"width\":310,\"height\":310},{\"@type\":\"BreadcrumbList\",\"@id\":\"https:\/\/www.iplay.com\/es\/games\/new-yankee-12-karma-tales-collectors-edition\/#breadcrumb\",\"itemListElement\":[{\"@type\":\"ListItem\",\"position\":1,\"name\":\"Home\",\"item\":\"https:\/\/www.iplay.com\/es\/home-page-2\/\"},{\"@type\":\"ListItem\",\"position\":2,\"name\":\"Shop\",\"item\":\"https:\/\/www.iplay.com\/en\/shop\/\"},{\"@type\":\"ListItem\",\"position\":3,\"name\":\"New Yankee 12: Karma Tales Collector&#8217;s Edition\"}]},{\"@type\":\"WebSite\",\"@id\":\"https:\/\/www.iplay.com\/en\/#website\",\"url\":\"https:\/\/www.iplay.com\/en\/\",\"name\":\"IPlay\",\"description\":\"The Best Casual Games!\",\"publisher\":{\"@id\":\"https:\/\/www.iplay.com\/en\/#organization\"},\"potentialAction\":[{\"@type\":\"SearchAction\",\"target\":{\"@type\":\"EntryPoint\",\"urlTemplate\":\"https:\/\/www.iplay.com\/en\/?s={search_term_string}\"},\"query-input\":{\"@type\":\"PropertyValueSpecification\",\"valueRequired\":true,\"valueName\":\"search_term_string\"}}],\"inLanguage\":\"es\"},{\"@type\":\"Organization\",\"@id\":\"https:\/\/www.iplay.com\/en\/#organization\",\"name\":\"IPlay\",\"url\":\"https:\/\/www.iplay.com\/en\/\",\"logo\":{\"@type\":\"ImageObject\",\"inLanguage\":\"es\",\"@id\":\"https:\/\/www.iplay.com\/en\/#\/schema\/logo\/image\/\",\"url\":\"https:\/\/www.iplay.com\/wp-content\/uploads\/2023\/11\/Group-6100.svg\",\"contentUrl\":\"https:\/\/www.iplay.com\/wp-content\/uploads\/2023\/11\/Group-6100.svg\",\"width\":98,\"height\":25,\"caption\":\"IPlay\"},\"image\":{\"@id\":\"https:\/\/www.iplay.com\/en\/#\/schema\/logo\/image\/\"}}]}<\/script>\n<!-- \/ Yoast SEO Premium plugin. -->","yoast_head_json":{"title":"New Yankee 12: Karma Tales Collector's Edition - El viaje para encontrar al raja desaparecido ser\u00e1 largo y dif\u00edcil","description":"\u00a1Hay un largo y desafiante viaje por delante para localizar al raj\u00e1 perdido! En Karma Tales CE, New Yankee 12","robots":{"index":"index","follow":"follow","max-snippet":"max-snippet:-1","max-image-preview":"max-image-preview:large","max-video-preview":"max-video-preview:-1"},"canonical":"https:\/\/www.iplay.com\/es\/games\/new-yankee-12-karma-tales-collectors-edition\/","og_locale":"es_ES","og_type":"article","og_title":"New Yankee 12: Karma Tales Collector's Edition","og_description":"\u00a1Hay un largo y desafiante viaje por delante para localizar al raj\u00e1 perdido! En Karma Tales CE, New Yankee 12","og_url":"https:\/\/www.iplay.com\/es\/games\/new-yankee-12-karma-tales-collectors-edition\/","og_site_name":"IPlay","og_image":[{"width":310,"height":310,"url":"https:\/\/www.iplay.com\/wp-content\/uploads\/2023\/12\/large_square_tile_image-2186.jpg","type":"image\/jpeg"}],"twitter_card":"summary_large_image","twitter_misc":{"Est. reading time":"2 minutos"},"schema":{"@context":"https:\/\/schema.org","@graph":[{"@type":"WebPage","@id":"https:\/\/www.iplay.com\/es\/games\/new-yankee-12-karma-tales-collectors-edition\/","url":"https:\/\/www.iplay.com\/es\/games\/new-yankee-12-karma-tales-collectors-edition\/","name":"New Yankee 12: Karma Tales Collector's Edition - El viaje para encontrar al raja desaparecido ser\u00e1 largo y dif\u00edcil","isPartOf":{"@id":"https:\/\/www.iplay.com\/en\/#website"},"primaryImageOfPage":{"@id":"https:\/\/www.iplay.com\/es\/games\/new-yankee-12-karma-tales-collectors-edition\/#primaryimage"},"image":{"@id":"https:\/\/www.iplay.com\/es\/games\/new-yankee-12-karma-tales-collectors-edition\/#primaryimage"},"thumbnailUrl":"https:\/\/www.iplay.com\/wp-content\/uploads\/2023\/12\/large_square_tile_image-2186.jpg","datePublished":"2022-12-16T00:00:01+00:00","description":"\u00a1Hay un largo y desafiante viaje por delante para localizar al raj\u00e1 perdido! En Karma Tales CE, New Yankee 12","breadcrumb":{"@id":"https:\/\/www.iplay.com\/es\/games\/new-yankee-12-karma-tales-collectors-edition\/#breadcrumb"},"inLanguage":"es","potentialAction":[{"@type":"ReadAction","target":["https:\/\/www.iplay.com\/es\/games\/new-yankee-12-karma-tales-collectors-edition\/"]}]},{"@type":"ImageObject","inLanguage":"es","@id":"https:\/\/www.iplay.com\/es\/games\/new-yankee-12-karma-tales-collectors-edition\/#primaryimage","url":"https:\/\/www.iplay.com\/wp-content\/uploads\/2023\/12\/large_square_tile_image-2186.jpg","contentUrl":"https:\/\/www.iplay.com\/wp-content\/uploads\/2023\/12\/large_square_tile_image-2186.jpg","width":310,"height":310},{"@type":"BreadcrumbList","@id":"https:\/\/www.iplay.com\/es\/games\/new-yankee-12-karma-tales-collectors-edition\/#breadcrumb","itemListElement":[{"@type":"ListItem","position":1,"name":"Home","item":"https:\/\/www.iplay.com\/es\/home-page-2\/"},{"@type":"ListItem","position":2,"name":"Shop","item":"https:\/\/www.iplay.com\/en\/shop\/"},{"@type":"ListItem","position":3,"name":"New Yankee 12: Karma Tales Collector&#8217;s Edition"}]},{"@type":"WebSite","@id":"https:\/\/www.iplay.com\/en\/#website","url":"https:\/\/www.iplay.com\/en\/","name":"IPlay","description":"The Best Casual Games!","publisher":{"@id":"https:\/\/www.iplay.com\/en\/#organization"},"potentialAction":[{"@type":"SearchAction","target":{"@type":"EntryPoint","urlTemplate":"https:\/\/www.iplay.com\/en\/?s={search_term_string}"},"query-input":{"@type":"PropertyValueSpecification","valueRequired":true,"valueName":"search_term_string"}}],"inLanguage":"es"},{"@type":"Organization","@id":"https:\/\/www.iplay.com\/en\/#organization","name":"IPlay","url":"https:\/\/www.iplay.com\/en\/","logo":{"@type":"ImageObject","inLanguage":"es","@id":"https:\/\/www.iplay.com\/en\/#\/schema\/logo\/image\/","url":"https:\/\/www.iplay.com\/wp-content\/uploads\/2023\/11\/Group-6100.svg","contentUrl":"https:\/\/www.iplay.com\/wp-content\/uploads\/2023\/11\/Group-6100.svg","width":98,"height":25,"caption":"IPlay"},"image":{"@id":"https:\/\/www.iplay.com\/en\/#\/schema\/logo\/image\/"}}]}},"_links":{"self":[{"href":"https:\/\/www.iplay.com\/es\/wp-json\/wp\/v2\/product\/131995","targetHints":{"allow":["GET"]}}],"collection":[{"href":"https:\/\/www.iplay.com\/es\/wp-json\/wp\/v2\/product"}],"about":[{"href":"https:\/\/www.iplay.com\/es\/wp-json\/wp\/v2\/types\/product"}],"author":[{"embeddable":true,"href":"https:\/\/www.iplay.com\/es\/wp-json\/wp\/v2\/users\/8"}],"replies":[{"embeddable":true,"href":"https:\/\/www.iplay.com\/es\/wp-json\/wp\/v2\/comments?post=131995"}],"wp:featuredmedia":[{"embeddable":true,"href":"https:\/\/www.iplay.com\/es\/wp-json\/wp\/v2\/media\/75069"}],"wp:attachment":[{"href":"https:\/\/www.iplay.com\/es\/wp-json\/wp\/v2\/media?parent=131995"}],"wp:term":[{"taxonomy":"product_brand","embeddable":true,"href":"https:\/\/www.iplay.com\/es\/wp-json\/wp\/v2\/product_brand?post=131995"},{"taxonomy":"product_cat","embeddable":true,"href":"https:\/\/www.iplay.com\/es\/wp-json\/wp\/v2\/product_cat?post=131995"},{"taxonomy":"product_tag","embeddable":true,"href":"https:\/\/www.iplay.com\/es\/wp-json\/wp\/v2\/product_tag?post=131995"}],"curies":[{"name":"wp","href":"https:\/\/api.w.org\/{rel}","templated":true}]}}