{"id":131991,"date":"2022-12-16T00:00:02","date_gmt":"2022-12-16T00:00:02","guid":{"rendered":"https:\/\/www.iplay.com\/games\/the-christmas-spirit-golden-ticket-collectors-edition\/"},"modified":"2022-12-16T00:00:02","modified_gmt":"2022-12-16T00:00:02","slug":"the-christmas-spirit-golden-ticket-collectors-edition","status":"publish","type":"product","link":"https:\/\/www.iplay.com\/es\/games\/the-christmas-spirit-golden-ticket-collectors-edition\/","title":{"rendered":"The Christmas Spirit: Golden Ticket Collector&#8217;s Edition"},"content":{"rendered":"<p>\u00a1Te invitamos cordialmente a embarcarte en un viaje inolvidable en The Christmas Spirit: Golden Ticket! Solo quieres demostrarles a tus padres que hay milagros navide\u00f1os porque la Navidad ya casi est\u00e1 aqu\u00ed. \u00a1As\u00ed que est\u00e1s encantado de recibir un billete dorado en el Polar Express a casa de Pap\u00e1 Noel! \u00a1Pero su felicidad pronto se ve eclipsada cuando los ni\u00f1os de la lista de malos se apoderan del Expreso Polar! Est\u00e1n cansados de solo recibir carb\u00f3n, \u00a1as\u00ed que este a\u00f1o est\u00e1n robando regalos de todos! \u00bfPuedes evitar que destruyan el esp\u00edritu navide\u00f1o y se lleven los regalos del mundo? \u00a1En esta cautivadora aventura de rompecabezas de objetos ocultos, encuentra la soluci\u00f3n!      <\/p>\n<p>&nbsp;<\/p>\n<p>&nbsp;<\/p>\n<p><strong>Funciones:<\/strong><\/p>\n<p>&nbsp;<\/p>\n<p>&#8211; \u00a1Pap\u00e1 Noel necesita tu ayuda para evitar que Un Elfo Muy Malo arruine los deseos de Navidad para siempre! \u00a1Juega y vuelve a jugar minijuegos, pel\u00edculas y HOPs para desbloquear logros!<br \/>\n&#8211; \u00a1Termina de reunir fant\u00e1sticas colecciones de tarjetas de Navidad y equipa tu vag\u00f3n de ferrocarril con pan de jengibre!<br \/>\n&#8211; \u00a1Descarga bandas sonoras, fondos de pantalla y obras de arte originales!<br \/>\n&#8211; Puedes llegar al Polo Norte y regresar de forma segura con la ayuda de la \u00fatil Gu\u00eda de Estrategia.<\/p>\n","protected":false},"excerpt":{"rendered":"<p>\u00a1Necesitas un milagro en Navidad! Lea El esp\u00edritu navide\u00f1o: Boleto dorado CE para obtener m\u00e1s informaci\u00f3n. <\/p>\n","protected":false},"author":17,"featured_media":75053,"comment_status":"open","ping_status":"closed","template":"","meta":{"_acf_changed":false,"inline_featured_image":false},"product_brand":[],"product_cat":[166],"product_tag":[288],"class_list":{"0":"post-131991","1":"product","2":"type-product","3":"status-publish","4":"has-post-thumbnail","6":"product_cat-hidden-object-es","7":"product_tag-play-on-pc-es","9":"first","10":"instock","11":"shipping-taxable","12":"purchasable","13":"product-type-simple"},"acf":[],"yoast_head":"<!-- This site is optimized with the Yoast SEO Premium plugin v25.2 (Yoast SEO v25.2) - https:\/\/yoast.com\/wordpress\/plugins\/seo\/ -->\n<title>El esp\u00edritu navide\u00f1o: Edici\u00f3n de coleccionista de Golden Ticket - Provoca un milagro navide\u00f1o cuando m\u00e1s se necesita<\/title>\n<meta name=\"description\" content=\"\u00a1Necesitas un milagro en Navidad! Lea El esp\u00edritu navide\u00f1o: Boleto dorado CE para obtener m\u00e1s informaci\u00f3n.\" \/>\n<meta name=\"robots\" content=\"index, follow, max-snippet:-1, max-image-preview:large, max-video-preview:-1\" \/>\n<link rel=\"canonical\" href=\"https:\/\/www.iplay.com\/es\/games\/the-christmas-spirit-golden-ticket-collectors-edition\/\" \/>\n<meta property=\"og:locale\" content=\"es_ES\" \/>\n<meta property=\"og:type\" content=\"article\" \/>\n<meta property=\"og:title\" content=\"The Christmas Spirit: Golden Ticket Collector&#039;s Edition\" \/>\n<meta property=\"og:description\" content=\"\u00a1Necesitas un milagro en Navidad! Lea El esp\u00edritu navide\u00f1o: Boleto dorado CE para obtener m\u00e1s informaci\u00f3n.\" \/>\n<meta property=\"og:url\" content=\"https:\/\/www.iplay.com\/es\/games\/the-christmas-spirit-golden-ticket-collectors-edition\/\" \/>\n<meta property=\"og:site_name\" content=\"IPlay\" \/>\n<meta property=\"og:image\" content=\"https:\/\/www.iplay.com\/wp-content\/uploads\/2023\/12\/large_square_tile_image-2185.jpg\" \/>\n\t<meta property=\"og:image:width\" content=\"310\" \/>\n\t<meta property=\"og:image:height\" content=\"310\" \/>\n\t<meta property=\"og:image:type\" content=\"image\/jpeg\" \/>\n<meta name=\"twitter:card\" content=\"summary_large_image\" \/>\n<meta name=\"twitter:label1\" content=\"Est. reading time\" \/>\n\t<meta name=\"twitter:data1\" content=\"1 minuto\" \/>\n<script type=\"application\/ld+json\" class=\"yoast-schema-graph\">{\"@context\":\"https:\/\/schema.org\",\"@graph\":[{\"@type\":\"WebPage\",\"@id\":\"https:\/\/www.iplay.com\/es\/games\/the-christmas-spirit-golden-ticket-collectors-edition\/\",\"url\":\"https:\/\/www.iplay.com\/es\/games\/the-christmas-spirit-golden-ticket-collectors-edition\/\",\"name\":\"El esp\u00edritu navide\u00f1o: Edici\u00f3n de coleccionista de Golden Ticket - Provoca un milagro navide\u00f1o cuando m\u00e1s se necesita\",\"isPartOf\":{\"@id\":\"https:\/\/www.iplay.com\/en\/#website\"},\"primaryImageOfPage\":{\"@id\":\"https:\/\/www.iplay.com\/es\/games\/the-christmas-spirit-golden-ticket-collectors-edition\/#primaryimage\"},\"image\":{\"@id\":\"https:\/\/www.iplay.com\/es\/games\/the-christmas-spirit-golden-ticket-collectors-edition\/#primaryimage\"},\"thumbnailUrl\":\"https:\/\/www.iplay.com\/wp-content\/uploads\/2023\/12\/large_square_tile_image-2185.jpg\",\"datePublished\":\"2022-12-16T00:00:02+00:00\",\"description\":\"\u00a1Necesitas un milagro en Navidad! Lea El esp\u00edritu navide\u00f1o: Boleto dorado CE para obtener m\u00e1s informaci\u00f3n.\",\"breadcrumb\":{\"@id\":\"https:\/\/www.iplay.com\/es\/games\/the-christmas-spirit-golden-ticket-collectors-edition\/#breadcrumb\"},\"inLanguage\":\"es\",\"potentialAction\":[{\"@type\":\"ReadAction\",\"target\":[\"https:\/\/www.iplay.com\/es\/games\/the-christmas-spirit-golden-ticket-collectors-edition\/\"]}]},{\"@type\":\"ImageObject\",\"inLanguage\":\"es\",\"@id\":\"https:\/\/www.iplay.com\/es\/games\/the-christmas-spirit-golden-ticket-collectors-edition\/#primaryimage\",\"url\":\"https:\/\/www.iplay.com\/wp-content\/uploads\/2023\/12\/large_square_tile_image-2185.jpg\",\"contentUrl\":\"https:\/\/www.iplay.com\/wp-content\/uploads\/2023\/12\/large_square_tile_image-2185.jpg\",\"width\":310,\"height\":310},{\"@type\":\"BreadcrumbList\",\"@id\":\"https:\/\/www.iplay.com\/es\/games\/the-christmas-spirit-golden-ticket-collectors-edition\/#breadcrumb\",\"itemListElement\":[{\"@type\":\"ListItem\",\"position\":1,\"name\":\"Home\",\"item\":\"https:\/\/www.iplay.com\/es\/home-page-2\/\"},{\"@type\":\"ListItem\",\"position\":2,\"name\":\"Shop\",\"item\":\"https:\/\/www.iplay.com\/en\/shop\/\"},{\"@type\":\"ListItem\",\"position\":3,\"name\":\"The Christmas Spirit: Golden Ticket Collector&#8217;s Edition\"}]},{\"@type\":\"WebSite\",\"@id\":\"https:\/\/www.iplay.com\/en\/#website\",\"url\":\"https:\/\/www.iplay.com\/en\/\",\"name\":\"IPlay\",\"description\":\"The Best Casual Games!\",\"publisher\":{\"@id\":\"https:\/\/www.iplay.com\/en\/#organization\"},\"potentialAction\":[{\"@type\":\"SearchAction\",\"target\":{\"@type\":\"EntryPoint\",\"urlTemplate\":\"https:\/\/www.iplay.com\/en\/?s={search_term_string}\"},\"query-input\":{\"@type\":\"PropertyValueSpecification\",\"valueRequired\":true,\"valueName\":\"search_term_string\"}}],\"inLanguage\":\"es\"},{\"@type\":\"Organization\",\"@id\":\"https:\/\/www.iplay.com\/en\/#organization\",\"name\":\"IPlay\",\"url\":\"https:\/\/www.iplay.com\/en\/\",\"logo\":{\"@type\":\"ImageObject\",\"inLanguage\":\"es\",\"@id\":\"https:\/\/www.iplay.com\/en\/#\/schema\/logo\/image\/\",\"url\":\"https:\/\/www.iplay.com\/wp-content\/uploads\/2023\/11\/Group-6100.svg\",\"contentUrl\":\"https:\/\/www.iplay.com\/wp-content\/uploads\/2023\/11\/Group-6100.svg\",\"width\":98,\"height\":25,\"caption\":\"IPlay\"},\"image\":{\"@id\":\"https:\/\/www.iplay.com\/en\/#\/schema\/logo\/image\/\"}}]}<\/script>\n<!-- \/ Yoast SEO Premium plugin. -->","yoast_head_json":{"title":"El esp\u00edritu navide\u00f1o: Edici\u00f3n de coleccionista de Golden Ticket - Provoca un milagro navide\u00f1o cuando m\u00e1s se necesita","description":"\u00a1Necesitas un milagro en Navidad! Lea El esp\u00edritu navide\u00f1o: Boleto dorado CE para obtener m\u00e1s informaci\u00f3n.","robots":{"index":"index","follow":"follow","max-snippet":"max-snippet:-1","max-image-preview":"max-image-preview:large","max-video-preview":"max-video-preview:-1"},"canonical":"https:\/\/www.iplay.com\/es\/games\/the-christmas-spirit-golden-ticket-collectors-edition\/","og_locale":"es_ES","og_type":"article","og_title":"The Christmas Spirit: Golden Ticket Collector's Edition","og_description":"\u00a1Necesitas un milagro en Navidad! Lea El esp\u00edritu navide\u00f1o: Boleto dorado CE para obtener m\u00e1s informaci\u00f3n.","og_url":"https:\/\/www.iplay.com\/es\/games\/the-christmas-spirit-golden-ticket-collectors-edition\/","og_site_name":"IPlay","og_image":[{"width":310,"height":310,"url":"https:\/\/www.iplay.com\/wp-content\/uploads\/2023\/12\/large_square_tile_image-2185.jpg","type":"image\/jpeg"}],"twitter_card":"summary_large_image","twitter_misc":{"Est. reading time":"1 minuto"},"schema":{"@context":"https:\/\/schema.org","@graph":[{"@type":"WebPage","@id":"https:\/\/www.iplay.com\/es\/games\/the-christmas-spirit-golden-ticket-collectors-edition\/","url":"https:\/\/www.iplay.com\/es\/games\/the-christmas-spirit-golden-ticket-collectors-edition\/","name":"El esp\u00edritu navide\u00f1o: Edici\u00f3n de coleccionista de Golden Ticket - Provoca un milagro navide\u00f1o cuando m\u00e1s se necesita","isPartOf":{"@id":"https:\/\/www.iplay.com\/en\/#website"},"primaryImageOfPage":{"@id":"https:\/\/www.iplay.com\/es\/games\/the-christmas-spirit-golden-ticket-collectors-edition\/#primaryimage"},"image":{"@id":"https:\/\/www.iplay.com\/es\/games\/the-christmas-spirit-golden-ticket-collectors-edition\/#primaryimage"},"thumbnailUrl":"https:\/\/www.iplay.com\/wp-content\/uploads\/2023\/12\/large_square_tile_image-2185.jpg","datePublished":"2022-12-16T00:00:02+00:00","description":"\u00a1Necesitas un milagro en Navidad! Lea El esp\u00edritu navide\u00f1o: Boleto dorado CE para obtener m\u00e1s informaci\u00f3n.","breadcrumb":{"@id":"https:\/\/www.iplay.com\/es\/games\/the-christmas-spirit-golden-ticket-collectors-edition\/#breadcrumb"},"inLanguage":"es","potentialAction":[{"@type":"ReadAction","target":["https:\/\/www.iplay.com\/es\/games\/the-christmas-spirit-golden-ticket-collectors-edition\/"]}]},{"@type":"ImageObject","inLanguage":"es","@id":"https:\/\/www.iplay.com\/es\/games\/the-christmas-spirit-golden-ticket-collectors-edition\/#primaryimage","url":"https:\/\/www.iplay.com\/wp-content\/uploads\/2023\/12\/large_square_tile_image-2185.jpg","contentUrl":"https:\/\/www.iplay.com\/wp-content\/uploads\/2023\/12\/large_square_tile_image-2185.jpg","width":310,"height":310},{"@type":"BreadcrumbList","@id":"https:\/\/www.iplay.com\/es\/games\/the-christmas-spirit-golden-ticket-collectors-edition\/#breadcrumb","itemListElement":[{"@type":"ListItem","position":1,"name":"Home","item":"https:\/\/www.iplay.com\/es\/home-page-2\/"},{"@type":"ListItem","position":2,"name":"Shop","item":"https:\/\/www.iplay.com\/en\/shop\/"},{"@type":"ListItem","position":3,"name":"The Christmas Spirit: Golden Ticket Collector&#8217;s Edition"}]},{"@type":"WebSite","@id":"https:\/\/www.iplay.com\/en\/#website","url":"https:\/\/www.iplay.com\/en\/","name":"IPlay","description":"The Best Casual Games!","publisher":{"@id":"https:\/\/www.iplay.com\/en\/#organization"},"potentialAction":[{"@type":"SearchAction","target":{"@type":"EntryPoint","urlTemplate":"https:\/\/www.iplay.com\/en\/?s={search_term_string}"},"query-input":{"@type":"PropertyValueSpecification","valueRequired":true,"valueName":"search_term_string"}}],"inLanguage":"es"},{"@type":"Organization","@id":"https:\/\/www.iplay.com\/en\/#organization","name":"IPlay","url":"https:\/\/www.iplay.com\/en\/","logo":{"@type":"ImageObject","inLanguage":"es","@id":"https:\/\/www.iplay.com\/en\/#\/schema\/logo\/image\/","url":"https:\/\/www.iplay.com\/wp-content\/uploads\/2023\/11\/Group-6100.svg","contentUrl":"https:\/\/www.iplay.com\/wp-content\/uploads\/2023\/11\/Group-6100.svg","width":98,"height":25,"caption":"IPlay"},"image":{"@id":"https:\/\/www.iplay.com\/en\/#\/schema\/logo\/image\/"}}]}},"_links":{"self":[{"href":"https:\/\/www.iplay.com\/es\/wp-json\/wp\/v2\/product\/131991","targetHints":{"allow":["GET"]}}],"collection":[{"href":"https:\/\/www.iplay.com\/es\/wp-json\/wp\/v2\/product"}],"about":[{"href":"https:\/\/www.iplay.com\/es\/wp-json\/wp\/v2\/types\/product"}],"author":[{"embeddable":true,"href":"https:\/\/www.iplay.com\/es\/wp-json\/wp\/v2\/users\/17"}],"replies":[{"embeddable":true,"href":"https:\/\/www.iplay.com\/es\/wp-json\/wp\/v2\/comments?post=131991"}],"wp:featuredmedia":[{"embeddable":true,"href":"https:\/\/www.iplay.com\/es\/wp-json\/wp\/v2\/media\/75053"}],"wp:attachment":[{"href":"https:\/\/www.iplay.com\/es\/wp-json\/wp\/v2\/media?parent=131991"}],"wp:term":[{"taxonomy":"product_brand","embeddable":true,"href":"https:\/\/www.iplay.com\/es\/wp-json\/wp\/v2\/product_brand?post=131991"},{"taxonomy":"product_cat","embeddable":true,"href":"https:\/\/www.iplay.com\/es\/wp-json\/wp\/v2\/product_cat?post=131991"},{"taxonomy":"product_tag","embeddable":true,"href":"https:\/\/www.iplay.com\/es\/wp-json\/wp\/v2\/product_tag?post=131991"}],"curies":[{"name":"wp","href":"https:\/\/api.w.org\/{rel}","templated":true}]}}