{"id":131637,"date":"2025-04-16T09:30:47","date_gmt":"2025-04-16T09:30:47","guid":{"rendered":"https:\/\/www.iplay.com\/?post_type=product&p=131637"},"modified":"2025-04-15T11:10:13","modified_gmt":"2025-04-15T11:10:13","slug":"detectives-united-mission-possible-collectors-edition","status":"publish","type":"product","link":"https:\/\/www.iplay.com\/es\/games\/detectives-united-mission-possible-collectors-edition\/","title":{"rendered":"Detectives United: Mission Possible Collector&#8217;s Edition"},"content":{"rendered":"<p>Un mundo emocionante donde se combinan el peligro, el misterio y el trabajo en equipo est\u00e1 esperando a ser descubierto en el \u00faltimo cap\u00edtulo de la c\u00e9lebre serie Detectives United. La tranquila ciudad de Myst Hill se ha transformado en un epicentro del caos, ya que la paz se ve interrumpida por una serie de misteriosas desapariciones y extra\u00f1os avistamientos de animales. Despu\u00e9s de un terrible accidente automovil\u00edstico, el equipo se ha separado y se debe emprender una carrera contra el tiempo para reunirse, descubrir la verdad y evitar que una organizaci\u00f3n siniestra desmantele Detectives United para siempre.  <\/p>\n<p>Se puede jugar con tus personajes favoritos, cada uno equipado con habilidades \u00fanicas, a medida que se navegan desaf\u00edos inmersivos a lo largo del juego. Se exploran l\u00edneas de tiempo interconectadas, se resuelven intrincados acertijos y se enfrentan a figuras sombr\u00edas en esta trepidante aventura de rompecabezas de objetos ocultos. Las fuerzas que trabajan en tu contra deben ser burladas y la supervivencia de tu equipo debe estar asegurada. \u00a1Nunca ha habido tanto en juego!   <\/p>\n<p>&nbsp;<\/p>\n<p><strong>Caracter\u00edsticas de la Edici\u00f3n de Coleccionista<\/strong><\/p>\n<ul>\n<li><strong>Cap\u00edtulo de bonificaci\u00f3n:<\/strong> Un agente que ha sido acusado injustamente debe ser exonerado en esta aventura adicional.<\/li>\n<li><strong>Valor de repetici\u00f3n:<\/strong> Las escenas de objetos ocultos y minijuegos favoritos se pueden volver a jugar, y se obtienen logros en el camino.<\/li>\n<li><strong>Coleccionables:<\/strong> Docenas de figuritas ocultas y piezas de rompecabezas est\u00e1n esperando a ser cazadas y colecciones para completarse.<\/li>\n<li><strong>Extras exclusivos:<\/strong> Un tesoro oculto que incluye protectores de pantalla, bandas sonoras, fondos de pantalla, una habitaci\u00f3n secreta y m\u00e1s se desbloquea para su disfrute.<\/li>\n<li><strong>Gu\u00eda de estrategia:<\/strong> Su camino nunca se perder\u00e1 con la gu\u00eda de estrategia integral que se mantiene al alcance de su mano.<\/li>\n<\/ul>\n","protected":false},"excerpt":{"rendered":"<p>Corre para salvar Myst Hill en esta emocionante aventura de objetos ocultos: \u00a1re\u00fane a tu equipo de detectives y det\u00e9n a una organizaci\u00f3n siniestra antes de que sea demasiado tarde!<\/p>\n","protected":false},"author":17,"featured_media":131586,"comment_status":"open","ping_status":"closed","template":"","meta":{"_acf_changed":false,"inline_featured_image":false},"product_brand":[],"product_cat":[150,166],"product_tag":[288],"class_list":{"0":"post-131637","1":"product","2":"type-product","3":"status-publish","4":"has-post-thumbnail","6":"product_cat-adventure-es","7":"product_cat-hidden-object-es","8":"product_tag-play-on-pc-es","10":"first","11":"instock","12":"shipping-taxable","13":"purchasable","14":"product-type-simple"},"acf":[],"yoast_head":"<!-- This site is optimized with the Yoast SEO Premium plugin v25.2 (Yoast SEO v25.2) - https:\/\/yoast.com\/wordpress\/plugins\/seo\/ -->\n<title>Aventura \u00e9pica de objetos ocultos: \u00a1Carrera para salvar Myst Hill!<\/title>\n<meta name=\"description\" content=\"Corre para salvar Myst Hill en esta emocionante aventura de objetos ocultos: \u00a1re\u00fane a tu equipo de detectives y det\u00e9n a una organizaci\u00f3n siniestra antes de que sea demasiado tarde!\" \/>\n<meta name=\"robots\" content=\"index, follow, max-snippet:-1, max-image-preview:large, max-video-preview:-1\" \/>\n<link rel=\"canonical\" href=\"https:\/\/www.iplay.com\/en\/games\/detectives-united-mission-possible-collectors-edition\/\" \/>\n<meta property=\"og:locale\" content=\"es_ES\" \/>\n<meta property=\"og:type\" content=\"article\" \/>\n<meta property=\"og:title\" content=\"Detectives United: Mission Possible Collector&#039;s Edition\" \/>\n<meta property=\"og:description\" content=\"Corre para salvar Myst Hill en esta emocionante aventura de objetos ocultos: \u00a1re\u00fane a tu equipo de detectives y det\u00e9n a una organizaci\u00f3n siniestra antes de que sea demasiado tarde!\" \/>\n<meta property=\"og:url\" content=\"https:\/\/www.iplay.com\/en\/games\/detectives-united-mission-possible-collectors-edition\/\" \/>\n<meta property=\"og:site_name\" content=\"IPlay\" \/>\n<meta property=\"og:image\" content=\"https:\/\/www.iplay.com\/wp-content\/uploads\/2025\/04\/detectives_united_mission_possible_ce_large_video_screenshot.webp\" \/>\n\t<meta property=\"og:image:width\" content=\"715\" \/>\n\t<meta property=\"og:image:height\" content=\"485\" \/>\n\t<meta property=\"og:image:type\" content=\"image\/webp\" \/>\n<meta name=\"twitter:card\" content=\"summary_large_image\" \/>\n<meta name=\"twitter:label1\" content=\"Est. reading time\" \/>\n\t<meta name=\"twitter:data1\" content=\"2 minutos\" \/>\n<script type=\"application\/ld+json\" class=\"yoast-schema-graph\">{\"@context\":\"https:\/\/schema.org\",\"@graph\":[{\"@type\":\"WebPage\",\"@id\":\"https:\/\/www.iplay.com\/en\/games\/detectives-united-mission-possible-collectors-edition\/\",\"url\":\"https:\/\/www.iplay.com\/en\/games\/detectives-united-mission-possible-collectors-edition\/\",\"name\":\"Aventura \u00e9pica de objetos ocultos: \u00a1Carrera para salvar Myst Hill!\",\"isPartOf\":{\"@id\":\"https:\/\/www.iplay.com\/en\/#website\"},\"primaryImageOfPage\":{\"@id\":\"https:\/\/www.iplay.com\/en\/games\/detectives-united-mission-possible-collectors-edition\/#primaryimage\"},\"image\":{\"@id\":\"https:\/\/www.iplay.com\/en\/games\/detectives-united-mission-possible-collectors-edition\/#primaryimage\"},\"thumbnailUrl\":\"https:\/\/www.iplay.com\/wp-content\/uploads\/2025\/04\/detectives_united_mission_possible_ce_large_video_screenshot.webp\",\"datePublished\":\"2025-04-16T09:30:47+00:00\",\"description\":\"Corre para salvar Myst Hill en esta emocionante aventura de objetos ocultos: \u00a1re\u00fane a tu equipo de detectives y det\u00e9n a una organizaci\u00f3n siniestra antes de que sea demasiado tarde!\",\"breadcrumb\":{\"@id\":\"https:\/\/www.iplay.com\/en\/games\/detectives-united-mission-possible-collectors-edition\/#breadcrumb\"},\"inLanguage\":\"es\",\"potentialAction\":[{\"@type\":\"ReadAction\",\"target\":[\"https:\/\/www.iplay.com\/en\/games\/detectives-united-mission-possible-collectors-edition\/\"]}]},{\"@type\":\"ImageObject\",\"inLanguage\":\"es\",\"@id\":\"https:\/\/www.iplay.com\/en\/games\/detectives-united-mission-possible-collectors-edition\/#primaryimage\",\"url\":\"https:\/\/www.iplay.com\/wp-content\/uploads\/2025\/04\/detectives_united_mission_possible_ce_large_video_screenshot.webp\",\"contentUrl\":\"https:\/\/www.iplay.com\/wp-content\/uploads\/2025\/04\/detectives_united_mission_possible_ce_large_video_screenshot.webp\",\"width\":715,\"height\":485},{\"@type\":\"BreadcrumbList\",\"@id\":\"https:\/\/www.iplay.com\/en\/games\/detectives-united-mission-possible-collectors-edition\/#breadcrumb\",\"itemListElement\":[{\"@type\":\"ListItem\",\"position\":1,\"name\":\"Home\",\"item\":\"https:\/\/www.iplay.com\/es\/home-page-2\/\"},{\"@type\":\"ListItem\",\"position\":2,\"name\":\"Shop\",\"item\":\"https:\/\/www.iplay.com\/en\/shop\/\"},{\"@type\":\"ListItem\",\"position\":3,\"name\":\"Detectives United: Mission Possible Collector&#8217;s Edition\"}]},{\"@type\":\"WebSite\",\"@id\":\"https:\/\/www.iplay.com\/en\/#website\",\"url\":\"https:\/\/www.iplay.com\/en\/\",\"name\":\"IPlay\",\"description\":\"The Best Casual Games!\",\"publisher\":{\"@id\":\"https:\/\/www.iplay.com\/en\/#organization\"},\"potentialAction\":[{\"@type\":\"SearchAction\",\"target\":{\"@type\":\"EntryPoint\",\"urlTemplate\":\"https:\/\/www.iplay.com\/en\/?s={search_term_string}\"},\"query-input\":{\"@type\":\"PropertyValueSpecification\",\"valueRequired\":true,\"valueName\":\"search_term_string\"}}],\"inLanguage\":\"es\"},{\"@type\":\"Organization\",\"@id\":\"https:\/\/www.iplay.com\/en\/#organization\",\"name\":\"IPlay\",\"url\":\"https:\/\/www.iplay.com\/en\/\",\"logo\":{\"@type\":\"ImageObject\",\"inLanguage\":\"es\",\"@id\":\"https:\/\/www.iplay.com\/en\/#\/schema\/logo\/image\/\",\"url\":\"https:\/\/www.iplay.com\/wp-content\/uploads\/2023\/11\/Group-6100.svg\",\"contentUrl\":\"https:\/\/www.iplay.com\/wp-content\/uploads\/2023\/11\/Group-6100.svg\",\"width\":98,\"height\":25,\"caption\":\"IPlay\"},\"image\":{\"@id\":\"https:\/\/www.iplay.com\/en\/#\/schema\/logo\/image\/\"}}]}<\/script>\n<!-- \/ Yoast SEO Premium plugin. -->","yoast_head_json":{"title":"Aventura \u00e9pica de objetos ocultos: \u00a1Carrera para salvar Myst Hill!","description":"Corre para salvar Myst Hill en esta emocionante aventura de objetos ocultos: \u00a1re\u00fane a tu equipo de detectives y det\u00e9n a una organizaci\u00f3n siniestra antes de que sea demasiado tarde!","robots":{"index":"index","follow":"follow","max-snippet":"max-snippet:-1","max-image-preview":"max-image-preview:large","max-video-preview":"max-video-preview:-1"},"canonical":"https:\/\/www.iplay.com\/en\/games\/detectives-united-mission-possible-collectors-edition\/","og_locale":"es_ES","og_type":"article","og_title":"Detectives United: Mission Possible Collector's Edition","og_description":"Corre para salvar Myst Hill en esta emocionante aventura de objetos ocultos: \u00a1re\u00fane a tu equipo de detectives y det\u00e9n a una organizaci\u00f3n siniestra antes de que sea demasiado tarde!","og_url":"https:\/\/www.iplay.com\/en\/games\/detectives-united-mission-possible-collectors-edition\/","og_site_name":"IPlay","og_image":[{"width":715,"height":485,"url":"https:\/\/www.iplay.com\/wp-content\/uploads\/2025\/04\/detectives_united_mission_possible_ce_large_video_screenshot.webp","type":"image\/webp"}],"twitter_card":"summary_large_image","twitter_misc":{"Est. reading time":"2 minutos"},"schema":{"@context":"https:\/\/schema.org","@graph":[{"@type":"WebPage","@id":"https:\/\/www.iplay.com\/en\/games\/detectives-united-mission-possible-collectors-edition\/","url":"https:\/\/www.iplay.com\/en\/games\/detectives-united-mission-possible-collectors-edition\/","name":"Aventura \u00e9pica de objetos ocultos: \u00a1Carrera para salvar Myst Hill!","isPartOf":{"@id":"https:\/\/www.iplay.com\/en\/#website"},"primaryImageOfPage":{"@id":"https:\/\/www.iplay.com\/en\/games\/detectives-united-mission-possible-collectors-edition\/#primaryimage"},"image":{"@id":"https:\/\/www.iplay.com\/en\/games\/detectives-united-mission-possible-collectors-edition\/#primaryimage"},"thumbnailUrl":"https:\/\/www.iplay.com\/wp-content\/uploads\/2025\/04\/detectives_united_mission_possible_ce_large_video_screenshot.webp","datePublished":"2025-04-16T09:30:47+00:00","description":"Corre para salvar Myst Hill en esta emocionante aventura de objetos ocultos: \u00a1re\u00fane a tu equipo de detectives y det\u00e9n a una organizaci\u00f3n siniestra antes de que sea demasiado tarde!","breadcrumb":{"@id":"https:\/\/www.iplay.com\/en\/games\/detectives-united-mission-possible-collectors-edition\/#breadcrumb"},"inLanguage":"es","potentialAction":[{"@type":"ReadAction","target":["https:\/\/www.iplay.com\/en\/games\/detectives-united-mission-possible-collectors-edition\/"]}]},{"@type":"ImageObject","inLanguage":"es","@id":"https:\/\/www.iplay.com\/en\/games\/detectives-united-mission-possible-collectors-edition\/#primaryimage","url":"https:\/\/www.iplay.com\/wp-content\/uploads\/2025\/04\/detectives_united_mission_possible_ce_large_video_screenshot.webp","contentUrl":"https:\/\/www.iplay.com\/wp-content\/uploads\/2025\/04\/detectives_united_mission_possible_ce_large_video_screenshot.webp","width":715,"height":485},{"@type":"BreadcrumbList","@id":"https:\/\/www.iplay.com\/en\/games\/detectives-united-mission-possible-collectors-edition\/#breadcrumb","itemListElement":[{"@type":"ListItem","position":1,"name":"Home","item":"https:\/\/www.iplay.com\/es\/home-page-2\/"},{"@type":"ListItem","position":2,"name":"Shop","item":"https:\/\/www.iplay.com\/en\/shop\/"},{"@type":"ListItem","position":3,"name":"Detectives United: Mission Possible Collector&#8217;s Edition"}]},{"@type":"WebSite","@id":"https:\/\/www.iplay.com\/en\/#website","url":"https:\/\/www.iplay.com\/en\/","name":"IPlay","description":"The Best Casual Games!","publisher":{"@id":"https:\/\/www.iplay.com\/en\/#organization"},"potentialAction":[{"@type":"SearchAction","target":{"@type":"EntryPoint","urlTemplate":"https:\/\/www.iplay.com\/en\/?s={search_term_string}"},"query-input":{"@type":"PropertyValueSpecification","valueRequired":true,"valueName":"search_term_string"}}],"inLanguage":"es"},{"@type":"Organization","@id":"https:\/\/www.iplay.com\/en\/#organization","name":"IPlay","url":"https:\/\/www.iplay.com\/en\/","logo":{"@type":"ImageObject","inLanguage":"es","@id":"https:\/\/www.iplay.com\/en\/#\/schema\/logo\/image\/","url":"https:\/\/www.iplay.com\/wp-content\/uploads\/2023\/11\/Group-6100.svg","contentUrl":"https:\/\/www.iplay.com\/wp-content\/uploads\/2023\/11\/Group-6100.svg","width":98,"height":25,"caption":"IPlay"},"image":{"@id":"https:\/\/www.iplay.com\/en\/#\/schema\/logo\/image\/"}}]}},"_links":{"self":[{"href":"https:\/\/www.iplay.com\/es\/wp-json\/wp\/v2\/product\/131637","targetHints":{"allow":["GET"]}}],"collection":[{"href":"https:\/\/www.iplay.com\/es\/wp-json\/wp\/v2\/product"}],"about":[{"href":"https:\/\/www.iplay.com\/es\/wp-json\/wp\/v2\/types\/product"}],"author":[{"embeddable":true,"href":"https:\/\/www.iplay.com\/es\/wp-json\/wp\/v2\/users\/17"}],"replies":[{"embeddable":true,"href":"https:\/\/www.iplay.com\/es\/wp-json\/wp\/v2\/comments?post=131637"}],"wp:featuredmedia":[{"embeddable":true,"href":"https:\/\/www.iplay.com\/es\/wp-json\/wp\/v2\/media\/131586"}],"wp:attachment":[{"href":"https:\/\/www.iplay.com\/es\/wp-json\/wp\/v2\/media?parent=131637"}],"wp:term":[{"taxonomy":"product_brand","embeddable":true,"href":"https:\/\/www.iplay.com\/es\/wp-json\/wp\/v2\/product_brand?post=131637"},{"taxonomy":"product_cat","embeddable":true,"href":"https:\/\/www.iplay.com\/es\/wp-json\/wp\/v2\/product_cat?post=131637"},{"taxonomy":"product_tag","embeddable":true,"href":"https:\/\/www.iplay.com\/es\/wp-json\/wp\/v2\/product_tag?post=131637"}],"curies":[{"name":"wp","href":"https:\/\/api.w.org\/{rel}","templated":true}]}}