{"id":131492,"date":"2023-03-24T00:00:02","date_gmt":"2023-03-24T00:00:02","guid":{"rendered":"https:\/\/www.iplay.com\/games\/amandas-magic-book-7-the-way-of-belaii\/"},"modified":"2023-03-24T00:00:02","modified_gmt":"2023-03-24T00:00:02","slug":"amandas-magic-book-7-the-way-of-belaii","status":"publish","type":"product","link":"https:\/\/www.iplay.com\/es\/games\/amandas-magic-book-7-the-way-of-belaii\/","title":{"rendered":"Amanda&#8217;s Magic Book 7: The Way of Belaii"},"content":{"rendered":"<p>Amanda ha tenido muchas aventuras extra\u00f1as en varios lugares m\u00edsticos, pero su viaje m\u00e1s extra\u00f1o ya est\u00e1 sobre ella. Su t\u00edo antrop\u00f3logo se encontr\u00f3 con un texto antiguo que cuenta la historia de una civilizaci\u00f3n perdida hace mucho tiempo que una vez existi\u00f3 en la Tierra. Amanda, su t\u00edo y Charlie son transportados al mundo del texto, donde descubren un extra\u00f1o pasado diferente a todo lo que hab\u00edan imaginado. El pac\u00edfico pueblo Belaii vive en armon\u00eda con la naturaleza all\u00ed, pero un nuevo enemigo est\u00e1 en camino y su serena existencia est\u00e1 a punto de terminar. \u00bfPodr\u00e1 Amanda ayudarles a superar su destino?    <\/p>\n<p>&nbsp;<\/p>\n<p>&nbsp;<\/p>\n<p><strong>Funciones:<\/strong><\/p>\n<p>&nbsp;<\/p>\n<p>&#8211; Una nueva y emocionante aventura ambientada en las p\u00e1ginas de un antiguo documento que se supone que trata sobre la historia olvidada de la Tierra.<\/p>\n<p>&#8211; Haz nuevos conocidos y oponentes aterradores mientras Amanda y Charlie navegan por una tierra extra\u00f1a.<\/p>\n<p>&#8211; Resuelve divertidos acertijos de combina 3 para recolectar recursos y desbloquear nuevas mejoras en la historia.<\/p>\n<p>&#8211; 20 mejoras trazan la trayectoria de la aventura de Amanda en una nueva historia de cinco cap\u00edtulos.<\/p>\n<p>&#8211; Experimenta la fascinante vida del pueblo Belaii con Amanda y Charlie<\/p>\n<p>&#8211; \u00danete a Amanda y Charlie en una aventura que nunca olvidar\u00e1n<\/p>\n<p>&#8211; Salva al pueblo Belaii de enemigos feroces e inesperados<\/p>\n","protected":false},"excerpt":{"rendered":"<p>\u00a1Acompa\u00f1a a Amanda en su nuevo y emocionante viaje con la tribu Belaii en un reino fant\u00e1stico!<\/p>\n","protected":false},"author":42,"featured_media":73944,"comment_status":"open","ping_status":"closed","template":"","meta":{"_acf_changed":false,"inline_featured_image":false},"product_brand":[],"product_cat":[192],"product_tag":[],"class_list":{"0":"post-131492","1":"product","2":"type-product","3":"status-publish","4":"has-post-thumbnail","6":"product_cat-puzzle-es","8":"first","9":"instock","10":"shipping-taxable","11":"purchasable","12":"product-type-simple"},"acf":[],"yoast_head":"<!-- This site is optimized with the Yoast SEO Premium plugin v25.2 (Yoast SEO v25.2) - https:\/\/yoast.com\/wordpress\/plugins\/seo\/ -->\n<title>Amanda&#039;s Magic Book 7: The Way of Belaii - \u00danete a Amanda en una incre\u00edble aventura con el pueblo Belaii<\/title>\n<meta name=\"description\" content=\"\u00a1Acompa\u00f1a a Amanda en su nuevo y emocionante viaje con la tribu Belaii en un reino fant\u00e1stico!\" \/>\n<meta name=\"robots\" content=\"index, follow, max-snippet:-1, max-image-preview:large, max-video-preview:-1\" \/>\n<link rel=\"canonical\" href=\"https:\/\/www.iplay.com\/es\/games\/amandas-magic-book-7-the-way-of-belaii\/\" \/>\n<meta property=\"og:locale\" content=\"es_ES\" \/>\n<meta property=\"og:type\" content=\"article\" \/>\n<meta property=\"og:title\" content=\"Amanda&#039;s Magic Book 7: The Way of Belaii\" \/>\n<meta property=\"og:description\" content=\"\u00a1Acompa\u00f1a a Amanda en su nuevo y emocionante viaje con la tribu Belaii en un reino fant\u00e1stico!\" \/>\n<meta property=\"og:url\" content=\"https:\/\/www.iplay.com\/es\/games\/amandas-magic-book-7-the-way-of-belaii\/\" \/>\n<meta property=\"og:site_name\" content=\"IPlay\" \/>\n<meta property=\"og:image\" content=\"https:\/\/www.iplay.com\/wp-content\/uploads\/2023\/12\/large_square_tile_image-2115.jpg\" \/>\n\t<meta property=\"og:image:width\" content=\"310\" \/>\n\t<meta property=\"og:image:height\" content=\"310\" \/>\n\t<meta property=\"og:image:type\" content=\"image\/jpeg\" \/>\n<meta name=\"twitter:card\" content=\"summary_large_image\" \/>\n<meta name=\"twitter:label1\" content=\"Est. reading time\" \/>\n\t<meta name=\"twitter:data1\" content=\"1 minuto\" \/>\n<script type=\"application\/ld+json\" class=\"yoast-schema-graph\">{\"@context\":\"https:\/\/schema.org\",\"@graph\":[{\"@type\":\"WebPage\",\"@id\":\"https:\/\/www.iplay.com\/es\/games\/amandas-magic-book-7-the-way-of-belaii\/\",\"url\":\"https:\/\/www.iplay.com\/es\/games\/amandas-magic-book-7-the-way-of-belaii\/\",\"name\":\"Amanda's Magic Book 7: The Way of Belaii - \u00danete a Amanda en una incre\u00edble aventura con el pueblo Belaii\",\"isPartOf\":{\"@id\":\"https:\/\/www.iplay.com\/en\/#website\"},\"primaryImageOfPage\":{\"@id\":\"https:\/\/www.iplay.com\/es\/games\/amandas-magic-book-7-the-way-of-belaii\/#primaryimage\"},\"image\":{\"@id\":\"https:\/\/www.iplay.com\/es\/games\/amandas-magic-book-7-the-way-of-belaii\/#primaryimage\"},\"thumbnailUrl\":\"https:\/\/www.iplay.com\/wp-content\/uploads\/2023\/12\/large_square_tile_image-2115.jpg\",\"datePublished\":\"2023-03-24T00:00:02+00:00\",\"description\":\"\u00a1Acompa\u00f1a a Amanda en su nuevo y emocionante viaje con la tribu Belaii en un reino fant\u00e1stico!\",\"breadcrumb\":{\"@id\":\"https:\/\/www.iplay.com\/es\/games\/amandas-magic-book-7-the-way-of-belaii\/#breadcrumb\"},\"inLanguage\":\"es\",\"potentialAction\":[{\"@type\":\"ReadAction\",\"target\":[\"https:\/\/www.iplay.com\/es\/games\/amandas-magic-book-7-the-way-of-belaii\/\"]}]},{\"@type\":\"ImageObject\",\"inLanguage\":\"es\",\"@id\":\"https:\/\/www.iplay.com\/es\/games\/amandas-magic-book-7-the-way-of-belaii\/#primaryimage\",\"url\":\"https:\/\/www.iplay.com\/wp-content\/uploads\/2023\/12\/large_square_tile_image-2115.jpg\",\"contentUrl\":\"https:\/\/www.iplay.com\/wp-content\/uploads\/2023\/12\/large_square_tile_image-2115.jpg\",\"width\":310,\"height\":310},{\"@type\":\"BreadcrumbList\",\"@id\":\"https:\/\/www.iplay.com\/es\/games\/amandas-magic-book-7-the-way-of-belaii\/#breadcrumb\",\"itemListElement\":[{\"@type\":\"ListItem\",\"position\":1,\"name\":\"Home\",\"item\":\"https:\/\/www.iplay.com\/es\/home-page-2\/\"},{\"@type\":\"ListItem\",\"position\":2,\"name\":\"Shop\",\"item\":\"https:\/\/www.iplay.com\/en\/shop\/\"},{\"@type\":\"ListItem\",\"position\":3,\"name\":\"Amanda&#8217;s Magic Book 7: The Way of Belaii\"}]},{\"@type\":\"WebSite\",\"@id\":\"https:\/\/www.iplay.com\/en\/#website\",\"url\":\"https:\/\/www.iplay.com\/en\/\",\"name\":\"IPlay\",\"description\":\"The Best Casual Games!\",\"publisher\":{\"@id\":\"https:\/\/www.iplay.com\/en\/#organization\"},\"potentialAction\":[{\"@type\":\"SearchAction\",\"target\":{\"@type\":\"EntryPoint\",\"urlTemplate\":\"https:\/\/www.iplay.com\/en\/?s={search_term_string}\"},\"query-input\":{\"@type\":\"PropertyValueSpecification\",\"valueRequired\":true,\"valueName\":\"search_term_string\"}}],\"inLanguage\":\"es\"},{\"@type\":\"Organization\",\"@id\":\"https:\/\/www.iplay.com\/en\/#organization\",\"name\":\"IPlay\",\"url\":\"https:\/\/www.iplay.com\/en\/\",\"logo\":{\"@type\":\"ImageObject\",\"inLanguage\":\"es\",\"@id\":\"https:\/\/www.iplay.com\/en\/#\/schema\/logo\/image\/\",\"url\":\"https:\/\/www.iplay.com\/wp-content\/uploads\/2023\/11\/Group-6100.svg\",\"contentUrl\":\"https:\/\/www.iplay.com\/wp-content\/uploads\/2023\/11\/Group-6100.svg\",\"width\":98,\"height\":25,\"caption\":\"IPlay\"},\"image\":{\"@id\":\"https:\/\/www.iplay.com\/en\/#\/schema\/logo\/image\/\"}}]}<\/script>\n<!-- \/ Yoast SEO Premium plugin. -->","yoast_head_json":{"title":"Amanda's Magic Book 7: The Way of Belaii - \u00danete a Amanda en una incre\u00edble aventura con el pueblo Belaii","description":"\u00a1Acompa\u00f1a a Amanda en su nuevo y emocionante viaje con la tribu Belaii en un reino fant\u00e1stico!","robots":{"index":"index","follow":"follow","max-snippet":"max-snippet:-1","max-image-preview":"max-image-preview:large","max-video-preview":"max-video-preview:-1"},"canonical":"https:\/\/www.iplay.com\/es\/games\/amandas-magic-book-7-the-way-of-belaii\/","og_locale":"es_ES","og_type":"article","og_title":"Amanda's Magic Book 7: The Way of Belaii","og_description":"\u00a1Acompa\u00f1a a Amanda en su nuevo y emocionante viaje con la tribu Belaii en un reino fant\u00e1stico!","og_url":"https:\/\/www.iplay.com\/es\/games\/amandas-magic-book-7-the-way-of-belaii\/","og_site_name":"IPlay","og_image":[{"width":310,"height":310,"url":"https:\/\/www.iplay.com\/wp-content\/uploads\/2023\/12\/large_square_tile_image-2115.jpg","type":"image\/jpeg"}],"twitter_card":"summary_large_image","twitter_misc":{"Est. reading time":"1 minuto"},"schema":{"@context":"https:\/\/schema.org","@graph":[{"@type":"WebPage","@id":"https:\/\/www.iplay.com\/es\/games\/amandas-magic-book-7-the-way-of-belaii\/","url":"https:\/\/www.iplay.com\/es\/games\/amandas-magic-book-7-the-way-of-belaii\/","name":"Amanda's Magic Book 7: The Way of Belaii - \u00danete a Amanda en una incre\u00edble aventura con el pueblo Belaii","isPartOf":{"@id":"https:\/\/www.iplay.com\/en\/#website"},"primaryImageOfPage":{"@id":"https:\/\/www.iplay.com\/es\/games\/amandas-magic-book-7-the-way-of-belaii\/#primaryimage"},"image":{"@id":"https:\/\/www.iplay.com\/es\/games\/amandas-magic-book-7-the-way-of-belaii\/#primaryimage"},"thumbnailUrl":"https:\/\/www.iplay.com\/wp-content\/uploads\/2023\/12\/large_square_tile_image-2115.jpg","datePublished":"2023-03-24T00:00:02+00:00","description":"\u00a1Acompa\u00f1a a Amanda en su nuevo y emocionante viaje con la tribu Belaii en un reino fant\u00e1stico!","breadcrumb":{"@id":"https:\/\/www.iplay.com\/es\/games\/amandas-magic-book-7-the-way-of-belaii\/#breadcrumb"},"inLanguage":"es","potentialAction":[{"@type":"ReadAction","target":["https:\/\/www.iplay.com\/es\/games\/amandas-magic-book-7-the-way-of-belaii\/"]}]},{"@type":"ImageObject","inLanguage":"es","@id":"https:\/\/www.iplay.com\/es\/games\/amandas-magic-book-7-the-way-of-belaii\/#primaryimage","url":"https:\/\/www.iplay.com\/wp-content\/uploads\/2023\/12\/large_square_tile_image-2115.jpg","contentUrl":"https:\/\/www.iplay.com\/wp-content\/uploads\/2023\/12\/large_square_tile_image-2115.jpg","width":310,"height":310},{"@type":"BreadcrumbList","@id":"https:\/\/www.iplay.com\/es\/games\/amandas-magic-book-7-the-way-of-belaii\/#breadcrumb","itemListElement":[{"@type":"ListItem","position":1,"name":"Home","item":"https:\/\/www.iplay.com\/es\/home-page-2\/"},{"@type":"ListItem","position":2,"name":"Shop","item":"https:\/\/www.iplay.com\/en\/shop\/"},{"@type":"ListItem","position":3,"name":"Amanda&#8217;s Magic Book 7: The Way of Belaii"}]},{"@type":"WebSite","@id":"https:\/\/www.iplay.com\/en\/#website","url":"https:\/\/www.iplay.com\/en\/","name":"IPlay","description":"The Best Casual Games!","publisher":{"@id":"https:\/\/www.iplay.com\/en\/#organization"},"potentialAction":[{"@type":"SearchAction","target":{"@type":"EntryPoint","urlTemplate":"https:\/\/www.iplay.com\/en\/?s={search_term_string}"},"query-input":{"@type":"PropertyValueSpecification","valueRequired":true,"valueName":"search_term_string"}}],"inLanguage":"es"},{"@type":"Organization","@id":"https:\/\/www.iplay.com\/en\/#organization","name":"IPlay","url":"https:\/\/www.iplay.com\/en\/","logo":{"@type":"ImageObject","inLanguage":"es","@id":"https:\/\/www.iplay.com\/en\/#\/schema\/logo\/image\/","url":"https:\/\/www.iplay.com\/wp-content\/uploads\/2023\/11\/Group-6100.svg","contentUrl":"https:\/\/www.iplay.com\/wp-content\/uploads\/2023\/11\/Group-6100.svg","width":98,"height":25,"caption":"IPlay"},"image":{"@id":"https:\/\/www.iplay.com\/en\/#\/schema\/logo\/image\/"}}]}},"_links":{"self":[{"href":"https:\/\/www.iplay.com\/es\/wp-json\/wp\/v2\/product\/131492","targetHints":{"allow":["GET"]}}],"collection":[{"href":"https:\/\/www.iplay.com\/es\/wp-json\/wp\/v2\/product"}],"about":[{"href":"https:\/\/www.iplay.com\/es\/wp-json\/wp\/v2\/types\/product"}],"author":[{"embeddable":true,"href":"https:\/\/www.iplay.com\/es\/wp-json\/wp\/v2\/users\/42"}],"replies":[{"embeddable":true,"href":"https:\/\/www.iplay.com\/es\/wp-json\/wp\/v2\/comments?post=131492"}],"wp:featuredmedia":[{"embeddable":true,"href":"https:\/\/www.iplay.com\/es\/wp-json\/wp\/v2\/media\/73944"}],"wp:attachment":[{"href":"https:\/\/www.iplay.com\/es\/wp-json\/wp\/v2\/media?parent=131492"}],"wp:term":[{"taxonomy":"product_brand","embeddable":true,"href":"https:\/\/www.iplay.com\/es\/wp-json\/wp\/v2\/product_brand?post=131492"},{"taxonomy":"product_cat","embeddable":true,"href":"https:\/\/www.iplay.com\/es\/wp-json\/wp\/v2\/product_cat?post=131492"},{"taxonomy":"product_tag","embeddable":true,"href":"https:\/\/www.iplay.com\/es\/wp-json\/wp\/v2\/product_tag?post=131492"}],"curies":[{"name":"wp","href":"https:\/\/api.w.org\/{rel}","templated":true}]}}