{"id":131483,"date":"2023-03-29T00:00:00","date_gmt":"2023-03-29T00:00:00","guid":{"rendered":"https:\/\/www.iplay.com\/games\/paranormal-files-price-of-a-secret-collectors-edition\/"},"modified":"2023-03-29T00:00:00","modified_gmt":"2023-03-29T00:00:00","slug":"paranormal-files-price-of-a-secret-collectors-edition","status":"publish","type":"product","link":"https:\/\/www.iplay.com\/es\/games\/paranormal-files-price-of-a-secret-collectors-edition\/","title":{"rendered":"Paranormal Files: Price of a Secret Collector&#8217;s Edition"},"content":{"rendered":"<p>\u00a1Saludos y saludos por la pr\u00f3xima y emocionante investigaci\u00f3n de la serie Paranormal Files! \u00a1Usted y su equipo est\u00e1n en su caso m\u00e1s dif\u00edcil hasta ahora cuando una transmisi\u00f3n de televisi\u00f3n los dirige al paradero de un amigo que ha desaparecido! El vi\u00f1edo y el hotel de los Russell han sido durante mucho tiempo objeto de historias de fantasmas, \u00a1pero lo paranormal no comienza a actuar hasta que llegas all\u00ed! Algo no se detendr\u00e1 ante nada para mantener sus secretos ocultos, y no quiere que explores la isla aislada. \u00bfPodr\u00e1n t\u00fa y tu escuadr\u00f3n encontrar el verdadero precio del \u00e9xito y llegar a tiempo? \u00a1En esta horrible aventura de rompecabezas de objetos ocultos, descubre la verdad!     <\/p>\n<p>&nbsp;<\/p>\n<p>&nbsp;<\/p>\n<p><strong>Funciones:<\/strong><\/p>\n<p>&nbsp;<\/p>\n<p>&#8211; Sum\u00e9rgete en un espeluznante misterio hist\u00f3rico en el juego de bonificaci\u00f3n tras el descubrimiento de una pista asombrosa. \u00a1Vuelve a jugar tus HOPs y minijuegos favoritos para ganar premios!<br \/>\n&#8211; \u00a1Descubre varias figuritas de valor incalculable y ojos ocultos! \u00a1Obt\u00e9n arte conceptual original, m\u00fasica, pel\u00edculas, fondos de pantalla y otras delicias! \u00a1La gu\u00eda de estrategia se asegurar\u00e1 de que nunca te pierdas!<\/p>\n","protected":false},"excerpt":{"rendered":"<p>\u00bfPodr\u00e1s evitar que lo paranormal cause estragos en un hotel y una bodega que han ganado premios?<\/p>\n","protected":false},"author":17,"featured_media":73912,"comment_status":"open","ping_status":"closed","template":"","meta":{"_acf_changed":false,"inline_featured_image":false},"product_brand":[],"product_cat":[166],"product_tag":[288],"class_list":{"0":"post-131483","1":"product","2":"type-product","3":"status-publish","4":"has-post-thumbnail","6":"product_cat-hidden-object-es","7":"product_tag-play-on-pc-es","9":"first","10":"instock","11":"shipping-taxable","12":"purchasable","13":"product-type-simple"},"acf":[],"yoast_head":"<!-- This site is optimized with the Yoast SEO Premium plugin v25.2 (Yoast SEO v25.2) - https:\/\/yoast.com\/wordpress\/plugins\/seo\/ -->\n<title>Paranormal Files: Price of a Secret Collector&#039;s Edition - Evita que lo sobrenatural cause estragos en una bodega y un hotel<\/title>\n<meta name=\"description\" content=\"\u00bfPodr\u00e1s evitar que lo paranormal cause estragos en un hotel y una bodega que han ganado premios?\" \/>\n<meta name=\"robots\" content=\"index, follow, max-snippet:-1, max-image-preview:large, max-video-preview:-1\" \/>\n<link rel=\"canonical\" href=\"https:\/\/www.iplay.com\/es\/games\/paranormal-files-price-of-a-secret-collectors-edition\/\" \/>\n<meta property=\"og:locale\" content=\"es_ES\" \/>\n<meta property=\"og:type\" content=\"article\" \/>\n<meta property=\"og:title\" content=\"Paranormal Files: Price of a Secret Collector&#039;s Edition\" \/>\n<meta property=\"og:description\" content=\"\u00bfPodr\u00e1s evitar que lo paranormal cause estragos en un hotel y una bodega que han ganado premios?\" \/>\n<meta property=\"og:url\" content=\"https:\/\/www.iplay.com\/es\/games\/paranormal-files-price-of-a-secret-collectors-edition\/\" \/>\n<meta property=\"og:site_name\" content=\"IPlay\" \/>\n<meta property=\"og:image\" content=\"https:\/\/www.iplay.com\/wp-content\/uploads\/2023\/12\/large_square_tile_image-2113.jpg\" \/>\n\t<meta property=\"og:image:width\" content=\"310\" \/>\n\t<meta property=\"og:image:height\" content=\"310\" \/>\n\t<meta property=\"og:image:type\" content=\"image\/jpeg\" \/>\n<meta name=\"twitter:card\" content=\"summary_large_image\" \/>\n<meta name=\"twitter:label1\" content=\"Est. reading time\" \/>\n\t<meta name=\"twitter:data1\" content=\"1 minuto\" \/>\n<script type=\"application\/ld+json\" class=\"yoast-schema-graph\">{\"@context\":\"https:\/\/schema.org\",\"@graph\":[{\"@type\":\"WebPage\",\"@id\":\"https:\/\/www.iplay.com\/es\/games\/paranormal-files-price-of-a-secret-collectors-edition\/\",\"url\":\"https:\/\/www.iplay.com\/es\/games\/paranormal-files-price-of-a-secret-collectors-edition\/\",\"name\":\"Paranormal Files: Price of a Secret Collector's Edition - Evita que lo sobrenatural cause estragos en una bodega y un hotel\",\"isPartOf\":{\"@id\":\"https:\/\/www.iplay.com\/en\/#website\"},\"primaryImageOfPage\":{\"@id\":\"https:\/\/www.iplay.com\/es\/games\/paranormal-files-price-of-a-secret-collectors-edition\/#primaryimage\"},\"image\":{\"@id\":\"https:\/\/www.iplay.com\/es\/games\/paranormal-files-price-of-a-secret-collectors-edition\/#primaryimage\"},\"thumbnailUrl\":\"https:\/\/www.iplay.com\/wp-content\/uploads\/2023\/12\/large_square_tile_image-2113.jpg\",\"datePublished\":\"2023-03-29T00:00:00+00:00\",\"description\":\"\u00bfPodr\u00e1s evitar que lo paranormal cause estragos en un hotel y una bodega que han ganado premios?\",\"breadcrumb\":{\"@id\":\"https:\/\/www.iplay.com\/es\/games\/paranormal-files-price-of-a-secret-collectors-edition\/#breadcrumb\"},\"inLanguage\":\"es\",\"potentialAction\":[{\"@type\":\"ReadAction\",\"target\":[\"https:\/\/www.iplay.com\/es\/games\/paranormal-files-price-of-a-secret-collectors-edition\/\"]}]},{\"@type\":\"ImageObject\",\"inLanguage\":\"es\",\"@id\":\"https:\/\/www.iplay.com\/es\/games\/paranormal-files-price-of-a-secret-collectors-edition\/#primaryimage\",\"url\":\"https:\/\/www.iplay.com\/wp-content\/uploads\/2023\/12\/large_square_tile_image-2113.jpg\",\"contentUrl\":\"https:\/\/www.iplay.com\/wp-content\/uploads\/2023\/12\/large_square_tile_image-2113.jpg\",\"width\":310,\"height\":310},{\"@type\":\"BreadcrumbList\",\"@id\":\"https:\/\/www.iplay.com\/es\/games\/paranormal-files-price-of-a-secret-collectors-edition\/#breadcrumb\",\"itemListElement\":[{\"@type\":\"ListItem\",\"position\":1,\"name\":\"Home\",\"item\":\"https:\/\/www.iplay.com\/es\/home-page-2\/\"},{\"@type\":\"ListItem\",\"position\":2,\"name\":\"Shop\",\"item\":\"https:\/\/www.iplay.com\/en\/shop\/\"},{\"@type\":\"ListItem\",\"position\":3,\"name\":\"Paranormal Files: Price of a Secret Collector&#8217;s Edition\"}]},{\"@type\":\"WebSite\",\"@id\":\"https:\/\/www.iplay.com\/en\/#website\",\"url\":\"https:\/\/www.iplay.com\/en\/\",\"name\":\"IPlay\",\"description\":\"The Best Casual Games!\",\"publisher\":{\"@id\":\"https:\/\/www.iplay.com\/en\/#organization\"},\"potentialAction\":[{\"@type\":\"SearchAction\",\"target\":{\"@type\":\"EntryPoint\",\"urlTemplate\":\"https:\/\/www.iplay.com\/en\/?s={search_term_string}\"},\"query-input\":{\"@type\":\"PropertyValueSpecification\",\"valueRequired\":true,\"valueName\":\"search_term_string\"}}],\"inLanguage\":\"es\"},{\"@type\":\"Organization\",\"@id\":\"https:\/\/www.iplay.com\/en\/#organization\",\"name\":\"IPlay\",\"url\":\"https:\/\/www.iplay.com\/en\/\",\"logo\":{\"@type\":\"ImageObject\",\"inLanguage\":\"es\",\"@id\":\"https:\/\/www.iplay.com\/en\/#\/schema\/logo\/image\/\",\"url\":\"https:\/\/www.iplay.com\/wp-content\/uploads\/2023\/11\/Group-6100.svg\",\"contentUrl\":\"https:\/\/www.iplay.com\/wp-content\/uploads\/2023\/11\/Group-6100.svg\",\"width\":98,\"height\":25,\"caption\":\"IPlay\"},\"image\":{\"@id\":\"https:\/\/www.iplay.com\/en\/#\/schema\/logo\/image\/\"}}]}<\/script>\n<!-- \/ Yoast SEO Premium plugin. -->","yoast_head_json":{"title":"Paranormal Files: Price of a Secret Collector's Edition - Evita que lo sobrenatural cause estragos en una bodega y un hotel","description":"\u00bfPodr\u00e1s evitar que lo paranormal cause estragos en un hotel y una bodega que han ganado premios?","robots":{"index":"index","follow":"follow","max-snippet":"max-snippet:-1","max-image-preview":"max-image-preview:large","max-video-preview":"max-video-preview:-1"},"canonical":"https:\/\/www.iplay.com\/es\/games\/paranormal-files-price-of-a-secret-collectors-edition\/","og_locale":"es_ES","og_type":"article","og_title":"Paranormal Files: Price of a Secret Collector's Edition","og_description":"\u00bfPodr\u00e1s evitar que lo paranormal cause estragos en un hotel y una bodega que han ganado premios?","og_url":"https:\/\/www.iplay.com\/es\/games\/paranormal-files-price-of-a-secret-collectors-edition\/","og_site_name":"IPlay","og_image":[{"width":310,"height":310,"url":"https:\/\/www.iplay.com\/wp-content\/uploads\/2023\/12\/large_square_tile_image-2113.jpg","type":"image\/jpeg"}],"twitter_card":"summary_large_image","twitter_misc":{"Est. reading time":"1 minuto"},"schema":{"@context":"https:\/\/schema.org","@graph":[{"@type":"WebPage","@id":"https:\/\/www.iplay.com\/es\/games\/paranormal-files-price-of-a-secret-collectors-edition\/","url":"https:\/\/www.iplay.com\/es\/games\/paranormal-files-price-of-a-secret-collectors-edition\/","name":"Paranormal Files: Price of a Secret Collector's Edition - Evita que lo sobrenatural cause estragos en una bodega y un hotel","isPartOf":{"@id":"https:\/\/www.iplay.com\/en\/#website"},"primaryImageOfPage":{"@id":"https:\/\/www.iplay.com\/es\/games\/paranormal-files-price-of-a-secret-collectors-edition\/#primaryimage"},"image":{"@id":"https:\/\/www.iplay.com\/es\/games\/paranormal-files-price-of-a-secret-collectors-edition\/#primaryimage"},"thumbnailUrl":"https:\/\/www.iplay.com\/wp-content\/uploads\/2023\/12\/large_square_tile_image-2113.jpg","datePublished":"2023-03-29T00:00:00+00:00","description":"\u00bfPodr\u00e1s evitar que lo paranormal cause estragos en un hotel y una bodega que han ganado premios?","breadcrumb":{"@id":"https:\/\/www.iplay.com\/es\/games\/paranormal-files-price-of-a-secret-collectors-edition\/#breadcrumb"},"inLanguage":"es","potentialAction":[{"@type":"ReadAction","target":["https:\/\/www.iplay.com\/es\/games\/paranormal-files-price-of-a-secret-collectors-edition\/"]}]},{"@type":"ImageObject","inLanguage":"es","@id":"https:\/\/www.iplay.com\/es\/games\/paranormal-files-price-of-a-secret-collectors-edition\/#primaryimage","url":"https:\/\/www.iplay.com\/wp-content\/uploads\/2023\/12\/large_square_tile_image-2113.jpg","contentUrl":"https:\/\/www.iplay.com\/wp-content\/uploads\/2023\/12\/large_square_tile_image-2113.jpg","width":310,"height":310},{"@type":"BreadcrumbList","@id":"https:\/\/www.iplay.com\/es\/games\/paranormal-files-price-of-a-secret-collectors-edition\/#breadcrumb","itemListElement":[{"@type":"ListItem","position":1,"name":"Home","item":"https:\/\/www.iplay.com\/es\/home-page-2\/"},{"@type":"ListItem","position":2,"name":"Shop","item":"https:\/\/www.iplay.com\/en\/shop\/"},{"@type":"ListItem","position":3,"name":"Paranormal Files: Price of a Secret Collector&#8217;s Edition"}]},{"@type":"WebSite","@id":"https:\/\/www.iplay.com\/en\/#website","url":"https:\/\/www.iplay.com\/en\/","name":"IPlay","description":"The Best Casual Games!","publisher":{"@id":"https:\/\/www.iplay.com\/en\/#organization"},"potentialAction":[{"@type":"SearchAction","target":{"@type":"EntryPoint","urlTemplate":"https:\/\/www.iplay.com\/en\/?s={search_term_string}"},"query-input":{"@type":"PropertyValueSpecification","valueRequired":true,"valueName":"search_term_string"}}],"inLanguage":"es"},{"@type":"Organization","@id":"https:\/\/www.iplay.com\/en\/#organization","name":"IPlay","url":"https:\/\/www.iplay.com\/en\/","logo":{"@type":"ImageObject","inLanguage":"es","@id":"https:\/\/www.iplay.com\/en\/#\/schema\/logo\/image\/","url":"https:\/\/www.iplay.com\/wp-content\/uploads\/2023\/11\/Group-6100.svg","contentUrl":"https:\/\/www.iplay.com\/wp-content\/uploads\/2023\/11\/Group-6100.svg","width":98,"height":25,"caption":"IPlay"},"image":{"@id":"https:\/\/www.iplay.com\/en\/#\/schema\/logo\/image\/"}}]}},"_links":{"self":[{"href":"https:\/\/www.iplay.com\/es\/wp-json\/wp\/v2\/product\/131483","targetHints":{"allow":["GET"]}}],"collection":[{"href":"https:\/\/www.iplay.com\/es\/wp-json\/wp\/v2\/product"}],"about":[{"href":"https:\/\/www.iplay.com\/es\/wp-json\/wp\/v2\/types\/product"}],"author":[{"embeddable":true,"href":"https:\/\/www.iplay.com\/es\/wp-json\/wp\/v2\/users\/17"}],"replies":[{"embeddable":true,"href":"https:\/\/www.iplay.com\/es\/wp-json\/wp\/v2\/comments?post=131483"}],"wp:featuredmedia":[{"embeddable":true,"href":"https:\/\/www.iplay.com\/es\/wp-json\/wp\/v2\/media\/73912"}],"wp:attachment":[{"href":"https:\/\/www.iplay.com\/es\/wp-json\/wp\/v2\/media?parent=131483"}],"wp:term":[{"taxonomy":"product_brand","embeddable":true,"href":"https:\/\/www.iplay.com\/es\/wp-json\/wp\/v2\/product_brand?post=131483"},{"taxonomy":"product_cat","embeddable":true,"href":"https:\/\/www.iplay.com\/es\/wp-json\/wp\/v2\/product_cat?post=131483"},{"taxonomy":"product_tag","embeddable":true,"href":"https:\/\/www.iplay.com\/es\/wp-json\/wp\/v2\/product_tag?post=131483"}],"curies":[{"name":"wp","href":"https:\/\/api.w.org\/{rel}","templated":true}]}}