{"id":131306,"date":"2025-04-11T08:35:59","date_gmt":"2025-04-11T08:35:59","guid":{"rendered":"https:\/\/www.iplay.com\/games\/pixel-art-78\/"},"modified":"2025-04-11T10:59:06","modified_gmt":"2025-04-11T10:59:06","slug":"pixel-art-78","status":"publish","type":"product","link":"https:\/\/www.iplay.com\/es\/games\/pixel-art-78\/","title":{"rendered":"Pixel Art 78"},"content":{"rendered":"<p class=\"whitespace-pre-wrap break-words\">A trav\u00e9s de Pixel Art 78 se proporciona una experiencia de pintura digital verdaderamente relajante y atractiva, donde el artista interior de cada persona se puede desatar con facilidad. Se elimina el estr\u00e9s de la selecci\u00f3n de color y se da la bienvenida a la creatividad sin esfuerzo en su lugar. Se ha reunido una incre\u00edble colecci\u00f3n de im\u00e1genes vibrantes y diversas, a trav\u00e9s de las cuales las obras maestras cobran vida simplemente siguiendo la gu\u00eda numerada. Ya sea que se posea experiencia art\u00edstica o se busque relajaci\u00f3n, se ofrece un entorno agradable y sin presi\u00f3n donde se puede experimentar la inmersi\u00f3n en el mundo del arte de p\u00edxeles perfectos. Se permite que la creatividad fluya libremente a medida que se produce el desenrollado y cada imagen se transforma en una impresionante obra de belleza digital.    <\/p>\n<p>&nbsp;<\/p>\n<p class=\"text-xl font-bold text-text-100 mt-1 -mb-0.5\"><strong>Funciones<\/strong><\/p>\n<ul class=\"[&amp;:not(:last-child)_ul]:pb-1 [&amp;:not(:last-child)_ol]:pb-1 list-disc space-y-1.5 pl-7\">\n<li class=\"whitespace-normal break-words\"><strong>Extensa biblioteca de im\u00e1genes<\/strong>: se han seleccionado 80 im\u00e1genes encantadoras, cada una de las cuales espera ser iluminada por el toque art\u00edstico del usuario.<\/li>\n<li class=\"whitespace-normal break-words\"><strong>Herramientas de dise\u00f1o innovadoras<\/strong>: Las secciones de la obra de arte se pueden completar con facilidad a trav\u00e9s de la pr\u00e1ctica herramienta de \u00e1rea de relleno, mediante la cual el proceso de pintura se hace m\u00e1s suave y agradable.<\/li>\n<li class=\"whitespace-normal break-words\"><strong>Experiencia terap\u00e9utica<\/strong>: Se pueden disfrutar horas de entretenimiento relajante y meditativo mientras las coloridas creaciones cobran vida un p\u00edxel a la vez.<\/li>\n<li class=\"whitespace-normal break-words\"><strong>Accesibilidad universal<\/strong>: El juego ha sido dise\u00f1ado para ser perfecto para todas las edades y niveles de habilidad, con una interfaz intuitiva que puede ser navegada por cualquier persona.<\/li>\n<\/ul>\n<p>&nbsp;<\/p>\n<p class=\"whitespace-pre-wrap break-words\">El viaje de pintura digital en Pixel Art 78 se puede comenzar de inmediato, donde la expresi\u00f3n art\u00edstica se simplifica y la alegr\u00eda de la creaci\u00f3n se maximiza a trav\u00e9s de esta cautivadora experiencia de pixel art.<\/p>\n","protected":false},"excerpt":{"rendered":"<p>Crea impresionantes obras maestras de p\u00edxeles con Pixel Art 78 &#8211; Rel\u00e1jate mientras das vida a las im\u00e1genes p\u00edxel a p\u00edxel &#8211; La salida creativa perfecta y sin estr\u00e9s para los amantes del arte de todos los niveles.<\/p>\n","protected":false},"author":21,"featured_media":131212,"comment_status":"open","ping_status":"closed","template":"","meta":{"_acf_changed":false,"inline_featured_image":false},"product_brand":[],"product_cat":[184],"product_tag":[281,288],"class_list":{"0":"post-131306","1":"product","2":"type-product","3":"status-publish","4":"has-post-thumbnail","6":"product_cat-paint-by-numbers-series-es","7":"product_tag-pixel-art-series-es","8":"product_tag-play-on-pc-es","10":"first","11":"instock","12":"shipping-taxable","13":"purchasable","14":"product-type-simple"},"acf":[],"yoast_head":"<!-- This site is optimized with the Yoast SEO Premium plugin v25.2 (Yoast SEO v25.2) - https:\/\/yoast.com\/wordpress\/plugins\/seo\/ -->\n<title>Pixel Art 78: Crea obras maestras sin estr\u00e9s, p\u00edxel a p\u00edxel<\/title>\n<meta name=\"description\" content=\"Crea impresionantes obras maestras de p\u00edxeles con Pixel Art 78 - Rel\u00e1jate mientras das vida a las im\u00e1genes p\u00edxel a p\u00edxel - La salida creativa perfecta y sin estr\u00e9s para los amantes del arte de todos los niveles.\" \/>\n<meta name=\"robots\" content=\"index, follow, max-snippet:-1, max-image-preview:large, max-video-preview:-1\" \/>\n<link rel=\"canonical\" href=\"https:\/\/www.iplay.com\/es\/games\/pixel-art-78\/\" \/>\n<meta property=\"og:locale\" content=\"es_ES\" \/>\n<meta property=\"og:type\" content=\"article\" \/>\n<meta property=\"og:title\" content=\"Pixel Art 78\" \/>\n<meta property=\"og:description\" content=\"Crea impresionantes obras maestras de p\u00edxeles con Pixel Art 78 - Rel\u00e1jate mientras das vida a las im\u00e1genes p\u00edxel a p\u00edxel - La salida creativa perfecta y sin estr\u00e9s para los amantes del arte de todos los niveles.\" \/>\n<meta property=\"og:url\" content=\"https:\/\/www.iplay.com\/es\/games\/pixel-art-78\/\" \/>\n<meta property=\"og:site_name\" content=\"IPlay\" \/>\n<meta property=\"article:modified_time\" content=\"2025-04-11T10:59:06+00:00\" \/>\n<meta property=\"og:image\" content=\"https:\/\/www.iplay.com\/wp-content\/uploads\/2025\/04\/pixel_art_78_large_square_tile_image.webp\" \/>\n\t<meta property=\"og:image:width\" content=\"310\" \/>\n\t<meta property=\"og:image:height\" content=\"310\" \/>\n\t<meta property=\"og:image:type\" content=\"image\/webp\" \/>\n<meta name=\"twitter:card\" content=\"summary_large_image\" \/>\n<meta name=\"twitter:label1\" content=\"Est. reading time\" \/>\n\t<meta name=\"twitter:data1\" content=\"2 minutos\" \/>\n<script type=\"application\/ld+json\" class=\"yoast-schema-graph\">{\"@context\":\"https:\/\/schema.org\",\"@graph\":[{\"@type\":\"WebPage\",\"@id\":\"https:\/\/www.iplay.com\/es\/games\/pixel-art-78\/\",\"url\":\"https:\/\/www.iplay.com\/es\/games\/pixel-art-78\/\",\"name\":\"Pixel Art 78: Crea obras maestras sin estr\u00e9s, p\u00edxel a p\u00edxel\",\"isPartOf\":{\"@id\":\"https:\/\/www.iplay.com\/en\/#website\"},\"primaryImageOfPage\":{\"@id\":\"https:\/\/www.iplay.com\/es\/games\/pixel-art-78\/#primaryimage\"},\"image\":{\"@id\":\"https:\/\/www.iplay.com\/es\/games\/pixel-art-78\/#primaryimage\"},\"thumbnailUrl\":\"https:\/\/www.iplay.com\/wp-content\/uploads\/2025\/04\/pixel_art_78_large_square_tile_image.webp\",\"datePublished\":\"2025-04-11T08:35:59+00:00\",\"dateModified\":\"2025-04-11T10:59:06+00:00\",\"description\":\"Crea impresionantes obras maestras de p\u00edxeles con Pixel Art 78 - Rel\u00e1jate mientras das vida a las im\u00e1genes p\u00edxel a p\u00edxel - La salida creativa perfecta y sin estr\u00e9s para los amantes del arte de todos los niveles.\",\"breadcrumb\":{\"@id\":\"https:\/\/www.iplay.com\/es\/games\/pixel-art-78\/#breadcrumb\"},\"inLanguage\":\"es\",\"potentialAction\":[{\"@type\":\"ReadAction\",\"target\":[\"https:\/\/www.iplay.com\/es\/games\/pixel-art-78\/\"]}]},{\"@type\":\"ImageObject\",\"inLanguage\":\"es\",\"@id\":\"https:\/\/www.iplay.com\/es\/games\/pixel-art-78\/#primaryimage\",\"url\":\"https:\/\/www.iplay.com\/wp-content\/uploads\/2025\/04\/pixel_art_78_large_square_tile_image.webp\",\"contentUrl\":\"https:\/\/www.iplay.com\/wp-content\/uploads\/2025\/04\/pixel_art_78_large_square_tile_image.webp\",\"width\":310,\"height\":310},{\"@type\":\"BreadcrumbList\",\"@id\":\"https:\/\/www.iplay.com\/es\/games\/pixel-art-78\/#breadcrumb\",\"itemListElement\":[{\"@type\":\"ListItem\",\"position\":1,\"name\":\"Home\",\"item\":\"https:\/\/www.iplay.com\/es\/home-page-2\/\"},{\"@type\":\"ListItem\",\"position\":2,\"name\":\"Shop\",\"item\":\"https:\/\/www.iplay.com\/en\/shop\/\"},{\"@type\":\"ListItem\",\"position\":3,\"name\":\"Pixel Art 78\"}]},{\"@type\":\"WebSite\",\"@id\":\"https:\/\/www.iplay.com\/en\/#website\",\"url\":\"https:\/\/www.iplay.com\/en\/\",\"name\":\"IPlay\",\"description\":\"The Best Casual Games!\",\"publisher\":{\"@id\":\"https:\/\/www.iplay.com\/en\/#organization\"},\"potentialAction\":[{\"@type\":\"SearchAction\",\"target\":{\"@type\":\"EntryPoint\",\"urlTemplate\":\"https:\/\/www.iplay.com\/en\/?s={search_term_string}\"},\"query-input\":{\"@type\":\"PropertyValueSpecification\",\"valueRequired\":true,\"valueName\":\"search_term_string\"}}],\"inLanguage\":\"es\"},{\"@type\":\"Organization\",\"@id\":\"https:\/\/www.iplay.com\/en\/#organization\",\"name\":\"IPlay\",\"url\":\"https:\/\/www.iplay.com\/en\/\",\"logo\":{\"@type\":\"ImageObject\",\"inLanguage\":\"es\",\"@id\":\"https:\/\/www.iplay.com\/en\/#\/schema\/logo\/image\/\",\"url\":\"https:\/\/www.iplay.com\/wp-content\/uploads\/2023\/11\/Group-6100.svg\",\"contentUrl\":\"https:\/\/www.iplay.com\/wp-content\/uploads\/2023\/11\/Group-6100.svg\",\"width\":98,\"height\":25,\"caption\":\"IPlay\"},\"image\":{\"@id\":\"https:\/\/www.iplay.com\/en\/#\/schema\/logo\/image\/\"}}]}<\/script>\n<!-- \/ Yoast SEO Premium plugin. -->","yoast_head_json":{"title":"Pixel Art 78: Crea obras maestras sin estr\u00e9s, p\u00edxel a p\u00edxel","description":"Crea impresionantes obras maestras de p\u00edxeles con Pixel Art 78 - Rel\u00e1jate mientras das vida a las im\u00e1genes p\u00edxel a p\u00edxel - La salida creativa perfecta y sin estr\u00e9s para los amantes del arte de todos los niveles.","robots":{"index":"index","follow":"follow","max-snippet":"max-snippet:-1","max-image-preview":"max-image-preview:large","max-video-preview":"max-video-preview:-1"},"canonical":"https:\/\/www.iplay.com\/es\/games\/pixel-art-78\/","og_locale":"es_ES","og_type":"article","og_title":"Pixel Art 78","og_description":"Crea impresionantes obras maestras de p\u00edxeles con Pixel Art 78 - Rel\u00e1jate mientras das vida a las im\u00e1genes p\u00edxel a p\u00edxel - La salida creativa perfecta y sin estr\u00e9s para los amantes del arte de todos los niveles.","og_url":"https:\/\/www.iplay.com\/es\/games\/pixel-art-78\/","og_site_name":"IPlay","article_modified_time":"2025-04-11T10:59:06+00:00","og_image":[{"width":310,"height":310,"url":"https:\/\/www.iplay.com\/wp-content\/uploads\/2025\/04\/pixel_art_78_large_square_tile_image.webp","type":"image\/webp"}],"twitter_card":"summary_large_image","twitter_misc":{"Est. reading time":"2 minutos"},"schema":{"@context":"https:\/\/schema.org","@graph":[{"@type":"WebPage","@id":"https:\/\/www.iplay.com\/es\/games\/pixel-art-78\/","url":"https:\/\/www.iplay.com\/es\/games\/pixel-art-78\/","name":"Pixel Art 78: Crea obras maestras sin estr\u00e9s, p\u00edxel a p\u00edxel","isPartOf":{"@id":"https:\/\/www.iplay.com\/en\/#website"},"primaryImageOfPage":{"@id":"https:\/\/www.iplay.com\/es\/games\/pixel-art-78\/#primaryimage"},"image":{"@id":"https:\/\/www.iplay.com\/es\/games\/pixel-art-78\/#primaryimage"},"thumbnailUrl":"https:\/\/www.iplay.com\/wp-content\/uploads\/2025\/04\/pixel_art_78_large_square_tile_image.webp","datePublished":"2025-04-11T08:35:59+00:00","dateModified":"2025-04-11T10:59:06+00:00","description":"Crea impresionantes obras maestras de p\u00edxeles con Pixel Art 78 - Rel\u00e1jate mientras das vida a las im\u00e1genes p\u00edxel a p\u00edxel - La salida creativa perfecta y sin estr\u00e9s para los amantes del arte de todos los niveles.","breadcrumb":{"@id":"https:\/\/www.iplay.com\/es\/games\/pixel-art-78\/#breadcrumb"},"inLanguage":"es","potentialAction":[{"@type":"ReadAction","target":["https:\/\/www.iplay.com\/es\/games\/pixel-art-78\/"]}]},{"@type":"ImageObject","inLanguage":"es","@id":"https:\/\/www.iplay.com\/es\/games\/pixel-art-78\/#primaryimage","url":"https:\/\/www.iplay.com\/wp-content\/uploads\/2025\/04\/pixel_art_78_large_square_tile_image.webp","contentUrl":"https:\/\/www.iplay.com\/wp-content\/uploads\/2025\/04\/pixel_art_78_large_square_tile_image.webp","width":310,"height":310},{"@type":"BreadcrumbList","@id":"https:\/\/www.iplay.com\/es\/games\/pixel-art-78\/#breadcrumb","itemListElement":[{"@type":"ListItem","position":1,"name":"Home","item":"https:\/\/www.iplay.com\/es\/home-page-2\/"},{"@type":"ListItem","position":2,"name":"Shop","item":"https:\/\/www.iplay.com\/en\/shop\/"},{"@type":"ListItem","position":3,"name":"Pixel Art 78"}]},{"@type":"WebSite","@id":"https:\/\/www.iplay.com\/en\/#website","url":"https:\/\/www.iplay.com\/en\/","name":"IPlay","description":"The Best Casual Games!","publisher":{"@id":"https:\/\/www.iplay.com\/en\/#organization"},"potentialAction":[{"@type":"SearchAction","target":{"@type":"EntryPoint","urlTemplate":"https:\/\/www.iplay.com\/en\/?s={search_term_string}"},"query-input":{"@type":"PropertyValueSpecification","valueRequired":true,"valueName":"search_term_string"}}],"inLanguage":"es"},{"@type":"Organization","@id":"https:\/\/www.iplay.com\/en\/#organization","name":"IPlay","url":"https:\/\/www.iplay.com\/en\/","logo":{"@type":"ImageObject","inLanguage":"es","@id":"https:\/\/www.iplay.com\/en\/#\/schema\/logo\/image\/","url":"https:\/\/www.iplay.com\/wp-content\/uploads\/2023\/11\/Group-6100.svg","contentUrl":"https:\/\/www.iplay.com\/wp-content\/uploads\/2023\/11\/Group-6100.svg","width":98,"height":25,"caption":"IPlay"},"image":{"@id":"https:\/\/www.iplay.com\/en\/#\/schema\/logo\/image\/"}}]}},"_links":{"self":[{"href":"https:\/\/www.iplay.com\/es\/wp-json\/wp\/v2\/product\/131306","targetHints":{"allow":["GET"]}}],"collection":[{"href":"https:\/\/www.iplay.com\/es\/wp-json\/wp\/v2\/product"}],"about":[{"href":"https:\/\/www.iplay.com\/es\/wp-json\/wp\/v2\/types\/product"}],"author":[{"embeddable":true,"href":"https:\/\/www.iplay.com\/es\/wp-json\/wp\/v2\/users\/21"}],"replies":[{"embeddable":true,"href":"https:\/\/www.iplay.com\/es\/wp-json\/wp\/v2\/comments?post=131306"}],"wp:featuredmedia":[{"embeddable":true,"href":"https:\/\/www.iplay.com\/es\/wp-json\/wp\/v2\/media\/131212"}],"wp:attachment":[{"href":"https:\/\/www.iplay.com\/es\/wp-json\/wp\/v2\/media?parent=131306"}],"wp:term":[{"taxonomy":"product_brand","embeddable":true,"href":"https:\/\/www.iplay.com\/es\/wp-json\/wp\/v2\/product_brand?post=131306"},{"taxonomy":"product_cat","embeddable":true,"href":"https:\/\/www.iplay.com\/es\/wp-json\/wp\/v2\/product_cat?post=131306"},{"taxonomy":"product_tag","embeddable":true,"href":"https:\/\/www.iplay.com\/es\/wp-json\/wp\/v2\/product_tag?post=131306"}],"curies":[{"name":"wp","href":"https:\/\/api.w.org\/{rel}","templated":true}]}}