{"id":131068,"date":"2025-04-04T10:30:23","date_gmt":"2025-04-04T10:30:23","guid":{"rendered":"https:\/\/www.iplay.com\/?post_type=product&p=131068"},"modified":"2025-04-03T21:45:59","modified_gmt":"2025-04-03T21:45:59","slug":"the-harmony-chronicles-cat-out-of-the-bag-collectors-edition","status":"publish","type":"product","link":"https:\/\/www.iplay.com\/es\/games\/the-harmony-chronicles-cat-out-of-the-bag-collectors-edition\/","title":{"rendered":"The Harmony Chronicles: Cat Out Of The Bag Collector&#8217;s Edition"},"content":{"rendered":"<p>Mona, la guerrera elegida de la Diosa Armon\u00eda, se enfrenta a un desequilibrio c\u00f3smico cuando se encuentra con una antigua barrera en el castillo de la Diosa. La fortaleza, sellada por mecanismos inactivos durante mucho tiempo, ahora espera ser desbloqueada.<br \/>\nLa verdad se busca a trav\u00e9s de reinos maravillosos y traicioneros donde Mona est\u00e1 acompa\u00f1ada por compa\u00f1eros leales: el Profesor Kadabrius, el Libro del Bien y el Libro del Mal. Juntos, los mecanismos que mantienen la existencia se reparan mientras se revela una amenaza sombr\u00eda a la esencia de Harmony.<br \/>\nLa sabidur\u00eda es compartida por seres extraordinarios a lo largo del viaje, desde la gu\u00eda del B\u00faho Estelar y los secretos del P\u00e1jaro Espejo hasta la maestr\u00eda submarina de Nereide y las habilidades de herrer\u00eda de Ignis. De particular importancia, la enigm\u00e1tica Bruja Gato contiene informaci\u00f3n crucial para el \u00e9xito de la misi\u00f3n.<br \/>\nDetalles visualmente impresionantes, cautivadoras escenas de objetos ocultos y rompecabezas alucinantes se combinan para crear una aventura inolvidable. \u00bfSe descifrar\u00e1n los misterios y se salvar\u00e1 la divina Armon\u00eda antes de que expire el tiempo? Entre las estrellas, las respuestas esperan a aquellos valientes y curiosos que las busquen.     <\/p>\n<p>&nbsp;<\/p>\n<p><strong>Funciones<\/strong><\/p>\n<ul>\n<li>Se presentan reinos vibrantes con paisajes impresionantes para explorar<\/li>\n<li>Sellos antiguos e intrincados acertijos est\u00e1n dise\u00f1ados para ser resueltos en el camino hacia el castillo de la Diosa<\/li>\n<li>Los secretos de las perturbaciones c\u00f3smicas est\u00e1n a la espera de ser desentra\u00f1ados<\/li>\n<li>Se introducen personajes fascinantes como Star Owl y Cat-Witch para la interacci\u00f3n<\/li>\n<li>Se entrega una narraci\u00f3n rica y llena de suspenso<\/li>\n<li>Se incluyen alucinantes desaf\u00edos de objetos ocultos para poner a prueba las habilidades<\/li>\n<li>El equilibrio y la armon\u00eda entre los mundos m\u00edsticos se restauran a trav\u00e9s del juego<\/li>\n<\/ul>\n<p>&nbsp;<\/p>\n<p><strong>Bonificaciones de la Edici\u00f3n de Coleccionista<\/strong><\/p>\n<ul>\n<li>Se proporciona una historia atractiva adicional<\/li>\n<li>Se incluyen niveles adicionales con acertijos m\u00e1s desafiantes<\/li>\n<li>Se encuentran nuevos personajes y criaturas<\/li>\n<li>Se desbloquea contenido adicional exclusivo, con arte conceptual, pistas de m\u00fasica y acertijos<\/li>\n<\/ul>\n","protected":false},"excerpt":{"rendered":"<p>\u00danete a Mona en una aventura \u00e9pica a trav\u00e9s de reinos m\u00e1gicos en The Harmony Chronicles &#8211; Cat Out Of The Bag Collector&#8217;s Edition &#8211; \u00a1Restaura el equilibrio a trav\u00e9s de dimensiones encantadas en esta cautivadora b\u00fasqueda de rompecabezas!<\/p>\n","protected":false},"author":14,"featured_media":130918,"comment_status":"open","ping_status":"closed","template":"","meta":{"_acf_changed":false,"inline_featured_image":false},"product_brand":[],"product_cat":[150,166],"product_tag":[288],"class_list":{"0":"post-131068","1":"product","2":"type-product","3":"status-publish","4":"has-post-thumbnail","6":"product_cat-adventure-es","7":"product_cat-hidden-object-es","8":"product_tag-play-on-pc-es","10":"first","11":"instock","12":"shipping-taxable","13":"purchasable","14":"product-type-simple"},"acf":[],"yoast_head":"<!-- This site is optimized with the Yoast SEO Premium plugin v25.2 (Yoast SEO v25.2) - https:\/\/yoast.com\/wordpress\/plugins\/seo\/ -->\n<title>Gu\u00eda La b\u00fasqueda de Mona en The Harmony Chronicles: Cat Out Of The Bag CE<\/title>\n<meta name=\"description\" content=\"\u00danete a Mona en una aventura \u00e9pica a trav\u00e9s de reinos m\u00e1gicos en The Harmony Chronicles - Cat Out Of The Bag Collector&#039;s Edition - \u00a1Restaura el equilibrio a trav\u00e9s de dimensiones encantadas en esta cautivadora b\u00fasqueda de rompecabezas!\" \/>\n<meta name=\"robots\" content=\"index, follow, max-snippet:-1, max-image-preview:large, max-video-preview:-1\" \/>\n<link rel=\"canonical\" href=\"https:\/\/www.iplay.com\/en\/games\/the-harmony-chronicles-cat-out-of-the-bag-collectors-edition\/\" \/>\n<meta property=\"og:locale\" content=\"es_ES\" \/>\n<meta property=\"og:type\" content=\"article\" \/>\n<meta property=\"og:title\" content=\"The Harmony Chronicles: Cat Out Of The Bag Collector&#039;s Edition\" \/>\n<meta property=\"og:description\" content=\"\u00danete a Mona en una aventura \u00e9pica a trav\u00e9s de reinos m\u00e1gicos en The Harmony Chronicles - Cat Out Of The Bag Collector&#039;s Edition - \u00a1Restaura el equilibrio a trav\u00e9s de dimensiones encantadas en esta cautivadora b\u00fasqueda de rompecabezas!\" \/>\n<meta property=\"og:url\" content=\"https:\/\/www.iplay.com\/en\/games\/the-harmony-chronicles-cat-out-of-the-bag-collectors-edition\/\" \/>\n<meta property=\"og:site_name\" content=\"IPlay\" \/>\n<meta property=\"og:image\" content=\"https:\/\/www.iplay.com\/wp-content\/uploads\/2025\/04\/the_harmony_chronicles_cat_out_of_the_bag_collectors_edition_large_video_screenshot.webp\" \/>\n\t<meta property=\"og:image:width\" content=\"715\" \/>\n\t<meta property=\"og:image:height\" content=\"485\" \/>\n\t<meta property=\"og:image:type\" content=\"image\/webp\" \/>\n<meta name=\"twitter:card\" content=\"summary_large_image\" \/>\n<meta name=\"twitter:label1\" content=\"Est. reading time\" \/>\n\t<meta name=\"twitter:data1\" content=\"2 minutos\" \/>\n<script type=\"application\/ld+json\" class=\"yoast-schema-graph\">{\"@context\":\"https:\/\/schema.org\",\"@graph\":[{\"@type\":\"WebPage\",\"@id\":\"https:\/\/www.iplay.com\/en\/games\/the-harmony-chronicles-cat-out-of-the-bag-collectors-edition\/\",\"url\":\"https:\/\/www.iplay.com\/en\/games\/the-harmony-chronicles-cat-out-of-the-bag-collectors-edition\/\",\"name\":\"Gu\u00eda La b\u00fasqueda de Mona en The Harmony Chronicles: Cat Out Of The Bag CE\",\"isPartOf\":{\"@id\":\"https:\/\/www.iplay.com\/en\/#website\"},\"primaryImageOfPage\":{\"@id\":\"https:\/\/www.iplay.com\/en\/games\/the-harmony-chronicles-cat-out-of-the-bag-collectors-edition\/#primaryimage\"},\"image\":{\"@id\":\"https:\/\/www.iplay.com\/en\/games\/the-harmony-chronicles-cat-out-of-the-bag-collectors-edition\/#primaryimage\"},\"thumbnailUrl\":\"https:\/\/www.iplay.com\/wp-content\/uploads\/2025\/04\/the_harmony_chronicles_cat_out_of_the_bag_collectors_edition_large_square_tile_image.webp\",\"datePublished\":\"2025-04-04T10:30:23+00:00\",\"description\":\"\u00danete a Mona en una aventura \u00e9pica a trav\u00e9s de reinos m\u00e1gicos en The Harmony Chronicles - Cat Out Of The Bag Collector's Edition - \u00a1Restaura el equilibrio a trav\u00e9s de dimensiones encantadas en esta cautivadora b\u00fasqueda de rompecabezas!\",\"breadcrumb\":{\"@id\":\"https:\/\/www.iplay.com\/en\/games\/the-harmony-chronicles-cat-out-of-the-bag-collectors-edition\/#breadcrumb\"},\"inLanguage\":\"es\",\"potentialAction\":[{\"@type\":\"ReadAction\",\"target\":[\"https:\/\/www.iplay.com\/en\/games\/the-harmony-chronicles-cat-out-of-the-bag-collectors-edition\/\"]}]},{\"@type\":\"ImageObject\",\"inLanguage\":\"es\",\"@id\":\"https:\/\/www.iplay.com\/en\/games\/the-harmony-chronicles-cat-out-of-the-bag-collectors-edition\/#primaryimage\",\"url\":\"https:\/\/www.iplay.com\/wp-content\/uploads\/2025\/04\/the_harmony_chronicles_cat_out_of_the_bag_collectors_edition_large_square_tile_image.webp\",\"contentUrl\":\"https:\/\/www.iplay.com\/wp-content\/uploads\/2025\/04\/the_harmony_chronicles_cat_out_of_the_bag_collectors_edition_large_square_tile_image.webp\",\"width\":310,\"height\":310},{\"@type\":\"BreadcrumbList\",\"@id\":\"https:\/\/www.iplay.com\/en\/games\/the-harmony-chronicles-cat-out-of-the-bag-collectors-edition\/#breadcrumb\",\"itemListElement\":[{\"@type\":\"ListItem\",\"position\":1,\"name\":\"Home\",\"item\":\"https:\/\/www.iplay.com\/es\/home-page-2\/\"},{\"@type\":\"ListItem\",\"position\":2,\"name\":\"Shop\",\"item\":\"https:\/\/www.iplay.com\/en\/shop\/\"},{\"@type\":\"ListItem\",\"position\":3,\"name\":\"The Harmony Chronicles: Cat Out Of The Bag Collector&#8217;s Edition\"}]},{\"@type\":\"WebSite\",\"@id\":\"https:\/\/www.iplay.com\/en\/#website\",\"url\":\"https:\/\/www.iplay.com\/en\/\",\"name\":\"IPlay\",\"description\":\"The Best Casual Games!\",\"publisher\":{\"@id\":\"https:\/\/www.iplay.com\/en\/#organization\"},\"potentialAction\":[{\"@type\":\"SearchAction\",\"target\":{\"@type\":\"EntryPoint\",\"urlTemplate\":\"https:\/\/www.iplay.com\/en\/?s={search_term_string}\"},\"query-input\":{\"@type\":\"PropertyValueSpecification\",\"valueRequired\":true,\"valueName\":\"search_term_string\"}}],\"inLanguage\":\"es\"},{\"@type\":\"Organization\",\"@id\":\"https:\/\/www.iplay.com\/en\/#organization\",\"name\":\"IPlay\",\"url\":\"https:\/\/www.iplay.com\/en\/\",\"logo\":{\"@type\":\"ImageObject\",\"inLanguage\":\"es\",\"@id\":\"https:\/\/www.iplay.com\/en\/#\/schema\/logo\/image\/\",\"url\":\"https:\/\/www.iplay.com\/wp-content\/uploads\/2023\/11\/Group-6100.svg\",\"contentUrl\":\"https:\/\/www.iplay.com\/wp-content\/uploads\/2023\/11\/Group-6100.svg\",\"width\":98,\"height\":25,\"caption\":\"IPlay\"},\"image\":{\"@id\":\"https:\/\/www.iplay.com\/en\/#\/schema\/logo\/image\/\"}}]}<\/script>\n<!-- \/ Yoast SEO Premium plugin. -->","yoast_head_json":{"title":"Gu\u00eda La b\u00fasqueda de Mona en The Harmony Chronicles: Cat Out Of The Bag CE","description":"\u00danete a Mona en una aventura \u00e9pica a trav\u00e9s de reinos m\u00e1gicos en The Harmony Chronicles - Cat Out Of The Bag Collector's Edition - \u00a1Restaura el equilibrio a trav\u00e9s de dimensiones encantadas en esta cautivadora b\u00fasqueda de rompecabezas!","robots":{"index":"index","follow":"follow","max-snippet":"max-snippet:-1","max-image-preview":"max-image-preview:large","max-video-preview":"max-video-preview:-1"},"canonical":"https:\/\/www.iplay.com\/en\/games\/the-harmony-chronicles-cat-out-of-the-bag-collectors-edition\/","og_locale":"es_ES","og_type":"article","og_title":"The Harmony Chronicles: Cat Out Of The Bag Collector's Edition","og_description":"\u00danete a Mona en una aventura \u00e9pica a trav\u00e9s de reinos m\u00e1gicos en The Harmony Chronicles - Cat Out Of The Bag Collector's Edition - \u00a1Restaura el equilibrio a trav\u00e9s de dimensiones encantadas en esta cautivadora b\u00fasqueda de rompecabezas!","og_url":"https:\/\/www.iplay.com\/en\/games\/the-harmony-chronicles-cat-out-of-the-bag-collectors-edition\/","og_site_name":"IPlay","og_image":[{"width":715,"height":485,"url":"https:\/\/www.iplay.com\/wp-content\/uploads\/2025\/04\/the_harmony_chronicles_cat_out_of_the_bag_collectors_edition_large_video_screenshot.webp","type":"image\/webp"}],"twitter_card":"summary_large_image","twitter_misc":{"Est. reading time":"2 minutos"},"schema":{"@context":"https:\/\/schema.org","@graph":[{"@type":"WebPage","@id":"https:\/\/www.iplay.com\/en\/games\/the-harmony-chronicles-cat-out-of-the-bag-collectors-edition\/","url":"https:\/\/www.iplay.com\/en\/games\/the-harmony-chronicles-cat-out-of-the-bag-collectors-edition\/","name":"Gu\u00eda La b\u00fasqueda de Mona en The Harmony Chronicles: Cat Out Of The Bag CE","isPartOf":{"@id":"https:\/\/www.iplay.com\/en\/#website"},"primaryImageOfPage":{"@id":"https:\/\/www.iplay.com\/en\/games\/the-harmony-chronicles-cat-out-of-the-bag-collectors-edition\/#primaryimage"},"image":{"@id":"https:\/\/www.iplay.com\/en\/games\/the-harmony-chronicles-cat-out-of-the-bag-collectors-edition\/#primaryimage"},"thumbnailUrl":"https:\/\/www.iplay.com\/wp-content\/uploads\/2025\/04\/the_harmony_chronicles_cat_out_of_the_bag_collectors_edition_large_square_tile_image.webp","datePublished":"2025-04-04T10:30:23+00:00","description":"\u00danete a Mona en una aventura \u00e9pica a trav\u00e9s de reinos m\u00e1gicos en The Harmony Chronicles - Cat Out Of The Bag Collector's Edition - \u00a1Restaura el equilibrio a trav\u00e9s de dimensiones encantadas en esta cautivadora b\u00fasqueda de rompecabezas!","breadcrumb":{"@id":"https:\/\/www.iplay.com\/en\/games\/the-harmony-chronicles-cat-out-of-the-bag-collectors-edition\/#breadcrumb"},"inLanguage":"es","potentialAction":[{"@type":"ReadAction","target":["https:\/\/www.iplay.com\/en\/games\/the-harmony-chronicles-cat-out-of-the-bag-collectors-edition\/"]}]},{"@type":"ImageObject","inLanguage":"es","@id":"https:\/\/www.iplay.com\/en\/games\/the-harmony-chronicles-cat-out-of-the-bag-collectors-edition\/#primaryimage","url":"https:\/\/www.iplay.com\/wp-content\/uploads\/2025\/04\/the_harmony_chronicles_cat_out_of_the_bag_collectors_edition_large_square_tile_image.webp","contentUrl":"https:\/\/www.iplay.com\/wp-content\/uploads\/2025\/04\/the_harmony_chronicles_cat_out_of_the_bag_collectors_edition_large_square_tile_image.webp","width":310,"height":310},{"@type":"BreadcrumbList","@id":"https:\/\/www.iplay.com\/en\/games\/the-harmony-chronicles-cat-out-of-the-bag-collectors-edition\/#breadcrumb","itemListElement":[{"@type":"ListItem","position":1,"name":"Home","item":"https:\/\/www.iplay.com\/es\/home-page-2\/"},{"@type":"ListItem","position":2,"name":"Shop","item":"https:\/\/www.iplay.com\/en\/shop\/"},{"@type":"ListItem","position":3,"name":"The Harmony Chronicles: Cat Out Of The Bag Collector&#8217;s Edition"}]},{"@type":"WebSite","@id":"https:\/\/www.iplay.com\/en\/#website","url":"https:\/\/www.iplay.com\/en\/","name":"IPlay","description":"The Best Casual Games!","publisher":{"@id":"https:\/\/www.iplay.com\/en\/#organization"},"potentialAction":[{"@type":"SearchAction","target":{"@type":"EntryPoint","urlTemplate":"https:\/\/www.iplay.com\/en\/?s={search_term_string}"},"query-input":{"@type":"PropertyValueSpecification","valueRequired":true,"valueName":"search_term_string"}}],"inLanguage":"es"},{"@type":"Organization","@id":"https:\/\/www.iplay.com\/en\/#organization","name":"IPlay","url":"https:\/\/www.iplay.com\/en\/","logo":{"@type":"ImageObject","inLanguage":"es","@id":"https:\/\/www.iplay.com\/en\/#\/schema\/logo\/image\/","url":"https:\/\/www.iplay.com\/wp-content\/uploads\/2023\/11\/Group-6100.svg","contentUrl":"https:\/\/www.iplay.com\/wp-content\/uploads\/2023\/11\/Group-6100.svg","width":98,"height":25,"caption":"IPlay"},"image":{"@id":"https:\/\/www.iplay.com\/en\/#\/schema\/logo\/image\/"}}]}},"_links":{"self":[{"href":"https:\/\/www.iplay.com\/es\/wp-json\/wp\/v2\/product\/131068","targetHints":{"allow":["GET"]}}],"collection":[{"href":"https:\/\/www.iplay.com\/es\/wp-json\/wp\/v2\/product"}],"about":[{"href":"https:\/\/www.iplay.com\/es\/wp-json\/wp\/v2\/types\/product"}],"author":[{"embeddable":true,"href":"https:\/\/www.iplay.com\/es\/wp-json\/wp\/v2\/users\/14"}],"replies":[{"embeddable":true,"href":"https:\/\/www.iplay.com\/es\/wp-json\/wp\/v2\/comments?post=131068"}],"wp:featuredmedia":[{"embeddable":true,"href":"https:\/\/www.iplay.com\/es\/wp-json\/wp\/v2\/media\/130918"}],"wp:attachment":[{"href":"https:\/\/www.iplay.com\/es\/wp-json\/wp\/v2\/media?parent=131068"}],"wp:term":[{"taxonomy":"product_brand","embeddable":true,"href":"https:\/\/www.iplay.com\/es\/wp-json\/wp\/v2\/product_brand?post=131068"},{"taxonomy":"product_cat","embeddable":true,"href":"https:\/\/www.iplay.com\/es\/wp-json\/wp\/v2\/product_cat?post=131068"},{"taxonomy":"product_tag","embeddable":true,"href":"https:\/\/www.iplay.com\/es\/wp-json\/wp\/v2\/product_tag?post=131068"}],"curies":[{"name":"wp","href":"https:\/\/api.w.org\/{rel}","templated":true}]}}