{"id":130934,"date":"2024-06-18T08:52:54","date_gmt":"2024-06-18T08:52:54","guid":{"rendered":"https:\/\/www.iplay.com\/games\/our-beautiful-earth-bountiful-bundle\/"},"modified":"2025-04-03T21:41:10","modified_gmt":"2025-04-03T21:41:10","slug":"our-beautiful-earth-bountiful-bundle","status":"publish","type":"product","link":"https:\/\/www.iplay.com\/es\/games\/our-beautiful-earth-bountiful-bundle\/","title":{"rendered":"Our Beautiful Earth Bountiful Bundle"},"content":{"rendered":"<p>Los lugares m\u00e1s magn\u00edficos del mundo est\u00e1n esperando a ser descubiertos. En estas gemas ocultas, se pueden encontrar antig\u00fcedades, vida silvestre y otros tesoros. A trav\u00e9s de este juego, se revelan impresionantes vistas de varios pa\u00edses, como China, Australia y Jap\u00f3n. Como herederos de este hermoso planeta, innumerables destinos est\u00e1n incluidos en el Paquete Abundante de Nuestra Hermosa Tierra.   <\/p>\n<p><strong>Funciones<\/strong><\/p>\n<ul>\n<li>\u00a1Tres incre\u00edbles juegos de Our Beautiful Earth combinados en un paquete excepcional!\n<ul>\n<li>Nuestra hermosa tierra.<\/li>\n<li>Nuestra Hermosa Tierra 2<\/li>\n<li>Nuestra Hermosa Tierra 3<\/li>\n<\/ul>\n<\/li>\n<\/ul>\n","protected":false},"excerpt":{"rendered":"<p>Descubre lugares impresionantes con nuestro paquete Beautiful Earth Bountiful y explora las maravillas del planeta Tierra<\/p>\n","protected":false},"author":123,"featured_media":111417,"comment_status":"open","ping_status":"closed","template":"","meta":{"_acf_changed":false,"inline_featured_image":false},"product_brand":[],"product_cat":[166],"product_tag":[288],"class_list":{"0":"post-130934","1":"product","2":"type-product","3":"status-publish","4":"has-post-thumbnail","6":"product_cat-hidden-object-es","7":"product_tag-play-on-pc-es","9":"first","10":"instock","11":"shipping-taxable","12":"purchasable","13":"product-type-simple"},"acf":[],"yoast_head":"<!-- This site is optimized with the Yoast SEO Premium plugin v25.2 (Yoast SEO v25.2) - https:\/\/yoast.com\/wordpress\/plugins\/seo\/ -->\n<title>Nuestro Hermoso Paquete Abundante de la Tierra<\/title>\n<meta name=\"description\" content=\"Descubre lugares impresionantes con nuestro paquete Beautiful Earth Bountiful y explora las maravillas del planeta Tierra\" \/>\n<meta name=\"robots\" content=\"index, follow, max-snippet:-1, max-image-preview:large, max-video-preview:-1\" \/>\n<link rel=\"canonical\" href=\"https:\/\/www.iplay.com\/es\/games\/our-beautiful-earth-bountiful-bundle\/\" \/>\n<meta property=\"og:locale\" content=\"es_ES\" \/>\n<meta property=\"og:type\" content=\"article\" \/>\n<meta property=\"og:title\" content=\"Our Beautiful Earth Bountiful Bundle\" \/>\n<meta property=\"og:description\" content=\"Descubre lugares impresionantes con nuestro paquete Beautiful Earth Bountiful y explora las maravillas del planeta Tierra\" \/>\n<meta property=\"og:url\" content=\"https:\/\/www.iplay.com\/es\/games\/our-beautiful-earth-bountiful-bundle\/\" \/>\n<meta property=\"og:site_name\" content=\"IPlay\" \/>\n<meta property=\"article:modified_time\" content=\"2025-04-03T21:41:10+00:00\" \/>\n<meta property=\"og:image\" content=\"https:\/\/www.iplay.com\/wp-content\/uploads\/2024\/06\/Our-Beautiful-Earth-Bountiful-Bundle_large_video_screenshot.webp\" \/>\n\t<meta property=\"og:image:width\" content=\"715\" \/>\n\t<meta property=\"og:image:height\" content=\"485\" \/>\n\t<meta property=\"og:image:type\" content=\"image\/webp\" \/>\n<meta name=\"twitter:card\" content=\"summary_large_image\" \/>\n<script type=\"application\/ld+json\" class=\"yoast-schema-graph\">{\"@context\":\"https:\/\/schema.org\",\"@graph\":[{\"@type\":\"WebPage\",\"@id\":\"https:\/\/www.iplay.com\/es\/games\/our-beautiful-earth-bountiful-bundle\/\",\"url\":\"https:\/\/www.iplay.com\/es\/games\/our-beautiful-earth-bountiful-bundle\/\",\"name\":\"Nuestro Hermoso Paquete Abundante de la Tierra\",\"isPartOf\":{\"@id\":\"https:\/\/www.iplay.com\/en\/#website\"},\"primaryImageOfPage\":{\"@id\":\"https:\/\/www.iplay.com\/es\/games\/our-beautiful-earth-bountiful-bundle\/#primaryimage\"},\"image\":{\"@id\":\"https:\/\/www.iplay.com\/es\/games\/our-beautiful-earth-bountiful-bundle\/#primaryimage\"},\"thumbnailUrl\":\"https:\/\/www.iplay.com\/wp-content\/uploads\/2024\/06\/Our-Beautiful-Earth-Bountiful-Bundle_large_video_screenshot.webp\",\"datePublished\":\"2024-06-18T08:52:54+00:00\",\"dateModified\":\"2025-04-03T21:41:10+00:00\",\"description\":\"Descubre lugares impresionantes con nuestro paquete Beautiful Earth Bountiful y explora las maravillas del planeta Tierra\",\"breadcrumb\":{\"@id\":\"https:\/\/www.iplay.com\/es\/games\/our-beautiful-earth-bountiful-bundle\/#breadcrumb\"},\"inLanguage\":\"es\",\"potentialAction\":[{\"@type\":\"ReadAction\",\"target\":[\"https:\/\/www.iplay.com\/es\/games\/our-beautiful-earth-bountiful-bundle\/\"]}]},{\"@type\":\"ImageObject\",\"inLanguage\":\"es\",\"@id\":\"https:\/\/www.iplay.com\/es\/games\/our-beautiful-earth-bountiful-bundle\/#primaryimage\",\"url\":\"https:\/\/www.iplay.com\/wp-content\/uploads\/2024\/06\/Our-Beautiful-Earth-Bountiful-Bundle_large_video_screenshot.webp\",\"contentUrl\":\"https:\/\/www.iplay.com\/wp-content\/uploads\/2024\/06\/Our-Beautiful-Earth-Bountiful-Bundle_large_video_screenshot.webp\",\"width\":715,\"height\":485},{\"@type\":\"BreadcrumbList\",\"@id\":\"https:\/\/www.iplay.com\/es\/games\/our-beautiful-earth-bountiful-bundle\/#breadcrumb\",\"itemListElement\":[{\"@type\":\"ListItem\",\"position\":1,\"name\":\"Home\",\"item\":\"https:\/\/www.iplay.com\/es\/home-page-2\/\"},{\"@type\":\"ListItem\",\"position\":2,\"name\":\"Shop\",\"item\":\"https:\/\/www.iplay.com\/en\/shop\/\"},{\"@type\":\"ListItem\",\"position\":3,\"name\":\"Our Beautiful Earth Bountiful Bundle\"}]},{\"@type\":\"WebSite\",\"@id\":\"https:\/\/www.iplay.com\/en\/#website\",\"url\":\"https:\/\/www.iplay.com\/en\/\",\"name\":\"IPlay\",\"description\":\"The Best Casual Games!\",\"publisher\":{\"@id\":\"https:\/\/www.iplay.com\/en\/#organization\"},\"potentialAction\":[{\"@type\":\"SearchAction\",\"target\":{\"@type\":\"EntryPoint\",\"urlTemplate\":\"https:\/\/www.iplay.com\/en\/?s={search_term_string}\"},\"query-input\":{\"@type\":\"PropertyValueSpecification\",\"valueRequired\":true,\"valueName\":\"search_term_string\"}}],\"inLanguage\":\"es\"},{\"@type\":\"Organization\",\"@id\":\"https:\/\/www.iplay.com\/en\/#organization\",\"name\":\"IPlay\",\"url\":\"https:\/\/www.iplay.com\/en\/\",\"logo\":{\"@type\":\"ImageObject\",\"inLanguage\":\"es\",\"@id\":\"https:\/\/www.iplay.com\/en\/#\/schema\/logo\/image\/\",\"url\":\"https:\/\/www.iplay.com\/wp-content\/uploads\/2023\/11\/Group-6100.svg\",\"contentUrl\":\"https:\/\/www.iplay.com\/wp-content\/uploads\/2023\/11\/Group-6100.svg\",\"width\":98,\"height\":25,\"caption\":\"IPlay\"},\"image\":{\"@id\":\"https:\/\/www.iplay.com\/en\/#\/schema\/logo\/image\/\"}}]}<\/script>\n<!-- \/ Yoast SEO Premium plugin. -->","yoast_head_json":{"title":"Nuestro Hermoso Paquete Abundante de la Tierra","description":"Descubre lugares impresionantes con nuestro paquete Beautiful Earth Bountiful y explora las maravillas del planeta Tierra","robots":{"index":"index","follow":"follow","max-snippet":"max-snippet:-1","max-image-preview":"max-image-preview:large","max-video-preview":"max-video-preview:-1"},"canonical":"https:\/\/www.iplay.com\/es\/games\/our-beautiful-earth-bountiful-bundle\/","og_locale":"es_ES","og_type":"article","og_title":"Our Beautiful Earth Bountiful Bundle","og_description":"Descubre lugares impresionantes con nuestro paquete Beautiful Earth Bountiful y explora las maravillas del planeta Tierra","og_url":"https:\/\/www.iplay.com\/es\/games\/our-beautiful-earth-bountiful-bundle\/","og_site_name":"IPlay","article_modified_time":"2025-04-03T21:41:10+00:00","og_image":[{"width":715,"height":485,"url":"https:\/\/www.iplay.com\/wp-content\/uploads\/2024\/06\/Our-Beautiful-Earth-Bountiful-Bundle_large_video_screenshot.webp","type":"image\/webp"}],"twitter_card":"summary_large_image","schema":{"@context":"https:\/\/schema.org","@graph":[{"@type":"WebPage","@id":"https:\/\/www.iplay.com\/es\/games\/our-beautiful-earth-bountiful-bundle\/","url":"https:\/\/www.iplay.com\/es\/games\/our-beautiful-earth-bountiful-bundle\/","name":"Nuestro Hermoso Paquete Abundante de la Tierra","isPartOf":{"@id":"https:\/\/www.iplay.com\/en\/#website"},"primaryImageOfPage":{"@id":"https:\/\/www.iplay.com\/es\/games\/our-beautiful-earth-bountiful-bundle\/#primaryimage"},"image":{"@id":"https:\/\/www.iplay.com\/es\/games\/our-beautiful-earth-bountiful-bundle\/#primaryimage"},"thumbnailUrl":"https:\/\/www.iplay.com\/wp-content\/uploads\/2024\/06\/Our-Beautiful-Earth-Bountiful-Bundle_large_video_screenshot.webp","datePublished":"2024-06-18T08:52:54+00:00","dateModified":"2025-04-03T21:41:10+00:00","description":"Descubre lugares impresionantes con nuestro paquete Beautiful Earth Bountiful y explora las maravillas del planeta Tierra","breadcrumb":{"@id":"https:\/\/www.iplay.com\/es\/games\/our-beautiful-earth-bountiful-bundle\/#breadcrumb"},"inLanguage":"es","potentialAction":[{"@type":"ReadAction","target":["https:\/\/www.iplay.com\/es\/games\/our-beautiful-earth-bountiful-bundle\/"]}]},{"@type":"ImageObject","inLanguage":"es","@id":"https:\/\/www.iplay.com\/es\/games\/our-beautiful-earth-bountiful-bundle\/#primaryimage","url":"https:\/\/www.iplay.com\/wp-content\/uploads\/2024\/06\/Our-Beautiful-Earth-Bountiful-Bundle_large_video_screenshot.webp","contentUrl":"https:\/\/www.iplay.com\/wp-content\/uploads\/2024\/06\/Our-Beautiful-Earth-Bountiful-Bundle_large_video_screenshot.webp","width":715,"height":485},{"@type":"BreadcrumbList","@id":"https:\/\/www.iplay.com\/es\/games\/our-beautiful-earth-bountiful-bundle\/#breadcrumb","itemListElement":[{"@type":"ListItem","position":1,"name":"Home","item":"https:\/\/www.iplay.com\/es\/home-page-2\/"},{"@type":"ListItem","position":2,"name":"Shop","item":"https:\/\/www.iplay.com\/en\/shop\/"},{"@type":"ListItem","position":3,"name":"Our Beautiful Earth Bountiful Bundle"}]},{"@type":"WebSite","@id":"https:\/\/www.iplay.com\/en\/#website","url":"https:\/\/www.iplay.com\/en\/","name":"IPlay","description":"The Best Casual Games!","publisher":{"@id":"https:\/\/www.iplay.com\/en\/#organization"},"potentialAction":[{"@type":"SearchAction","target":{"@type":"EntryPoint","urlTemplate":"https:\/\/www.iplay.com\/en\/?s={search_term_string}"},"query-input":{"@type":"PropertyValueSpecification","valueRequired":true,"valueName":"search_term_string"}}],"inLanguage":"es"},{"@type":"Organization","@id":"https:\/\/www.iplay.com\/en\/#organization","name":"IPlay","url":"https:\/\/www.iplay.com\/en\/","logo":{"@type":"ImageObject","inLanguage":"es","@id":"https:\/\/www.iplay.com\/en\/#\/schema\/logo\/image\/","url":"https:\/\/www.iplay.com\/wp-content\/uploads\/2023\/11\/Group-6100.svg","contentUrl":"https:\/\/www.iplay.com\/wp-content\/uploads\/2023\/11\/Group-6100.svg","width":98,"height":25,"caption":"IPlay"},"image":{"@id":"https:\/\/www.iplay.com\/en\/#\/schema\/logo\/image\/"}}]}},"_links":{"self":[{"href":"https:\/\/www.iplay.com\/es\/wp-json\/wp\/v2\/product\/130934","targetHints":{"allow":["GET"]}}],"collection":[{"href":"https:\/\/www.iplay.com\/es\/wp-json\/wp\/v2\/product"}],"about":[{"href":"https:\/\/www.iplay.com\/es\/wp-json\/wp\/v2\/types\/product"}],"author":[{"embeddable":true,"href":"https:\/\/www.iplay.com\/es\/wp-json\/wp\/v2\/users\/123"}],"replies":[{"embeddable":true,"href":"https:\/\/www.iplay.com\/es\/wp-json\/wp\/v2\/comments?post=130934"}],"wp:featuredmedia":[{"embeddable":true,"href":"https:\/\/www.iplay.com\/es\/wp-json\/wp\/v2\/media\/111417"}],"wp:attachment":[{"href":"https:\/\/www.iplay.com\/es\/wp-json\/wp\/v2\/media?parent=130934"}],"wp:term":[{"taxonomy":"product_brand","embeddable":true,"href":"https:\/\/www.iplay.com\/es\/wp-json\/wp\/v2\/product_brand?post=130934"},{"taxonomy":"product_cat","embeddable":true,"href":"https:\/\/www.iplay.com\/es\/wp-json\/wp\/v2\/product_cat?post=130934"},{"taxonomy":"product_tag","embeddable":true,"href":"https:\/\/www.iplay.com\/es\/wp-json\/wp\/v2\/product_tag?post=130934"}],"curies":[{"name":"wp","href":"https:\/\/api.w.org\/{rel}","templated":true}]}}