{"id":130414,"date":"2025-04-04T08:30:46","date_gmt":"2025-04-04T08:30:46","guid":{"rendered":"https:\/\/www.iplay.com\/?post_type=product&p=130414"},"modified":"2025-04-02T19:01:51","modified_gmt":"2025-04-02T19:01:51","slug":"argonauts-agency-8-ares-games-collectors-edition","status":"publish","type":"product","link":"https:\/\/www.iplay.com\/es\/games\/argonauts-agency-8-ares-games-collectors-edition\/","title":{"rendered":"Argonauts Agency 8: Ares Games Collector&#8217;s Edition"},"content":{"rendered":"<p>Un desaf\u00edo extraordinario es presentado nada menos que por el mism\u00edsimo God of War en esta \u00faltima entrega de la querida serie. El ic\u00f3nico d\u00fao Jason y Medea se une a los jugadores en un apasionante viaje en el que se debe resolver el misterio de un artefacto robado.<br \/>\nSe entra en la formidable arena de Ares con inquietud, ya que se encuentran astutas trampas, temibles enemigos y secretos divinos ocultos a cada paso. A lo largo de esta aventura \u00e9pica se exploran lugares impresionantes, como los impresionantes Salones Dorados, el escalofriante Bosque del Miedo y los bulliciosos centros comerciales antiguos.<br \/>\nEl destino del mundo antiguo se pone en tus manos a medida que el coraje, la estrategia y la determinaci\u00f3n se ponen a prueba hasta sus l\u00edmites. La verdad debe ser descubierta si se quiere evitar el peligro del mundo antiguo.   <\/p>\n<p>&nbsp;<\/p>\n<p><strong>Caracter\u00edsticas de la Edici\u00f3n de Coleccionista<\/strong><\/p>\n<ul>\n<li>Se proporcionan tutoriales de video completos para cada nivel, lo que garantiza que ning\u00fan obst\u00e1culo permanezca insuperable<\/li>\n<li>La rica mitolog\u00eda griega cobra vida v\u00edvidamente a trav\u00e9s de una narraci\u00f3n inmersiva y escenarios aut\u00e9nticos<\/li>\n<li>Nuevos y convincentes personajes, como el formidable Ares y la encantadora Afrodita, a\u00f1aden una profundidad notable<\/li>\n<li>Atmospheric Soundtrack presenta poderosas composiciones que honran la intensidad de Ares junto con las serenas melod\u00edas de Aphrodite<\/li>\n<li>Un sistema de comercio mejorado con mayores oportunidades de intercambio de recursos te espera en mercados mejorados<\/li>\n<li>La narraci\u00f3n de estilo c\u00f3mic ilustra maravillosamente las batallas heroicas de Jason y Medea a trav\u00e9s de im\u00e1genes atractivas<\/li>\n<li>Se introducen mec\u00e1nicas de juego innovadoras a medida que la mirada atenta de Ares influye en cada desaf\u00edo \u00fanico.<\/li>\n<li>Nuevos e impresionantes entornos, desde grandes arenas hasta misteriosos bosques, se renderizan con gr\u00e1ficos modernizados y realistas.<\/li>\n<li>Las misiones dise\u00f1adas a prop\u00f3sito capturan el esp\u00edritu legendario de las aventuras m\u00e1s atrevidas de los argonautas.<\/li>\n<\/ul>\n<p>&nbsp;<\/p>\n<p>La mejor experiencia de estrategia mitol\u00f3gica se ofrece en esta edici\u00f3n de coleccionista donde dioses y mortales se enfrentan en una aventura inolvidable.<\/p>\n","protected":false},"excerpt":{"rendered":"<p>\u00danete a los legendarios argonautas en su b\u00fasqueda m\u00e1s peligrosa hasta el momento a trav\u00e9s de la antigua Grecia, lucha contra criaturas m\u00edticas, resuelve intrincados acertijos y aprovecha los poderes divinos para evitar el caos mientras el peligroso juego de Ares amenaza el tejido mismo de la civilizaci\u00f3n.<\/p>\n","protected":false},"author":13,"featured_media":130241,"comment_status":"open","ping_status":"closed","template":"","meta":{"_acf_changed":false,"inline_featured_image":false},"product_brand":[],"product_cat":[212],"product_tag":[288],"class_list":{"0":"post-130414","1":"product","2":"type-product","3":"status-publish","4":"has-post-thumbnail","6":"product_cat-time-management-es","7":"product_tag-play-on-pc-es","9":"first","10":"instock","11":"shipping-taxable","12":"purchasable","13":"product-type-simple"},"acf":[],"yoast_head":"<!-- This site is optimized with the Yoast SEO Premium plugin v25.2 (Yoast SEO v25.2) - https:\/\/yoast.com\/wordpress\/plugins\/seo\/ -->\n<title>Agencia Argonautas 8: Aventura griega para salvar el mundo antiguo<\/title>\n<meta name=\"description\" content=\"\u00danete a los legendarios argonautas en su b\u00fasqueda m\u00e1s peligrosa hasta el momento a trav\u00e9s de la antigua Grecia, lucha contra criaturas m\u00edticas, resuelve intrincados acertijos y aprovecha los poderes divinos para evitar el caos mientras el peligroso juego de Ares amenaza el tejido mismo de la civilizaci\u00f3n.\" \/>\n<meta name=\"robots\" content=\"index, follow, max-snippet:-1, max-image-preview:large, max-video-preview:-1\" \/>\n<link rel=\"canonical\" href=\"https:\/\/www.iplay.com\/en\/?post_type=product&p=130221\" \/>\n<meta property=\"og:locale\" content=\"es_ES\" \/>\n<meta property=\"og:type\" content=\"article\" \/>\n<meta property=\"og:title\" content=\"Argonauts Agency 8: Ares Games Collector&#039;s Edition\" \/>\n<meta property=\"og:description\" content=\"\u00danete a los legendarios argonautas en su b\u00fasqueda m\u00e1s peligrosa hasta el momento a trav\u00e9s de la antigua Grecia, lucha contra criaturas m\u00edticas, resuelve intrincados acertijos y aprovecha los poderes divinos para evitar el caos mientras el peligroso juego de Ares amenaza el tejido mismo de la civilizaci\u00f3n.\" \/>\n<meta property=\"og:url\" content=\"https:\/\/www.iplay.com\/en\/?post_type=product&amp;p=130221\" \/>\n<meta property=\"og:site_name\" content=\"IPlay\" \/>\n<meta property=\"og:image\" content=\"https:\/\/www.iplay.com\/wp-content\/uploads\/2025\/04\/argonauts_agency_8_ares_games_ce_large_video_screenshot.webp\" \/>\n\t<meta property=\"og:image:width\" content=\"715\" \/>\n\t<meta property=\"og:image:height\" content=\"485\" \/>\n\t<meta property=\"og:image:type\" content=\"image\/webp\" \/>\n<meta name=\"twitter:card\" content=\"summary_large_image\" \/>\n<meta name=\"twitter:label1\" content=\"Est. reading time\" \/>\n\t<meta name=\"twitter:data1\" content=\"2 minutos\" \/>\n<script type=\"application\/ld+json\" class=\"yoast-schema-graph\">{\"@context\":\"https:\/\/schema.org\",\"@graph\":[{\"@type\":\"WebPage\",\"@id\":\"https:\/\/www.iplay.com\/en\/?post_type=product&p=130221\",\"url\":\"https:\/\/www.iplay.com\/en\/?post_type=product&p=130221\",\"name\":\"Agencia Argonautas 8: Aventura griega para salvar el mundo antiguo\",\"isPartOf\":{\"@id\":\"https:\/\/www.iplay.com\/en\/#website\"},\"primaryImageOfPage\":{\"@id\":\"https:\/\/www.iplay.com\/en\/?post_type=product&p=130221#primaryimage\"},\"image\":{\"@id\":\"https:\/\/www.iplay.com\/en\/?post_type=product&p=130221#primaryimage\"},\"thumbnailUrl\":\"https:\/\/www.iplay.com\/wp-content\/uploads\/2025\/04\/argonauts_agency_8_ares_games_ce_large_square_tile_image.webp\",\"datePublished\":\"2025-04-04T08:30:46+00:00\",\"description\":\"\u00danete a los legendarios argonautas en su b\u00fasqueda m\u00e1s peligrosa hasta el momento a trav\u00e9s de la antigua Grecia, lucha contra criaturas m\u00edticas, resuelve intrincados acertijos y aprovecha los poderes divinos para evitar el caos mientras el peligroso juego de Ares amenaza el tejido mismo de la civilizaci\u00f3n.\",\"breadcrumb\":{\"@id\":\"https:\/\/www.iplay.com\/en\/?post_type=product&p=130221#breadcrumb\"},\"inLanguage\":\"es\",\"potentialAction\":[{\"@type\":\"ReadAction\",\"target\":[\"https:\/\/www.iplay.com\/en\/?post_type=product&p=130221\"]}]},{\"@type\":\"ImageObject\",\"inLanguage\":\"es\",\"@id\":\"https:\/\/www.iplay.com\/en\/?post_type=product&p=130221#primaryimage\",\"url\":\"https:\/\/www.iplay.com\/wp-content\/uploads\/2025\/04\/argonauts_agency_8_ares_games_ce_large_square_tile_image.webp\",\"contentUrl\":\"https:\/\/www.iplay.com\/wp-content\/uploads\/2025\/04\/argonauts_agency_8_ares_games_ce_large_square_tile_image.webp\",\"width\":310,\"height\":310},{\"@type\":\"BreadcrumbList\",\"@id\":\"https:\/\/www.iplay.com\/en\/?post_type=product&p=130221#breadcrumb\",\"itemListElement\":[{\"@type\":\"ListItem\",\"position\":1,\"name\":\"Home\",\"item\":\"https:\/\/www.iplay.com\/es\/home-page-2\/\"},{\"@type\":\"ListItem\",\"position\":2,\"name\":\"Shop\",\"item\":\"https:\/\/www.iplay.com\/en\/shop\/\"},{\"@type\":\"ListItem\",\"position\":3,\"name\":\"Argonauts Agency 8: Ares Games Collector&#8217;s Edition\"}]},{\"@type\":\"WebSite\",\"@id\":\"https:\/\/www.iplay.com\/en\/#website\",\"url\":\"https:\/\/www.iplay.com\/en\/\",\"name\":\"IPlay\",\"description\":\"The Best Casual Games!\",\"publisher\":{\"@id\":\"https:\/\/www.iplay.com\/en\/#organization\"},\"potentialAction\":[{\"@type\":\"SearchAction\",\"target\":{\"@type\":\"EntryPoint\",\"urlTemplate\":\"https:\/\/www.iplay.com\/en\/?s={search_term_string}\"},\"query-input\":{\"@type\":\"PropertyValueSpecification\",\"valueRequired\":true,\"valueName\":\"search_term_string\"}}],\"inLanguage\":\"es\"},{\"@type\":\"Organization\",\"@id\":\"https:\/\/www.iplay.com\/en\/#organization\",\"name\":\"IPlay\",\"url\":\"https:\/\/www.iplay.com\/en\/\",\"logo\":{\"@type\":\"ImageObject\",\"inLanguage\":\"es\",\"@id\":\"https:\/\/www.iplay.com\/en\/#\/schema\/logo\/image\/\",\"url\":\"https:\/\/www.iplay.com\/wp-content\/uploads\/2023\/11\/Group-6100.svg\",\"contentUrl\":\"https:\/\/www.iplay.com\/wp-content\/uploads\/2023\/11\/Group-6100.svg\",\"width\":98,\"height\":25,\"caption\":\"IPlay\"},\"image\":{\"@id\":\"https:\/\/www.iplay.com\/en\/#\/schema\/logo\/image\/\"}}]}<\/script>\n<!-- \/ Yoast SEO Premium plugin. -->","yoast_head_json":{"title":"Agencia Argonautas 8: Aventura griega para salvar el mundo antiguo","description":"\u00danete a los legendarios argonautas en su b\u00fasqueda m\u00e1s peligrosa hasta el momento a trav\u00e9s de la antigua Grecia, lucha contra criaturas m\u00edticas, resuelve intrincados acertijos y aprovecha los poderes divinos para evitar el caos mientras el peligroso juego de Ares amenaza el tejido mismo de la civilizaci\u00f3n.","robots":{"index":"index","follow":"follow","max-snippet":"max-snippet:-1","max-image-preview":"max-image-preview:large","max-video-preview":"max-video-preview:-1"},"canonical":"https:\/\/www.iplay.com\/en\/?post_type=product&p=130221","og_locale":"es_ES","og_type":"article","og_title":"Argonauts Agency 8: Ares Games Collector's Edition","og_description":"\u00danete a los legendarios argonautas en su b\u00fasqueda m\u00e1s peligrosa hasta el momento a trav\u00e9s de la antigua Grecia, lucha contra criaturas m\u00edticas, resuelve intrincados acertijos y aprovecha los poderes divinos para evitar el caos mientras el peligroso juego de Ares amenaza el tejido mismo de la civilizaci\u00f3n.","og_url":"https:\/\/www.iplay.com\/en\/?post_type=product&p=130221","og_site_name":"IPlay","og_image":[{"width":715,"height":485,"url":"https:\/\/www.iplay.com\/wp-content\/uploads\/2025\/04\/argonauts_agency_8_ares_games_ce_large_video_screenshot.webp","type":"image\/webp"}],"twitter_card":"summary_large_image","twitter_misc":{"Est. reading time":"2 minutos"},"schema":{"@context":"https:\/\/schema.org","@graph":[{"@type":"WebPage","@id":"https:\/\/www.iplay.com\/en\/?post_type=product&p=130221","url":"https:\/\/www.iplay.com\/en\/?post_type=product&p=130221","name":"Agencia Argonautas 8: Aventura griega para salvar el mundo antiguo","isPartOf":{"@id":"https:\/\/www.iplay.com\/en\/#website"},"primaryImageOfPage":{"@id":"https:\/\/www.iplay.com\/en\/?post_type=product&p=130221#primaryimage"},"image":{"@id":"https:\/\/www.iplay.com\/en\/?post_type=product&p=130221#primaryimage"},"thumbnailUrl":"https:\/\/www.iplay.com\/wp-content\/uploads\/2025\/04\/argonauts_agency_8_ares_games_ce_large_square_tile_image.webp","datePublished":"2025-04-04T08:30:46+00:00","description":"\u00danete a los legendarios argonautas en su b\u00fasqueda m\u00e1s peligrosa hasta el momento a trav\u00e9s de la antigua Grecia, lucha contra criaturas m\u00edticas, resuelve intrincados acertijos y aprovecha los poderes divinos para evitar el caos mientras el peligroso juego de Ares amenaza el tejido mismo de la civilizaci\u00f3n.","breadcrumb":{"@id":"https:\/\/www.iplay.com\/en\/?post_type=product&p=130221#breadcrumb"},"inLanguage":"es","potentialAction":[{"@type":"ReadAction","target":["https:\/\/www.iplay.com\/en\/?post_type=product&p=130221"]}]},{"@type":"ImageObject","inLanguage":"es","@id":"https:\/\/www.iplay.com\/en\/?post_type=product&p=130221#primaryimage","url":"https:\/\/www.iplay.com\/wp-content\/uploads\/2025\/04\/argonauts_agency_8_ares_games_ce_large_square_tile_image.webp","contentUrl":"https:\/\/www.iplay.com\/wp-content\/uploads\/2025\/04\/argonauts_agency_8_ares_games_ce_large_square_tile_image.webp","width":310,"height":310},{"@type":"BreadcrumbList","@id":"https:\/\/www.iplay.com\/en\/?post_type=product&p=130221#breadcrumb","itemListElement":[{"@type":"ListItem","position":1,"name":"Home","item":"https:\/\/www.iplay.com\/es\/home-page-2\/"},{"@type":"ListItem","position":2,"name":"Shop","item":"https:\/\/www.iplay.com\/en\/shop\/"},{"@type":"ListItem","position":3,"name":"Argonauts Agency 8: Ares Games Collector&#8217;s Edition"}]},{"@type":"WebSite","@id":"https:\/\/www.iplay.com\/en\/#website","url":"https:\/\/www.iplay.com\/en\/","name":"IPlay","description":"The Best Casual Games!","publisher":{"@id":"https:\/\/www.iplay.com\/en\/#organization"},"potentialAction":[{"@type":"SearchAction","target":{"@type":"EntryPoint","urlTemplate":"https:\/\/www.iplay.com\/en\/?s={search_term_string}"},"query-input":{"@type":"PropertyValueSpecification","valueRequired":true,"valueName":"search_term_string"}}],"inLanguage":"es"},{"@type":"Organization","@id":"https:\/\/www.iplay.com\/en\/#organization","name":"IPlay","url":"https:\/\/www.iplay.com\/en\/","logo":{"@type":"ImageObject","inLanguage":"es","@id":"https:\/\/www.iplay.com\/en\/#\/schema\/logo\/image\/","url":"https:\/\/www.iplay.com\/wp-content\/uploads\/2023\/11\/Group-6100.svg","contentUrl":"https:\/\/www.iplay.com\/wp-content\/uploads\/2023\/11\/Group-6100.svg","width":98,"height":25,"caption":"IPlay"},"image":{"@id":"https:\/\/www.iplay.com\/en\/#\/schema\/logo\/image\/"}}]}},"_links":{"self":[{"href":"https:\/\/www.iplay.com\/es\/wp-json\/wp\/v2\/product\/130414","targetHints":{"allow":["GET"]}}],"collection":[{"href":"https:\/\/www.iplay.com\/es\/wp-json\/wp\/v2\/product"}],"about":[{"href":"https:\/\/www.iplay.com\/es\/wp-json\/wp\/v2\/types\/product"}],"author":[{"embeddable":true,"href":"https:\/\/www.iplay.com\/es\/wp-json\/wp\/v2\/users\/13"}],"replies":[{"embeddable":true,"href":"https:\/\/www.iplay.com\/es\/wp-json\/wp\/v2\/comments?post=130414"}],"wp:featuredmedia":[{"embeddable":true,"href":"https:\/\/www.iplay.com\/es\/wp-json\/wp\/v2\/media\/130241"}],"wp:attachment":[{"href":"https:\/\/www.iplay.com\/es\/wp-json\/wp\/v2\/media?parent=130414"}],"wp:term":[{"taxonomy":"product_brand","embeddable":true,"href":"https:\/\/www.iplay.com\/es\/wp-json\/wp\/v2\/product_brand?post=130414"},{"taxonomy":"product_cat","embeddable":true,"href":"https:\/\/www.iplay.com\/es\/wp-json\/wp\/v2\/product_cat?post=130414"},{"taxonomy":"product_tag","embeddable":true,"href":"https:\/\/www.iplay.com\/es\/wp-json\/wp\/v2\/product_tag?post=130414"}],"curies":[{"name":"wp","href":"https:\/\/api.w.org\/{rel}","templated":true}]}}