{"id":130355,"date":"2023-07-10T00:00:00","date_gmt":"2023-07-10T00:00:00","guid":{"rendered":"https:\/\/www.iplay.com\/games\/tasty-jigsaw-happy-hour-3\/"},"modified":"2023-07-10T00:00:00","modified_gmt":"2023-07-10T00:00:00","slug":"tasty-jigsaw-happy-hour-3","status":"publish","type":"product","link":"https:\/\/www.iplay.com\/es\/games\/tasty-jigsaw-happy-hour-3\/","title":{"rendered":"Tasty Jigsaw Happy Hour 3"},"content":{"rendered":"<p>\u00bfQu\u00e9 vas a consumir? Podr\u00e1 disfrutar de deliciosos pasteles y helados, abundantes desayunos y jugosas hamburguesas, cenas y veladas rom\u00e1nticas. \u00a1No tienes que lavarte las manos antes del juego! Puedes personalizar el nivel de dificultad del juego, obtener un mont\u00f3n de consejos \u00fatiles para crear acertijos, guardar tu progreso y continuar donde lo dejaste en cualquier momento. Los fan\u00e1ticos de los juegos de rompecabezas de todos los niveles disfrutar\u00e1n de este.    <\/p>\n<p>&nbsp;<\/p>\n<p>&nbsp;<\/p>\n<p><strong>Funciones:<\/strong><\/p>\n<p>&#8211; 500 im\u00e1genes<br \/>\n de alta calidad- Modo de juego avanzado: sugerencias simples, clasificaci\u00f3n y la lupa<br \/>\n&#8211; Puedes jugar todo el tiempo que quieras con diferentes niveles de dificultad para cada problema<br \/>\n&#8211; Puedes desactivar el modo<br \/>\n de rotaci\u00f3n de piezas del rompecabezas- Puedes guardar y reanudar un rompecabezas en cualquier momento<br \/>\n&#8211; Nuevo juego en la serie<br \/>\n&#8211; Tareas especiales y premios coloridos para los buscadores de emociones<\/p>\n","protected":false},"excerpt":{"rendered":"<p>\u00bfQu\u00e9 vas a consumir? Saborea las golosinas durante Tasty Jigsaw Happy Hour #3. <\/p>\n","protected":false},"author":13,"featured_media":89959,"comment_status":"open","ping_status":"closed","template":"","meta":{"_acf_changed":false,"inline_featured_image":false},"product_brand":[],"product_cat":[170],"product_tag":[288],"class_list":{"0":"post-130355","1":"product","2":"type-product","3":"status-publish","4":"has-post-thumbnail","6":"product_cat-jigsaw-es","7":"product_tag-play-on-pc-es","9":"first","10":"instock","11":"shipping-taxable","12":"purchasable","13":"product-type-simple"},"acf":[],"yoast_head":"<!-- This site is optimized with the Yoast SEO Premium plugin v25.2 (Yoast SEO v25.2) - https:\/\/yoast.com\/wordpress\/plugins\/seo\/ -->\n<title>Tasty Jigsaw Happy Hour 3 - Delicias culinarias<\/title>\n<meta name=\"description\" content=\"\u00bfQu\u00e9 vas a consumir? Saborea las golosinas durante Tasty Jigsaw Happy Hour #3.\" \/>\n<meta name=\"robots\" content=\"index, follow, max-snippet:-1, max-image-preview:large, max-video-preview:-1\" \/>\n<link rel=\"canonical\" href=\"https:\/\/www.iplay.com\/es\/games\/tasty-jigsaw-happy-hour-3\/\" \/>\n<meta property=\"og:locale\" content=\"es_ES\" \/>\n<meta property=\"og:type\" content=\"article\" \/>\n<meta property=\"og:title\" content=\"Tasty Jigsaw Happy Hour 3\" \/>\n<meta property=\"og:description\" content=\"\u00bfQu\u00e9 vas a consumir? Saborea las golosinas durante Tasty Jigsaw Happy Hour #3.\" \/>\n<meta property=\"og:url\" content=\"https:\/\/www.iplay.com\/es\/games\/tasty-jigsaw-happy-hour-3\/\" \/>\n<meta property=\"og:site_name\" content=\"IPlay\" \/>\n<meta property=\"og:image\" content=\"https:\/\/www.iplay.com\/wp-content\/uploads\/2023\/12\/large_square_tile_image-3135.jpg\" \/>\n\t<meta property=\"og:image:width\" content=\"310\" \/>\n\t<meta property=\"og:image:height\" content=\"310\" \/>\n\t<meta property=\"og:image:type\" content=\"image\/jpeg\" \/>\n<meta name=\"twitter:card\" content=\"summary_large_image\" \/>\n<meta name=\"twitter:label1\" content=\"Est. reading time\" \/>\n\t<meta name=\"twitter:data1\" content=\"1 minuto\" \/>\n<script type=\"application\/ld+json\" class=\"yoast-schema-graph\">{\"@context\":\"https:\/\/schema.org\",\"@graph\":[{\"@type\":\"WebPage\",\"@id\":\"https:\/\/www.iplay.com\/es\/games\/tasty-jigsaw-happy-hour-3\/\",\"url\":\"https:\/\/www.iplay.com\/es\/games\/tasty-jigsaw-happy-hour-3\/\",\"name\":\"Tasty Jigsaw Happy Hour 3 - Delicias culinarias\",\"isPartOf\":{\"@id\":\"https:\/\/www.iplay.com\/en\/#website\"},\"primaryImageOfPage\":{\"@id\":\"https:\/\/www.iplay.com\/es\/games\/tasty-jigsaw-happy-hour-3\/#primaryimage\"},\"image\":{\"@id\":\"https:\/\/www.iplay.com\/es\/games\/tasty-jigsaw-happy-hour-3\/#primaryimage\"},\"thumbnailUrl\":\"https:\/\/www.iplay.com\/wp-content\/uploads\/2023\/12\/large_square_tile_image-3135.jpg\",\"datePublished\":\"2023-07-10T00:00:00+00:00\",\"description\":\"\u00bfQu\u00e9 vas a consumir? Saborea las golosinas durante Tasty Jigsaw Happy Hour #3.\",\"breadcrumb\":{\"@id\":\"https:\/\/www.iplay.com\/es\/games\/tasty-jigsaw-happy-hour-3\/#breadcrumb\"},\"inLanguage\":\"es\",\"potentialAction\":[{\"@type\":\"ReadAction\",\"target\":[\"https:\/\/www.iplay.com\/es\/games\/tasty-jigsaw-happy-hour-3\/\"]}]},{\"@type\":\"ImageObject\",\"inLanguage\":\"es\",\"@id\":\"https:\/\/www.iplay.com\/es\/games\/tasty-jigsaw-happy-hour-3\/#primaryimage\",\"url\":\"https:\/\/www.iplay.com\/wp-content\/uploads\/2023\/12\/large_square_tile_image-3135.jpg\",\"contentUrl\":\"https:\/\/www.iplay.com\/wp-content\/uploads\/2023\/12\/large_square_tile_image-3135.jpg\",\"width\":310,\"height\":310},{\"@type\":\"BreadcrumbList\",\"@id\":\"https:\/\/www.iplay.com\/es\/games\/tasty-jigsaw-happy-hour-3\/#breadcrumb\",\"itemListElement\":[{\"@type\":\"ListItem\",\"position\":1,\"name\":\"Home\",\"item\":\"https:\/\/www.iplay.com\/es\/home-page-2\/\"},{\"@type\":\"ListItem\",\"position\":2,\"name\":\"Shop\",\"item\":\"https:\/\/www.iplay.com\/en\/shop\/\"},{\"@type\":\"ListItem\",\"position\":3,\"name\":\"Tasty Jigsaw Happy Hour 3\"}]},{\"@type\":\"WebSite\",\"@id\":\"https:\/\/www.iplay.com\/en\/#website\",\"url\":\"https:\/\/www.iplay.com\/en\/\",\"name\":\"IPlay\",\"description\":\"The Best Casual Games!\",\"publisher\":{\"@id\":\"https:\/\/www.iplay.com\/en\/#organization\"},\"potentialAction\":[{\"@type\":\"SearchAction\",\"target\":{\"@type\":\"EntryPoint\",\"urlTemplate\":\"https:\/\/www.iplay.com\/en\/?s={search_term_string}\"},\"query-input\":{\"@type\":\"PropertyValueSpecification\",\"valueRequired\":true,\"valueName\":\"search_term_string\"}}],\"inLanguage\":\"es\"},{\"@type\":\"Organization\",\"@id\":\"https:\/\/www.iplay.com\/en\/#organization\",\"name\":\"IPlay\",\"url\":\"https:\/\/www.iplay.com\/en\/\",\"logo\":{\"@type\":\"ImageObject\",\"inLanguage\":\"es\",\"@id\":\"https:\/\/www.iplay.com\/en\/#\/schema\/logo\/image\/\",\"url\":\"https:\/\/www.iplay.com\/wp-content\/uploads\/2023\/11\/Group-6100.svg\",\"contentUrl\":\"https:\/\/www.iplay.com\/wp-content\/uploads\/2023\/11\/Group-6100.svg\",\"width\":98,\"height\":25,\"caption\":\"IPlay\"},\"image\":{\"@id\":\"https:\/\/www.iplay.com\/en\/#\/schema\/logo\/image\/\"}}]}<\/script>\n<!-- \/ Yoast SEO Premium plugin. -->","yoast_head_json":{"title":"Tasty Jigsaw Happy Hour 3 - Delicias culinarias","description":"\u00bfQu\u00e9 vas a consumir? Saborea las golosinas durante Tasty Jigsaw Happy Hour #3.","robots":{"index":"index","follow":"follow","max-snippet":"max-snippet:-1","max-image-preview":"max-image-preview:large","max-video-preview":"max-video-preview:-1"},"canonical":"https:\/\/www.iplay.com\/es\/games\/tasty-jigsaw-happy-hour-3\/","og_locale":"es_ES","og_type":"article","og_title":"Tasty Jigsaw Happy Hour 3","og_description":"\u00bfQu\u00e9 vas a consumir? Saborea las golosinas durante Tasty Jigsaw Happy Hour #3.","og_url":"https:\/\/www.iplay.com\/es\/games\/tasty-jigsaw-happy-hour-3\/","og_site_name":"IPlay","og_image":[{"width":310,"height":310,"url":"https:\/\/www.iplay.com\/wp-content\/uploads\/2023\/12\/large_square_tile_image-3135.jpg","type":"image\/jpeg"}],"twitter_card":"summary_large_image","twitter_misc":{"Est. reading time":"1 minuto"},"schema":{"@context":"https:\/\/schema.org","@graph":[{"@type":"WebPage","@id":"https:\/\/www.iplay.com\/es\/games\/tasty-jigsaw-happy-hour-3\/","url":"https:\/\/www.iplay.com\/es\/games\/tasty-jigsaw-happy-hour-3\/","name":"Tasty Jigsaw Happy Hour 3 - Delicias culinarias","isPartOf":{"@id":"https:\/\/www.iplay.com\/en\/#website"},"primaryImageOfPage":{"@id":"https:\/\/www.iplay.com\/es\/games\/tasty-jigsaw-happy-hour-3\/#primaryimage"},"image":{"@id":"https:\/\/www.iplay.com\/es\/games\/tasty-jigsaw-happy-hour-3\/#primaryimage"},"thumbnailUrl":"https:\/\/www.iplay.com\/wp-content\/uploads\/2023\/12\/large_square_tile_image-3135.jpg","datePublished":"2023-07-10T00:00:00+00:00","description":"\u00bfQu\u00e9 vas a consumir? Saborea las golosinas durante Tasty Jigsaw Happy Hour #3.","breadcrumb":{"@id":"https:\/\/www.iplay.com\/es\/games\/tasty-jigsaw-happy-hour-3\/#breadcrumb"},"inLanguage":"es","potentialAction":[{"@type":"ReadAction","target":["https:\/\/www.iplay.com\/es\/games\/tasty-jigsaw-happy-hour-3\/"]}]},{"@type":"ImageObject","inLanguage":"es","@id":"https:\/\/www.iplay.com\/es\/games\/tasty-jigsaw-happy-hour-3\/#primaryimage","url":"https:\/\/www.iplay.com\/wp-content\/uploads\/2023\/12\/large_square_tile_image-3135.jpg","contentUrl":"https:\/\/www.iplay.com\/wp-content\/uploads\/2023\/12\/large_square_tile_image-3135.jpg","width":310,"height":310},{"@type":"BreadcrumbList","@id":"https:\/\/www.iplay.com\/es\/games\/tasty-jigsaw-happy-hour-3\/#breadcrumb","itemListElement":[{"@type":"ListItem","position":1,"name":"Home","item":"https:\/\/www.iplay.com\/es\/home-page-2\/"},{"@type":"ListItem","position":2,"name":"Shop","item":"https:\/\/www.iplay.com\/en\/shop\/"},{"@type":"ListItem","position":3,"name":"Tasty Jigsaw Happy Hour 3"}]},{"@type":"WebSite","@id":"https:\/\/www.iplay.com\/en\/#website","url":"https:\/\/www.iplay.com\/en\/","name":"IPlay","description":"The Best Casual Games!","publisher":{"@id":"https:\/\/www.iplay.com\/en\/#organization"},"potentialAction":[{"@type":"SearchAction","target":{"@type":"EntryPoint","urlTemplate":"https:\/\/www.iplay.com\/en\/?s={search_term_string}"},"query-input":{"@type":"PropertyValueSpecification","valueRequired":true,"valueName":"search_term_string"}}],"inLanguage":"es"},{"@type":"Organization","@id":"https:\/\/www.iplay.com\/en\/#organization","name":"IPlay","url":"https:\/\/www.iplay.com\/en\/","logo":{"@type":"ImageObject","inLanguage":"es","@id":"https:\/\/www.iplay.com\/en\/#\/schema\/logo\/image\/","url":"https:\/\/www.iplay.com\/wp-content\/uploads\/2023\/11\/Group-6100.svg","contentUrl":"https:\/\/www.iplay.com\/wp-content\/uploads\/2023\/11\/Group-6100.svg","width":98,"height":25,"caption":"IPlay"},"image":{"@id":"https:\/\/www.iplay.com\/en\/#\/schema\/logo\/image\/"}}]}},"_links":{"self":[{"href":"https:\/\/www.iplay.com\/es\/wp-json\/wp\/v2\/product\/130355","targetHints":{"allow":["GET"]}}],"collection":[{"href":"https:\/\/www.iplay.com\/es\/wp-json\/wp\/v2\/product"}],"about":[{"href":"https:\/\/www.iplay.com\/es\/wp-json\/wp\/v2\/types\/product"}],"author":[{"embeddable":true,"href":"https:\/\/www.iplay.com\/es\/wp-json\/wp\/v2\/users\/13"}],"replies":[{"embeddable":true,"href":"https:\/\/www.iplay.com\/es\/wp-json\/wp\/v2\/comments?post=130355"}],"wp:featuredmedia":[{"embeddable":true,"href":"https:\/\/www.iplay.com\/es\/wp-json\/wp\/v2\/media\/89959"}],"wp:attachment":[{"href":"https:\/\/www.iplay.com\/es\/wp-json\/wp\/v2\/media?parent=130355"}],"wp:term":[{"taxonomy":"product_brand","embeddable":true,"href":"https:\/\/www.iplay.com\/es\/wp-json\/wp\/v2\/product_brand?post=130355"},{"taxonomy":"product_cat","embeddable":true,"href":"https:\/\/www.iplay.com\/es\/wp-json\/wp\/v2\/product_cat?post=130355"},{"taxonomy":"product_tag","embeddable":true,"href":"https:\/\/www.iplay.com\/es\/wp-json\/wp\/v2\/product_tag?post=130355"}],"curies":[{"name":"wp","href":"https:\/\/api.w.org\/{rel}","templated":true}]}}