{"id":130342,"date":"2023-07-07T00:00:01","date_gmt":"2023-07-07T00:00:01","guid":{"rendered":"https:\/\/www.iplay.com\/games\/criminal-archives-alphabetic-murders-ce\/"},"modified":"2023-07-07T00:00:01","modified_gmt":"2023-07-07T00:00:01","slug":"criminal-archives-alphabetic-murders-ce","status":"publish","type":"product","link":"https:\/\/www.iplay.com\/es\/games\/criminal-archives-alphabetic-murders-ce\/","title":{"rendered":"Criminal Archives: Alphabetic Murders CE"},"content":{"rendered":"<p>Hay situaciones en las que sucede mucho m\u00e1s de lo que parece a primera vista, y los contratiempos no son en absoluto involuntarios. Disfrute de las intrigantes investigaciones policiales y descubra que la capacidad de actuar sin pensar durante m\u00e1s de cinco segundos y la fuerza de car\u00e1cter distinguen a los excelentes detectives de los terribles. \u00bfPosees estas cualidades? Una alguacil local llamada Melinda Watson se acerca a ti para pedirte ayuda con un caso. Tan pronto como comienzas a trabajar en el caso, encuentras nuevas pruebas que vinculan los tres asesinatos. Eran socios comerciales o conocidos. El hecho de que estas muertes no son aleatorias se hace cada vez m\u00e1s evidente a medida que avanzas. Observas c\u00f3mo un hombre enmascarado irrumpe en la casa de una de las v\u00edctimas y se lleva sus documentos. Norma, su esposa, est\u00e1 conmocionada y dice que no sab\u00eda que su esposo ten\u00eda documentos tan importantes. \u00bfEres capaz de distinguir entre la verdad y la mentira? \u00a1Re\u00fane tus cerebros para un emocionante thriller detectivesco en esta nueva y emocionante aventura de rompecabezas de objetos ocultos!          <\/p>\n<p>&nbsp;<\/p>\n<p>&nbsp;<\/p>\n<p><strong>Funciones:<\/strong><\/p>\n<p>&nbsp;<\/p>\n<p>&#8211; Cap\u00edtulo de bonificaci\u00f3n. \u00a1Tendr\u00e1s acceso a m\u00e1s misiones que te cautivar\u00e1n y pondr\u00e1n a prueba tus habilidades de investigaci\u00f3n una vez que hayas terminado la historia principal! \u00a1Tendr\u00e1s que lidiar con la alergia inesperada de una persona famosa despu\u00e9s de probarte un vestido, adem\u00e1s de proteger a tu amiga de acusaciones infundadas!  <\/p>\n<p>&#8211; \u00a1Una amplia gama de \u00e9xitos! \u00a1Prep\u00e1rate para emocionantes acertijos, minijuegos dif\u00edciles y muchos objetos ocultos! \u00a1Un mont\u00f3n de premios que destacar\u00e1n tus logros ser\u00e1n tuyos si act\u00faas como un verdadero investigador!  <\/p>\n<p>&#8211; \u00a1Una historia convincente! \u00a1Invierte tu tiempo libre en aprender sobre el mundo de los detectives! \u00a1No te decepcionar\u00e1 la trama, el estado de \u00e1nimo, los acertijos o cualquier otra cosa en constante desarrollo de la historia!  <\/p>\n<p>&#8211; \u00a1Piezas de acento! Explora cada lugar vibrante en busca de tesoros y artefactos escondidos. \u00a1Demuestra lo valiosas que son tus habilidades de investigaci\u00f3n!<\/p>\n","protected":false},"excerpt":{"rendered":"<p>\u00a1Ponte a pensar para una emocionante historia de detectives! con Asesinatos por Orden Alfab\u00e9tico: Archivos Criminales, CE<\/p>\n","protected":false},"author":52,"featured_media":72824,"comment_status":"open","ping_status":"closed","template":"","meta":{"_acf_changed":false,"inline_featured_image":false},"product_brand":[],"product_cat":[166],"product_tag":[288],"class_list":{"0":"post-130342","1":"product","2":"type-product","3":"status-publish","4":"has-post-thumbnail","6":"product_cat-hidden-object-es","7":"product_tag-play-on-pc-es","9":"first","10":"instock","11":"shipping-taxable","12":"purchasable","13":"product-type-simple"},"acf":[],"yoast_head":"<!-- This site is optimized with the Yoast SEO Premium plugin v25.2 (Yoast SEO v25.2) - https:\/\/yoast.com\/wordpress\/plugins\/seo\/ -->\n<title>Criminal Archives: Alphabetic Murders CE - Re\u00fane ingenio para un emocionante thriller de detectives<\/title>\n<meta name=\"description\" content=\"\u00a1Ponte a pensar para una emocionante historia de detectives! con Asesinatos por Orden Alfab\u00e9tico: Archivos Criminales, CE\" \/>\n<meta name=\"robots\" content=\"index, follow, max-snippet:-1, max-image-preview:large, max-video-preview:-1\" \/>\n<link rel=\"canonical\" href=\"https:\/\/www.iplay.com\/es\/games\/criminal-archives-alphabetic-murders-ce\/\" \/>\n<meta property=\"og:locale\" content=\"es_ES\" \/>\n<meta property=\"og:type\" content=\"article\" \/>\n<meta property=\"og:title\" content=\"Criminal Archives: Alphabetic Murders CE\" \/>\n<meta property=\"og:description\" content=\"\u00a1Ponte a pensar para una emocionante historia de detectives! con Asesinatos por Orden Alfab\u00e9tico: Archivos Criminales, CE\" \/>\n<meta property=\"og:url\" content=\"https:\/\/www.iplay.com\/es\/games\/criminal-archives-alphabetic-murders-ce\/\" \/>\n<meta property=\"og:site_name\" content=\"IPlay\" \/>\n<meta property=\"og:image\" content=\"https:\/\/www.iplay.com\/wp-content\/uploads\/2023\/12\/large_square_tile_image-2043.jpg\" \/>\n\t<meta property=\"og:image:width\" content=\"310\" \/>\n\t<meta property=\"og:image:height\" content=\"310\" \/>\n\t<meta property=\"og:image:type\" content=\"image\/jpeg\" \/>\n<meta name=\"twitter:card\" content=\"summary_large_image\" \/>\n<meta name=\"twitter:label1\" content=\"Est. reading time\" \/>\n\t<meta name=\"twitter:data1\" content=\"2 minutos\" \/>\n<script type=\"application\/ld+json\" class=\"yoast-schema-graph\">{\"@context\":\"https:\/\/schema.org\",\"@graph\":[{\"@type\":\"WebPage\",\"@id\":\"https:\/\/www.iplay.com\/es\/games\/criminal-archives-alphabetic-murders-ce\/\",\"url\":\"https:\/\/www.iplay.com\/es\/games\/criminal-archives-alphabetic-murders-ce\/\",\"name\":\"Criminal Archives: Alphabetic Murders CE - Re\u00fane ingenio para un emocionante thriller de detectives\",\"isPartOf\":{\"@id\":\"https:\/\/www.iplay.com\/en\/#website\"},\"primaryImageOfPage\":{\"@id\":\"https:\/\/www.iplay.com\/es\/games\/criminal-archives-alphabetic-murders-ce\/#primaryimage\"},\"image\":{\"@id\":\"https:\/\/www.iplay.com\/es\/games\/criminal-archives-alphabetic-murders-ce\/#primaryimage\"},\"thumbnailUrl\":\"https:\/\/www.iplay.com\/wp-content\/uploads\/2023\/12\/large_square_tile_image-2043.jpg\",\"datePublished\":\"2023-07-07T00:00:01+00:00\",\"description\":\"\u00a1Ponte a pensar para una emocionante historia de detectives! con Asesinatos por Orden Alfab\u00e9tico: Archivos Criminales, CE\",\"breadcrumb\":{\"@id\":\"https:\/\/www.iplay.com\/es\/games\/criminal-archives-alphabetic-murders-ce\/#breadcrumb\"},\"inLanguage\":\"es\",\"potentialAction\":[{\"@type\":\"ReadAction\",\"target\":[\"https:\/\/www.iplay.com\/es\/games\/criminal-archives-alphabetic-murders-ce\/\"]}]},{\"@type\":\"ImageObject\",\"inLanguage\":\"es\",\"@id\":\"https:\/\/www.iplay.com\/es\/games\/criminal-archives-alphabetic-murders-ce\/#primaryimage\",\"url\":\"https:\/\/www.iplay.com\/wp-content\/uploads\/2023\/12\/large_square_tile_image-2043.jpg\",\"contentUrl\":\"https:\/\/www.iplay.com\/wp-content\/uploads\/2023\/12\/large_square_tile_image-2043.jpg\",\"width\":310,\"height\":310},{\"@type\":\"BreadcrumbList\",\"@id\":\"https:\/\/www.iplay.com\/es\/games\/criminal-archives-alphabetic-murders-ce\/#breadcrumb\",\"itemListElement\":[{\"@type\":\"ListItem\",\"position\":1,\"name\":\"Home\",\"item\":\"https:\/\/www.iplay.com\/es\/home-page-2\/\"},{\"@type\":\"ListItem\",\"position\":2,\"name\":\"Shop\",\"item\":\"https:\/\/www.iplay.com\/en\/shop\/\"},{\"@type\":\"ListItem\",\"position\":3,\"name\":\"Criminal Archives: Alphabetic Murders CE\"}]},{\"@type\":\"WebSite\",\"@id\":\"https:\/\/www.iplay.com\/en\/#website\",\"url\":\"https:\/\/www.iplay.com\/en\/\",\"name\":\"IPlay\",\"description\":\"The Best Casual Games!\",\"publisher\":{\"@id\":\"https:\/\/www.iplay.com\/en\/#organization\"},\"potentialAction\":[{\"@type\":\"SearchAction\",\"target\":{\"@type\":\"EntryPoint\",\"urlTemplate\":\"https:\/\/www.iplay.com\/en\/?s={search_term_string}\"},\"query-input\":{\"@type\":\"PropertyValueSpecification\",\"valueRequired\":true,\"valueName\":\"search_term_string\"}}],\"inLanguage\":\"es\"},{\"@type\":\"Organization\",\"@id\":\"https:\/\/www.iplay.com\/en\/#organization\",\"name\":\"IPlay\",\"url\":\"https:\/\/www.iplay.com\/en\/\",\"logo\":{\"@type\":\"ImageObject\",\"inLanguage\":\"es\",\"@id\":\"https:\/\/www.iplay.com\/en\/#\/schema\/logo\/image\/\",\"url\":\"https:\/\/www.iplay.com\/wp-content\/uploads\/2023\/11\/Group-6100.svg\",\"contentUrl\":\"https:\/\/www.iplay.com\/wp-content\/uploads\/2023\/11\/Group-6100.svg\",\"width\":98,\"height\":25,\"caption\":\"IPlay\"},\"image\":{\"@id\":\"https:\/\/www.iplay.com\/en\/#\/schema\/logo\/image\/\"}}]}<\/script>\n<!-- \/ Yoast SEO Premium plugin. -->","yoast_head_json":{"title":"Criminal Archives: Alphabetic Murders CE - Re\u00fane ingenio para un emocionante thriller de detectives","description":"\u00a1Ponte a pensar para una emocionante historia de detectives! con Asesinatos por Orden Alfab\u00e9tico: Archivos Criminales, CE","robots":{"index":"index","follow":"follow","max-snippet":"max-snippet:-1","max-image-preview":"max-image-preview:large","max-video-preview":"max-video-preview:-1"},"canonical":"https:\/\/www.iplay.com\/es\/games\/criminal-archives-alphabetic-murders-ce\/","og_locale":"es_ES","og_type":"article","og_title":"Criminal Archives: Alphabetic Murders CE","og_description":"\u00a1Ponte a pensar para una emocionante historia de detectives! con Asesinatos por Orden Alfab\u00e9tico: Archivos Criminales, CE","og_url":"https:\/\/www.iplay.com\/es\/games\/criminal-archives-alphabetic-murders-ce\/","og_site_name":"IPlay","og_image":[{"width":310,"height":310,"url":"https:\/\/www.iplay.com\/wp-content\/uploads\/2023\/12\/large_square_tile_image-2043.jpg","type":"image\/jpeg"}],"twitter_card":"summary_large_image","twitter_misc":{"Est. reading time":"2 minutos"},"schema":{"@context":"https:\/\/schema.org","@graph":[{"@type":"WebPage","@id":"https:\/\/www.iplay.com\/es\/games\/criminal-archives-alphabetic-murders-ce\/","url":"https:\/\/www.iplay.com\/es\/games\/criminal-archives-alphabetic-murders-ce\/","name":"Criminal Archives: Alphabetic Murders CE - Re\u00fane ingenio para un emocionante thriller de detectives","isPartOf":{"@id":"https:\/\/www.iplay.com\/en\/#website"},"primaryImageOfPage":{"@id":"https:\/\/www.iplay.com\/es\/games\/criminal-archives-alphabetic-murders-ce\/#primaryimage"},"image":{"@id":"https:\/\/www.iplay.com\/es\/games\/criminal-archives-alphabetic-murders-ce\/#primaryimage"},"thumbnailUrl":"https:\/\/www.iplay.com\/wp-content\/uploads\/2023\/12\/large_square_tile_image-2043.jpg","datePublished":"2023-07-07T00:00:01+00:00","description":"\u00a1Ponte a pensar para una emocionante historia de detectives! con Asesinatos por Orden Alfab\u00e9tico: Archivos Criminales, CE","breadcrumb":{"@id":"https:\/\/www.iplay.com\/es\/games\/criminal-archives-alphabetic-murders-ce\/#breadcrumb"},"inLanguage":"es","potentialAction":[{"@type":"ReadAction","target":["https:\/\/www.iplay.com\/es\/games\/criminal-archives-alphabetic-murders-ce\/"]}]},{"@type":"ImageObject","inLanguage":"es","@id":"https:\/\/www.iplay.com\/es\/games\/criminal-archives-alphabetic-murders-ce\/#primaryimage","url":"https:\/\/www.iplay.com\/wp-content\/uploads\/2023\/12\/large_square_tile_image-2043.jpg","contentUrl":"https:\/\/www.iplay.com\/wp-content\/uploads\/2023\/12\/large_square_tile_image-2043.jpg","width":310,"height":310},{"@type":"BreadcrumbList","@id":"https:\/\/www.iplay.com\/es\/games\/criminal-archives-alphabetic-murders-ce\/#breadcrumb","itemListElement":[{"@type":"ListItem","position":1,"name":"Home","item":"https:\/\/www.iplay.com\/es\/home-page-2\/"},{"@type":"ListItem","position":2,"name":"Shop","item":"https:\/\/www.iplay.com\/en\/shop\/"},{"@type":"ListItem","position":3,"name":"Criminal Archives: Alphabetic Murders CE"}]},{"@type":"WebSite","@id":"https:\/\/www.iplay.com\/en\/#website","url":"https:\/\/www.iplay.com\/en\/","name":"IPlay","description":"The Best Casual Games!","publisher":{"@id":"https:\/\/www.iplay.com\/en\/#organization"},"potentialAction":[{"@type":"SearchAction","target":{"@type":"EntryPoint","urlTemplate":"https:\/\/www.iplay.com\/en\/?s={search_term_string}"},"query-input":{"@type":"PropertyValueSpecification","valueRequired":true,"valueName":"search_term_string"}}],"inLanguage":"es"},{"@type":"Organization","@id":"https:\/\/www.iplay.com\/en\/#organization","name":"IPlay","url":"https:\/\/www.iplay.com\/en\/","logo":{"@type":"ImageObject","inLanguage":"es","@id":"https:\/\/www.iplay.com\/en\/#\/schema\/logo\/image\/","url":"https:\/\/www.iplay.com\/wp-content\/uploads\/2023\/11\/Group-6100.svg","contentUrl":"https:\/\/www.iplay.com\/wp-content\/uploads\/2023\/11\/Group-6100.svg","width":98,"height":25,"caption":"IPlay"},"image":{"@id":"https:\/\/www.iplay.com\/en\/#\/schema\/logo\/image\/"}}]}},"_links":{"self":[{"href":"https:\/\/www.iplay.com\/es\/wp-json\/wp\/v2\/product\/130342","targetHints":{"allow":["GET"]}}],"collection":[{"href":"https:\/\/www.iplay.com\/es\/wp-json\/wp\/v2\/product"}],"about":[{"href":"https:\/\/www.iplay.com\/es\/wp-json\/wp\/v2\/types\/product"}],"author":[{"embeddable":true,"href":"https:\/\/www.iplay.com\/es\/wp-json\/wp\/v2\/users\/52"}],"replies":[{"embeddable":true,"href":"https:\/\/www.iplay.com\/es\/wp-json\/wp\/v2\/comments?post=130342"}],"wp:featuredmedia":[{"embeddable":true,"href":"https:\/\/www.iplay.com\/es\/wp-json\/wp\/v2\/media\/72824"}],"wp:attachment":[{"href":"https:\/\/www.iplay.com\/es\/wp-json\/wp\/v2\/media?parent=130342"}],"wp:term":[{"taxonomy":"product_brand","embeddable":true,"href":"https:\/\/www.iplay.com\/es\/wp-json\/wp\/v2\/product_brand?post=130342"},{"taxonomy":"product_cat","embeddable":true,"href":"https:\/\/www.iplay.com\/es\/wp-json\/wp\/v2\/product_cat?post=130342"},{"taxonomy":"product_tag","embeddable":true,"href":"https:\/\/www.iplay.com\/es\/wp-json\/wp\/v2\/product_tag?post=130342"}],"curies":[{"name":"wp","href":"https:\/\/api.w.org\/{rel}","templated":true}]}}